{"id":7840,"date":"2017-06-02T13:07:34","date_gmt":"2017-06-02T13:07:34","guid":{"rendered":"https:\/\/www.godan.pl\/oferta\/sprzedaz-hurtowa\/"},"modified":"2025-06-11T14:26:04","modified_gmt":"2025-06-11T14:26:04","slug":"%d0%be%d0%bf%d1%82%d0%be%d0%b2%d0%b0%d1%8f-%d0%bf%d1%80%d0%be%d0%b4%d0%b0%d0%b6%d0%b0","status":"publish","type":"page","link":"https:\/\/www.godan.pl\/ru\/%d0%bf%d1%80%d0%b5%d0%b4%d0%bb%d0%be%d0%b6%d0%b5%d0%bd%d0%b8%d0%b5\/%d0%be%d0%bf%d1%82%d0%be%d0%b2%d0%b0%d1%8f-%d0%bf%d1%80%d0%be%d0%b4%d0%b0%d0%b6%d0%b0","title":{"rendered":"\u041e\u043f\u0442\u043e\u0432\u0430\u044f \u043f\u0440\u043e\u0434\u0430\u0436\u0430"},"content":{"rendered":"<p class=\"paragraph__no__margin\">\u041c\u044b \u0437\u0430\u043d\u0438\u043c\u0430\u0435\u043c\u0441\u044f \u043e\u043f\u0442\u043e\u0432\u043e\u0439 \u043f\u0440\u043e\u0434\u0430\u0436\u0435\u0439 \u0438 \u044d\u043a\u0441\u043f\u043e\u0440\u0442\u043e\u043c:\n<\/p>\n<ul class=\"star \">\n<li>\u0412\u043e\u0437\u0434\u0443\u0448\u043d\u044b\u0435 \u0448\u0430\u0440\u0438\u043a\u0438 &#8211; \u043c\u044b \u044f\u0432\u043b\u044f\u0435\u043c\u0441\u044f \u043e\u0434\u043d\u0438\u043c \u0438\u0437 \u043a\u0440\u0443\u043f\u043d\u0435\u0439\u0448\u0438\u0445 \u0432 \u041f\u043e\u043b\u044c\u0448\u0435 \u0438 \u0446\u0435\u043d\u0442\u0440\u0430\u043b\u044c\u043d\u043e-\u0432\u043e\u0441\u0442\u043e\u0447\u043d\u043e\u0439 \u0415\u0432\u0440\u043e\u043f\u0435 \u0434\u0438\u0441\u0442\u0440\u0438\u0431\u044c\u044e\u0442\u043e\u0440\u043e\u0432 \u0444\u043e\u043b\u044c\u0433\u0438\u0440\u043e\u0432\u0430\u043d\u043d\u044b\u0445 \u0432\u043e\u0437\u0434\u0443\u0448\u043d\u044b\u0445 \u0448\u0430\u0440\u0438\u043a\u043e\u0432 \u043d\u0430 \u0433\u0435\u043b\u0438\u0439 \u0430 \u0442\u0430\u043a\u0436\u0435 \u043b\u0430\u0442\u0435\u043a\u0441\u043d\u044b\u0445. \u041c\u044b \u0437\u0430\u043a\u0443\u043f\u0430\u0435\u043c \u0438\u0437\u0434\u0435\u043b\u0438\u044f \u043d\u0435\u043f\u043e\u0441\u0440\u0435\u0434\u0441\u0442\u0432\u0435\u043d\u043d\u043e \u0443 \u043b\u0443\u0447\u0448\u0438\u0445 \u043f\u0440\u043e\u0438\u0437\u0432\u043e\u0434\u0438\u0442\u0435\u043b\u0435\u0439 \u0432 \u043c\u0438\u0440\u0435.<\/li>\n<li>\u041a\u0430\u0440\u043d\u0430\u0432\u0430\u043b\u044c\u043d\u044b\u0435 \u043a\u043e\u0441\u0442\u044e\u043c\u044b \u0438 \u0430\u043a\u0441\u0435\u0441\u0441\u0443\u0430\u0440\u044b \u0434\u043b\u044f \u043c\u0430\u0441\u043a\u0430\u0440\u0430\u0434\u0430 &#8211; \u043c\u044b \u044f\u0432\u043b\u044f\u0435\u043c\u0441\u044f \u043a\u0430\u043a \u043f\u0440\u043e\u0438\u0437\u0432\u043e\u0434\u0438\u0442\u0435\u043b\u0435\u043c \u0442\u0430\u043a \u0438 \u043d\u0435\u043f\u043e\u0441\u0440\u0435\u0434\u0441\u0442\u0432\u0435\u043d\u043d\u044b\u043c \u0438\u043c\u043f\u043e\u0440\u0442\u0435\u0440\u043e\u043c \u043a\u0430\u0440\u043d\u0430\u0432\u0430\u043b\u044c\u043d\u044b\u0445 \u043d\u0430\u0440\u044f\u0434\u043e\u0432, \u043a\u043e\u0441\u0442\u044e\u043c\u043e\u0432, \u043c\u0430\u0441\u043a\u0430\u0440\u0430\u0434\u043d\u044b\u0445 \u043a\u043e\u0441\u0442\u044e\u043c\u043e\u0432 \u0438 \u0442. \u043f.. \u0412 \u043d\u0430\u0448\u0435\u043c \u0430\u0441\u0441\u043e\u0440\u0442\u0438\u043c\u0435\u043d\u0442\u0435 \u0435\u0441\u0442\u044c \u0442\u0430\u043a\u0436\u0435 \u0430\u043a\u0441\u0435\u0441\u0441\u0443\u0430\u0440\u044b \u0434\u043b\u044f \u043c\u0430\u0441\u043a\u0430\u0440\u0430\u0434\u0430, \u0432 \u0442.\u0447.: \u043f\u0430\u0440\u0438\u043a\u0438, \u043c\u0430\u0441\u043a\u0438, \u043a\u043e\u0440\u043e\u043d\u044b, \u0448\u043b\u044f\u043f\u044b, \u0442\u0440\u043e\u0441\u0442\u0438, \u0438\u0441\u043a\u0443\u0441\u0441\u0442\u0432\u0435\u043d\u043d\u044b\u0435 \u0440\u0435\u0441\u043d\u0438\u0446\u044b, \u0443\u0441\u044b \u0438 \u0442. \u0434.<\/li>\n<li>\u0418\u0437\u0434\u0435\u043b\u0438\u044f \u0434\u043b\u044f \u0434\u0435\u043a\u043e\u0440\u0430\u0446\u0438\u0438 \u0437\u0430\u043b\u0430 (\u0433\u0438\u0440\u043b\u044f\u043d\u0434\u044b, \u0442\u043e\u0440\u0436\u0435\u0441\u0442\u0432\u0435\u043d\u043d\u043e\u0435 \u0431\u0430\u043d\u043d\u0435\u0440\u044b, \u043b\u0430\u043c\u043f\u0438\u043e\u043d\u044b, \u0440\u043e\u0437\u0435\u0442\u0442\u044b, \u043f\u043e\u043c\u043f\u043e\u043d\u044b, \u0441\u0435\u0440\u043f\u0430\u043d\u0442\u0438\u043d\u044b).<\/li>\n<li>\u0418\u0437\u0434\u0435\u043b\u0438\u044f \u0434\u043b\u044f \u0434\u0435\u043a\u043e\u0440\u0430\u0446\u0438\u0438 \u0441\u0442\u043e\u043b\u0430 (\u043d\u0430\u043f\u0440. \u0431\u0443\u043c\u0430\u0436\u043d\u044b\u0435 \u0441\u0442\u0430\u043a\u0430\u043d\u0447\u0438\u043a\u0438, \u0442\u0430\u0440\u0435\u043b\u043a\u0438, \u0441\u0430\u043b\u0444\u0435\u0442\u043a\u0438, \u043f\u0440\u0438\u0431\u043e\u0440\u044b, \u043a\u043e\u043a\u0442\u0435\u0439\u043b\u044c\u043d\u044b\u0435 \u043f\u0440\u0438\u043d\u0430\u0434\u043b\u0435\u0436\u043d\u043e\u0441\u0442\u0438, \u0442\u0440\u0443\u0431\u043e\u0447\u043a\u0438, \u0442\u043e\u0440\u0436\u0435\u0441\u0442\u0432\u0435\u043d\u043d\u044b\u0435 \u0441\u0432\u0435\u0447\u0438)<\/li>\n<li>\u041f\u0440\u0430\u0437\u0434\u043d\u0438\u0447\u043d\u044b\u0435 \u043f\u0438\u043d\u0430\u0434\u043b\u0435\u0436\u043d\u043e\u0441\u0442\u0438 \u0438 \u043f\u043e\u0434\u0430\u0440\u043a\u0438 (\u043d\u0430\u043f\u0440. \u0441\u0443\u043c\u043a\u0438 \u043d\u0430 \u043f\u043e\u0434\u0430\u0440\u043a\u0438, \u043a\u043e\u043d\u0444\u0435\u0442\u0442\u0438, \u0441\u0435\u0440\u043f\u0430\u043d\u0442\u0438\u043d\u044b, \u0433\u043e\u0440\u043d\u044b, \u043f\u0440\u0438\u0433\u043b\u0430\u0448\u0435\u043d\u0438\u044f \u0438 \u043e\u0442\u043a\u0440\u044b\u0442\u043a\u0438, \u0431\u0430\u043d\u0442\u044b \u0438 \u0434\u0440\u0443\u0433\u0438\u0435 \u0442\u043e\u0432\u0430\u0440\u044b \u0434\u043b\u044f \u0443\u043f\u0430\u043a\u043e\u0432\u043a\u0438, \u0434\u0435\u043a\u043e\u0440\u0430\u0442\u0438\u0432\u043d\u044b\u0435 \u043a\u043e\u0440\u043e\u0431\u043a\u0438, \u043f\u043e\u0434\u0430\u0440\u043a\u0438, \u0438\u0433\u0440\u0443\u0448\u043a\u0438, \u0441\u0443\u0432\u0435\u043d\u0438\u0440\u044b)<\/li>\n<\/ul>\n<p><img loading=\"lazy\" decoding=\"async\" width=\"1399\" height=\"243\" class=\"aligncenter size-full wp-image-6868\" src=\"https:\/\/www.godan.pl\/wp-content\/uploads\/2017\/05\/balony_maski_akcesoria_urodzinowe.jpg\" alt=\"Portfolio GoDan: balony, maski karnawa\u0142owe, akcesoria urodzinowe.\" srcset=\"https:\/\/www.godan.pl\/wp-content\/uploads\/2017\/05\/balony_maski_akcesoria_urodzinowe.jpg 1399w, https:\/\/www.godan.pl\/wp-content\/uploads\/2017\/05\/balony_maski_akcesoria_urodzinowe-300x52.jpg 300w, https:\/\/www.godan.pl\/wp-content\/uploads\/2017\/05\/balony_maski_akcesoria_urodzinowe-768x133.jpg 768w, https:\/\/www.godan.pl\/wp-content\/uploads\/2017\/05\/balony_maski_akcesoria_urodzinowe-1024x178.jpg 1024w, https:\/\/www.godan.pl\/wp-content\/uploads\/2017\/05\/balony_maski_akcesoria_urodzinowe-200x35.jpg 200w\" sizes=\"(max-width: 1399px) 100vw, 1399px\" \/><\/p>\n<p>\u0414\u043b\u044f \u043d\u0430\u0448\u0438\u0445 \u0442\u043e\u0440\u0433\u043e\u0432\u044b\u0445 \u043f\u0430\u0440\u0442\u043d\u0435\u0440\u043e\u0432, \u043f\u043e\u043a\u0443\u043f\u0430\u0442\u0435\u043b\u0435\u0439 \u0432 \u043e\u043f\u0442\u043e\u0432\u044b\u0445 \u043a\u043e\u043b\u0438\u0447\u0435\u0441\u0442\u0432\u0430\u0445 \u0438 \u043d\u0430 \u044d\u043a\u0441\u043f\u043e\u0440\u0442, \u043c\u044b \u043f\u043e\u0434\u0433\u043e\u0442\u043e\u0432\u0438\u043b\u0438 \u043e\u0442\u0434\u0435\u043b\u044c\u043d\u0443\u044e \u043f\u043b\u0430\u0442\u0444\u043e\u0440\u043c\u0443 (\u0441\u0430\u0439\u0442) \u041e\u043a\u043d\u043e \u041a\u043e\u043d\u0442\u0440\u0430\u0433\u0435\u043d\u0442\u0430.<\/p>\n<p class=\"paragraph__no__margin\">\u0411\u043b\u0430\u0433\u043e\u0434\u0430\u0440\u044f \u043d\u0435\u0439:\n<\/p>\n<ul class=\"star \">\n<li>\u0432\u044b \u043f\u0435\u0440\u0432\u044b\u0435 \u0443\u0437\u043d\u0430\u0435\u0442\u0435 \u0432\u0441\u0435 \u043d\u0430\u0448\u0438 \u043d\u043e\u0432\u043e\u0441\u0442\u0438 \u0432 \u0430\u0441\u0441\u043e\u0440\u0442\u0438\u043c\u0435\u043d\u0442\u0435,<\/li>\n<li>\u0443 \u0432\u0430\u0441 \u0431\u0443\u0434\u0435\u0442 \u0434\u043e\u0441\u0442\u0443\u043f \u043a \u0446\u0435\u043b\u043e\u043c\u0443 \u043f\u0440\u0435\u0434\u043b\u043e\u0436\u0435\u043d\u0438\u044e &#8220;GoDan&#8221; 24\/7,<\/li>\n<li>\u0432\u044b \u043b\u0435\u0433\u043a\u043e \u0438 \u0431\u044b\u0441\u0442\u0440\u043e \u0437\u0430\u043a\u0430\u0436\u0435\u0442\u0435 \u0442\u043e\u0432\u0430\u0440\u044b \u0438\u0437 \u043d\u0430\u0448\u0435\u0433\u043e \u043f\u0440\u0435\u0434\u043b\u043e\u0436\u0435\u043d\u0438\u044f,<\/li>\n<li>\u00a0\u0432\u044b \u043f\u043e\u043b\u0443\u0447\u0438\u0442\u0435 \u0441\u043f\u0435\u0446\u0438\u0430\u043b\u044c\u043d\u044b\u0435 \u0441\u043a\u0438\u0434\u043a\u0438 \u0434\u043b\u044f \u043e\u043f\u0442\u043e\u0432\u044b\u0445 \u043a\u043e\u043d\u0442\u0440\u0430\u0433\u0435\u043d\u0442\u043e\u0432.<\/li>\n<\/ul>\n<h3 style=\"text-align: center;\"><a style=\"text-decoration: underline;\" href=\"https:\/\/b2b.godan.pl\/\" target=\"_blank\" rel=\"noopener\">https:\/\/b2b.godan.pl\/<\/a><\/h3>\n<p>\u0415\u0441\u043b\u0438 \u0443 \u0432\u0430\u0441 \u043d\u0435\u0442 \u0435\u0449\u0435 \u0438\u043c\u0435\u043d\u0438 \u0438 \u043f\u0430\u0440\u043e\u043b\u044f \u0432 \u041e\u043a\u043d\u043e \u041a\u043e\u043d\u0442\u0440\u0430\u0433\u0435\u043d\u0442\u0430, \u0441\u0432\u044f\u0436\u0438\u0442\u0435\u0441\u044c \u0441 \u043d\u0430\u0448\u0438\u043c \u0442\u043e\u0440\u0433\u043e\u0432\u044b\u043c \u043e\u0442\u0434\u0435\u043b\u043e\u043c \/ \u043e\u0442\u0434\u0435\u043b\u043e\u043c \u044d\u043a\u0441\u043f\u043e\u0440\u0442\u0430:<br \/>\n\u0442\u0435\u043b.: <a href=\"tel:227212696\">+48 22 721 26 96<\/a> \u0438\u043b\u0438 <a href=\"mailto:export@godan.pl\">export@godan.pl<\/a><\/p>\n<p>\u041e\u0431\u0440\u0430\u0449\u0430\u0439\u0442\u0435\u0441\u044c \u043a \u043d\u0430\u043c!<\/p>\n<div class='idz-table-orange'>\n<table class=\"table\">\n<tbody>\n<tr>\n<th>Shop GoDan:<br \/>\nCash &amp; Carry<\/th>\n<\/tr>\n<tr>\n<td>ul. Pozna\u0144ska 138<br \/>\n05-850 O\u017car\u00f3w Mazowiecki<br \/>\nWelcome:<br \/>\nMon-Fri: 7:00 &#8211; 15:15\n<\/td>\n<\/tr>\n<\/tbody>\n<\/table>\n<ul>\n<li style=\"list-style-type: none\">\n<ul><\/div>\n<\/ul>\n<\/li>\n<\/ul>\n<p><img loading=\"lazy\" decoding=\"async\" width=\"1400\" height=\"300\" class=\"aligncenter size-full wp-image-6976\" src=\"https:\/\/www.godan.pl\/wp-content\/uploads\/2017\/06\/balony.jpg\" alt=\"balony gumowe - hurt\" srcset=\"https:\/\/www.godan.pl\/wp-content\/uploads\/2017\/06\/balony.jpg 1400w, https:\/\/www.godan.pl\/wp-content\/uploads\/2017\/06\/balony-300x64.jpg 300w, https:\/\/www.godan.pl\/wp-content\/uploads\/2017\/06\/balony-768x165.jpg 768w, https:\/\/www.godan.pl\/wp-content\/uploads\/2017\/06\/balony-1024x219.jpg 1024w, https:\/\/www.godan.pl\/wp-content\/uploads\/2017\/06\/balony-200x43.jpg 200w\" sizes=\"(max-width: 1400px) 100vw, 1400px\" \/><br \/>\n<img loading=\"lazy\" decoding=\"async\" width=\"1400\" height=\"300\" class=\"aligncenter size-full wp-image-6982\" src=\"https:\/\/www.godan.pl\/wp-content\/uploads\/2017\/06\/balony_fol.jpg\" alt=\"balony foliowe - hurt\" srcset=\"https:\/\/www.godan.pl\/wp-content\/uploads\/2017\/06\/balony_fol.jpg 1400w, https:\/\/www.godan.pl\/wp-content\/uploads\/2017\/06\/balony_fol-300x64.jpg 300w, https:\/\/www.godan.pl\/wp-content\/uploads\/2017\/06\/balony_fol-768x165.jpg 768w, https:\/\/www.godan.pl\/wp-content\/uploads\/2017\/06\/balony_fol-1024x219.jpg 1024w, https:\/\/www.godan.pl\/wp-content\/uploads\/2017\/06\/balony_fol-200x43.jpg 200w\" sizes=\"(max-width: 1400px) 100vw, 1400px\" \/><br \/>\n<img loading=\"lazy\" decoding=\"async\" width=\"643\" height=\"228\" class=\"aligncenter size-full wp-image-6988\" src=\"https:\/\/www.godan.pl\/wp-content\/uploads\/2017\/06\/dzieci.jpg\" alt=\"Stroje, przebrania, kostiumy, halloween - hurt\" srcset=\"https:\/\/www.godan.pl\/wp-content\/uploads\/2017\/06\/dzieci.jpg 643w, https:\/\/www.godan.pl\/wp-content\/uploads\/2017\/06\/dzieci-300x106.jpg 300w, https:\/\/www.godan.pl\/wp-content\/uploads\/2017\/06\/dzieci-200x71.jpg 200w\" sizes=\"(max-width: 643px) 100vw, 643px\" \/><br \/>\n<img loading=\"lazy\" decoding=\"async\" width=\"1400\" height=\"300\" class=\"aligncenter size-full wp-image-6994\" src=\"https:\/\/www.godan.pl\/wp-content\/uploads\/2017\/06\/maski.jpg\" alt=\"Maski karnawa\u0142owe - hurt\" srcset=\"https:\/\/www.godan.pl\/wp-content\/uploads\/2017\/06\/maski.jpg 1400w, https:\/\/www.godan.pl\/wp-content\/uploads\/2017\/06\/maski-300x64.jpg 300w, https:\/\/www.godan.pl\/wp-content\/uploads\/2017\/06\/maski-768x165.jpg 768w, https:\/\/www.godan.pl\/wp-content\/uploads\/2017\/06\/maski-1024x219.jpg 1024w, https:\/\/www.godan.pl\/wp-content\/uploads\/2017\/06\/maski-200x43.jpg 200w\" sizes=\"(max-width: 1400px) 100vw, 1400px\" \/><br \/>\n<img loading=\"lazy\" decoding=\"async\" width=\"725\" height=\"300\" class=\"aligncenter size-full wp-image-7000\" src=\"https:\/\/www.godan.pl\/wp-content\/uploads\/2017\/06\/swieczki.jpg\" alt=\"\u015awieczki urodzinowe - hurt\" srcset=\"https:\/\/www.godan.pl\/wp-content\/uploads\/2017\/06\/swieczki.jpg 725w, https:\/\/www.godan.pl\/wp-content\/uploads\/2017\/06\/swieczki-300x124.jpg 300w, https:\/\/www.godan.pl\/wp-content\/uploads\/2017\/06\/swieczki-200x83.jpg 200w\" sizes=\"(max-width: 725px) 100vw, 725px\" \/><\/p>\n<div class=\"promo-box orange \">\n<div class=\"promo-text\">\n<h4 class=\"promo-title firstword-bold\">Pulpit Kontrahenta<\/h4>\n<p>Zam\u00f3wienia hurtowe dla partner\u00f3w firmy GoDan<\/p>\n<\/div>\n<div class=\"promo-action\"><a class=\"idz-button orange\" href=\"http:\/\/pk.godan.com.pl\/\">http:\/\/pk.godan.com.pl\/ <i class=\"icon-circleright\"><\/i><\/a><\/div>\n<\/div>\n","protected":false},"excerpt":{"rendered":"<p>\u041c\u044b \u0437\u0430\u043d\u0438\u043c\u0430\u0435\u043c\u0441\u044f \u043e\u043f\u0442\u043e\u0432\u043e\u0439 \u043f\u0440\u043e\u0434\u0430\u0436\u0435\u0439 \u0438 \u044d\u043a\u0441\u043f\u043e\u0440\u0442\u043e\u043c: \u0414\u043b\u044f \u043d\u0430\u0448\u0438\u0445 \u0442\u043e\u0440\u0433\u043e\u0432\u044b\u0445 \u043f\u0430\u0440\u0442\u043d\u0435\u0440\u043e\u0432, \u043f\u043e\u043a\u0443\u043f\u0430\u0442\u0435\u043b\u0435\u0439 \u0432 \u043e\u043f\u0442\u043e\u0432\u044b\u0445 \u043a\u043e\u043b\u0438\u0447\u0435\u0441\u0442\u0432\u0430\u0445 \u0438 \u043d\u0430 \u044d\u043a\u0441\u043f\u043e\u0440\u0442, \u043c\u044b \u043f\u043e\u0434\u0433\u043e\u0442\u043e\u0432\u0438\u043b\u0438 \u043e\u0442\u0434\u0435\u043b\u044c\u043d\u0443\u044e \u043f\u043b\u0430\u0442\u0444\u043e\u0440\u043c\u0443 (\u0441\u0430\u0439\u0442) \u041e\u043a\u043d\u043e \u041a\u043e\u043d\u0442\u0440\u0430\u0433\u0435\u043d\u0442\u0430. \u0411\u043b\u0430\u0433\u043e\u0434\u0430\u0440\u044f \u043d\u0435\u0439: https:\/\/b2b.godan.pl\/ \u0415\u0441\u043b\u0438 \u0443 \u0432\u0430\u0441 \u043d\u0435\u0442 \u0435\u0449\u0435 \u0438\u043c\u0435\u043d\u0438 \u0438 \u043f\u0430\u0440\u043e\u043b\u044f \u0432 \u041e\u043a\u043d\u043e \u041a\u043e\u043d\u0442\u0440\u0430\u0433\u0435\u043d\u0442\u0430, \u0441\u0432\u044f\u0436\u0438\u0442\u0435\u0441\u044c \u0441 \u043d\u0430\u0448\u0438\u043c \u0442\u043e\u0440\u0433\u043e\u0432\u044b\u043c \u043e\u0442\u0434\u0435\u043b\u043e\u043c \/ \u043e\u0442\u0434\u0435\u043b\u043e\u043c \u044d\u043a\u0441\u043f\u043e\u0440\u0442\u0430: \u0442\u0435\u043b.: +48 22 721 26 96 \u0438\u043b\u0438 export@godan.pl \u041e\u0431\u0440\u0430\u0449\u0430\u0439\u0442\u0435\u0441\u044c [&hellip;]<\/p>\n","protected":false},"author":1,"featured_media":0,"parent":7680,"menu_order":0,"comment_status":"closed","ping_status":"closed","template":"template-formularz_sidebar.php","meta":{"_acf_changed":false,"footnotes":""},"class_list":["post-7840","page","type-page","status-publish","hentry"],"acf":[],"yoast_head":"<!-- This site is optimized with the Yoast SEO plugin v20.11 - https:\/\/yoast.com\/wordpress\/plugins\/seo\/ -->\n<title>Sprzeda\u017c hurtowa balon\u00f3w, stroj\u00f3w karnawa\u0142owych, Halloween, s\u0142omek: GoDan SA<\/title>\n<meta name=\"description\" content=\"Zapraszamy do zapoznania si\u0119 z nasz\u0105 ofert\u0105 balon\u00f3w, artyku\u0142\u00f3w imprezowych, urodzinowych i party. Oferujemy bardzo dobre warunki dla odbiorc\u00f3w hurtowych.\" \/>\n<meta name=\"robots\" content=\"index, follow, max-snippet:-1, max-image-preview:large, max-video-preview:-1\" \/>\n<link rel=\"canonical\" href=\"https:\/\/www.godan.pl\/ru\/\u043f\u0440\u0435\u0434\u043b\u043e\u0436\u0435\u043d\u0438\u0435\/\u043e\u043f\u0442\u043e\u0432\u0430\u044f-\u043f\u0440\u043e\u0434\u0430\u0436\u0430\" \/>\n<meta property=\"og:locale\" content=\"ru_RU\" \/>\n<meta property=\"og:type\" content=\"article\" \/>\n<meta property=\"og:title\" content=\"Sprzeda\u017c hurtowa balon\u00f3w, stroj\u00f3w karnawa\u0142owych, Halloween, s\u0142omek: GoDan SA\" \/>\n<meta property=\"og:description\" content=\"Zapraszamy do zapoznania si\u0119 z nasz\u0105 ofert\u0105 balon\u00f3w, artyku\u0142\u00f3w imprezowych, urodzinowych i party. Oferujemy bardzo dobre warunki dla odbiorc\u00f3w hurtowych.\" \/>\n<meta property=\"og:url\" content=\"https:\/\/www.godan.pl\/ru\/\u043f\u0440\u0435\u0434\u043b\u043e\u0436\u0435\u043d\u0438\u0435\/\u043e\u043f\u0442\u043e\u0432\u0430\u044f-\u043f\u0440\u043e\u0434\u0430\u0436\u0430\" \/>\n<meta property=\"og:site_name\" content=\"Godan\" \/>\n<meta property=\"article:modified_time\" content=\"2025-06-11T14:26:04+00:00\" \/>\n<meta property=\"og:image\" content=\"https:\/\/www.godan.pl\/wp-content\/uploads\/2017\/05\/balony_maski_akcesoria_urodzinowe.jpg\" \/>\n<meta name=\"twitter:card\" content=\"summary_large_image\" \/>\n<script type=\"application\/ld+json\" class=\"yoast-schema-graph\">{\"@context\":\"https:\/\/schema.org\",\"@graph\":[{\"@type\":\"WebPage\",\"@id\":\"https:\/\/www.godan.pl\/ru\/%d0%bf%d1%80%d0%b5%d0%b4%d0%bb%d0%be%d0%b6%d0%b5%d0%bd%d0%b8%d0%b5\/%d0%be%d0%bf%d1%82%d0%be%d0%b2%d0%b0%d1%8f-%d0%bf%d1%80%d0%be%d0%b4%d0%b0%d0%b6%d0%b0\",\"url\":\"https:\/\/www.godan.pl\/ru\/%d0%bf%d1%80%d0%b5%d0%b4%d0%bb%d0%be%d0%b6%d0%b5%d0%bd%d0%b8%d0%b5\/%d0%be%d0%bf%d1%82%d0%be%d0%b2%d0%b0%d1%8f-%d0%bf%d1%80%d0%be%d0%b4%d0%b0%d0%b6%d0%b0\",\"name\":\"Sprzeda\u017c hurtowa balon\u00f3w, stroj\u00f3w karnawa\u0142owych, Halloween, s\u0142omek: GoDan SA\",\"isPartOf\":{\"@id\":\"https:\/\/www.godan.pl\/fr\/#website\"},\"datePublished\":\"2017-06-02T13:07:34+00:00\",\"dateModified\":\"2025-06-11T14:26:04+00:00\",\"description\":\"Zapraszamy do zapoznania si\u0119 z nasz\u0105 ofert\u0105 balon\u00f3w, artyku\u0142\u00f3w imprezowych, urodzinowych i party. Oferujemy bardzo dobre warunki dla odbiorc\u00f3w hurtowych.\",\"breadcrumb\":{\"@id\":\"https:\/\/www.godan.pl\/ru\/%d0%bf%d1%80%d0%b5%d0%b4%d0%bb%d0%be%d0%b6%d0%b5%d0%bd%d0%b8%d0%b5\/%d0%be%d0%bf%d1%82%d0%be%d0%b2%d0%b0%d1%8f-%d0%bf%d1%80%d0%be%d0%b4%d0%b0%d0%b6%d0%b0#breadcrumb\"},\"inLanguage\":\"ru-RU\",\"potentialAction\":[{\"@type\":\"ReadAction\",\"target\":[\"https:\/\/www.godan.pl\/ru\/%d0%bf%d1%80%d0%b5%d0%b4%d0%bb%d0%be%d0%b6%d0%b5%d0%bd%d0%b8%d0%b5\/%d0%be%d0%bf%d1%82%d0%be%d0%b2%d0%b0%d1%8f-%d0%bf%d1%80%d0%be%d0%b4%d0%b0%d0%b6%d0%b0\"]}]},{\"@type\":\"BreadcrumbList\",\"@id\":\"https:\/\/www.godan.pl\/ru\/%d0%bf%d1%80%d0%b5%d0%b4%d0%bb%d0%be%d0%b6%d0%b5%d0%bd%d0%b8%d0%b5\/%d0%be%d0%bf%d1%82%d0%be%d0%b2%d0%b0%d1%8f-%d0%bf%d1%80%d0%be%d0%b4%d0%b0%d0%b6%d0%b0#breadcrumb\",\"itemListElement\":[{\"@type\":\"ListItem\",\"position\":1,\"name\":\"Strona g\u0142\u00f3wna\",\"item\":\"https:\/\/www.godan.pl\/ru\"},{\"@type\":\"ListItem\",\"position\":2,\"name\":\"\u041f\u0440\u0435\u0434\u043b\u043e\u0436\u0435\u043d\u0438\u0435\",\"item\":\"https:\/\/www.godan.pl\/ru\/%d0%bf%d1%80%d0%b5%d0%b4%d0%bb%d0%be%d0%b6%d0%b5%d0%bd%d0%b8%d0%b5\"},{\"@type\":\"ListItem\",\"position\":3,\"name\":\"\u041e\u043f\u0442\u043e\u0432\u0430\u044f \u043f\u0440\u043e\u0434\u0430\u0436\u0430\"}]},{\"@type\":\"WebSite\",\"@id\":\"https:\/\/www.godan.pl\/fr\/#website\",\"url\":\"https:\/\/www.godan.pl\/fr\/\",\"name\":\"Godan\",\"description\":\"Oferujemy szerok\u0105 ofert\u0119 balon\u00f3w, dekoracji sali, stroj\u00f3w karnawa\u0142owych, artyku\u0142y \u015blubnych i weselnych\",\"publisher\":{\"@id\":\"https:\/\/www.godan.pl\/fr\/#organization\"},\"potentialAction\":[{\"@type\":\"SearchAction\",\"target\":{\"@type\":\"EntryPoint\",\"urlTemplate\":\"https:\/\/www.godan.pl\/fr\/?s={search_term_string}\"},\"query-input\":\"required name=search_term_string\"}],\"inLanguage\":\"ru-RU\"},{\"@type\":\"Organization\",\"@id\":\"https:\/\/www.godan.pl\/fr\/#organization\",\"name\":\"GoDan S.A.\",\"url\":\"https:\/\/www.godan.pl\/fr\/\",\"logo\":{\"@type\":\"ImageObject\",\"inLanguage\":\"ru-RU\",\"@id\":\"https:\/\/www.godan.pl\/fr\/#\/schema\/logo\/image\/\",\"url\":\"https:\/\/www.godan.pl\/wp-content\/uploads\/2017\/08\/logo-godan-male-1.png\",\"contentUrl\":\"https:\/\/www.godan.pl\/wp-content\/uploads\/2017\/08\/logo-godan-male-1.png\",\"width\":185,\"height\":97,\"caption\":\"GoDan S.A.\"},\"image\":{\"@id\":\"https:\/\/www.godan.pl\/fr\/#\/schema\/logo\/image\/\"}}]}<\/script>\n<!-- \/ Yoast SEO plugin. -->","yoast_head_json":{"title":"Sprzeda\u017c hurtowa balon\u00f3w, stroj\u00f3w karnawa\u0142owych, Halloween, s\u0142omek: GoDan SA","description":"Zapraszamy do zapoznania si\u0119 z nasz\u0105 ofert\u0105 balon\u00f3w, artyku\u0142\u00f3w imprezowych, urodzinowych i party. Oferujemy bardzo dobre warunki dla odbiorc\u00f3w hurtowych.","robots":{"index":"index","follow":"follow","max-snippet":"max-snippet:-1","max-image-preview":"max-image-preview:large","max-video-preview":"max-video-preview:-1"},"canonical":"https:\/\/www.godan.pl\/ru\/\u043f\u0440\u0435\u0434\u043b\u043e\u0436\u0435\u043d\u0438\u0435\/\u043e\u043f\u0442\u043e\u0432\u0430\u044f-\u043f\u0440\u043e\u0434\u0430\u0436\u0430","og_locale":"ru_RU","og_type":"article","og_title":"Sprzeda\u017c hurtowa balon\u00f3w, stroj\u00f3w karnawa\u0142owych, Halloween, s\u0142omek: GoDan SA","og_description":"Zapraszamy do zapoznania si\u0119 z nasz\u0105 ofert\u0105 balon\u00f3w, artyku\u0142\u00f3w imprezowych, urodzinowych i party. Oferujemy bardzo dobre warunki dla odbiorc\u00f3w hurtowych.","og_url":"https:\/\/www.godan.pl\/ru\/\u043f\u0440\u0435\u0434\u043b\u043e\u0436\u0435\u043d\u0438\u0435\/\u043e\u043f\u0442\u043e\u0432\u0430\u044f-\u043f\u0440\u043e\u0434\u0430\u0436\u0430","og_site_name":"Godan","article_modified_time":"2025-06-11T14:26:04+00:00","og_image":[{"url":"https:\/\/www.godan.pl\/wp-content\/uploads\/2017\/05\/balony_maski_akcesoria_urodzinowe.jpg"}],"twitter_card":"summary_large_image","schema":{"@context":"https:\/\/schema.org","@graph":[{"@type":"WebPage","@id":"https:\/\/www.godan.pl\/ru\/%d0%bf%d1%80%d0%b5%d0%b4%d0%bb%d0%be%d0%b6%d0%b5%d0%bd%d0%b8%d0%b5\/%d0%be%d0%bf%d1%82%d0%be%d0%b2%d0%b0%d1%8f-%d0%bf%d1%80%d0%be%d0%b4%d0%b0%d0%b6%d0%b0","url":"https:\/\/www.godan.pl\/ru\/%d0%bf%d1%80%d0%b5%d0%b4%d0%bb%d0%be%d0%b6%d0%b5%d0%bd%d0%b8%d0%b5\/%d0%be%d0%bf%d1%82%d0%be%d0%b2%d0%b0%d1%8f-%d0%bf%d1%80%d0%be%d0%b4%d0%b0%d0%b6%d0%b0","name":"Sprzeda\u017c hurtowa balon\u00f3w, stroj\u00f3w karnawa\u0142owych, Halloween, s\u0142omek: GoDan SA","isPartOf":{"@id":"https:\/\/www.godan.pl\/fr\/#website"},"datePublished":"2017-06-02T13:07:34+00:00","dateModified":"2025-06-11T14:26:04+00:00","description":"Zapraszamy do zapoznania si\u0119 z nasz\u0105 ofert\u0105 balon\u00f3w, artyku\u0142\u00f3w imprezowych, urodzinowych i party. Oferujemy bardzo dobre warunki dla odbiorc\u00f3w hurtowych.","breadcrumb":{"@id":"https:\/\/www.godan.pl\/ru\/%d0%bf%d1%80%d0%b5%d0%b4%d0%bb%d0%be%d0%b6%d0%b5%d0%bd%d0%b8%d0%b5\/%d0%be%d0%bf%d1%82%d0%be%d0%b2%d0%b0%d1%8f-%d0%bf%d1%80%d0%be%d0%b4%d0%b0%d0%b6%d0%b0#breadcrumb"},"inLanguage":"ru-RU","potentialAction":[{"@type":"ReadAction","target":["https:\/\/www.godan.pl\/ru\/%d0%bf%d1%80%d0%b5%d0%b4%d0%bb%d0%be%d0%b6%d0%b5%d0%bd%d0%b8%d0%b5\/%d0%be%d0%bf%d1%82%d0%be%d0%b2%d0%b0%d1%8f-%d0%bf%d1%80%d0%be%d0%b4%d0%b0%d0%b6%d0%b0"]}]},{"@type":"BreadcrumbList","@id":"https:\/\/www.godan.pl\/ru\/%d0%bf%d1%80%d0%b5%d0%b4%d0%bb%d0%be%d0%b6%d0%b5%d0%bd%d0%b8%d0%b5\/%d0%be%d0%bf%d1%82%d0%be%d0%b2%d0%b0%d1%8f-%d0%bf%d1%80%d0%be%d0%b4%d0%b0%d0%b6%d0%b0#breadcrumb","itemListElement":[{"@type":"ListItem","position":1,"name":"Strona g\u0142\u00f3wna","item":"https:\/\/www.godan.pl\/ru"},{"@type":"ListItem","position":2,"name":"\u041f\u0440\u0435\u0434\u043b\u043e\u0436\u0435\u043d\u0438\u0435","item":"https:\/\/www.godan.pl\/ru\/%d0%bf%d1%80%d0%b5%d0%b4%d0%bb%d0%be%d0%b6%d0%b5%d0%bd%d0%b8%d0%b5"},{"@type":"ListItem","position":3,"name":"\u041e\u043f\u0442\u043e\u0432\u0430\u044f \u043f\u0440\u043e\u0434\u0430\u0436\u0430"}]},{"@type":"WebSite","@id":"https:\/\/www.godan.pl\/fr\/#website","url":"https:\/\/www.godan.pl\/fr\/","name":"Godan","description":"Oferujemy szerok\u0105 ofert\u0119 balon\u00f3w, dekoracji sali, stroj\u00f3w karnawa\u0142owych, artyku\u0142y \u015blubnych i weselnych","publisher":{"@id":"https:\/\/www.godan.pl\/fr\/#organization"},"potentialAction":[{"@type":"SearchAction","target":{"@type":"EntryPoint","urlTemplate":"https:\/\/www.godan.pl\/fr\/?s={search_term_string}"},"query-input":"required name=search_term_string"}],"inLanguage":"ru-RU"},{"@type":"Organization","@id":"https:\/\/www.godan.pl\/fr\/#organization","name":"GoDan S.A.","url":"https:\/\/www.godan.pl\/fr\/","logo":{"@type":"ImageObject","inLanguage":"ru-RU","@id":"https:\/\/www.godan.pl\/fr\/#\/schema\/logo\/image\/","url":"https:\/\/www.godan.pl\/wp-content\/uploads\/2017\/08\/logo-godan-male-1.png","contentUrl":"https:\/\/www.godan.pl\/wp-content\/uploads\/2017\/08\/logo-godan-male-1.png","width":185,"height":97,"caption":"GoDan S.A."},"image":{"@id":"https:\/\/www.godan.pl\/fr\/#\/schema\/logo\/image\/"}}]}},"_links":{"self":[{"href":"https:\/\/www.godan.pl\/ru\/wp-json\/wp\/v2\/pages\/7840"}],"collection":[{"href":"https:\/\/www.godan.pl\/ru\/wp-json\/wp\/v2\/pages"}],"about":[{"href":"https:\/\/www.godan.pl\/ru\/wp-json\/wp\/v2\/types\/page"}],"author":[{"embeddable":true,"href":"https:\/\/www.godan.pl\/ru\/wp-json\/wp\/v2\/users\/1"}],"replies":[{"embeddable":true,"href":"https:\/\/www.godan.pl\/ru\/wp-json\/wp\/v2\/comments?post=7840"}],"version-history":[{"count":12,"href":"https:\/\/www.godan.pl\/ru\/wp-json\/wp\/v2\/pages\/7840\/revisions"}],"predecessor-version":[{"id":26242,"href":"https:\/\/www.godan.pl\/ru\/wp-json\/wp\/v2\/pages\/7840\/revisions\/26242"}],"up":[{"embeddable":true,"href":"https:\/\/www.godan.pl\/ru\/wp-json\/wp\/v2\/pages\/7680"}],"wp:attachment":[{"href":"https:\/\/www.godan.pl\/ru\/wp-json\/wp\/v2\/media?parent=7840"}],"curies":[{"name":"wp","href":"https:\/\/api.w.org\/{rel}","templated":true}]}}