{"id":7800,"date":"2017-06-02T13:07:19","date_gmt":"2017-06-02T13:07:19","guid":{"rendered":"https:\/\/www.godan.pl\/oferta\/sprzedaz-detaliczna\/"},"modified":"2025-06-11T14:28:35","modified_gmt":"2025-06-11T14:28:35","slug":"%d1%80%d0%be%d0%b7%d0%bd%d0%b8%d1%87%d0%bd%d0%b0%d1%8f-%d0%bf%d1%80%d0%be%d0%b4%d0%b0%d0%b6%d0%b0","status":"publish","type":"page","link":"https:\/\/www.godan.pl\/ru\/%d0%bf%d1%80%d0%b5%d0%b4%d0%bb%d0%be%d0%b6%d0%b5%d0%bd%d0%b8%d0%b5\/%d1%80%d0%be%d0%b7%d0%bd%d0%b8%d1%87%d0%bd%d0%b0%d1%8f-%d0%bf%d1%80%d0%be%d0%b4%d0%b0%d0%b6%d0%b0","title":{"rendered":"\u0420\u043e\u0437\u043d\u0438\u0447\u043d\u0430\u044f \u043f\u0440\u043e\u0434\u0430\u0436\u0430"},"content":{"rendered":"<p>\u041f\u0440\u0438\u0433\u043b\u0430\u0448\u0430\u0435\u043c \u0432 \u043d\u0430\u0448 \u0438\u043d\u0442\u0435\u0440\u043d\u0435\u0442-\u043c\u0430\u0433\u0430\u0437\u0438\u043d <a href=\"http:\/\/www.godanparty.pl\/\">www.godanparty.pl<\/a><\/p>\n<p>\u0412\u044b \u043c\u043e\u0436\u0435\u0442\u0435 \u0442\u0430\u043a\u0436\u0435 \u043f\u043e\u0441\u0435\u0442\u0438\u0442\u044c \u043e\u0434\u0438\u043d \u0438\u0437 \u043d\u0430\u0448\u0438\u0445 \u0441\u0442\u0430\u0446\u0438\u043e\u043d\u0430\u0440\u043d\u044b\u0445 \u043c\u0430\u0433\u0430\u0437\u0438\u043d\u043e\u0432:<\/p>\n<div class='idz-table-orange'>\n<table class=\"table\">\n<tbody>\n<tr>\n<th>GoDan Warsaw<\/th>\n<th><\/th>\n<\/tr>\n<tr>\n<td>ul. D\u017awigowa 43<br \/>\n02-437 Warszawa<br \/>\nWelcome:<br \/>\nMon-Fri: 10:00 &#8211; 19:00<br \/>\nSat: 9:00 &#8211; 15:00<\/td>\n<td><\/td>\n<\/tr>\n<\/tbody>\n<\/table>\n<\/div>\n","protected":false},"excerpt":{"rendered":"<p>\u041f\u0440\u0438\u0433\u043b\u0430\u0448\u0430\u0435\u043c \u0432 \u043d\u0430\u0448 \u0438\u043d\u0442\u0435\u0440\u043d\u0435\u0442-\u043c\u0430\u0433\u0430\u0437\u0438\u043d www.godanparty.pl \u0412\u044b \u043c\u043e\u0436\u0435\u0442\u0435 \u0442\u0430\u043a\u0436\u0435 \u043f\u043e\u0441\u0435\u0442\u0438\u0442\u044c \u043e\u0434\u0438\u043d \u0438\u0437 \u043d\u0430\u0448\u0438\u0445 \u0441\u0442\u0430\u0446\u0438\u043e\u043d\u0430\u0440\u043d\u044b\u0445 \u043c\u0430\u0433\u0430\u0437\u0438\u043d\u043e\u0432:<\/p>\n","protected":false},"author":1,"featured_media":0,"parent":7680,"menu_order":0,"comment_status":"closed","ping_status":"closed","template":"","meta":{"_acf_changed":false,"footnotes":""},"class_list":["post-7800","page","type-page","status-publish","hentry"],"acf":[],"yoast_head":"<!-- This site is optimized with the Yoast SEO plugin v20.11 - https:\/\/yoast.com\/wordpress\/plugins\/seo\/ -->\n<title>Sprzeda\u017c detaliczna: balon\u00f3w, przebra\u0144 i stroj\u00f3w karnawa\u0142owych: GoDan SA<\/title>\n<meta name=\"description\" content=\"Prowadzimy sprzeda\u017c: balon\u00f3w, przebra\u0144 i stroj\u00f3w karnawa\u0142owych, artyku\u0142\u00f3w urodzinowych i party, dekoracji sali i sto\u0142u.\" \/>\n<meta name=\"robots\" content=\"index, follow, max-snippet:-1, max-image-preview:large, max-video-preview:-1\" \/>\n<link rel=\"canonical\" href=\"https:\/\/www.godan.pl\/ru\/\u043f\u0440\u0435\u0434\u043b\u043e\u0436\u0435\u043d\u0438\u0435\/\u0440\u043e\u0437\u043d\u0438\u0447\u043d\u0430\u044f-\u043f\u0440\u043e\u0434\u0430\u0436\u0430\" \/>\n<meta property=\"og:locale\" content=\"ru_RU\" \/>\n<meta property=\"og:type\" content=\"article\" \/>\n<meta property=\"og:title\" content=\"Sprzeda\u017c detaliczna: balon\u00f3w, przebra\u0144 i stroj\u00f3w karnawa\u0142owych: GoDan SA\" \/>\n<meta property=\"og:description\" content=\"Prowadzimy sprzeda\u017c: balon\u00f3w, przebra\u0144 i stroj\u00f3w karnawa\u0142owych, artyku\u0142\u00f3w urodzinowych i party, dekoracji sali i sto\u0142u.\" \/>\n<meta property=\"og:url\" content=\"https:\/\/www.godan.pl\/ru\/\u043f\u0440\u0435\u0434\u043b\u043e\u0436\u0435\u043d\u0438\u0435\/\u0440\u043e\u0437\u043d\u0438\u0447\u043d\u0430\u044f-\u043f\u0440\u043e\u0434\u0430\u0436\u0430\" \/>\n<meta property=\"og:site_name\" content=\"Godan\" \/>\n<meta property=\"article:modified_time\" content=\"2025-06-11T14:28:35+00:00\" \/>\n<meta name=\"twitter:card\" content=\"summary_large_image\" \/>\n<script type=\"application\/ld+json\" class=\"yoast-schema-graph\">{\"@context\":\"https:\/\/schema.org\",\"@graph\":[{\"@type\":\"WebPage\",\"@id\":\"https:\/\/www.godan.pl\/ru\/%d0%bf%d1%80%d0%b5%d0%b4%d0%bb%d0%be%d0%b6%d0%b5%d0%bd%d0%b8%d0%b5\/%d1%80%d0%be%d0%b7%d0%bd%d0%b8%d1%87%d0%bd%d0%b0%d1%8f-%d0%bf%d1%80%d0%be%d0%b4%d0%b0%d0%b6%d0%b0\",\"url\":\"https:\/\/www.godan.pl\/ru\/%d0%bf%d1%80%d0%b5%d0%b4%d0%bb%d0%be%d0%b6%d0%b5%d0%bd%d0%b8%d0%b5\/%d1%80%d0%be%d0%b7%d0%bd%d0%b8%d1%87%d0%bd%d0%b0%d1%8f-%d0%bf%d1%80%d0%be%d0%b4%d0%b0%d0%b6%d0%b0\",\"name\":\"Sprzeda\u017c detaliczna: balon\u00f3w, przebra\u0144 i stroj\u00f3w karnawa\u0142owych: GoDan SA\",\"isPartOf\":{\"@id\":\"https:\/\/www.godan.pl\/fr\/#website\"},\"datePublished\":\"2017-06-02T13:07:19+00:00\",\"dateModified\":\"2025-06-11T14:28:35+00:00\",\"description\":\"Prowadzimy sprzeda\u017c: balon\u00f3w, przebra\u0144 i stroj\u00f3w karnawa\u0142owych, artyku\u0142\u00f3w urodzinowych i party, dekoracji sali i sto\u0142u.\",\"breadcrumb\":{\"@id\":\"https:\/\/www.godan.pl\/ru\/%d0%bf%d1%80%d0%b5%d0%b4%d0%bb%d0%be%d0%b6%d0%b5%d0%bd%d0%b8%d0%b5\/%d1%80%d0%be%d0%b7%d0%bd%d0%b8%d1%87%d0%bd%d0%b0%d1%8f-%d0%bf%d1%80%d0%be%d0%b4%d0%b0%d0%b6%d0%b0#breadcrumb\"},\"inLanguage\":\"ru-RU\",\"potentialAction\":[{\"@type\":\"ReadAction\",\"target\":[\"https:\/\/www.godan.pl\/ru\/%d0%bf%d1%80%d0%b5%d0%b4%d0%bb%d0%be%d0%b6%d0%b5%d0%bd%d0%b8%d0%b5\/%d1%80%d0%be%d0%b7%d0%bd%d0%b8%d1%87%d0%bd%d0%b0%d1%8f-%d0%bf%d1%80%d0%be%d0%b4%d0%b0%d0%b6%d0%b0\"]}]},{\"@type\":\"BreadcrumbList\",\"@id\":\"https:\/\/www.godan.pl\/ru\/%d0%bf%d1%80%d0%b5%d0%b4%d0%bb%d0%be%d0%b6%d0%b5%d0%bd%d0%b8%d0%b5\/%d1%80%d0%be%d0%b7%d0%bd%d0%b8%d1%87%d0%bd%d0%b0%d1%8f-%d0%bf%d1%80%d0%be%d0%b4%d0%b0%d0%b6%d0%b0#breadcrumb\",\"itemListElement\":[{\"@type\":\"ListItem\",\"position\":1,\"name\":\"Strona g\u0142\u00f3wna\",\"item\":\"https:\/\/www.godan.pl\/ru\"},{\"@type\":\"ListItem\",\"position\":2,\"name\":\"\u041f\u0440\u0435\u0434\u043b\u043e\u0436\u0435\u043d\u0438\u0435\",\"item\":\"https:\/\/www.godan.pl\/ru\/%d0%bf%d1%80%d0%b5%d0%b4%d0%bb%d0%be%d0%b6%d0%b5%d0%bd%d0%b8%d0%b5\"},{\"@type\":\"ListItem\",\"position\":3,\"name\":\"\u0420\u043e\u0437\u043d\u0438\u0447\u043d\u0430\u044f \u043f\u0440\u043e\u0434\u0430\u0436\u0430\"}]},{\"@type\":\"WebSite\",\"@id\":\"https:\/\/www.godan.pl\/fr\/#website\",\"url\":\"https:\/\/www.godan.pl\/fr\/\",\"name\":\"Godan\",\"description\":\"Oferujemy szerok\u0105 ofert\u0119 balon\u00f3w, dekoracji sali, stroj\u00f3w karnawa\u0142owych, artyku\u0142y \u015blubnych i weselnych\",\"publisher\":{\"@id\":\"https:\/\/www.godan.pl\/fr\/#organization\"},\"potentialAction\":[{\"@type\":\"SearchAction\",\"target\":{\"@type\":\"EntryPoint\",\"urlTemplate\":\"https:\/\/www.godan.pl\/fr\/?s={search_term_string}\"},\"query-input\":\"required name=search_term_string\"}],\"inLanguage\":\"ru-RU\"},{\"@type\":\"Organization\",\"@id\":\"https:\/\/www.godan.pl\/fr\/#organization\",\"name\":\"GoDan S.A.\",\"url\":\"https:\/\/www.godan.pl\/fr\/\",\"logo\":{\"@type\":\"ImageObject\",\"inLanguage\":\"ru-RU\",\"@id\":\"https:\/\/www.godan.pl\/fr\/#\/schema\/logo\/image\/\",\"url\":\"https:\/\/www.godan.pl\/wp-content\/uploads\/2017\/08\/logo-godan-male-1.png\",\"contentUrl\":\"https:\/\/www.godan.pl\/wp-content\/uploads\/2017\/08\/logo-godan-male-1.png\",\"width\":185,\"height\":97,\"caption\":\"GoDan S.A.\"},\"image\":{\"@id\":\"https:\/\/www.godan.pl\/fr\/#\/schema\/logo\/image\/\"}}]}<\/script>\n<!-- \/ Yoast SEO plugin. -->","yoast_head_json":{"title":"Sprzeda\u017c detaliczna: balon\u00f3w, przebra\u0144 i stroj\u00f3w karnawa\u0142owych: GoDan SA","description":"Prowadzimy sprzeda\u017c: balon\u00f3w, przebra\u0144 i stroj\u00f3w karnawa\u0142owych, artyku\u0142\u00f3w urodzinowych i party, dekoracji sali i sto\u0142u.","robots":{"index":"index","follow":"follow","max-snippet":"max-snippet:-1","max-image-preview":"max-image-preview:large","max-video-preview":"max-video-preview:-1"},"canonical":"https:\/\/www.godan.pl\/ru\/\u043f\u0440\u0435\u0434\u043b\u043e\u0436\u0435\u043d\u0438\u0435\/\u0440\u043e\u0437\u043d\u0438\u0447\u043d\u0430\u044f-\u043f\u0440\u043e\u0434\u0430\u0436\u0430","og_locale":"ru_RU","og_type":"article","og_title":"Sprzeda\u017c detaliczna: balon\u00f3w, przebra\u0144 i stroj\u00f3w karnawa\u0142owych: GoDan SA","og_description":"Prowadzimy sprzeda\u017c: balon\u00f3w, przebra\u0144 i stroj\u00f3w karnawa\u0142owych, artyku\u0142\u00f3w urodzinowych i party, dekoracji sali i sto\u0142u.","og_url":"https:\/\/www.godan.pl\/ru\/\u043f\u0440\u0435\u0434\u043b\u043e\u0436\u0435\u043d\u0438\u0435\/\u0440\u043e\u0437\u043d\u0438\u0447\u043d\u0430\u044f-\u043f\u0440\u043e\u0434\u0430\u0436\u0430","og_site_name":"Godan","article_modified_time":"2025-06-11T14:28:35+00:00","twitter_card":"summary_large_image","schema":{"@context":"https:\/\/schema.org","@graph":[{"@type":"WebPage","@id":"https:\/\/www.godan.pl\/ru\/%d0%bf%d1%80%d0%b5%d0%b4%d0%bb%d0%be%d0%b6%d0%b5%d0%bd%d0%b8%d0%b5\/%d1%80%d0%be%d0%b7%d0%bd%d0%b8%d1%87%d0%bd%d0%b0%d1%8f-%d0%bf%d1%80%d0%be%d0%b4%d0%b0%d0%b6%d0%b0","url":"https:\/\/www.godan.pl\/ru\/%d0%bf%d1%80%d0%b5%d0%b4%d0%bb%d0%be%d0%b6%d0%b5%d0%bd%d0%b8%d0%b5\/%d1%80%d0%be%d0%b7%d0%bd%d0%b8%d1%87%d0%bd%d0%b0%d1%8f-%d0%bf%d1%80%d0%be%d0%b4%d0%b0%d0%b6%d0%b0","name":"Sprzeda\u017c detaliczna: balon\u00f3w, przebra\u0144 i stroj\u00f3w karnawa\u0142owych: GoDan SA","isPartOf":{"@id":"https:\/\/www.godan.pl\/fr\/#website"},"datePublished":"2017-06-02T13:07:19+00:00","dateModified":"2025-06-11T14:28:35+00:00","description":"Prowadzimy sprzeda\u017c: balon\u00f3w, przebra\u0144 i stroj\u00f3w karnawa\u0142owych, artyku\u0142\u00f3w urodzinowych i party, dekoracji sali i sto\u0142u.","breadcrumb":{"@id":"https:\/\/www.godan.pl\/ru\/%d0%bf%d1%80%d0%b5%d0%b4%d0%bb%d0%be%d0%b6%d0%b5%d0%bd%d0%b8%d0%b5\/%d1%80%d0%be%d0%b7%d0%bd%d0%b8%d1%87%d0%bd%d0%b0%d1%8f-%d0%bf%d1%80%d0%be%d0%b4%d0%b0%d0%b6%d0%b0#breadcrumb"},"inLanguage":"ru-RU","potentialAction":[{"@type":"ReadAction","target":["https:\/\/www.godan.pl\/ru\/%d0%bf%d1%80%d0%b5%d0%b4%d0%bb%d0%be%d0%b6%d0%b5%d0%bd%d0%b8%d0%b5\/%d1%80%d0%be%d0%b7%d0%bd%d0%b8%d1%87%d0%bd%d0%b0%d1%8f-%d0%bf%d1%80%d0%be%d0%b4%d0%b0%d0%b6%d0%b0"]}]},{"@type":"BreadcrumbList","@id":"https:\/\/www.godan.pl\/ru\/%d0%bf%d1%80%d0%b5%d0%b4%d0%bb%d0%be%d0%b6%d0%b5%d0%bd%d0%b8%d0%b5\/%d1%80%d0%be%d0%b7%d0%bd%d0%b8%d1%87%d0%bd%d0%b0%d1%8f-%d0%bf%d1%80%d0%be%d0%b4%d0%b0%d0%b6%d0%b0#breadcrumb","itemListElement":[{"@type":"ListItem","position":1,"name":"Strona g\u0142\u00f3wna","item":"https:\/\/www.godan.pl\/ru"},{"@type":"ListItem","position":2,"name":"\u041f\u0440\u0435\u0434\u043b\u043e\u0436\u0435\u043d\u0438\u0435","item":"https:\/\/www.godan.pl\/ru\/%d0%bf%d1%80%d0%b5%d0%b4%d0%bb%d0%be%d0%b6%d0%b5%d0%bd%d0%b8%d0%b5"},{"@type":"ListItem","position":3,"name":"\u0420\u043e\u0437\u043d\u0438\u0447\u043d\u0430\u044f \u043f\u0440\u043e\u0434\u0430\u0436\u0430"}]},{"@type":"WebSite","@id":"https:\/\/www.godan.pl\/fr\/#website","url":"https:\/\/www.godan.pl\/fr\/","name":"Godan","description":"Oferujemy szerok\u0105 ofert\u0119 balon\u00f3w, dekoracji sali, stroj\u00f3w karnawa\u0142owych, artyku\u0142y \u015blubnych i weselnych","publisher":{"@id":"https:\/\/www.godan.pl\/fr\/#organization"},"potentialAction":[{"@type":"SearchAction","target":{"@type":"EntryPoint","urlTemplate":"https:\/\/www.godan.pl\/fr\/?s={search_term_string}"},"query-input":"required name=search_term_string"}],"inLanguage":"ru-RU"},{"@type":"Organization","@id":"https:\/\/www.godan.pl\/fr\/#organization","name":"GoDan S.A.","url":"https:\/\/www.godan.pl\/fr\/","logo":{"@type":"ImageObject","inLanguage":"ru-RU","@id":"https:\/\/www.godan.pl\/fr\/#\/schema\/logo\/image\/","url":"https:\/\/www.godan.pl\/wp-content\/uploads\/2017\/08\/logo-godan-male-1.png","contentUrl":"https:\/\/www.godan.pl\/wp-content\/uploads\/2017\/08\/logo-godan-male-1.png","width":185,"height":97,"caption":"GoDan S.A."},"image":{"@id":"https:\/\/www.godan.pl\/fr\/#\/schema\/logo\/image\/"}}]}},"_links":{"self":[{"href":"https:\/\/www.godan.pl\/ru\/wp-json\/wp\/v2\/pages\/7800"}],"collection":[{"href":"https:\/\/www.godan.pl\/ru\/wp-json\/wp\/v2\/pages"}],"about":[{"href":"https:\/\/www.godan.pl\/ru\/wp-json\/wp\/v2\/types\/page"}],"author":[{"embeddable":true,"href":"https:\/\/www.godan.pl\/ru\/wp-json\/wp\/v2\/users\/1"}],"replies":[{"embeddable":true,"href":"https:\/\/www.godan.pl\/ru\/wp-json\/wp\/v2\/comments?post=7800"}],"version-history":[{"count":8,"href":"https:\/\/www.godan.pl\/ru\/wp-json\/wp\/v2\/pages\/7800\/revisions"}],"predecessor-version":[{"id":26247,"href":"https:\/\/www.godan.pl\/ru\/wp-json\/wp\/v2\/pages\/7800\/revisions\/26247"}],"up":[{"embeddable":true,"href":"https:\/\/www.godan.pl\/ru\/wp-json\/wp\/v2\/pages\/7680"}],"wp:attachment":[{"href":"https:\/\/www.godan.pl\/ru\/wp-json\/wp\/v2\/media?parent=7800"}],"curies":[{"name":"wp","href":"https:\/\/api.w.org\/{rel}","templated":true}]}}