{"id":7790,"date":"2017-06-02T13:07:48","date_gmt":"2017-06-02T13:07:48","guid":{"rendered":"https:\/\/www.godan.pl\/oferta\/produkcja-slomek\/"},"modified":"2017-07-21T17:45:31","modified_gmt":"2017-07-21T17:45:31","slug":"%d0%bf%d1%80%d0%be%d0%b8%d0%b7%d0%b2%d0%be%d0%b4%d1%81%d1%82%d0%b2%d0%be-%d1%82%d1%80%d1%83%d0%b1%d0%be%d1%87%d0%b5%d0%ba","status":"publish","type":"page","link":"https:\/\/www.godan.pl\/ru\/%d0%bf%d1%80%d0%b5%d0%b4%d0%bb%d0%be%d0%b6%d0%b5%d0%bd%d0%b8%d0%b5\/%d0%bf%d1%80%d0%be%d0%b8%d0%b7%d0%b2%d0%be%d0%b4%d1%81%d1%82%d0%b2%d0%be-%d1%82%d1%80%d1%83%d0%b1%d0%be%d1%87%d0%b5%d0%ba","title":{"rendered":"\u041f\u0440\u043e\u0438\u0437\u0432\u043e\u0434\u0441\u0442\u0432\u043e \u0442\u0440\u0443\u0431\u043e\u0447\u0435\u043a"},"content":{"rendered":"<p>\u041c\u044b \u0437\u0430\u043d\u0438\u043c\u0430\u0435\u043c\u0441\u044f \u043f\u0440\u043e\u0438\u0437\u0432\u043e\u0434\u0441\u0442\u0432\u043e\u043c \u0442\u0440\u0443\u0431\u043e\u0447\u0435\u043a \u0434\u043b\u044f \u043d\u0430\u043f\u0438\u0442\u043a\u043e\u0432.<\/p>\n<p class=\"paragraph__no__margin\">\u0412 \u043d\u0430\u0448\u0435\u043c \u043f\u043e\u0441\u0442\u043e\u044f\u043d\u043d\u043e\u043c \u0430\u0441\u0441\u043e\u0440\u0442\u0438\u043c\u0435\u043d\u0442\u0435 \u0432\u044b \u043d\u0430\u0439\u0434\u0435\u0442\u0435:<\/p>\n<ul>\n<li>\u0442\u0440\u0443\u0431\u043e\u0447\u043a\u0438 \u0441\u043e\u0433\u043d\u0443\u0442\u044b\u0435 \u0434\u0438\u0430\u043c\u0435\u0442\u0440\u043e\u043c 4,8 \u043c\u043c \u0434\u043b\u0438\u043d\u043e\u0439 21 \u0441\u043c<\/li>\n<li>\u0442\u0440\u0443\u0431\u043e\u0447\u043a\u0438 \u043f\u0440\u044f\u043c\u044b\u0435 \u0434\u0438\u0430\u043c\u0435\u0442\u0440\u043e\u043c \u043e\u0442 3 \u043c\u043c \u0434\u043e 10 \u043c\u043c \u0440\u0430\u0437\u043d\u043e\u0439 \u0434\u043b\u0438\u043d\u044b.<\/li>\n<\/ul>\n<p>\u041d\u0430\u0448\u0438 \u0442\u0440\u0443\u0431\u043e\u0447\u043a\u0438 \u043f\u0440\u043e\u0438\u0437\u0432\u043e\u0434\u044f\u0442\u0441\u044f \u0441 \u043f\u043e\u043b\u0438\u043f\u0440\u043e\u043f\u0438\u043b\u0435\u043d\u0430 \u0438 \u0432\u044b\u043f\u043e\u043b\u043d\u044f\u044e\u0442 \u0432\u0441\u0435 \u043a\u0430\u0447\u0435\u0441\u0442\u0432\u0435\u043d\u043d\u044b\u0435 \u043d\u043e\u0440\u043c\u044b \u0434\u043b\u044f \u0442\u043e\u0432\u0430\u0440\u043e\u0432, \u043f\u0440\u0435\u0434\u043d\u0430\u0437\u043d\u0430\u0447\u0435\u043d\u043d\u044b\u0445 \u0434\u043b\u044f \u043a\u043e\u043d\u0442\u0430\u043a\u0442\u0430 \u0441 \u043f\u0438\u0449\u0435\u0432\u044b\u043c\u0438 \u043f\u0440\u043e\u0434\u0443\u043a\u0442\u0430\u043c\u0438.<\/p>\n<p>\u041f\u0440\u0438\u0433\u043b\u0430\u0448\u0430\u0435\u043c \u0441\u043e\u0442\u0440\u0443\u0434\u043d\u0438\u0447\u0430\u0442\u044c!<br \/>\n<img loading=\"lazy\" decoding=\"async\" width=\"945\" height=\"245\" class=\"aligncenter size-full wp-image-7084\" src=\"https:\/\/www.godan.pl\/wp-content\/uploads\/2017\/06\/slomki_rurki_producent.jpg\" alt=\"Producent s\u0142omek do picia, hurtownia\" srcset=\"https:\/\/www.godan.pl\/wp-content\/uploads\/2017\/06\/slomki_rurki_producent.jpg 945w, https:\/\/www.godan.pl\/wp-content\/uploads\/2017\/06\/slomki_rurki_producent-300x78.jpg 300w, https:\/\/www.godan.pl\/wp-content\/uploads\/2017\/06\/slomki_rurki_producent-768x199.jpg 768w, https:\/\/www.godan.pl\/wp-content\/uploads\/2017\/06\/slomki_rurki_producent-200x52.jpg 200w\" sizes=\"(max-width: 945px) 100vw, 945px\" \/><\/p>\n<h2>\u0417\u0430\u0447\u0435\u043c \u0442\u0440\u0443\u0431\u043e\u0447\u043a\u0438 \u043e\u0442 &#8220;GoDan&#8221;?<\/h2>\n<ul>\n<li>\u0426 \u043d\u0430\u0441 \u0441\u043e\u0431\u0441\u0442\u0432\u0435\u043d\u043d\u044b\u0439, \u0441\u043e\u0432\u0440\u0435\u043c\u0435\u043d\u043d\u044b\u0439 \u0442\u0435\u0445\u043d\u0438\u0447\u0435\u0441\u043a\u0438\u0439 \u043f\u0430\u0440\u043a, \u043f\u043e\u0437\u0432\u043e\u043b\u044f\u044e\u0449\u0438\u0439 \u043d\u0430\u043c \u0431\u044b\u0441\u0442\u0440\u043e \u043f\u0440\u043e\u0438\u0437\u0432\u043e\u0434\u0438\u0442\u044c \u0442\u0440\u0443\u0431\u043e\u0447\u043a\u0438 \u043f\u043e\u0434 \u0438\u043d\u0434\u0438\u0432\u0438\u0434\u0443\u0430\u043b\u044c\u043d\u044b\u0435 \u043f\u043e\u0442\u0440\u0435\u0431\u043d\u043e\u0441\u0442\u0438 \u043d\u0430\u0448\u0438\u0445 \u043a\u043b\u0438\u0435\u043d\u0442\u043e\u0432.<\/li>\n<li>\u0411\u043b\u0430\u0433\u043e\u0434\u0430\u0440\u044f \u0441\u043e\u0431\u0441\u0442\u0432\u0435\u043d\u043d\u043e\u043c\u0443 \u043f\u0440\u043e\u0438\u0437\u0432\u043e\u0434\u0441\u0442\u0432\u0443 \u0443 \u043d\u0430\u0441 \u043f\u043e\u043b\u043d\u044b\u0439 \u043a\u043e\u043d\u0442\u0440\u043e\u043b\u044c \u0437\u0430 \u0432\u044b\u0441\u043e\u043a\u0438\u043c \u043a\u0430\u0447\u0435\u0441\u0442\u0432\u043e\u043c \u043f\u0440\u043e\u0438\u0437\u0432\u043e\u0434\u0438\u043c\u044b\u0445 \u0442\u0440\u0443\u0431\u043e\u0447\u0435\u043a.<\/li>\n<li>\u041c\u044b \u043c\u043e\u0436\u0435\u043c \u0438\u0437\u0433\u043e\u0442\u043e\u0432\u0438\u0442\u044c \u0438\u0437\u0434\u0435\u043b\u0438\u0435 \u0441\u043e\u043e\u0442\u0432\u0435\u0442\u0441\u0442\u0432\u0443\u044e\u0449\u0435\u0433\u043e \u0434\u0438\u0430\u043c\u0435\u0442\u0440\u0430, \u0434\u043b\u0438\u043d\u044b \u0441 \u043d\u0435\u043e\u0431\u0445\u043e\u0434\u0438\u043c\u043e\u0439 \u0442\u043e\u043b\u0449\u0438\u043d\u043e\u0439 \u0441\u0442\u0435\u043d\u043e\u043a.<\/li>\n<li>\u041c\u044b \u043f\u0440\u0435\u0434\u043b\u0430\u0433\u0430\u0435\u043c \u0431\u043e\u0433\u0430\u0442\u0443\u044e \u043f\u0430\u043b\u0438\u0442\u0440\u0443 \u0446\u0432\u0435\u0442\u043e\u0432, \u0432\u043a\u043b\u044e\u0447\u0430\u044f \u043c\u0435\u0442\u0430\u043b\u043b\u0438\u0447\u0435\u0441\u043a\u0438\u0435 \u0446\u0432\u0435\u0442\u0430.<\/li>\n<li>\u041c\u044b \u043f\u0440\u043e\u0438\u0437\u0432\u043e\u0434\u0438\u043c \u043f\u0440\u044f\u043c\u044b\u0435 \u0442\u0440\u0443\u0431\u043e\u0447\u043a\u0438, \u0441\u043e\u0433\u043d\u0443\u0442\u044b\u0435.<\/li>\n<\/ul>\n<p><img loading=\"lazy\" decoding=\"async\" width=\"725\" height=\"200\" class=\"aligncenter size-full wp-image-6898\" src=\"https:\/\/www.godan.pl\/wp-content\/uploads\/2017\/06\/slomki2.jpg\" alt=\"Hurtownia s\u0142omek do picia.\" srcset=\"https:\/\/www.godan.pl\/wp-content\/uploads\/2017\/06\/slomki2.jpg 725w, https:\/\/www.godan.pl\/wp-content\/uploads\/2017\/06\/slomki2-300x83.jpg 300w, https:\/\/www.godan.pl\/wp-content\/uploads\/2017\/06\/slomki2-200x55.jpg 200w\" sizes=\"(max-width: 725px) 100vw, 725px\" \/><\/p>\n<p>\u041c\u044b \u043f\u0440\u0435\u0434\u043b\u0430\u0433\u0430\u0435\u043c \u043f\u0440\u043e\u0438\u0437\u0432\u043e\u0434\u0441\u0442\u0432\u043e \u043e\u0434\u043d\u043e\u0446\u0432\u0435\u0442\u043d\u044b\u0445, \u0434\u0432\u0443\u0445\u0446\u0432\u0435\u0442\u043d\u044b\u0445 \u0438 \u0442\u0440\u0435\u0445\u0446\u0432\u0435\u0442\u043d\u044b\u0445 \u0442\u0440\u0443\u0431\u043e\u0447\u0435\u043a, \u0434\u043e\u0441\u0442\u0438\u0433\u0430\u0435\u043c\u044b\u0445 \u0432 \u0440\u0435\u0437\u0443\u043b\u044c\u0442\u0430\u0442\u0435 \u0441\u043e\u0447\u0435\u0442\u0430\u043d\u0438\u0435 \u0431\u0430\u0437\u044b (\u0431\u0435\u043b\u044b\u0439 \u0446\u0432\u0435\u0442) \u0438 \u0434\u0432\u0443\u0445 \u0434\u043e\u043f\u043e\u043b\u043d\u0438\u0442\u0435\u043b\u044c\u043d\u044b\u0445 \u0446\u0432\u0435\u0442\u043e\u0432.<\/p>\n<p><img loading=\"lazy\" decoding=\"async\" width=\"725\" height=\"200\" class=\"aligncenter size-full wp-image-6904\" src=\"https:\/\/www.godan.pl\/wp-content\/uploads\/2017\/06\/slomki3.jpg\" alt=\"Rurki, s\u0142omki do picia - produkcja, hurt, kolory.\" srcset=\"https:\/\/www.godan.pl\/wp-content\/uploads\/2017\/06\/slomki3.jpg 725w, https:\/\/www.godan.pl\/wp-content\/uploads\/2017\/06\/slomki3-300x83.jpg 300w, https:\/\/www.godan.pl\/wp-content\/uploads\/2017\/06\/slomki3-200x55.jpg 200w\" sizes=\"(max-width: 725px) 100vw, 725px\" \/><\/p>\n<p class=\"paragraph__no__margin\">\u0412 \u0437\u0430\u0432\u0438\u0441\u0438\u043c\u043e\u0441\u0442\u0438 \u043e\u0442 \u043f\u043e\u0442\u0440\u0435\u0431\u043d\u043e\u0441\u0442\u0435\u0439 \u0438 \u0442\u0440\u0435\u0431\u043e\u0432\u0430\u043d\u0438\u0439 \u043a\u043b\u0438\u0435\u043d\u0442\u0430, \u043c\u044b \u043c\u043e\u0436\u0435\u043c \u0443\u043f\u0430\u043a\u043e\u0432\u044b\u0432\u0430\u0442\u044c \u0442\u0440\u0443\u0431\u043e\u0447\u043a\u0438:<\/p>\n<ul>\n<li>\u043f\u043e \u043e\u0434\u043d\u043e\u0439 \u0432 \u0431\u0443\u043c\u0430\u0436\u043d\u0443\u044e \u0443\u043f\u0430\u043a\u043e\u0432\u043a\u0443 (\u0442\u043e\u043b\u044c\u043a\u043e \u043f\u0440\u044f\u043c\u0430\u044f \u0442\u0440\u0443\u0431\u043e\u0447\u043a\u0430),<\/li>\n<li>\u0432 \u043c\u0430\u0448\u0438\u043d\u043d\u044b\u0435 \u043a\u043e\u043c\u043f\u043b\u0435\u043a\u0442\u044b (40, 50, 100, 250 \u0448\u0442.) \u0432 \u043f\u043e\u043b\u0438\u043f\u0440\u043e\u043f\u0438\u043b\u0435\u043d\u043e\u0432\u0443\u044e \u043f\u043b\u0435\u043d\u043a\u0443 \u0438\u043b\u0438 \u0432 \u043c\u0435\u0448\u043e\u0447\u043a\u0438 (20, 40, 500, 1000 \u0448\u0442.) \u0438\u0437 \u043f\u043b\u0435\u043d\u043a\u0438 OPP \u0438 CPP.<\/li>\n<\/ul>\n<p>\u0417\u0430\u0442\u0435\u043c \u0442\u0440\u0443\u0431\u043e\u0447\u043a\u0438 \u043f\u0430\u043a\u0443\u044e\u0442\u0441\u044f \u0432 \u043e\u0431\u0449\u0438\u0435 \u043a\u043e\u0440\u043e\u0431\u043a\u0438 \u0438 \u043d\u0430 \u043f\u043e\u0434\u0434\u043e\u043d\u044b (\u0432 \u0437\u0430\u0432\u0438\u0441\u0438\u043c\u043e\u0441\u0442\u0438 \u043e\u0442 \u0440\u0430\u0437\u043c\u0435\u0440\u0430 \u0437\u0430\u043a\u0430\u0437\u0430)<\/p>\n","protected":false},"excerpt":{"rendered":"<p>\u041c\u044b \u0437\u0430\u043d\u0438\u043c\u0430\u0435\u043c\u0441\u044f \u043f\u0440\u043e\u0438\u0437\u0432\u043e\u0434\u0441\u0442\u0432\u043e\u043c \u0442\u0440\u0443\u0431\u043e\u0447\u0435\u043a \u0434\u043b\u044f \u043d\u0430\u043f\u0438\u0442\u043a\u043e\u0432. \u0412 \u043d\u0430\u0448\u0435\u043c \u043f\u043e\u0441\u0442\u043e\u044f\u043d\u043d\u043e\u043c \u0430\u0441\u0441\u043e\u0440\u0442\u0438\u043c\u0435\u043d\u0442\u0435 \u0432\u044b \u043d\u0430\u0439\u0434\u0435\u0442\u0435: \u0442\u0440\u0443\u0431\u043e\u0447\u043a\u0438 \u0441\u043e\u0433\u043d\u0443\u0442\u044b\u0435 \u0434\u0438\u0430\u043c\u0435\u0442\u0440\u043e\u043c 4,8 \u043c\u043c \u0434\u043b\u0438\u043d\u043e\u0439 21 \u0441\u043c \u0442\u0440\u0443\u0431\u043e\u0447\u043a\u0438 \u043f\u0440\u044f\u043c\u044b\u0435 \u0434\u0438\u0430\u043c\u0435\u0442\u0440\u043e\u043c \u043e\u0442 3 \u043c\u043c \u0434\u043e 10 \u043c\u043c \u0440\u0430\u0437\u043d\u043e\u0439 \u0434\u043b\u0438\u043d\u044b. \u041d\u0430\u0448\u0438 \u0442\u0440\u0443\u0431\u043e\u0447\u043a\u0438 \u043f\u0440\u043e\u0438\u0437\u0432\u043e\u0434\u044f\u0442\u0441\u044f \u0441 \u043f\u043e\u043b\u0438\u043f\u0440\u043e\u043f\u0438\u043b\u0435\u043d\u0430 \u0438 \u0432\u044b\u043f\u043e\u043b\u043d\u044f\u044e\u0442 \u0432\u0441\u0435 \u043a\u0430\u0447\u0435\u0441\u0442\u0432\u0435\u043d\u043d\u044b\u0435 \u043d\u043e\u0440\u043c\u044b \u0434\u043b\u044f \u0442\u043e\u0432\u0430\u0440\u043e\u0432, \u043f\u0440\u0435\u0434\u043d\u0430\u0437\u043d\u0430\u0447\u0435\u043d\u043d\u044b\u0445 \u0434\u043b\u044f \u043a\u043e\u043d\u0442\u0430\u043a\u0442\u0430 \u0441 \u043f\u0438\u0449\u0435\u0432\u044b\u043c\u0438 \u043f\u0440\u043e\u0434\u0443\u043a\u0442\u0430\u043c\u0438. \u041f\u0440\u0438\u0433\u043b\u0430\u0448\u0430\u0435\u043c \u0441\u043e\u0442\u0440\u0443\u0434\u043d\u0438\u0447\u0430\u0442\u044c! \u0417\u0430\u0447\u0435\u043c \u0442\u0440\u0443\u0431\u043e\u0447\u043a\u0438 \u043e\u0442 &#8220;GoDan&#8221;? [&hellip;]<\/p>\n","protected":false},"author":1,"featured_media":0,"parent":7680,"menu_order":0,"comment_status":"closed","ping_status":"closed","template":"template-formularz_sidebar.php","meta":{"_acf_changed":false,"footnotes":""},"class_list":["post-7790","page","type-page","status-publish","hentry"],"acf":[],"yoast_head":"<!-- This site is optimized with the Yoast SEO plugin v20.11 - https:\/\/yoast.com\/wordpress\/plugins\/seo\/ -->\n<title>S\u0142omki, rurki do napoj\u00f3w, producent rurek i s\u0142omek, sprzeda\u017c hurtowa detal: GoDan SA<\/title>\n<meta name=\"description\" content=\"Jeste\u015bmy producentem s\u0142omek, oferujemy rurki proste i sk\u0142adane (kolankowe). Bogata oferta wzor\u00f3w i kolor\u00f3w. Sprzeda\u017c hurtowa i detaliczna. Zapraszamy!\" \/>\n<meta name=\"robots\" content=\"index, follow, max-snippet:-1, max-image-preview:large, max-video-preview:-1\" \/>\n<link rel=\"canonical\" href=\"https:\/\/www.godan.pl\/ru\/\u043f\u0440\u0435\u0434\u043b\u043e\u0436\u0435\u043d\u0438\u0435\/\u043f\u0440\u043e\u0438\u0437\u0432\u043e\u0434\u0441\u0442\u0432\u043e-\u0442\u0440\u0443\u0431\u043e\u0447\u0435\u043a\" \/>\n<meta property=\"og:locale\" content=\"ru_RU\" \/>\n<meta property=\"og:type\" content=\"article\" \/>\n<meta property=\"og:title\" content=\"S\u0142omki, rurki do napoj\u00f3w, producent rurek i s\u0142omek, sprzeda\u017c hurtowa detal: GoDan SA\" \/>\n<meta property=\"og:description\" content=\"Jeste\u015bmy producentem s\u0142omek, oferujemy rurki proste i sk\u0142adane (kolankowe). Bogata oferta wzor\u00f3w i kolor\u00f3w. Sprzeda\u017c hurtowa i detaliczna. Zapraszamy!\" \/>\n<meta property=\"og:url\" content=\"https:\/\/www.godan.pl\/ru\/\u043f\u0440\u0435\u0434\u043b\u043e\u0436\u0435\u043d\u0438\u0435\/\u043f\u0440\u043e\u0438\u0437\u0432\u043e\u0434\u0441\u0442\u0432\u043e-\u0442\u0440\u0443\u0431\u043e\u0447\u0435\u043a\" \/>\n<meta property=\"og:site_name\" content=\"Godan\" \/>\n<meta property=\"article:modified_time\" content=\"2017-07-21T17:45:31+00:00\" \/>\n<meta property=\"og:image\" content=\"https:\/\/www.godan.pl\/wp-content\/uploads\/2017\/06\/slomki_rurki_producent.jpg\" \/>\n<meta name=\"twitter:card\" content=\"summary_large_image\" \/>\n<script type=\"application\/ld+json\" class=\"yoast-schema-graph\">{\"@context\":\"https:\/\/schema.org\",\"@graph\":[{\"@type\":\"WebPage\",\"@id\":\"https:\/\/www.godan.pl\/ru\/%d0%bf%d1%80%d0%b5%d0%b4%d0%bb%d0%be%d0%b6%d0%b5%d0%bd%d0%b8%d0%b5\/%d0%bf%d1%80%d0%be%d0%b8%d0%b7%d0%b2%d0%be%d0%b4%d1%81%d1%82%d0%b2%d0%be-%d1%82%d1%80%d1%83%d0%b1%d0%be%d1%87%d0%b5%d0%ba\",\"url\":\"https:\/\/www.godan.pl\/ru\/%d0%bf%d1%80%d0%b5%d0%b4%d0%bb%d0%be%d0%b6%d0%b5%d0%bd%d0%b8%d0%b5\/%d0%bf%d1%80%d0%be%d0%b8%d0%b7%d0%b2%d0%be%d0%b4%d1%81%d1%82%d0%b2%d0%be-%d1%82%d1%80%d1%83%d0%b1%d0%be%d1%87%d0%b5%d0%ba\",\"name\":\"S\u0142omki, rurki do napoj\u00f3w, producent rurek i s\u0142omek, sprzeda\u017c hurtowa detal: GoDan SA\",\"isPartOf\":{\"@id\":\"https:\/\/www.godan.pl\/fr\/#website\"},\"datePublished\":\"2017-06-02T13:07:48+00:00\",\"dateModified\":\"2017-07-21T17:45:31+00:00\",\"description\":\"Jeste\u015bmy producentem s\u0142omek, oferujemy rurki proste i sk\u0142adane (kolankowe). Bogata oferta wzor\u00f3w i kolor\u00f3w. Sprzeda\u017c hurtowa i detaliczna. Zapraszamy!\",\"breadcrumb\":{\"@id\":\"https:\/\/www.godan.pl\/ru\/%d0%bf%d1%80%d0%b5%d0%b4%d0%bb%d0%be%d0%b6%d0%b5%d0%bd%d0%b8%d0%b5\/%d0%bf%d1%80%d0%be%d0%b8%d0%b7%d0%b2%d0%be%d0%b4%d1%81%d1%82%d0%b2%d0%be-%d1%82%d1%80%d1%83%d0%b1%d0%be%d1%87%d0%b5%d0%ba#breadcrumb\"},\"inLanguage\":\"ru-RU\",\"potentialAction\":[{\"@type\":\"ReadAction\",\"target\":[\"https:\/\/www.godan.pl\/ru\/%d0%bf%d1%80%d0%b5%d0%b4%d0%bb%d0%be%d0%b6%d0%b5%d0%bd%d0%b8%d0%b5\/%d0%bf%d1%80%d0%be%d0%b8%d0%b7%d0%b2%d0%be%d0%b4%d1%81%d1%82%d0%b2%d0%be-%d1%82%d1%80%d1%83%d0%b1%d0%be%d1%87%d0%b5%d0%ba\"]}]},{\"@type\":\"BreadcrumbList\",\"@id\":\"https:\/\/www.godan.pl\/ru\/%d0%bf%d1%80%d0%b5%d0%b4%d0%bb%d0%be%d0%b6%d0%b5%d0%bd%d0%b8%d0%b5\/%d0%bf%d1%80%d0%be%d0%b8%d0%b7%d0%b2%d0%be%d0%b4%d1%81%d1%82%d0%b2%d0%be-%d1%82%d1%80%d1%83%d0%b1%d0%be%d1%87%d0%b5%d0%ba#breadcrumb\",\"itemListElement\":[{\"@type\":\"ListItem\",\"position\":1,\"name\":\"Strona g\u0142\u00f3wna\",\"item\":\"https:\/\/www.godan.pl\/ru\"},{\"@type\":\"ListItem\",\"position\":2,\"name\":\"\u041f\u0440\u0435\u0434\u043b\u043e\u0436\u0435\u043d\u0438\u0435\",\"item\":\"https:\/\/www.godan.pl\/ru\/%d0%bf%d1%80%d0%b5%d0%b4%d0%bb%d0%be%d0%b6%d0%b5%d0%bd%d0%b8%d0%b5\"},{\"@type\":\"ListItem\",\"position\":3,\"name\":\"\u041f\u0440\u043e\u0438\u0437\u0432\u043e\u0434\u0441\u0442\u0432\u043e \u0442\u0440\u0443\u0431\u043e\u0447\u0435\u043a\"}]},{\"@type\":\"WebSite\",\"@id\":\"https:\/\/www.godan.pl\/fr\/#website\",\"url\":\"https:\/\/www.godan.pl\/fr\/\",\"name\":\"Godan\",\"description\":\"Oferujemy szerok\u0105 ofert\u0119 balon\u00f3w, dekoracji sali, stroj\u00f3w karnawa\u0142owych, artyku\u0142y \u015blubnych i weselnych\",\"publisher\":{\"@id\":\"https:\/\/www.godan.pl\/fr\/#organization\"},\"potentialAction\":[{\"@type\":\"SearchAction\",\"target\":{\"@type\":\"EntryPoint\",\"urlTemplate\":\"https:\/\/www.godan.pl\/fr\/?s={search_term_string}\"},\"query-input\":\"required name=search_term_string\"}],\"inLanguage\":\"ru-RU\"},{\"@type\":\"Organization\",\"@id\":\"https:\/\/www.godan.pl\/fr\/#organization\",\"name\":\"GoDan S.A.\",\"url\":\"https:\/\/www.godan.pl\/fr\/\",\"logo\":{\"@type\":\"ImageObject\",\"inLanguage\":\"ru-RU\",\"@id\":\"https:\/\/www.godan.pl\/fr\/#\/schema\/logo\/image\/\",\"url\":\"https:\/\/www.godan.pl\/wp-content\/uploads\/2017\/08\/logo-godan-male-1.png\",\"contentUrl\":\"https:\/\/www.godan.pl\/wp-content\/uploads\/2017\/08\/logo-godan-male-1.png\",\"width\":185,\"height\":97,\"caption\":\"GoDan S.A.\"},\"image\":{\"@id\":\"https:\/\/www.godan.pl\/fr\/#\/schema\/logo\/image\/\"}}]}<\/script>\n<!-- \/ Yoast SEO plugin. -->","yoast_head_json":{"title":"S\u0142omki, rurki do napoj\u00f3w, producent rurek i s\u0142omek, sprzeda\u017c hurtowa detal: GoDan SA","description":"Jeste\u015bmy producentem s\u0142omek, oferujemy rurki proste i sk\u0142adane (kolankowe). Bogata oferta wzor\u00f3w i kolor\u00f3w. Sprzeda\u017c hurtowa i detaliczna. Zapraszamy!","robots":{"index":"index","follow":"follow","max-snippet":"max-snippet:-1","max-image-preview":"max-image-preview:large","max-video-preview":"max-video-preview:-1"},"canonical":"https:\/\/www.godan.pl\/ru\/\u043f\u0440\u0435\u0434\u043b\u043e\u0436\u0435\u043d\u0438\u0435\/\u043f\u0440\u043e\u0438\u0437\u0432\u043e\u0434\u0441\u0442\u0432\u043e-\u0442\u0440\u0443\u0431\u043e\u0447\u0435\u043a","og_locale":"ru_RU","og_type":"article","og_title":"S\u0142omki, rurki do napoj\u00f3w, producent rurek i s\u0142omek, sprzeda\u017c hurtowa detal: GoDan SA","og_description":"Jeste\u015bmy producentem s\u0142omek, oferujemy rurki proste i sk\u0142adane (kolankowe). Bogata oferta wzor\u00f3w i kolor\u00f3w. Sprzeda\u017c hurtowa i detaliczna. Zapraszamy!","og_url":"https:\/\/www.godan.pl\/ru\/\u043f\u0440\u0435\u0434\u043b\u043e\u0436\u0435\u043d\u0438\u0435\/\u043f\u0440\u043e\u0438\u0437\u0432\u043e\u0434\u0441\u0442\u0432\u043e-\u0442\u0440\u0443\u0431\u043e\u0447\u0435\u043a","og_site_name":"Godan","article_modified_time":"2017-07-21T17:45:31+00:00","og_image":[{"url":"https:\/\/www.godan.pl\/wp-content\/uploads\/2017\/06\/slomki_rurki_producent.jpg"}],"twitter_card":"summary_large_image","schema":{"@context":"https:\/\/schema.org","@graph":[{"@type":"WebPage","@id":"https:\/\/www.godan.pl\/ru\/%d0%bf%d1%80%d0%b5%d0%b4%d0%bb%d0%be%d0%b6%d0%b5%d0%bd%d0%b8%d0%b5\/%d0%bf%d1%80%d0%be%d0%b8%d0%b7%d0%b2%d0%be%d0%b4%d1%81%d1%82%d0%b2%d0%be-%d1%82%d1%80%d1%83%d0%b1%d0%be%d1%87%d0%b5%d0%ba","url":"https:\/\/www.godan.pl\/ru\/%d0%bf%d1%80%d0%b5%d0%b4%d0%bb%d0%be%d0%b6%d0%b5%d0%bd%d0%b8%d0%b5\/%d0%bf%d1%80%d0%be%d0%b8%d0%b7%d0%b2%d0%be%d0%b4%d1%81%d1%82%d0%b2%d0%be-%d1%82%d1%80%d1%83%d0%b1%d0%be%d1%87%d0%b5%d0%ba","name":"S\u0142omki, rurki do napoj\u00f3w, producent rurek i s\u0142omek, sprzeda\u017c hurtowa detal: GoDan SA","isPartOf":{"@id":"https:\/\/www.godan.pl\/fr\/#website"},"datePublished":"2017-06-02T13:07:48+00:00","dateModified":"2017-07-21T17:45:31+00:00","description":"Jeste\u015bmy producentem s\u0142omek, oferujemy rurki proste i sk\u0142adane (kolankowe). Bogata oferta wzor\u00f3w i kolor\u00f3w. Sprzeda\u017c hurtowa i detaliczna. Zapraszamy!","breadcrumb":{"@id":"https:\/\/www.godan.pl\/ru\/%d0%bf%d1%80%d0%b5%d0%b4%d0%bb%d0%be%d0%b6%d0%b5%d0%bd%d0%b8%d0%b5\/%d0%bf%d1%80%d0%be%d0%b8%d0%b7%d0%b2%d0%be%d0%b4%d1%81%d1%82%d0%b2%d0%be-%d1%82%d1%80%d1%83%d0%b1%d0%be%d1%87%d0%b5%d0%ba#breadcrumb"},"inLanguage":"ru-RU","potentialAction":[{"@type":"ReadAction","target":["https:\/\/www.godan.pl\/ru\/%d0%bf%d1%80%d0%b5%d0%b4%d0%bb%d0%be%d0%b6%d0%b5%d0%bd%d0%b8%d0%b5\/%d0%bf%d1%80%d0%be%d0%b8%d0%b7%d0%b2%d0%be%d0%b4%d1%81%d1%82%d0%b2%d0%be-%d1%82%d1%80%d1%83%d0%b1%d0%be%d1%87%d0%b5%d0%ba"]}]},{"@type":"BreadcrumbList","@id":"https:\/\/www.godan.pl\/ru\/%d0%bf%d1%80%d0%b5%d0%b4%d0%bb%d0%be%d0%b6%d0%b5%d0%bd%d0%b8%d0%b5\/%d0%bf%d1%80%d0%be%d0%b8%d0%b7%d0%b2%d0%be%d0%b4%d1%81%d1%82%d0%b2%d0%be-%d1%82%d1%80%d1%83%d0%b1%d0%be%d1%87%d0%b5%d0%ba#breadcrumb","itemListElement":[{"@type":"ListItem","position":1,"name":"Strona g\u0142\u00f3wna","item":"https:\/\/www.godan.pl\/ru"},{"@type":"ListItem","position":2,"name":"\u041f\u0440\u0435\u0434\u043b\u043e\u0436\u0435\u043d\u0438\u0435","item":"https:\/\/www.godan.pl\/ru\/%d0%bf%d1%80%d0%b5%d0%b4%d0%bb%d0%be%d0%b6%d0%b5%d0%bd%d0%b8%d0%b5"},{"@type":"ListItem","position":3,"name":"\u041f\u0440\u043e\u0438\u0437\u0432\u043e\u0434\u0441\u0442\u0432\u043e \u0442\u0440\u0443\u0431\u043e\u0447\u0435\u043a"}]},{"@type":"WebSite","@id":"https:\/\/www.godan.pl\/fr\/#website","url":"https:\/\/www.godan.pl\/fr\/","name":"Godan","description":"Oferujemy szerok\u0105 ofert\u0119 balon\u00f3w, dekoracji sali, stroj\u00f3w karnawa\u0142owych, artyku\u0142y \u015blubnych i weselnych","publisher":{"@id":"https:\/\/www.godan.pl\/fr\/#organization"},"potentialAction":[{"@type":"SearchAction","target":{"@type":"EntryPoint","urlTemplate":"https:\/\/www.godan.pl\/fr\/?s={search_term_string}"},"query-input":"required name=search_term_string"}],"inLanguage":"ru-RU"},{"@type":"Organization","@id":"https:\/\/www.godan.pl\/fr\/#organization","name":"GoDan S.A.","url":"https:\/\/www.godan.pl\/fr\/","logo":{"@type":"ImageObject","inLanguage":"ru-RU","@id":"https:\/\/www.godan.pl\/fr\/#\/schema\/logo\/image\/","url":"https:\/\/www.godan.pl\/wp-content\/uploads\/2017\/08\/logo-godan-male-1.png","contentUrl":"https:\/\/www.godan.pl\/wp-content\/uploads\/2017\/08\/logo-godan-male-1.png","width":185,"height":97,"caption":"GoDan S.A."},"image":{"@id":"https:\/\/www.godan.pl\/fr\/#\/schema\/logo\/image\/"}}]}},"_links":{"self":[{"href":"https:\/\/www.godan.pl\/ru\/wp-json\/wp\/v2\/pages\/7790"}],"collection":[{"href":"https:\/\/www.godan.pl\/ru\/wp-json\/wp\/v2\/pages"}],"about":[{"href":"https:\/\/www.godan.pl\/ru\/wp-json\/wp\/v2\/types\/page"}],"author":[{"embeddable":true,"href":"https:\/\/www.godan.pl\/ru\/wp-json\/wp\/v2\/users\/1"}],"replies":[{"embeddable":true,"href":"https:\/\/www.godan.pl\/ru\/wp-json\/wp\/v2\/comments?post=7790"}],"version-history":[{"count":8,"href":"https:\/\/www.godan.pl\/ru\/wp-json\/wp\/v2\/pages\/7790\/revisions"}],"predecessor-version":[{"id":10152,"href":"https:\/\/www.godan.pl\/ru\/wp-json\/wp\/v2\/pages\/7790\/revisions\/10152"}],"up":[{"embeddable":true,"href":"https:\/\/www.godan.pl\/ru\/wp-json\/wp\/v2\/pages\/7680"}],"wp:attachment":[{"href":"https:\/\/www.godan.pl\/ru\/wp-json\/wp\/v2\/media?parent=7790"}],"curies":[{"name":"wp","href":"https:\/\/api.w.org\/{rel}","templated":true}]}}