{"id":7690,"date":"2017-05-28T20:00:32","date_gmt":"2017-05-28T20:00:32","guid":{"rendered":"https:\/\/www.godan.pl\/o-firmie\/dlaczego-my\/"},"modified":"2017-06-28T09:13:27","modified_gmt":"2017-06-28T09:13:27","slug":"%d0%bf%d0%be%d1%87%d0%b5%d0%bc%d1%83-%d0%bc%d1%8b","status":"publish","type":"page","link":"https:\/\/www.godan.pl\/ru\/o-%d1%84%d0%b8%d1%80%d0%bc%d0%b5\/%d0%bf%d0%be%d1%87%d0%b5%d0%bc%d1%83-%d0%bc%d1%8b","title":{"rendered":"\u041f\u043e\u0447\u0435\u043c\u0443 \u043c\u044b?"},"content":{"rendered":"<p>\u0412 &#8220;GoDan&#8221; \u043c\u044b \u0443\u0431\u0435\u0436\u0434\u0435\u043d\u044b, \u0447\u0442\u043e \u043a\u043b\u044e\u0447\u043e\u043c \u043a \u0434\u043b\u0438\u0442\u0435\u043b\u044c\u043d\u043e\u043c\u0443 \u0438 \u043f\u043b\u043e\u0434\u043e\u0442\u0432\u043e\u0440\u043d\u043e\u043c\u0443 \u0441\u043e\u0442\u0440\u0443\u0434\u043d\u0438\u0447\u0435\u0441\u0442\u0432\u0443 \u044f\u0432\u043b\u044f\u044e\u0442\u0441\u044f \u0446\u0435\u043d\u043d\u043e\u0441\u0442\u0438 \u0438 \u043f\u0440\u0438\u043d\u0446\u0438\u043f\u044b, \u0432 \u043a\u043e\u0442\u043e\u0440\u044b\u0435 \u043c\u044b \u0432\u0435\u0440\u0438\u043c:<br \/>\n<img loading=\"lazy\" decoding=\"async\" width=\"1024\" height=\"172\" class=\"aligncenter size-large wp-image-7094\" src=\"https:\/\/www.godan.pl\/wp-content\/uploads\/2017\/05\/dlaczegomy-1024x172.jpg\" alt=\"GoDan - Balony - Dlaczego My?\" srcset=\"https:\/\/www.godan.pl\/wp-content\/uploads\/2017\/05\/dlaczegomy-1024x172.jpg 1024w, https:\/\/www.godan.pl\/wp-content\/uploads\/2017\/05\/dlaczegomy-300x50.jpg 300w, https:\/\/www.godan.pl\/wp-content\/uploads\/2017\/05\/dlaczegomy-768x129.jpg 768w, https:\/\/www.godan.pl\/wp-content\/uploads\/2017\/05\/dlaczegomy-200x34.jpg 200w, https:\/\/www.godan.pl\/wp-content\/uploads\/2017\/05\/dlaczegomy.jpg 1516w\" sizes=\"(max-width: 1024px) 100vw, 1024px\" \/><\/p>\n<p><strong>\u041a\u0430\u0447\u0435\u0441\u0442\u0432\u043e \u0438 \u0446\u0435\u043d\u0430<\/strong> &#8211; \u0434\u0438\u0441\u0442\u0440\u0438\u0431\u0443\u0446\u0438\u044f \u0431\u043e\u043b\u0435\u0435 11 000 \u0442\u043e\u0432\u0430\u0440 \u044f\u0432\u043b\u044f\u0435\u0442\u0441\u044f \u0434\u043e\u0441\u0442\u0430\u0442\u043e\u0447\u043d\u043e \u0431\u043e\u043b\u044c\u0448\u0438\u043c \u0432\u044b\u0437\u043e\u0432\u043e\u043c, \u043f\u043e\u044d\u0442\u043e\u043c\u0443 \u043c\u044b \u0432 \u043f\u0435\u0440\u0432\u0443\u044e \u043e\u0447\u0435\u0440\u0435\u0434\u044c \u0437\u0430\u0438\u043d\u0442\u0435\u0440\u0435\u0441\u043e\u0432\u0430\u043d\u044b \u0432 \u0432\u044b\u0441\u043e\u043a\u043e\u043c \u043a\u0430\u0447\u0435\u0441\u0442\u0432\u0435 \u043f\u0440\u0435\u0434\u043b\u0430\u0433\u0430\u0435\u043c\u044b\u0445 \u043d\u0430\u043c\u0438 \u0442\u043e\u0432\u0430\u0440\u043e\u0432. \u041d\u0435\u0441\u043c\u043e\u0442\u0440\u044f \u043d\u0430 \u0442\u043e, \u0441\u0430\u043c\u0438 \u043b\u0438 \u043c\u044b \u043f\u0440\u043e\u0438\u0437\u0432\u043e\u0434\u0438\u043c \u0442\u043e\u0432\u0430\u0440 (\u043d\u0430\u043f\u0440. \u043a\u043e\u0441\u0442\u044e\u043c\u044b \u0438\u043b\u0438 \u0442\u0440\u0443\u0431\u043e\u0447\u043a\u0438) \u0438\u043b\u0438 \u0436\u0435 \u043f\u043e\u043a\u0443\u043f\u0430\u0435\u043c \u0442\u043e\u0432\u0430\u0440 \u0443 \u043f\u043e\u0441\u0442\u0430\u0432\u0449\u0438\u043a\u043e\u0432 \u0438\u0437 \u041f\u043e\u043b\u044c\u0448\u0438, \u0415\u0432\u0440\u043e\u043f\u0435\u0439\u0441\u043a\u043e\u0433\u043e \u0441\u043e\u044e\u0437\u0430, \u0410\u043c\u0435\u0440\u0438\u043a\u0438 \u0438\u043b\u0438 \u0410\u0437\u0438\u0438, \u043e\u0447\u0435\u043d\u044c \u0431\u043e\u043b\u044c\u0448\u043e\u0435 \u0432\u043d\u0438\u043c\u0430\u043d\u0438\u0435 \u043c\u044b \u0443\u0434\u0435\u043b\u044f\u0435\u043c \u043a\u043e\u043d\u0442\u0440\u043e\u043b\u044e \u0441\u0442\u0430\u043d\u0434\u0430\u0440\u0442\u043e\u0432 \u043a\u0430\u0447\u0435\u0441\u0442\u0432\u0430. \u0414\u043e\u0441\u0442\u0443\u043f\u043d\u0430\u044f \u0446\u0435\u043d\u0430 \u044f\u0432\u043b\u044f\u0435\u0442\u0441\u044f \u0442\u0430\u043a\u0436\u0435 \u043d\u0430\u0448\u0435\u0439 \u043e\u0442\u043b\u0438\u0447\u0438\u0442\u0435\u043b\u044c\u043d\u043e\u0439 \u0447\u0435\u0440\u0442\u043e\u0439.<\/p>\n<p><strong>\u0421\u043e\u0431\u0441\u0442\u0432\u0435\u043d\u043d\u043e\u0435 \u043f\u0440\u043e\u0438\u0437\u0432\u043e\u0434\u0441\u0442\u0432\u043e<\/strong> &#8211; \u0436\u0435\u043b\u0430\u044f \u0435\u0449\u0435 \u0431\u043e\u043b\u044c\u0448\u0435\u0439 \u0430\u0434\u0430\u043f\u0442\u0438\u0440\u043e\u0432\u0430\u0442\u044c \u0442\u043e\u0432\u0430\u0440\u044b \u0434\u043b\u044f \u043f\u043e\u043b\u044c\u0441\u043a\u043e\u0433\u043e \u043f\u043e\u043b\u0443\u0447\u0430\u0442\u0435\u043b\u044f, \u0430 \u0442\u0430\u043a\u0436\u0435 \u043e\u0431\u0435\u0441\u043f\u0435\u0447\u0438\u0442\u044c \u0431\u044b\u0441\u0442\u0440\u0443\u044e \u0440\u0435\u0430\u043b\u0438\u0437\u0430\u0446\u0438\u044e \u0437\u0430\u043a\u0430\u0437\u043e\u0432, \u043c\u044b \u0438\u043c\u0435\u0435\u043c \u0441\u043e\u0431\u0441\u0442\u0432\u0435\u043d\u043d\u0443\u044e \u043f\u0440\u043e\u0438\u0437\u0432\u043e\u0434\u0441\u0442\u0432\u0435\u043d\u043d\u0443\u044e \u043b\u0438\u043d\u0438\u044e \u0447\u0430\u0441\u0442\u0438 \u0442\u043e\u0432\u0430\u0440\u043e\u0432 (\u043d\u0430\u043f\u0440. \u0442\u0440\u0443\u0431\u043e\u0447\u0435\u043a, \u043a\u043e\u0441\u0442\u044e\u043c\u043e\u0432 \u0438 \u043a\u0430\u0440\u043d\u0430\u0432\u0430\u043b\u044c\u043d\u044b\u0445 \u0448\u0430\u043f\u043e\u0447\u0435\u043a \u0434\u043b\u044f \u0434\u0435\u0442\u0435\u0439 \u0438 \u0432\u0437\u0440\u043e\u0441\u043b\u044b\u0445).<\/p>\n<p><strong>\u041f\u0430\u0440\u0442\u043d\u0435\u0440\u0441\u0442\u0432\u043e \u0432 \u0431\u0438\u0437\u043d\u0435\u0441\u0435<\/strong> &#8211; \u043d\u0430\u0448 \u043a\u043e\u043b\u043b\u0435\u043a\u0442\u0438\u0432 \u0432\u0441\u0435\u0433\u0434\u0430 \u0441\u0442\u0430\u0440\u0430\u0435\u0442\u0441\u044f \u043f\u043e\u043d\u044f\u0442\u044c \u043f\u043e\u0442\u0440\u0435\u0431\u043d\u043e\u0441\u0442\u0438 \u0438 \u043e\u0436\u0438\u0434\u0430\u043d\u0438\u044f \u043a\u043b\u0438\u0435\u043d\u0442\u043e\u0432. \u041c\u044b \u0445\u043e\u0442\u0438\u043c \u0443\u043a\u0440\u0435\u043f\u043b\u044f\u0442\u044c \u043d\u0430\u0448\u0443 \u043f\u043e\u0437\u0438\u0446\u0438\u044e \u0444\u0438\u0440\u043c\u044b \u043f\u0435\u0440\u0432\u043e\u0433\u043e \u0432\u044b\u0431\u043e\u0440\u0430 \u0441\u0440\u0435\u0434\u0438 \u0442\u043e\u0432\u0430\u0440\u043e\u0432 \u0438 \u0430\u043a\u0441\u0435\u0441\u0441\u0443\u0430\u0440\u043e\u0432 \u0434\u043b\u044f \u0432\u0435\u0447\u0435\u0440\u0438\u043d\u043e\u043a, \u043f\u043e\u044d\u0442\u043e\u043c\u0443 \u043f\u0440\u0435\u0434\u043f\u043e\u0447\u0438\u0442\u0430\u0435\u043c \u0434\u043e\u043b\u0433\u043e\u0432\u0440\u0435\u043c\u0435\u043d\u043d\u044b\u0435 \u043e\u0442\u043d\u043e\u0448\u0435\u043d\u0438\u044f \u0438 \u043f\u043b\u043e\u0434\u043e\u0442\u0432\u043e\u0440\u043d\u043e\u0435 \u0441\u043e\u0442\u0440\u0443\u0434\u043d\u0438\u0447\u0435\u0441\u0442\u0432\u043e, \u0430 \u043d\u0435 \u0440\u0435\u0430\u043b\u0438\u0437\u0430\u0446\u0438\u044e \u043a\u043e\u0440\u043e\u0442\u043a\u043e\u0441\u0440\u043e\u0447\u043d\u044b\u0445 \u0446\u0435\u043b\u0435\u0439 \u043f\u043e \u043f\u0440\u043e\u0434\u0430\u0436\u0430\u043c.<\/p>\n<p><strong>\u0421\u043e\u043e\u0442\u0432\u0435\u0442\u0441\u0442\u0432\u0438\u0435 \u0442\u0440\u0435\u043d\u0434\u0430\u043c<\/strong> &#8211; \u043c\u044b \u0430\u043d\u0430\u043b\u0438\u0437\u0438\u0440\u0443\u0435\u043c \u0432\u0441\u0435 \u043d\u043e\u0432\u043e\u0441\u0442\u0438, \u043c\u043e\u0434\u0443 \u0438 \u0442\u0440\u0435\u043d\u0434\u044b \u043d\u0430 \u0435\u0432\u0440\u043e\u043f\u0435\u0439\u0441\u043a\u043e\u043c \u0438 \u043c\u0438\u0440\u043e\u0432\u043e\u043c \u0440\u044b\u043d\u043a\u0435. \u041c\u044b \u0443\u0447\u0430\u0441\u0442\u0432\u0443\u0435\u043c \u0432\u043e \u043c\u043d\u043e\u0433\u0438\u0445 \u044f\u0440\u043c\u0430\u0440\u043a\u0430\u0445 \u0438 \u0432\u044b\u0441\u0442\u0430\u0432\u043a\u0430\u0445. \u041c\u044b \u0441\u0442\u0430\u0440\u0430\u0435\u043c\u0441\u044f \u0431\u044b\u0441\u0442\u0440\u043e \u0440\u0435\u0430\u0433\u0438\u0440\u043e\u0432\u0430\u0442\u044c \u043d\u0430 \u043f\u0435\u0440\u0435\u043c\u0435\u043d\u0447\u0438\u0432\u044b\u0435 \u043e\u0436\u0438\u0434\u0430\u043d\u0438\u044f \u0446\u0435\u043b\u0435\u0432\u044b\u0445 \u043a\u043b\u0438\u0435\u043d\u0442\u043e\u0432, \u0447\u0442\u043e\u0431\u044b \u0432 \u043a\u0430\u043a \u043c\u043e\u0436\u043d\u043e \u043b\u0443\u0447\u0448\u0435 \u043e\u043f\u0442\u0438\u043c\u0430\u043b\u0438\u0437\u0438\u0440\u043e\u0432\u0430\u0442\u044c \u0434\u0438\u0441\u0442\u0440\u0438\u0431\u0443\u0446\u0438\u044e \u0442\u043e\u0432\u0430\u0440\u043e\u0432, \u043a\u043e\u0442\u043e\u0440\u044b\u0435 \u043e\u043d\u0438 \u0438\u0449\u0443\u0442.<\/p>\n<p><strong>\u041e\u043f\u044b\u0442<\/strong> &#8211; \u0432\u0435\u0434\u0435\u043d\u0438\u0435 \u0431\u0438\u0437\u043d\u0435\u0441\u0430 \u0431\u043e\u043b\u0435\u0435 \u0447\u0435\u0442\u0432\u0435\u0440\u0442\u0438 \u0432\u0435\u043a\u0430 \u043e\u0431\u044f\u0437\u044b\u0432\u0430\u0435\u0442. \u0420\u044b\u043d\u043e\u043a \u043e\u0447\u0435\u043d\u044c \u0434\u0438\u043d\u0430\u043c\u0438\u0447\u0435\u0441\u043a\u0438 \u0438\u0437\u043c\u0435\u043d\u044f\u0435\u0442\u0441\u044f \u0438 \u0441\u0442\u0430\u043d\u043e\u0432\u0438\u0442\u0441\u044f \u0432\u0441\u0435 \u0431\u043e\u043b\u0435\u0435 \u043a\u043e\u043d\u043a\u0443\u0440\u0435\u043d\u0442\u043d\u044b\u043c, \u043f\u043e\u044d\u0442\u043e\u043c\u0443 \u043d\u0435\u043e\u0431\u0445\u043e\u0434\u0438\u043c\u043e \u043d\u0435\u043f\u0440\u0435\u0440\u044b\u0432\u043d\u043e\u0435 \u0440\u0430\u0437\u0432\u0438\u0442\u0438\u0435. \u041c\u044b \u0441\u0442\u0440\u043e\u0438\u043c \u043d\u043e\u0432\u044b\u0435 \u043a\u0430\u043d\u0430\u043b\u044b \u043f\u0440\u043e\u0434\u0430\u0436\u0438, \u0440\u0430\u0441\u0448\u0438\u0440\u044f\u0435\u043c \u043d\u0430\u0448\u0435 \u043f\u0440\u0435\u0434\u043b\u043e\u0436\u0435\u043d\u0438\u0435, \u0443\u043b\u0443\u0447\u0448\u0430\u0435\u043c \u043a\u0430\u0447\u0435\u0441\u0442\u0432\u043e, \u0438\u043d\u0432\u0435\u0441\u0442\u0438\u0440\u0443\u0435\u043c \u0432 \u043b\u044e\u0434\u0435\u0439 \u0438 \u043e\u043f\u0442\u0438\u043c\u0430\u043b\u0438\u0437\u0438\u0440\u0443\u0435\u043c \u043f\u0440\u043e\u0446\u0435\u0441\u0441\u044b. \u041c\u044b \u0438\u0441\u043f\u043e\u043b\u044c\u0437\u0443\u0435\u043c \u043f\u043e\u043b\u0443\u0447\u0435\u043d\u043d\u044b\u0435 \u0437\u043d\u0430\u043d\u0438\u044f, \u0447\u0442\u043e\u0431\u044b \u0432 \u0435\u0449\u0435 \u0431\u043e\u043b\u044c\u0448\u0435\u0439 \u0441\u0442\u0435\u043f\u0435\u043d\u0438 \u0443\u0434\u043e\u0432\u043b\u0435\u0442\u0432\u043e\u0440\u0438\u0442\u044c \u0440\u0430\u0441\u0442\u0443\u0449\u0438\u0435 \u0442\u0440\u0435\u0431\u043e\u0432\u0430\u043d\u0438\u044f \u0440\u044b\u043d\u043a\u0430.<\/p>\n<p><strong>\u0410\u043a\u0442\u0438\u0432\u043d\u043e\u0441\u0442\u044c<\/strong> &#8211; \u0434\u043b\u044f \u043c\u043d\u043e\u0433\u0438\u0445 \u0441\u043e\u0442\u0440\u0443\u0434\u043d\u0438\u043a\u043e\u0432 &#8220;GoDan&#8221; &#8211; \u044d\u0442\u043e \u0431\u043e\u043b\u044c\u0448\u0435, \u0447\u0435\u043c \u0442\u043e\u043b\u044c\u043a\u043e \u043c\u0435\u0441\u0442\u043e \u0440\u0430\u0431\u043e\u0442\u044b. \u041c\u044b \u0446\u0435\u043d\u0438\u043c \u043f\u0440\u0435\u0434\u043f\u0440\u0438\u0438\u043c\u0447\u0438\u0432\u044b\u0445, \u043e\u0442\u043a\u0440\u044b\u0442\u044b\u0445 \u043b\u044e\u0434\u0435\u0439 \u0441 \u044d\u043d\u0442\u0443\u0437\u0438\u0430\u0437\u043c\u043e\u043c \u043f\u043e\u0434\u0445\u043e\u0434\u044f\u0449\u0438\u0445 \u043a \u0440\u0430\u0431\u043e\u0442\u0435. \u041c\u044b \u0441\u0442\u0440\u0435\u043c\u0438\u043c\u0441\u044f \u043a \u0442\u043e\u043c\u0443, \u0447\u0442\u043e\u0431\u044b \u0441\u043e\u0442\u0440\u0443\u0434\u043d\u0438\u043a\u0438 \u043f\u043e\u043b\u0443\u0447\u0430\u043b\u0438 \u0443\u0434\u043e\u0432\u043e\u043b\u044c\u0441\u0442\u0432\u0438\u0435 \u043e\u0442 \u0432\u044b\u043f\u043e\u043b\u043d\u044f\u0435\u043c\u043e\u0439 \u0440\u0430\u0431\u043e\u0442\u044b, \u0441\u043f\u043e\u0441\u043e\u0431\u0441\u0442\u0432\u0443\u044f, \u0442\u0430\u043a\u0438\u043c \u043e\u0431\u0440\u0430\u0437\u043e\u043c, \u0443\u0441\u043f\u0435\u0445\u0443 \u0444\u0438\u0440\u043c\u044b \u0438 \u0435\u0435 \u043a\u043b\u0438\u0435\u043d\u0442\u043e\u0432. \u041e\u0447\u0435\u043d\u044c \u0447\u0430\u0441\u0442\u043e \u043c\u044b \u0443\u0447\u0430\u0441\u0442\u0432\u0443\u0435\u043c \u0432 \u0442\u0430\u043a \u043d\u0430\u0437\u044b\u0432\u0430\u0435\u043c\u044b\u0445 \u0442\u0440\u0443\u0434\u043d\u044b\u0445, \u043f\u0440\u0438\u0441\u0442\u0430\u043b\u044c\u043d\u044b\u0445, \u043d\u0435\u0441\u0442\u0430\u043d\u0434\u0430\u0440\u0442\u043d\u044b\u0445 \u0437\u0430\u043a\u0430\u0437\u0430\u0445.<\/p>\n<p><strong>\u042e\u043c\u043e\u0440<\/strong> &#8211; \u0440\u0430\u0431\u043e\u0442\u0430\u044f \u0432 \u044d\u0442\u043e\u0439 \u043e\u0442\u0440\u0430\u0441\u043b\u0438 \u043d\u0435 \u0442\u0440\u0443\u0434\u043d\u043e \u0440\u0430\u0437\u0432\u0438\u0432\u0430\u0442\u044c \u043a\u043e\u043c\u043f\u0435\u0442\u0435\u043d\u0446\u0438\u044e &#8220;FUN&#8221; \ud83d\ude42 \u0411\u043e\u043b\u044c\u0448\u0435 \u0432\u0441\u0435\u0433\u043e \u0440\u0430\u0434\u043e\u0441\u0442\u0438 \u0438 \u0443\u0434\u043e\u0432\u043b\u0435\u0442\u0432\u043e\u0440\u0435\u043d\u0438\u044f \u043d\u0430 \u0441\u0430\u043c\u043e\u043c \u0434\u0435\u043b\u0435 \u043d\u0430\u043c \u043f\u0440\u0438\u043d\u043e\u0441\u044f\u0442 \u0443\u043b\u044b\u0431\u043a\u0438, \u043f\u0440\u0438\u0441\u0443\u0442\u0441\u0442\u0432\u0443\u044e\u0449\u0438\u0435 \u043d\u0430 \u043b\u0438\u0446\u0430\u0445 \u043b\u044e\u0434\u0435\u0439, \u043f\u043e\u043b\u044c\u0437\u0443\u044e\u0449\u0438\u0445\u0441\u044f \u043d\u0430\u0448\u0438\u043c\u0438 \u043f\u0440\u043e\u0434\u0443\u043a\u0442\u0430\u043c\u0438. \u041c\u044b \u0441\u0430\u043c\u0438 \u0438\u0445 \u0432\u0435\u0440\u043d\u044b\u0439 \u043f\u043e\u043b\u044c\u0437\u043e\u0432\u0430\u0442\u0435\u043b\u044c &#8211; \u043c\u044b \u0433\u0440\u043e\u043c\u043a\u043e \u043f\u0440\u0430\u0437\u0434\u043d\u0443\u0435\u043c \u0434\u0435\u043d\u044c \u0440\u043e\u0436\u0434\u0435\u043d\u0438\u044f, \u0433\u043e\u0434\u043e\u0432\u0449\u0438\u043d\u044b, \u0440\u043e\u0436\u0434\u0435\u043d\u0438\u044f \u0434\u0435\u0442\u0435\u0439 \u0441\u043e\u0442\u0440\u0443\u0434\u043d\u0438\u043a\u043e\u0432 \u0438\u043b\u0438 \u0431\u043e\u043b\u044c\u0448\u0438\u0435 \u0443\u0441\u043f\u0435\u0445\u0438 \u0444\u0438\u0440\u043c\u044b.<\/p>\n","protected":false},"excerpt":{"rendered":"<p>\u0412 &#8220;GoDan&#8221; \u043c\u044b \u0443\u0431\u0435\u0436\u0434\u0435\u043d\u044b, \u0447\u0442\u043e \u043a\u043b\u044e\u0447\u043e\u043c \u043a \u0434\u043b\u0438\u0442\u0435\u043b\u044c\u043d\u043e\u043c\u0443 \u0438 \u043f\u043b\u043e\u0434\u043e\u0442\u0432\u043e\u0440\u043d\u043e\u043c\u0443 \u0441\u043e\u0442\u0440\u0443\u0434\u043d\u0438\u0447\u0435\u0441\u0442\u0432\u0443 \u044f\u0432\u043b\u044f\u044e\u0442\u0441\u044f \u0446\u0435\u043d\u043d\u043e\u0441\u0442\u0438 \u0438 \u043f\u0440\u0438\u043d\u0446\u0438\u043f\u044b, \u0432 \u043a\u043e\u0442\u043e\u0440\u044b\u0435 \u043c\u044b \u0432\u0435\u0440\u0438\u043c: \u041a\u0430\u0447\u0435\u0441\u0442\u0432\u043e \u0438 \u0446\u0435\u043d\u0430 &#8211; \u0434\u0438\u0441\u0442\u0440\u0438\u0431\u0443\u0446\u0438\u044f \u0431\u043e\u043b\u0435\u0435 11 000 \u0442\u043e\u0432\u0430\u0440 \u044f\u0432\u043b\u044f\u0435\u0442\u0441\u044f \u0434\u043e\u0441\u0442\u0430\u0442\u043e\u0447\u043d\u043e \u0431\u043e\u043b\u044c\u0448\u0438\u043c \u0432\u044b\u0437\u043e\u0432\u043e\u043c, \u043f\u043e\u044d\u0442\u043e\u043c\u0443 \u043c\u044b \u0432 \u043f\u0435\u0440\u0432\u0443\u044e \u043e\u0447\u0435\u0440\u0435\u0434\u044c \u0437\u0430\u0438\u043d\u0442\u0435\u0440\u0435\u0441\u043e\u0432\u0430\u043d\u044b \u0432 \u0432\u044b\u0441\u043e\u043a\u043e\u043c \u043a\u0430\u0447\u0435\u0441\u0442\u0432\u0435 \u043f\u0440\u0435\u0434\u043b\u0430\u0433\u0430\u0435\u043c\u044b\u0445 \u043d\u0430\u043c\u0438 \u0442\u043e\u0432\u0430\u0440\u043e\u0432. \u041d\u0435\u0441\u043c\u043e\u0442\u0440\u044f \u043d\u0430 \u0442\u043e, \u0441\u0430\u043c\u0438 \u043b\u0438 \u043c\u044b \u043f\u0440\u043e\u0438\u0437\u0432\u043e\u0434\u0438\u043c \u0442\u043e\u0432\u0430\u0440 (\u043d\u0430\u043f\u0440. \u043a\u043e\u0441\u0442\u044e\u043c\u044b \u0438\u043b\u0438 [&hellip;]<\/p>\n","protected":false},"author":1,"featured_media":2868,"parent":7605,"menu_order":1,"comment_status":"closed","ping_status":"closed","template":"","meta":{"_acf_changed":false,"footnotes":""},"class_list":["post-7690","page","type-page","status-publish","has-post-thumbnail","hentry"],"acf":[],"yoast_head":"<!-- This site is optimized with the Yoast SEO plugin v20.11 - https:\/\/yoast.com\/wordpress\/plugins\/seo\/ -->\n<title>Jako\u015b\u0107, w\u0142asna produkcja, do\u015bwiadczenie \u2013 dlaczego warto z nami pracowa\u0107? GoDan SA<\/title>\n<meta name=\"description\" content=\"W GoDan wierzymy, \u017ce kluczem do owocnej wsp\u00f3\u0142pracy s\u0105 warto\u015bci i zaanga\u017cowanie ca\u0142ego zespo\u0142u.\" \/>\n<meta name=\"robots\" content=\"index, follow, max-snippet:-1, max-image-preview:large, max-video-preview:-1\" \/>\n<link rel=\"canonical\" href=\"https:\/\/www.godan.pl\/ru\/o-\u0444\u0438\u0440\u043c\u0435\/\u043f\u043e\u0447\u0435\u043c\u0443-\u043c\u044b\" \/>\n<meta property=\"og:locale\" content=\"ru_RU\" \/>\n<meta property=\"og:type\" content=\"article\" \/>\n<meta property=\"og:title\" content=\"Jako\u015b\u0107, w\u0142asna produkcja, do\u015bwiadczenie \u2013 dlaczego warto z nami pracowa\u0107? GoDan SA\" \/>\n<meta property=\"og:description\" content=\"W GoDan wierzymy, \u017ce kluczem do owocnej wsp\u00f3\u0142pracy s\u0105 warto\u015bci i zaanga\u017cowanie ca\u0142ego zespo\u0142u.\" \/>\n<meta property=\"og:url\" content=\"https:\/\/www.godan.pl\/ru\/o-\u0444\u0438\u0440\u043c\u0435\/\u043f\u043e\u0447\u0435\u043c\u0443-\u043c\u044b\" \/>\n<meta property=\"og:site_name\" content=\"Godan\" \/>\n<meta property=\"article:modified_time\" content=\"2017-06-28T09:13:27+00:00\" \/>\n<meta property=\"og:image\" content=\"https:\/\/www.godan.pl\/wp-content\/uploads\/2017\/05\/146062849593-kdek2.jpg\" \/>\n\t<meta property=\"og:image:width\" content=\"391\" \/>\n\t<meta property=\"og:image:height\" content=\"220\" \/>\n\t<meta property=\"og:image:type\" content=\"image\/jpeg\" \/>\n<meta name=\"twitter:card\" content=\"summary_large_image\" \/>\n<script type=\"application\/ld+json\" class=\"yoast-schema-graph\">{\"@context\":\"https:\/\/schema.org\",\"@graph\":[{\"@type\":\"WebPage\",\"@id\":\"https:\/\/www.godan.pl\/ru\/o-%d1%84%d0%b8%d1%80%d0%bc%d0%b5\/%d0%bf%d0%be%d1%87%d0%b5%d0%bc%d1%83-%d0%bc%d1%8b\",\"url\":\"https:\/\/www.godan.pl\/ru\/o-%d1%84%d0%b8%d1%80%d0%bc%d0%b5\/%d0%bf%d0%be%d1%87%d0%b5%d0%bc%d1%83-%d0%bc%d1%8b\",\"name\":\"Jako\u015b\u0107, w\u0142asna produkcja, do\u015bwiadczenie \u2013 dlaczego warto z nami pracowa\u0107? GoDan SA\",\"isPartOf\":{\"@id\":\"https:\/\/www.godan.pl\/fr\/#website\"},\"datePublished\":\"2017-05-28T20:00:32+00:00\",\"dateModified\":\"2017-06-28T09:13:27+00:00\",\"description\":\"W GoDan wierzymy, \u017ce kluczem do owocnej wsp\u00f3\u0142pracy s\u0105 warto\u015bci i zaanga\u017cowanie ca\u0142ego zespo\u0142u.\",\"breadcrumb\":{\"@id\":\"https:\/\/www.godan.pl\/ru\/o-%d1%84%d0%b8%d1%80%d0%bc%d0%b5\/%d0%bf%d0%be%d1%87%d0%b5%d0%bc%d1%83-%d0%bc%d1%8b#breadcrumb\"},\"inLanguage\":\"ru-RU\",\"potentialAction\":[{\"@type\":\"ReadAction\",\"target\":[\"https:\/\/www.godan.pl\/ru\/o-%d1%84%d0%b8%d1%80%d0%bc%d0%b5\/%d0%bf%d0%be%d1%87%d0%b5%d0%bc%d1%83-%d0%bc%d1%8b\"]}]},{\"@type\":\"BreadcrumbList\",\"@id\":\"https:\/\/www.godan.pl\/ru\/o-%d1%84%d0%b8%d1%80%d0%bc%d0%b5\/%d0%bf%d0%be%d1%87%d0%b5%d0%bc%d1%83-%d0%bc%d1%8b#breadcrumb\",\"itemListElement\":[{\"@type\":\"ListItem\",\"position\":1,\"name\":\"Strona g\u0142\u00f3wna\",\"item\":\"https:\/\/www.godan.pl\/ru\"},{\"@type\":\"ListItem\",\"position\":2,\"name\":\"\u041e \u0444\u0438\u0440\u043c\u0435\",\"item\":\"https:\/\/www.godan.pl\/ru\/o-%d1%84%d0%b8%d1%80%d0%bc%d0%b5\"},{\"@type\":\"ListItem\",\"position\":3,\"name\":\"\u041f\u043e\u0447\u0435\u043c\u0443 \u043c\u044b?\"}]},{\"@type\":\"WebSite\",\"@id\":\"https:\/\/www.godan.pl\/fr\/#website\",\"url\":\"https:\/\/www.godan.pl\/fr\/\",\"name\":\"Godan\",\"description\":\"Oferujemy szerok\u0105 ofert\u0119 balon\u00f3w, dekoracji sali, stroj\u00f3w karnawa\u0142owych, artyku\u0142y \u015blubnych i weselnych\",\"publisher\":{\"@id\":\"https:\/\/www.godan.pl\/fr\/#organization\"},\"potentialAction\":[{\"@type\":\"SearchAction\",\"target\":{\"@type\":\"EntryPoint\",\"urlTemplate\":\"https:\/\/www.godan.pl\/fr\/?s={search_term_string}\"},\"query-input\":\"required name=search_term_string\"}],\"inLanguage\":\"ru-RU\"},{\"@type\":\"Organization\",\"@id\":\"https:\/\/www.godan.pl\/fr\/#organization\",\"name\":\"GoDan S.A.\",\"url\":\"https:\/\/www.godan.pl\/fr\/\",\"logo\":{\"@type\":\"ImageObject\",\"inLanguage\":\"ru-RU\",\"@id\":\"https:\/\/www.godan.pl\/fr\/#\/schema\/logo\/image\/\",\"url\":\"https:\/\/www.godan.pl\/wp-content\/uploads\/2017\/08\/logo-godan-male-1.png\",\"contentUrl\":\"https:\/\/www.godan.pl\/wp-content\/uploads\/2017\/08\/logo-godan-male-1.png\",\"width\":185,\"height\":97,\"caption\":\"GoDan S.A.\"},\"image\":{\"@id\":\"https:\/\/www.godan.pl\/fr\/#\/schema\/logo\/image\/\"}}]}<\/script>\n<!-- \/ Yoast SEO plugin. -->","yoast_head_json":{"title":"Jako\u015b\u0107, w\u0142asna produkcja, do\u015bwiadczenie \u2013 dlaczego warto z nami pracowa\u0107? GoDan SA","description":"W GoDan wierzymy, \u017ce kluczem do owocnej wsp\u00f3\u0142pracy s\u0105 warto\u015bci i zaanga\u017cowanie ca\u0142ego zespo\u0142u.","robots":{"index":"index","follow":"follow","max-snippet":"max-snippet:-1","max-image-preview":"max-image-preview:large","max-video-preview":"max-video-preview:-1"},"canonical":"https:\/\/www.godan.pl\/ru\/o-\u0444\u0438\u0440\u043c\u0435\/\u043f\u043e\u0447\u0435\u043c\u0443-\u043c\u044b","og_locale":"ru_RU","og_type":"article","og_title":"Jako\u015b\u0107, w\u0142asna produkcja, do\u015bwiadczenie \u2013 dlaczego warto z nami pracowa\u0107? GoDan SA","og_description":"W GoDan wierzymy, \u017ce kluczem do owocnej wsp\u00f3\u0142pracy s\u0105 warto\u015bci i zaanga\u017cowanie ca\u0142ego zespo\u0142u.","og_url":"https:\/\/www.godan.pl\/ru\/o-\u0444\u0438\u0440\u043c\u0435\/\u043f\u043e\u0447\u0435\u043c\u0443-\u043c\u044b","og_site_name":"Godan","article_modified_time":"2017-06-28T09:13:27+00:00","og_image":[{"width":391,"height":220,"url":"https:\/\/www.godan.pl\/wp-content\/uploads\/2017\/05\/146062849593-kdek2.jpg","type":"image\/jpeg"}],"twitter_card":"summary_large_image","schema":{"@context":"https:\/\/schema.org","@graph":[{"@type":"WebPage","@id":"https:\/\/www.godan.pl\/ru\/o-%d1%84%d0%b8%d1%80%d0%bc%d0%b5\/%d0%bf%d0%be%d1%87%d0%b5%d0%bc%d1%83-%d0%bc%d1%8b","url":"https:\/\/www.godan.pl\/ru\/o-%d1%84%d0%b8%d1%80%d0%bc%d0%b5\/%d0%bf%d0%be%d1%87%d0%b5%d0%bc%d1%83-%d0%bc%d1%8b","name":"Jako\u015b\u0107, w\u0142asna produkcja, do\u015bwiadczenie \u2013 dlaczego warto z nami pracowa\u0107? GoDan SA","isPartOf":{"@id":"https:\/\/www.godan.pl\/fr\/#website"},"datePublished":"2017-05-28T20:00:32+00:00","dateModified":"2017-06-28T09:13:27+00:00","description":"W GoDan wierzymy, \u017ce kluczem do owocnej wsp\u00f3\u0142pracy s\u0105 warto\u015bci i zaanga\u017cowanie ca\u0142ego zespo\u0142u.","breadcrumb":{"@id":"https:\/\/www.godan.pl\/ru\/o-%d1%84%d0%b8%d1%80%d0%bc%d0%b5\/%d0%bf%d0%be%d1%87%d0%b5%d0%bc%d1%83-%d0%bc%d1%8b#breadcrumb"},"inLanguage":"ru-RU","potentialAction":[{"@type":"ReadAction","target":["https:\/\/www.godan.pl\/ru\/o-%d1%84%d0%b8%d1%80%d0%bc%d0%b5\/%d0%bf%d0%be%d1%87%d0%b5%d0%bc%d1%83-%d0%bc%d1%8b"]}]},{"@type":"BreadcrumbList","@id":"https:\/\/www.godan.pl\/ru\/o-%d1%84%d0%b8%d1%80%d0%bc%d0%b5\/%d0%bf%d0%be%d1%87%d0%b5%d0%bc%d1%83-%d0%bc%d1%8b#breadcrumb","itemListElement":[{"@type":"ListItem","position":1,"name":"Strona g\u0142\u00f3wna","item":"https:\/\/www.godan.pl\/ru"},{"@type":"ListItem","position":2,"name":"\u041e \u0444\u0438\u0440\u043c\u0435","item":"https:\/\/www.godan.pl\/ru\/o-%d1%84%d0%b8%d1%80%d0%bc%d0%b5"},{"@type":"ListItem","position":3,"name":"\u041f\u043e\u0447\u0435\u043c\u0443 \u043c\u044b?"}]},{"@type":"WebSite","@id":"https:\/\/www.godan.pl\/fr\/#website","url":"https:\/\/www.godan.pl\/fr\/","name":"Godan","description":"Oferujemy szerok\u0105 ofert\u0119 balon\u00f3w, dekoracji sali, stroj\u00f3w karnawa\u0142owych, artyku\u0142y \u015blubnych i weselnych","publisher":{"@id":"https:\/\/www.godan.pl\/fr\/#organization"},"potentialAction":[{"@type":"SearchAction","target":{"@type":"EntryPoint","urlTemplate":"https:\/\/www.godan.pl\/fr\/?s={search_term_string}"},"query-input":"required name=search_term_string"}],"inLanguage":"ru-RU"},{"@type":"Organization","@id":"https:\/\/www.godan.pl\/fr\/#organization","name":"GoDan S.A.","url":"https:\/\/www.godan.pl\/fr\/","logo":{"@type":"ImageObject","inLanguage":"ru-RU","@id":"https:\/\/www.godan.pl\/fr\/#\/schema\/logo\/image\/","url":"https:\/\/www.godan.pl\/wp-content\/uploads\/2017\/08\/logo-godan-male-1.png","contentUrl":"https:\/\/www.godan.pl\/wp-content\/uploads\/2017\/08\/logo-godan-male-1.png","width":185,"height":97,"caption":"GoDan S.A."},"image":{"@id":"https:\/\/www.godan.pl\/fr\/#\/schema\/logo\/image\/"}}]}},"_links":{"self":[{"href":"https:\/\/www.godan.pl\/ru\/wp-json\/wp\/v2\/pages\/7690"}],"collection":[{"href":"https:\/\/www.godan.pl\/ru\/wp-json\/wp\/v2\/pages"}],"about":[{"href":"https:\/\/www.godan.pl\/ru\/wp-json\/wp\/v2\/types\/page"}],"author":[{"embeddable":true,"href":"https:\/\/www.godan.pl\/ru\/wp-json\/wp\/v2\/users\/1"}],"replies":[{"embeddable":true,"href":"https:\/\/www.godan.pl\/ru\/wp-json\/wp\/v2\/comments?post=7690"}],"version-history":[{"count":3,"href":"https:\/\/www.godan.pl\/ru\/wp-json\/wp\/v2\/pages\/7690\/revisions"}],"predecessor-version":[{"id":8359,"href":"https:\/\/www.godan.pl\/ru\/wp-json\/wp\/v2\/pages\/7690\/revisions\/8359"}],"up":[{"embeddable":true,"href":"https:\/\/www.godan.pl\/ru\/wp-json\/wp\/v2\/pages\/7605"}],"wp:featuredmedia":[{"embeddable":true,"href":"https:\/\/www.godan.pl\/ru\/wp-json\/wp\/v2\/media\/2868"}],"wp:attachment":[{"href":"https:\/\/www.godan.pl\/ru\/wp-json\/wp\/v2\/media?parent=7690"}],"curies":[{"name":"wp","href":"https:\/\/api.w.org\/{rel}","templated":true}]}}