{"id":7680,"date":"2017-06-02T12:58:46","date_gmt":"2017-06-02T12:58:46","guid":{"rendered":"https:\/\/www.godan.pl\/oferta\/"},"modified":"2017-08-09T08:22:50","modified_gmt":"2017-08-09T08:22:50","slug":"%d0%bf%d1%80%d0%b5%d0%b4%d0%bb%d0%be%d0%b6%d0%b5%d0%bd%d0%b8%d0%b5","status":"publish","type":"page","link":"https:\/\/www.godan.pl\/ru\/%d0%bf%d1%80%d0%b5%d0%b4%d0%bb%d0%be%d0%b6%d0%b5%d0%bd%d0%b8%d0%b5","title":{"rendered":"\u041f\u0440\u0435\u0434\u043b\u043e\u0436\u0435\u043d\u0438\u0435"},"content":{"rendered":"<div class=\"large-4 column  idz-animation\" data-animate=\"\">\n<a href=\"https:\/\/www.godan.pl\/ru\/%D0%BF%D1%80%D0%B5%D0%B4%D0%BB%D0%BE%D0%B6%D0%B5%D0%BD%D0%B8%D0%B5\/%D1%80%D0%BE%D0%B7%D0%BD%D0%B8%D1%87%D0%BD%D0%B0%D1%8F-%D0%BF%D1%80%D0%BE%D0%B4%D0%B0%D0%B6%D0%B0\/\"><br \/>\n<img loading=\"lazy\" decoding=\"async\" width=\"300\" height=\"200\" class=\"alignnone size-medium wp-image-6788\" src=\"https:\/\/www.godan.pl\/wp-content\/uploads\/2017\/06\/shutterstock_370788551-300x200.png\" alt=\"sprzeda\u017c detaliczna\" srcset=\"https:\/\/www.godan.pl\/wp-content\/uploads\/2017\/06\/shutterstock_370788551-300x200.png 300w, https:\/\/www.godan.pl\/wp-content\/uploads\/2017\/06\/shutterstock_370788551-768x512.png 768w, https:\/\/www.godan.pl\/wp-content\/uploads\/2017\/06\/shutterstock_370788551-1024x683.png 1024w, https:\/\/www.godan.pl\/wp-content\/uploads\/2017\/06\/shutterstock_370788551-200x133.png 200w\" sizes=\"(max-width: 300px) 100vw, 300px\" \/><\/a><\/p>\n<h4>\u0420\u043e\u0437\u043d\u0438\u0447\u043d\u0430\u044f \u043f\u0440\u043e\u0434\u0430\u0436\u0430<\/h4>\n<p>\u041f\u0440\u0438\u0433\u043b\u0430\u0448\u0430\u0435\u043c \u0432 \u043d\u0430\u0448 \u0438\u043d\u0442\u0435\u0440\u043d\u0435\u0442-\u043c\u0430\u0433\u0430\u0437\u0438\u043d www.godanparty.pl \u0412\u044b \u043c\u043e\u0436\u0435\u0442\u0435 \u0442\u0430\u043a\u0436\u0435 \u043f\u043e\u0441\u0435\u0442\u0438\u0442\u044c \u043e\u0434\u0438\u043d \u0438\u0437 \u043d\u0430\u0448\u0438\u0445&#8230;<br \/>\n<a href=\"https:\/\/www.godan.pl\/ru\/%D0%BF%D1%80%D0%B5%D0%B4%D0%BB%D0%BE%D0%B6%D0%B5%D0%BD%D0%B8%D0%B5\/%D1%80%D0%BE%D0%B7%D0%BD%D0%B8%D1%87%D0%BD%D0%B0%D1%8F-%D0%BF%D1%80%D0%BE%D0%B4%D0%B0%D0%B6%D0%B0\/\">more &gt;&gt;<\/a><\/p>\n<\/div>\n<div class=\"large-4 column  idz-animation\" data-animate=\"\">\n<p><a href=\"https:\/\/www.godan.pl\/ru\/%D0%BF%D1%80%D0%B5%D0%B4%D0%BB%D0%BE%D0%B6%D0%B5%D0%BD%D0%B8%D0%B5\/%D0%BE%D0%BF%D1%82%D0%BE%D0%B2%D0%B0%D1%8F-%D0%BF%D1%80%D0%BE%D0%B4%D0%B0%D0%B6%D0%B0\/\"><br \/>\n<img loading=\"lazy\" decoding=\"async\" width=\"300\" height=\"200\" class=\"alignnone size-medium wp-image-3974\" src=\"https:\/\/www.godan.pl\/wp-content\/uploads\/2017\/06\/firma-1-300x200.jpg\" alt=\"Wn\u0119trze budynku firmy\" srcset=\"https:\/\/www.godan.pl\/wp-content\/uploads\/2017\/06\/firma-1-300x200.jpg 300w, https:\/\/www.godan.pl\/wp-content\/uploads\/2017\/06\/firma-1-768x512.jpg 768w, https:\/\/www.godan.pl\/wp-content\/uploads\/2017\/06\/firma-1-1024x683.jpg 1024w, https:\/\/www.godan.pl\/wp-content\/uploads\/2017\/06\/firma-1-200x133.jpg 200w\" sizes=\"(max-width: 300px) 100vw, 300px\" \/><\/a><\/p>\n<h4>\u041e\u043f\u0442\u043e\u0432\u0430\u044f \u043f\u0440\u043e\u0434\u0430\u0436\u0430<\/h4>\n<p>\u0414\u043b\u044f \u043d\u0430\u0448\u0438\u0445 \u0442\u043e\u0440\u0433\u043e\u0432\u044b\u0445 \u043f\u0430\u0440\u0442\u043d\u0435\u0440\u043e\u0432, \u043f\u043e\u043a\u0443\u043f\u0430\u0442\u0435\u043b\u0435\u0439 \u0432 \u043e\u043f\u0442\u043e\u0432\u044b\u0445 \u043a\u043e\u043b\u0438\u0447\u0435\u0441\u0442\u0432\u0430\u0445 \u0438 \u043d\u0430 \u044d\u043a\u0441\u043f\u043e\u0440\u0442, \u043c\u044b \u043f\u043e\u0434\u0433\u043e\u0442\u043e\u0432\u0438\u043b\u0438&#8230;<br \/>\n<a href=\"https:\/\/www.godan.pl\/ru\/%D0%BF%D1%80%D0%B5%D0%B4%D0%BB%D0%BE%D0%B6%D0%B5%D0%BD%D0%B8%D0%B5\/%D0%BE%D0%BF%D1%82%D0%BE%D0%B2%D0%B0%D1%8F-%D0%BF%D1%80%D0%BE%D0%B4%D0%B0%D0%B6%D0%B0\/\">more &gt;&gt;<\/a><\/p>\n<\/div>\n<div class=\"large-4 column  idz-animation\" data-animate=\"\">\n<a href=\"https:\/\/www.godan.pl\/ru\/%D0%BF%D1%80%D0%B5%D0%B4%D0%BB%D0%BE%D0%B6%D0%B5%D0%BD%D0%B8%D0%B5\/%D0%BF%D1%80%D0%BE%D0%B8%D0%B7%D0%B2%D0%BE%D0%B4%D1%81%D1%82%D0%B2%D0%BE-%D1%82%D1%80%D1%83%D0%B1%D0%BE%D1%87%D0%B5%D0%BA\/\"><br \/>\n<img decoding=\"async\" src=\"https:\/\/www.godan.pl\/wp-content\/uploads\/2017\/05\/slomki_.jpg\" alt=\"\" class=\"alignnone size-medium wp-image-9042\" \/><br \/>\n<\/a><\/p>\n<h4>\u041f\u0440\u043e\u0438\u0437\u0432\u043e\u0434\u0441\u0442\u0432\u043e \u0442\u0440\u0443\u0431\u043e\u0447\u0435\u043a<\/h4>\n<p>\u041c\u044b \u0437\u0430\u043d\u0438\u043c\u0430\u0435\u043c\u0441\u044f \u043f\u0440\u043e\u0438\u0437\u0432\u043e\u0434\u0441\u0442\u0432\u043e\u043c \u0442\u0440\u0443\u0431\u043e\u0447\u0435\u043a \u0434\u043b\u044f \u043d\u0430\u043f\u0438\u0442\u043a\u043e\u0432. \u0412 \u043d\u0430\u0448\u0435\u043c \u043f\u043e\u0441\u0442\u043e\u044f\u043d\u043d\u043e\u043c \u0430\u0441\u0441\u043e\u0440\u0442\u0438\u043c\u0435\u043d\u0442\u0435&#8230;<br \/>\n<a href=\"https:\/\/www.godan.pl\/ru\/%D0%BF%D1%80%D0%B5%D0%B4%D0%BB%D0%BE%D0%B6%D0%B5%D0%BD%D0%B8%D0%B5\/%D0%BF%D1%80%D0%BE%D0%B8%D0%B7%D0%B2%D0%BE%D0%B4%D1%81%D1%82%D0%B2%D0%BE-%D1%82%D1%80%D1%83%D0%B1%D0%BE%D1%87%D0%B5%D0%BA\/\">more &gt;&gt;<\/a><\/p>\n<\/div>\n<div class=\"clear\"><\/div>\n<div class=\"large-4 column  idz-animation\" data-animate=\"\">\n<p><a href=\"https:\/\/www.godan.pl\/ru\/%D0%BF%D1%80%D0%B5%D0%B4%D0%BB%D0%BE%D0%B6%D0%B5%D0%BD%D0%B8%D0%B5\/%D0%BD%D0%B0%D1%88%D0%B8-%D0%BA%D0%B0%D1%82%D0%B0%D0%BB%D0%BE%D0%B3%D0%B8\/\"><img decoding=\"async\" class=\"alignnone size-medium wp-image-2882\" src=\"https:\/\/www.godan.pl\/wp-content\/uploads\/2017\/07\/nasze-katalogi.png\" alt=\"\" \/><\/a><\/p>\n<h4>\u041d\u0430\u0448\u0438 \u043a\u0430\u0442\u0430\u043b\u043e\u0433\u0438<\/h4>\n<p>\u0418\u0441\u043a\u0440\u0435\u043d\u043d\u0435 \u043f\u0440\u0438\u0433\u043b\u0430\u0448\u0430\u0435\u043c \u043e\u0437\u043d\u0430\u043a\u043e\u043c\u0438\u0442\u0441\u044f \u0441 \u043d\u0430\u0448\u0438\u043c\u0438 \u043a\u0430\u0442\u0430\u043b\u043e\u0433\u0430\u043c\u0438. \u041c\u044b \u043d\u0430\u0434\u0435\u0435\u043c\u0441\u044f, \u0447\u0442\u043e \u043e\u043d\u0438 \u043f\u0440\u0438\u0431\u043b\u0438\u0437\u044f\u0442 \u0412\u0430\u043c&#8230;<br \/>\n<a href=\"https:\/\/www.godan.pl\/ru\/%D0%BF%D1%80%D0%B5%D0%B4%D0%BB%D0%BE%D0%B6%D0%B5%D0%BD%D0%B8%D0%B5\/%D0%BD%D0%B0%D1%88%D0%B8-%D0%BA%D0%B0%D1%82%D0%B0%D0%BB%D0%BE%D0%B3%D0%B8\/\">more &gt;&gt;<\/a><\/p>\n<\/div>\n","protected":false},"excerpt":{"rendered":"","protected":false},"author":1,"featured_media":0,"parent":0,"menu_order":0,"comment_status":"closed","ping_status":"closed","template":"","meta":{"_acf_changed":false,"footnotes":""},"class_list":["post-7680","page","type-page","status-publish","hentry"],"acf":[],"yoast_head":"<!-- This site is optimized with the Yoast SEO plugin v20.11 - https:\/\/yoast.com\/wordpress\/plugins\/seo\/ -->\n<title>Oferta sprzeda\u017cy hurtowej i detalicznej: balony, s\u0142omki, stroje karnawa\u0142owe: GoDan SA<\/title>\n<meta name=\"description\" content=\"Zapraszamy do zapoznania si\u0119 z ofert\u0105 naszej firmy: sprzeda\u017cy hurtowej balon\u00f3w, stroj\u00f3w karnawa\u0142owych, artyku\u0142\u00f3w imprezowych i party.\" \/>\n<meta name=\"robots\" content=\"index, follow, max-snippet:-1, max-image-preview:large, max-video-preview:-1\" \/>\n<link rel=\"canonical\" href=\"https:\/\/www.godan.pl\/ru\/\u043f\u0440\u0435\u0434\u043b\u043e\u0436\u0435\u043d\u0438\u0435\" \/>\n<meta property=\"og:locale\" content=\"ru_RU\" \/>\n<meta property=\"og:type\" content=\"article\" \/>\n<meta property=\"og:title\" content=\"Oferta sprzeda\u017cy hurtowej i detalicznej: balony, s\u0142omki, stroje karnawa\u0142owe: GoDan SA\" \/>\n<meta property=\"og:description\" content=\"Zapraszamy do zapoznania si\u0119 z ofert\u0105 naszej firmy: sprzeda\u017cy hurtowej balon\u00f3w, stroj\u00f3w karnawa\u0142owych, artyku\u0142\u00f3w imprezowych i party.\" \/>\n<meta property=\"og:url\" content=\"https:\/\/www.godan.pl\/ru\/\u043f\u0440\u0435\u0434\u043b\u043e\u0436\u0435\u043d\u0438\u0435\" \/>\n<meta property=\"og:site_name\" content=\"Godan\" \/>\n<meta property=\"article:modified_time\" content=\"2017-08-09T08:22:50+00:00\" \/>\n<meta property=\"og:image\" content=\"https:\/\/www.godan.pl\/wp-content\/uploads\/2017\/06\/shutterstock_370788551-300x200.png\" \/>\n<meta name=\"twitter:card\" content=\"summary_large_image\" \/>\n<script type=\"application\/ld+json\" class=\"yoast-schema-graph\">{\"@context\":\"https:\/\/schema.org\",\"@graph\":[{\"@type\":\"WebPage\",\"@id\":\"https:\/\/www.godan.pl\/ru\/%d0%bf%d1%80%d0%b5%d0%b4%d0%bb%d0%be%d0%b6%d0%b5%d0%bd%d0%b8%d0%b5\",\"url\":\"https:\/\/www.godan.pl\/ru\/%d0%bf%d1%80%d0%b5%d0%b4%d0%bb%d0%be%d0%b6%d0%b5%d0%bd%d0%b8%d0%b5\",\"name\":\"Oferta sprzeda\u017cy hurtowej i detalicznej: balony, s\u0142omki, stroje karnawa\u0142owe: GoDan SA\",\"isPartOf\":{\"@id\":\"https:\/\/www.godan.pl\/fr\/#website\"},\"datePublished\":\"2017-06-02T12:58:46+00:00\",\"dateModified\":\"2017-08-09T08:22:50+00:00\",\"description\":\"Zapraszamy do zapoznania si\u0119 z ofert\u0105 naszej firmy: sprzeda\u017cy hurtowej balon\u00f3w, stroj\u00f3w karnawa\u0142owych, artyku\u0142\u00f3w imprezowych i party.\",\"breadcrumb\":{\"@id\":\"https:\/\/www.godan.pl\/ru\/%d0%bf%d1%80%d0%b5%d0%b4%d0%bb%d0%be%d0%b6%d0%b5%d0%bd%d0%b8%d0%b5#breadcrumb\"},\"inLanguage\":\"ru-RU\",\"potentialAction\":[{\"@type\":\"ReadAction\",\"target\":[\"https:\/\/www.godan.pl\/ru\/%d0%bf%d1%80%d0%b5%d0%b4%d0%bb%d0%be%d0%b6%d0%b5%d0%bd%d0%b8%d0%b5\"]}]},{\"@type\":\"BreadcrumbList\",\"@id\":\"https:\/\/www.godan.pl\/ru\/%d0%bf%d1%80%d0%b5%d0%b4%d0%bb%d0%be%d0%b6%d0%b5%d0%bd%d0%b8%d0%b5#breadcrumb\",\"itemListElement\":[{\"@type\":\"ListItem\",\"position\":1,\"name\":\"Strona g\u0142\u00f3wna\",\"item\":\"https:\/\/www.godan.pl\/ru\"},{\"@type\":\"ListItem\",\"position\":2,\"name\":\"\u041f\u0440\u0435\u0434\u043b\u043e\u0436\u0435\u043d\u0438\u0435\"}]},{\"@type\":\"WebSite\",\"@id\":\"https:\/\/www.godan.pl\/fr\/#website\",\"url\":\"https:\/\/www.godan.pl\/fr\/\",\"name\":\"Godan\",\"description\":\"Oferujemy szerok\u0105 ofert\u0119 balon\u00f3w, dekoracji sali, stroj\u00f3w karnawa\u0142owych, artyku\u0142y \u015blubnych i weselnych\",\"publisher\":{\"@id\":\"https:\/\/www.godan.pl\/fr\/#organization\"},\"potentialAction\":[{\"@type\":\"SearchAction\",\"target\":{\"@type\":\"EntryPoint\",\"urlTemplate\":\"https:\/\/www.godan.pl\/fr\/?s={search_term_string}\"},\"query-input\":\"required name=search_term_string\"}],\"inLanguage\":\"ru-RU\"},{\"@type\":\"Organization\",\"@id\":\"https:\/\/www.godan.pl\/fr\/#organization\",\"name\":\"GoDan S.A.\",\"url\":\"https:\/\/www.godan.pl\/fr\/\",\"logo\":{\"@type\":\"ImageObject\",\"inLanguage\":\"ru-RU\",\"@id\":\"https:\/\/www.godan.pl\/fr\/#\/schema\/logo\/image\/\",\"url\":\"https:\/\/www.godan.pl\/wp-content\/uploads\/2017\/08\/logo-godan-male-1.png\",\"contentUrl\":\"https:\/\/www.godan.pl\/wp-content\/uploads\/2017\/08\/logo-godan-male-1.png\",\"width\":185,\"height\":97,\"caption\":\"GoDan S.A.\"},\"image\":{\"@id\":\"https:\/\/www.godan.pl\/fr\/#\/schema\/logo\/image\/\"}}]}<\/script>\n<!-- \/ Yoast SEO plugin. -->","yoast_head_json":{"title":"Oferta sprzeda\u017cy hurtowej i detalicznej: balony, s\u0142omki, stroje karnawa\u0142owe: GoDan SA","description":"Zapraszamy do zapoznania si\u0119 z ofert\u0105 naszej firmy: sprzeda\u017cy hurtowej balon\u00f3w, stroj\u00f3w karnawa\u0142owych, artyku\u0142\u00f3w imprezowych i party.","robots":{"index":"index","follow":"follow","max-snippet":"max-snippet:-1","max-image-preview":"max-image-preview:large","max-video-preview":"max-video-preview:-1"},"canonical":"https:\/\/www.godan.pl\/ru\/\u043f\u0440\u0435\u0434\u043b\u043e\u0436\u0435\u043d\u0438\u0435","og_locale":"ru_RU","og_type":"article","og_title":"Oferta sprzeda\u017cy hurtowej i detalicznej: balony, s\u0142omki, stroje karnawa\u0142owe: GoDan SA","og_description":"Zapraszamy do zapoznania si\u0119 z ofert\u0105 naszej firmy: sprzeda\u017cy hurtowej balon\u00f3w, stroj\u00f3w karnawa\u0142owych, artyku\u0142\u00f3w imprezowych i party.","og_url":"https:\/\/www.godan.pl\/ru\/\u043f\u0440\u0435\u0434\u043b\u043e\u0436\u0435\u043d\u0438\u0435","og_site_name":"Godan","article_modified_time":"2017-08-09T08:22:50+00:00","og_image":[{"url":"https:\/\/www.godan.pl\/wp-content\/uploads\/2017\/06\/shutterstock_370788551-300x200.png"}],"twitter_card":"summary_large_image","schema":{"@context":"https:\/\/schema.org","@graph":[{"@type":"WebPage","@id":"https:\/\/www.godan.pl\/ru\/%d0%bf%d1%80%d0%b5%d0%b4%d0%bb%d0%be%d0%b6%d0%b5%d0%bd%d0%b8%d0%b5","url":"https:\/\/www.godan.pl\/ru\/%d0%bf%d1%80%d0%b5%d0%b4%d0%bb%d0%be%d0%b6%d0%b5%d0%bd%d0%b8%d0%b5","name":"Oferta sprzeda\u017cy hurtowej i detalicznej: balony, s\u0142omki, stroje karnawa\u0142owe: GoDan SA","isPartOf":{"@id":"https:\/\/www.godan.pl\/fr\/#website"},"datePublished":"2017-06-02T12:58:46+00:00","dateModified":"2017-08-09T08:22:50+00:00","description":"Zapraszamy do zapoznania si\u0119 z ofert\u0105 naszej firmy: sprzeda\u017cy hurtowej balon\u00f3w, stroj\u00f3w karnawa\u0142owych, artyku\u0142\u00f3w imprezowych i party.","breadcrumb":{"@id":"https:\/\/www.godan.pl\/ru\/%d0%bf%d1%80%d0%b5%d0%b4%d0%bb%d0%be%d0%b6%d0%b5%d0%bd%d0%b8%d0%b5#breadcrumb"},"inLanguage":"ru-RU","potentialAction":[{"@type":"ReadAction","target":["https:\/\/www.godan.pl\/ru\/%d0%bf%d1%80%d0%b5%d0%b4%d0%bb%d0%be%d0%b6%d0%b5%d0%bd%d0%b8%d0%b5"]}]},{"@type":"BreadcrumbList","@id":"https:\/\/www.godan.pl\/ru\/%d0%bf%d1%80%d0%b5%d0%b4%d0%bb%d0%be%d0%b6%d0%b5%d0%bd%d0%b8%d0%b5#breadcrumb","itemListElement":[{"@type":"ListItem","position":1,"name":"Strona g\u0142\u00f3wna","item":"https:\/\/www.godan.pl\/ru"},{"@type":"ListItem","position":2,"name":"\u041f\u0440\u0435\u0434\u043b\u043e\u0436\u0435\u043d\u0438\u0435"}]},{"@type":"WebSite","@id":"https:\/\/www.godan.pl\/fr\/#website","url":"https:\/\/www.godan.pl\/fr\/","name":"Godan","description":"Oferujemy szerok\u0105 ofert\u0119 balon\u00f3w, dekoracji sali, stroj\u00f3w karnawa\u0142owych, artyku\u0142y \u015blubnych i weselnych","publisher":{"@id":"https:\/\/www.godan.pl\/fr\/#organization"},"potentialAction":[{"@type":"SearchAction","target":{"@type":"EntryPoint","urlTemplate":"https:\/\/www.godan.pl\/fr\/?s={search_term_string}"},"query-input":"required name=search_term_string"}],"inLanguage":"ru-RU"},{"@type":"Organization","@id":"https:\/\/www.godan.pl\/fr\/#organization","name":"GoDan S.A.","url":"https:\/\/www.godan.pl\/fr\/","logo":{"@type":"ImageObject","inLanguage":"ru-RU","@id":"https:\/\/www.godan.pl\/fr\/#\/schema\/logo\/image\/","url":"https:\/\/www.godan.pl\/wp-content\/uploads\/2017\/08\/logo-godan-male-1.png","contentUrl":"https:\/\/www.godan.pl\/wp-content\/uploads\/2017\/08\/logo-godan-male-1.png","width":185,"height":97,"caption":"GoDan S.A."},"image":{"@id":"https:\/\/www.godan.pl\/fr\/#\/schema\/logo\/image\/"}}]}},"_links":{"self":[{"href":"https:\/\/www.godan.pl\/ru\/wp-json\/wp\/v2\/pages\/7680"}],"collection":[{"href":"https:\/\/www.godan.pl\/ru\/wp-json\/wp\/v2\/pages"}],"about":[{"href":"https:\/\/www.godan.pl\/ru\/wp-json\/wp\/v2\/types\/page"}],"author":[{"embeddable":true,"href":"https:\/\/www.godan.pl\/ru\/wp-json\/wp\/v2\/users\/1"}],"replies":[{"embeddable":true,"href":"https:\/\/www.godan.pl\/ru\/wp-json\/wp\/v2\/comments?post=7680"}],"version-history":[{"count":13,"href":"https:\/\/www.godan.pl\/ru\/wp-json\/wp\/v2\/pages\/7680\/revisions"}],"predecessor-version":[{"id":10638,"href":"https:\/\/www.godan.pl\/ru\/wp-json\/wp\/v2\/pages\/7680\/revisions\/10638"}],"wp:attachment":[{"href":"https:\/\/www.godan.pl\/ru\/wp-json\/wp\/v2\/media?parent=7680"}],"curies":[{"name":"wp","href":"https:\/\/api.w.org\/{rel}","templated":true}]}}