{"id":7670,"date":"2017-05-31T08:33:38","date_gmt":"2017-05-31T08:33:38","guid":{"rendered":"https:\/\/www.godan.pl\/o-firmie\/partnerzy-dostawcy\/"},"modified":"2017-07-21T17:42:14","modified_gmt":"2017-07-21T17:42:14","slug":"%d0%bf%d0%b0%d1%80%d1%82%d0%bd%d0%b5%d1%80%d1%8b-%d0%b8-%d0%bf%d0%be%d1%81%d1%82%d0%b0%d0%b2%d1%89%d0%b8%d0%ba%d0%b8","status":"publish","type":"page","link":"https:\/\/www.godan.pl\/ru\/o-%d1%84%d0%b8%d1%80%d0%bc%d0%b5\/%d0%bf%d0%b0%d1%80%d1%82%d0%bd%d0%b5%d1%80%d1%8b-%d0%b8-%d0%bf%d0%be%d1%81%d1%82%d0%b0%d0%b2%d1%89%d0%b8%d0%ba%d0%b8","title":{"rendered":"\u041f\u0430\u0440\u0442\u043d\u0435\u0440\u044b \u0438 \u043f\u043e\u0441\u0442\u0430\u0432\u0449\u0438\u043a\u0438"},"content":{"rendered":"<p>\u0412 &#8220;GoDan&#8221; \u043c\u044b \u0434\u0435\u043b\u0430\u0435\u043c \u0441\u0442\u0430\u0432\u043a\u0443 \u043d\u0430 \u043f\u0440\u043e\u0432\u0435\u0440\u0435\u043d\u043d\u044b\u0445 \u043a\u0432\u0430\u043b\u0438\u0444\u0438\u0446\u0438\u0440\u043e\u0432\u0430\u043d\u043d\u044b\u0445 \u043f\u0430\u0440\u0442\u043d\u0435\u0440\u043e\u0432 \u0441 \u043a\u0440\u0435\u043f\u043a\u043e\u0439 \u043f\u043e\u0437\u0438\u0446\u0438\u0435\u0439 \u043d\u0430 \u043c\u0438\u0440\u043e\u0432\u044b\u0445 \u0440\u044b\u043d\u043a\u0430\u0445. \u0411\u0443\u0434\u0443\u0447\u0438 \u043b\u0438\u0434\u0435\u0440\u043e\u043c \u043e\u0442\u0440\u0430\u0441\u043b\u0438 \u0432 \u041f\u043e\u043b\u044c\u0448\u0435 \u043c\u044b \u0441\u043e\u0442\u0440\u0443\u0434\u043d\u0438\u0447\u0430\u0435\u043c \u0441 \u043b\u0443\u0447\u0448\u0438\u043c\u0438, \u043e\u0442 \u043a\u043e\u0442\u043e\u0440\u044b\u0445 \u043c\u044b \u043c\u043e\u0436\u0435\u043c \u043f\u0435\u0440\u0435\u043d\u0438\u043c\u0430\u0442\u044c \u0432\u0434\u043e\u0445\u043d\u043e\u0432\u0435\u043d\u0438\u0435 \u0438 \u043f\u0440\u043e\u0434\u0443\u043a\u0442\u044b \u043a\u043e\u0442\u043e\u0440\u044b\u0445 \u044f\u0432\u043b\u044f\u044e\u0442\u0441\u044f \u043c\u0430\u0440\u043a\u043e\u0439 \u0441\u0430\u043c\u043e\u0439 \u0432 \u0441\u0435\u0431\u0435.<\/p>\n<p>\u041d\u0430\u0448\u0438 \u0434\u0435\u043b\u043e\u0432\u044b\u0435 \u043f\u0430\u0440\u0442\u043d\u0435\u0440\u044b &#8211; \u044d\u0442\u043e \u0444\u0438\u0440\u043c\u044b \u0438\u0437 \u041f\u043e\u043b\u044c\u0448\u0438, \u0415\u0432\u0440\u043e\u043f\u0435\u0439\u0441\u043a\u043e\u0433\u043e \u0441\u043e\u044e\u0437\u0430, \u0421\u043e\u0435\u0434\u0438\u043d\u0435\u043d\u043d\u044b\u0445 \u0448\u0442\u0430\u0442\u043e\u0432 \u0438 \u0410\u0437\u0438\u0438, \u0430\u043a\u0442\u0438\u0432\u043d\u043e \u0440\u0430\u0431\u043e\u0442\u0430\u044e\u0449\u0438\u0435 \u043d\u0430 \u043c\u0435\u0436\u0434\u0443\u043d\u0430\u0440\u043e\u0434\u043d\u044b\u0445 \u0440\u044b\u043d\u043a\u0430\u0445, \u043f\u0440\u0435\u0434\u0441\u0442\u0430\u0432\u043b\u044f\u044e\u0449\u0438\u0435 \u0432\u044b\u0445\u043e\u0434\u043d\u0443\u044e \u0442\u043e\u0447\u043a\u0443 \u043d\u0430 \u043c\u0438\u0440\u043e\u0432\u043e\u043c \u0440\u044b\u043d\u043a\u0435 \u0442\u043e\u0432\u0430\u0440\u043e\u0432 \u043a\u0430\u0442\u0435\u0433\u043e\u0440\u0438\u0438 &#8220;\u0412\u0435\u0447\u0435\u0440\u0438\u043d\u043a\u0430 &#8221; \u0438 \u0448\u0430\u0440\u0438\u043a\u043e\u0432.<\/p>\n<p>\u041c\u044b \u043f\u0440\u0435\u0434\u043f\u043e\u0447\u0438\u0442\u0430\u0435\u043c \u0434\u043e\u043b\u0433\u043e\u0441\u0440\u043e\u0447\u043d\u044b\u0435 \u043a\u043e\u043d\u0442\u0440\u0430\u043a\u0442\u044b. \u0421\u043e \u043c\u043d\u043e\u0433\u0438\u043c\u0438 \u043f\u043e\u0441\u0442\u0430\u0432\u0449\u0438\u043a\u0430\u043c\u0438 \u0443 \u043d\u0430\u0441 \u0437\u0430\u043a\u043b\u044e\u0447\u0435\u043d \u0434\u043e\u0433\u043e\u0432\u043e\u0440 \u043e\u0431 \u0438\u0441\u043a\u043b\u044e\u0447\u0438\u0442\u0435\u043b\u044c\u043d\u043e\u0439 \u043f\u0440\u043e\u0434\u0430\u0436\u0435 \u0442\u043e\u0432\u0430\u0440\u043e\u0432 \u043d\u0430 \u043f\u043e\u043b\u044c\u0441\u043a\u043e\u043c \u0440\u044b\u043d\u043a\u0435.<\/p>\n<p><img loading=\"lazy\" decoding=\"async\" width=\"1024\" height=\"105\" class=\"aligncenter size-large wp-image-7103\" src=\"https:\/\/www.godan.pl\/wp-content\/uploads\/2017\/05\/nasi_partnerzy-1024x105.jpg\" alt=\"GoDan - Nasi Partnerzy\" srcset=\"https:\/\/www.godan.pl\/wp-content\/uploads\/2017\/05\/nasi_partnerzy-1024x105.jpg 1024w, https:\/\/www.godan.pl\/wp-content\/uploads\/2017\/05\/nasi_partnerzy-300x31.jpg 300w, https:\/\/www.godan.pl\/wp-content\/uploads\/2017\/05\/nasi_partnerzy-768x78.jpg 768w, https:\/\/www.godan.pl\/wp-content\/uploads\/2017\/05\/nasi_partnerzy-200x20.jpg 200w, https:\/\/www.godan.pl\/wp-content\/uploads\/2017\/05\/nasi_partnerzy.jpg 1215w\" sizes=\"(max-width: 1024px) 100vw, 1024px\" \/><\/p>\n<p class=\"paragraph__no__margin\">\u041d\u0430\u0448\u0438 \u043a\u043b\u044e\u0447\u0435\u0432\u044b\u0435 \u043f\u0430\u0440\u0442\u043d\u0435\u0440\u044b:\n<\/p>\n<ul class=\"star \">\n<li><strong>Gemar<\/strong> &#8211; \u043a\u0440\u0443\u043f\u043d\u0435\u0439\u0448\u0430\u044f \u0444\u0430\u0431\u0440\u0438\u043a\u0430 \u043b\u0430\u0442\u0435\u043a\u0441\u043d\u044b\u0445 \u0448\u0430\u0440\u0438\u043a\u043e\u0432 \u0432 \u0415\u0432\u0440\u043e\u043f\u0435 \u0438 \u043e\u0434\u043d\u0430 \u0438\u0437 \u043a\u0440\u0443\u043f\u043d\u0435\u0439\u0448\u0438\u0445 \u0432 \u043c\u0438\u0440\u0435. \u0418\u043c\u0435\u0435\u0442 \u043e\u0447\u0435\u043d\u044c \u0448\u0438\u0440\u043e\u043a\u0443\u044e \u0433\u0430\u043c\u043c\u0443 \u043f\u0440\u043e\u0434\u0443\u043a\u0442\u043e\u0432, \u0432 \u0442\u043e\u043c \u0447\u0438\u0441\u043b\u0435 \u0448\u0430\u0440\u0438\u043a\u043e\u0432 \u0441 \u043f\u0435\u0447\u0430\u0442\u044c\u044e.<\/li>\n<li><strong>Qualatex<\/strong> &#8211; \u0410\u043c\u0435\u0440\u0438\u043a\u0430\u043d\u0441\u043a\u0430\u044f \u0444\u0430\u0431\u0440\u0438\u043a\u0430 \u043b\u0430\u0442\u0435\u043a\u0441\u043d\u044b\u0445 \u0448\u0430\u0440\u0438\u043a\u043e\u0432, \u0444\u043e\u043b\u044c\u0433\u0438\u0440\u043e\u0432\u0430\u043d\u043d\u044b\u0445, \u0430 \u0442\u0430\u043a\u0436\u0435 &#8220;bubbles&#8221;. \u041f\u0440\u0435\u0434\u043b\u0430\u0433\u0430\u0435\u0442 \u043f\u0440\u043e\u0434\u0443\u043a\u0442\u044b \u043d\u0430\u0438\u0432\u044b\u0441\u0448\u0435\u0433\u043e \u043a\u0430\u0447\u0435\u0441\u0442\u0432\u0430, \u0438\u0441\u043f\u043e\u043b\u044c\u0437\u0443\u0435\u043c\u044b\u0435 \u0434\u043b\u044f \u043f\u0440\u043e\u0444\u0435\u0441\u0441\u0438\u043e\u043d\u0430\u043b\u044c\u043d\u043e\u0433\u043e \u0434\u0435\u043a\u043e\u0440\u0430. .<\/li>\n<li><strong>Procos<\/strong> -\u0444\u0438\u0440\u043c\u0430, \u0441\u043f\u0435\u0446\u0438\u0430\u043b\u0438\u0437\u0438\u0440\u0443\u044e\u0449\u0430\u044f\u0441\u044f \u0432 \u043a\u0430\u0442\u0435\u0433\u043e\u0440\u0438\u0438 \u043b\u0438\u0446\u0435\u043d\u0437\u0438\u043e\u043d\u043d\u044b\u0445 \u0442\u043e\u0432\u0430\u0440\u043e\u0432 &#8220;\u0412\u0435\u0447\u0435\u0440\u0438\u043d\u043a\u0430&#8221;. \u0412 \u0434\u0430\u043d\u043d\u044b\u0439 \u043c\u043e\u043c\u0435\u043d\u0442 \u044f\u0432\u043b\u044f\u0435\u0442\u0441\u044f \u0435\u0432\u0440\u043e\u043f\u0435\u0439\u0441\u043a\u0438\u043c \u043b\u0438\u0434\u0435\u0440\u043e\u043c \u0438 \u043e\u0434\u043d\u0438\u043c \u0438\u0437 \u043a\u0440\u0443\u043f\u043d\u0435\u0439\u0448\u0438\u0445 \u043e\u0431\u043b\u0430\u0434\u0430\u0442\u0435\u043b\u0435\u0439 \u043b\u0438\u0446\u0435\u043d\u0437\u0438\u0438 &#8220;Disneya&#8221;.<\/li>\n<li><strong>Flexmetal<\/strong> &#8211; \u0438\u0437\u0432\u0435\u0441\u0442\u043d\u0430\u044f \u0432\u043e \u0432\u0441\u0435\u0439 \u0415\u0432\u0440\u043e\u043f\u0435 \u0444\u0438\u0440\u043c\u0430, \u043f\u0440\u043e\u0438\u0437\u0432\u043e\u0434\u044f\u0449\u0430\u044f \u0444\u043e\u043b\u044c\u0433\u0438\u0440\u043e\u0432\u0430\u043d\u043d\u044b\u0435 \u0448\u0430\u0440\u0438\u043a\u0438.<\/li>\n<li><strong>Anagram<\/strong> \u2013 \u0432\u044b\u0434\u0430\u044e\u0449\u0438\u0439\u0441\u044f \u043f\u0440\u043e\u0438\u0437\u0432\u043e\u0434\u0438\u0442\u0435\u043b\u044c \u043b\u0438\u0446\u0435\u043d\u0437\u0438\u0440\u043e\u0432\u0430\u043d\u043d\u044b\u0445 \u0444\u043e\u043b\u044c\u0433\u0438\u0440\u043e\u0432\u0430\u043d\u043d\u044b\u0445 \u0448\u0430\u0440\u0438\u043a\u043e\u0432 \u0432 \u0421\u0428\u0410.<\/li>\n<\/ul>\n","protected":false},"excerpt":{"rendered":"<p>\u0412 &#8220;GoDan&#8221; \u043c\u044b \u0434\u0435\u043b\u0430\u0435\u043c \u0441\u0442\u0430\u0432\u043a\u0443 \u043d\u0430 \u043f\u0440\u043e\u0432\u0435\u0440\u0435\u043d\u043d\u044b\u0445 \u043a\u0432\u0430\u043b\u0438\u0444\u0438\u0446\u0438\u0440\u043e\u0432\u0430\u043d\u043d\u044b\u0445 \u043f\u0430\u0440\u0442\u043d\u0435\u0440\u043e\u0432 \u0441 \u043a\u0440\u0435\u043f\u043a\u043e\u0439 \u043f\u043e\u0437\u0438\u0446\u0438\u0435\u0439 \u043d\u0430 \u043c\u0438\u0440\u043e\u0432\u044b\u0445 \u0440\u044b\u043d\u043a\u0430\u0445. \u0411\u0443\u0434\u0443\u0447\u0438 \u043b\u0438\u0434\u0435\u0440\u043e\u043c \u043e\u0442\u0440\u0430\u0441\u043b\u0438 \u0432 \u041f\u043e\u043b\u044c\u0448\u0435 \u043c\u044b \u0441\u043e\u0442\u0440\u0443\u0434\u043d\u0438\u0447\u0430\u0435\u043c \u0441 \u043b\u0443\u0447\u0448\u0438\u043c\u0438, \u043e\u0442 \u043a\u043e\u0442\u043e\u0440\u044b\u0445 \u043c\u044b \u043c\u043e\u0436\u0435\u043c \u043f\u0435\u0440\u0435\u043d\u0438\u043c\u0430\u0442\u044c \u0432\u0434\u043e\u0445\u043d\u043e\u0432\u0435\u043d\u0438\u0435 \u0438 \u043f\u0440\u043e\u0434\u0443\u043a\u0442\u044b \u043a\u043e\u0442\u043e\u0440\u044b\u0445 \u044f\u0432\u043b\u044f\u044e\u0442\u0441\u044f \u043c\u0430\u0440\u043a\u043e\u0439 \u0441\u0430\u043c\u043e\u0439 \u0432 \u0441\u0435\u0431\u0435. \u041d\u0430\u0448\u0438 \u0434\u0435\u043b\u043e\u0432\u044b\u0435 \u043f\u0430\u0440\u0442\u043d\u0435\u0440\u044b &#8211; \u044d\u0442\u043e \u0444\u0438\u0440\u043c\u044b \u0438\u0437 \u041f\u043e\u043b\u044c\u0448\u0438, \u0415\u0432\u0440\u043e\u043f\u0435\u0439\u0441\u043a\u043e\u0433\u043e \u0441\u043e\u044e\u0437\u0430, \u0421\u043e\u0435\u0434\u0438\u043d\u0435\u043d\u043d\u044b\u0445 \u0448\u0442\u0430\u0442\u043e\u0432 \u0438 \u0410\u0437\u0438\u0438, \u0430\u043a\u0442\u0438\u0432\u043d\u043e \u0440\u0430\u0431\u043e\u0442\u0430\u044e\u0449\u0438\u0435 \u043d\u0430 [&hellip;]<\/p>\n","protected":false},"author":1,"featured_media":0,"parent":7605,"menu_order":0,"comment_status":"closed","ping_status":"closed","template":"","meta":{"_acf_changed":false,"footnotes":""},"class_list":["post-7670","page","type-page","status-publish","hentry"],"acf":[],"yoast_head":"<!-- This site is optimized with the Yoast SEO plugin v20.11 - https:\/\/yoast.com\/wordpress\/plugins\/seo\/ -->\n<title>Nasi kluczowi partnerzy biznesowi oraz dostawcy: GoDan SA<\/title>\n<meta name=\"description\" content=\"GoDan stawiamy na sprawdzonych, kwalifikowanych partner\u00f3w z ugruntowan\u0105 pozycj\u0105 na rynkach \u015bwiatowych.\" \/>\n<meta name=\"robots\" content=\"index, follow, max-snippet:-1, max-image-preview:large, max-video-preview:-1\" \/>\n<link rel=\"canonical\" href=\"https:\/\/www.godan.pl\/ru\/o-\u0444\u0438\u0440\u043c\u0435\/\u043f\u0430\u0440\u0442\u043d\u0435\u0440\u044b-\u0438-\u043f\u043e\u0441\u0442\u0430\u0432\u0449\u0438\u043a\u0438\" \/>\n<meta property=\"og:locale\" content=\"ru_RU\" \/>\n<meta property=\"og:type\" content=\"article\" \/>\n<meta property=\"og:title\" content=\"Nasi kluczowi partnerzy biznesowi oraz dostawcy: GoDan SA\" \/>\n<meta property=\"og:description\" content=\"GoDan stawiamy na sprawdzonych, kwalifikowanych partner\u00f3w z ugruntowan\u0105 pozycj\u0105 na rynkach \u015bwiatowych.\" \/>\n<meta property=\"og:url\" content=\"https:\/\/www.godan.pl\/ru\/o-\u0444\u0438\u0440\u043c\u0435\/\u043f\u0430\u0440\u0442\u043d\u0435\u0440\u044b-\u0438-\u043f\u043e\u0441\u0442\u0430\u0432\u0449\u0438\u043a\u0438\" \/>\n<meta property=\"og:site_name\" content=\"Godan\" \/>\n<meta property=\"article:modified_time\" content=\"2017-07-21T17:42:14+00:00\" \/>\n<meta property=\"og:image\" content=\"https:\/\/www.godan.pl\/wp-content\/uploads\/2017\/05\/nasi_partnerzy-1024x105.jpg\" \/>\n<meta name=\"twitter:card\" content=\"summary_large_image\" \/>\n<script type=\"application\/ld+json\" class=\"yoast-schema-graph\">{\"@context\":\"https:\/\/schema.org\",\"@graph\":[{\"@type\":\"WebPage\",\"@id\":\"https:\/\/www.godan.pl\/ru\/o-%d1%84%d0%b8%d1%80%d0%bc%d0%b5\/%d0%bf%d0%b0%d1%80%d1%82%d0%bd%d0%b5%d1%80%d1%8b-%d0%b8-%d0%bf%d0%be%d1%81%d1%82%d0%b0%d0%b2%d1%89%d0%b8%d0%ba%d0%b8\",\"url\":\"https:\/\/www.godan.pl\/ru\/o-%d1%84%d0%b8%d1%80%d0%bc%d0%b5\/%d0%bf%d0%b0%d1%80%d1%82%d0%bd%d0%b5%d1%80%d1%8b-%d0%b8-%d0%bf%d0%be%d1%81%d1%82%d0%b0%d0%b2%d1%89%d0%b8%d0%ba%d0%b8\",\"name\":\"Nasi kluczowi partnerzy biznesowi oraz dostawcy: GoDan SA\",\"isPartOf\":{\"@id\":\"https:\/\/www.godan.pl\/fr\/#website\"},\"datePublished\":\"2017-05-31T08:33:38+00:00\",\"dateModified\":\"2017-07-21T17:42:14+00:00\",\"description\":\"GoDan stawiamy na sprawdzonych, kwalifikowanych partner\u00f3w z ugruntowan\u0105 pozycj\u0105 na rynkach \u015bwiatowych.\",\"breadcrumb\":{\"@id\":\"https:\/\/www.godan.pl\/ru\/o-%d1%84%d0%b8%d1%80%d0%bc%d0%b5\/%d0%bf%d0%b0%d1%80%d1%82%d0%bd%d0%b5%d1%80%d1%8b-%d0%b8-%d0%bf%d0%be%d1%81%d1%82%d0%b0%d0%b2%d1%89%d0%b8%d0%ba%d0%b8#breadcrumb\"},\"inLanguage\":\"ru-RU\",\"potentialAction\":[{\"@type\":\"ReadAction\",\"target\":[\"https:\/\/www.godan.pl\/ru\/o-%d1%84%d0%b8%d1%80%d0%bc%d0%b5\/%d0%bf%d0%b0%d1%80%d1%82%d0%bd%d0%b5%d1%80%d1%8b-%d0%b8-%d0%bf%d0%be%d1%81%d1%82%d0%b0%d0%b2%d1%89%d0%b8%d0%ba%d0%b8\"]}]},{\"@type\":\"BreadcrumbList\",\"@id\":\"https:\/\/www.godan.pl\/ru\/o-%d1%84%d0%b8%d1%80%d0%bc%d0%b5\/%d0%bf%d0%b0%d1%80%d1%82%d0%bd%d0%b5%d1%80%d1%8b-%d0%b8-%d0%bf%d0%be%d1%81%d1%82%d0%b0%d0%b2%d1%89%d0%b8%d0%ba%d0%b8#breadcrumb\",\"itemListElement\":[{\"@type\":\"ListItem\",\"position\":1,\"name\":\"Strona g\u0142\u00f3wna\",\"item\":\"https:\/\/www.godan.pl\/ru\"},{\"@type\":\"ListItem\",\"position\":2,\"name\":\"\u041e \u0444\u0438\u0440\u043c\u0435\",\"item\":\"https:\/\/www.godan.pl\/ru\/o-%d1%84%d0%b8%d1%80%d0%bc%d0%b5\"},{\"@type\":\"ListItem\",\"position\":3,\"name\":\"\u041f\u0430\u0440\u0442\u043d\u0435\u0440\u044b \u0438 \u043f\u043e\u0441\u0442\u0430\u0432\u0449\u0438\u043a\u0438\"}]},{\"@type\":\"WebSite\",\"@id\":\"https:\/\/www.godan.pl\/fr\/#website\",\"url\":\"https:\/\/www.godan.pl\/fr\/\",\"name\":\"Godan\",\"description\":\"Oferujemy szerok\u0105 ofert\u0119 balon\u00f3w, dekoracji sali, stroj\u00f3w karnawa\u0142owych, artyku\u0142y \u015blubnych i weselnych\",\"publisher\":{\"@id\":\"https:\/\/www.godan.pl\/fr\/#organization\"},\"potentialAction\":[{\"@type\":\"SearchAction\",\"target\":{\"@type\":\"EntryPoint\",\"urlTemplate\":\"https:\/\/www.godan.pl\/fr\/?s={search_term_string}\"},\"query-input\":\"required name=search_term_string\"}],\"inLanguage\":\"ru-RU\"},{\"@type\":\"Organization\",\"@id\":\"https:\/\/www.godan.pl\/fr\/#organization\",\"name\":\"GoDan S.A.\",\"url\":\"https:\/\/www.godan.pl\/fr\/\",\"logo\":{\"@type\":\"ImageObject\",\"inLanguage\":\"ru-RU\",\"@id\":\"https:\/\/www.godan.pl\/fr\/#\/schema\/logo\/image\/\",\"url\":\"https:\/\/www.godan.pl\/wp-content\/uploads\/2017\/08\/logo-godan-male-1.png\",\"contentUrl\":\"https:\/\/www.godan.pl\/wp-content\/uploads\/2017\/08\/logo-godan-male-1.png\",\"width\":185,\"height\":97,\"caption\":\"GoDan S.A.\"},\"image\":{\"@id\":\"https:\/\/www.godan.pl\/fr\/#\/schema\/logo\/image\/\"}}]}<\/script>\n<!-- \/ Yoast SEO plugin. -->","yoast_head_json":{"title":"Nasi kluczowi partnerzy biznesowi oraz dostawcy: GoDan SA","description":"GoDan stawiamy na sprawdzonych, kwalifikowanych partner\u00f3w z ugruntowan\u0105 pozycj\u0105 na rynkach \u015bwiatowych.","robots":{"index":"index","follow":"follow","max-snippet":"max-snippet:-1","max-image-preview":"max-image-preview:large","max-video-preview":"max-video-preview:-1"},"canonical":"https:\/\/www.godan.pl\/ru\/o-\u0444\u0438\u0440\u043c\u0435\/\u043f\u0430\u0440\u0442\u043d\u0435\u0440\u044b-\u0438-\u043f\u043e\u0441\u0442\u0430\u0432\u0449\u0438\u043a\u0438","og_locale":"ru_RU","og_type":"article","og_title":"Nasi kluczowi partnerzy biznesowi oraz dostawcy: GoDan SA","og_description":"GoDan stawiamy na sprawdzonych, kwalifikowanych partner\u00f3w z ugruntowan\u0105 pozycj\u0105 na rynkach \u015bwiatowych.","og_url":"https:\/\/www.godan.pl\/ru\/o-\u0444\u0438\u0440\u043c\u0435\/\u043f\u0430\u0440\u0442\u043d\u0435\u0440\u044b-\u0438-\u043f\u043e\u0441\u0442\u0430\u0432\u0449\u0438\u043a\u0438","og_site_name":"Godan","article_modified_time":"2017-07-21T17:42:14+00:00","og_image":[{"url":"https:\/\/www.godan.pl\/wp-content\/uploads\/2017\/05\/nasi_partnerzy-1024x105.jpg"}],"twitter_card":"summary_large_image","schema":{"@context":"https:\/\/schema.org","@graph":[{"@type":"WebPage","@id":"https:\/\/www.godan.pl\/ru\/o-%d1%84%d0%b8%d1%80%d0%bc%d0%b5\/%d0%bf%d0%b0%d1%80%d1%82%d0%bd%d0%b5%d1%80%d1%8b-%d0%b8-%d0%bf%d0%be%d1%81%d1%82%d0%b0%d0%b2%d1%89%d0%b8%d0%ba%d0%b8","url":"https:\/\/www.godan.pl\/ru\/o-%d1%84%d0%b8%d1%80%d0%bc%d0%b5\/%d0%bf%d0%b0%d1%80%d1%82%d0%bd%d0%b5%d1%80%d1%8b-%d0%b8-%d0%bf%d0%be%d1%81%d1%82%d0%b0%d0%b2%d1%89%d0%b8%d0%ba%d0%b8","name":"Nasi kluczowi partnerzy biznesowi oraz dostawcy: GoDan SA","isPartOf":{"@id":"https:\/\/www.godan.pl\/fr\/#website"},"datePublished":"2017-05-31T08:33:38+00:00","dateModified":"2017-07-21T17:42:14+00:00","description":"GoDan stawiamy na sprawdzonych, kwalifikowanych partner\u00f3w z ugruntowan\u0105 pozycj\u0105 na rynkach \u015bwiatowych.","breadcrumb":{"@id":"https:\/\/www.godan.pl\/ru\/o-%d1%84%d0%b8%d1%80%d0%bc%d0%b5\/%d0%bf%d0%b0%d1%80%d1%82%d0%bd%d0%b5%d1%80%d1%8b-%d0%b8-%d0%bf%d0%be%d1%81%d1%82%d0%b0%d0%b2%d1%89%d0%b8%d0%ba%d0%b8#breadcrumb"},"inLanguage":"ru-RU","potentialAction":[{"@type":"ReadAction","target":["https:\/\/www.godan.pl\/ru\/o-%d1%84%d0%b8%d1%80%d0%bc%d0%b5\/%d0%bf%d0%b0%d1%80%d1%82%d0%bd%d0%b5%d1%80%d1%8b-%d0%b8-%d0%bf%d0%be%d1%81%d1%82%d0%b0%d0%b2%d1%89%d0%b8%d0%ba%d0%b8"]}]},{"@type":"BreadcrumbList","@id":"https:\/\/www.godan.pl\/ru\/o-%d1%84%d0%b8%d1%80%d0%bc%d0%b5\/%d0%bf%d0%b0%d1%80%d1%82%d0%bd%d0%b5%d1%80%d1%8b-%d0%b8-%d0%bf%d0%be%d1%81%d1%82%d0%b0%d0%b2%d1%89%d0%b8%d0%ba%d0%b8#breadcrumb","itemListElement":[{"@type":"ListItem","position":1,"name":"Strona g\u0142\u00f3wna","item":"https:\/\/www.godan.pl\/ru"},{"@type":"ListItem","position":2,"name":"\u041e \u0444\u0438\u0440\u043c\u0435","item":"https:\/\/www.godan.pl\/ru\/o-%d1%84%d0%b8%d1%80%d0%bc%d0%b5"},{"@type":"ListItem","position":3,"name":"\u041f\u0430\u0440\u0442\u043d\u0435\u0440\u044b \u0438 \u043f\u043e\u0441\u0442\u0430\u0432\u0449\u0438\u043a\u0438"}]},{"@type":"WebSite","@id":"https:\/\/www.godan.pl\/fr\/#website","url":"https:\/\/www.godan.pl\/fr\/","name":"Godan","description":"Oferujemy szerok\u0105 ofert\u0119 balon\u00f3w, dekoracji sali, stroj\u00f3w karnawa\u0142owych, artyku\u0142y \u015blubnych i weselnych","publisher":{"@id":"https:\/\/www.godan.pl\/fr\/#organization"},"potentialAction":[{"@type":"SearchAction","target":{"@type":"EntryPoint","urlTemplate":"https:\/\/www.godan.pl\/fr\/?s={search_term_string}"},"query-input":"required name=search_term_string"}],"inLanguage":"ru-RU"},{"@type":"Organization","@id":"https:\/\/www.godan.pl\/fr\/#organization","name":"GoDan S.A.","url":"https:\/\/www.godan.pl\/fr\/","logo":{"@type":"ImageObject","inLanguage":"ru-RU","@id":"https:\/\/www.godan.pl\/fr\/#\/schema\/logo\/image\/","url":"https:\/\/www.godan.pl\/wp-content\/uploads\/2017\/08\/logo-godan-male-1.png","contentUrl":"https:\/\/www.godan.pl\/wp-content\/uploads\/2017\/08\/logo-godan-male-1.png","width":185,"height":97,"caption":"GoDan S.A."},"image":{"@id":"https:\/\/www.godan.pl\/fr\/#\/schema\/logo\/image\/"}}]}},"_links":{"self":[{"href":"https:\/\/www.godan.pl\/ru\/wp-json\/wp\/v2\/pages\/7670"}],"collection":[{"href":"https:\/\/www.godan.pl\/ru\/wp-json\/wp\/v2\/pages"}],"about":[{"href":"https:\/\/www.godan.pl\/ru\/wp-json\/wp\/v2\/types\/page"}],"author":[{"embeddable":true,"href":"https:\/\/www.godan.pl\/ru\/wp-json\/wp\/v2\/users\/1"}],"replies":[{"embeddable":true,"href":"https:\/\/www.godan.pl\/ru\/wp-json\/wp\/v2\/comments?post=7670"}],"version-history":[{"count":7,"href":"https:\/\/www.godan.pl\/ru\/wp-json\/wp\/v2\/pages\/7670\/revisions"}],"predecessor-version":[{"id":10147,"href":"https:\/\/www.godan.pl\/ru\/wp-json\/wp\/v2\/pages\/7670\/revisions\/10147"}],"up":[{"embeddable":true,"href":"https:\/\/www.godan.pl\/ru\/wp-json\/wp\/v2\/pages\/7605"}],"wp:attachment":[{"href":"https:\/\/www.godan.pl\/ru\/wp-json\/wp\/v2\/media?parent=7670"}],"curies":[{"name":"wp","href":"https:\/\/api.w.org\/{rel}","templated":true}]}}