{"id":7640,"date":"2017-05-27T15:26:07","date_gmt":"2017-05-27T15:26:07","guid":{"rendered":"https:\/\/www.godan.pl\/o-firmie\/godan-s-a\/"},"modified":"2023-03-13T11:42:04","modified_gmt":"2023-03-13T11:42:04","slug":"godan-s-a","status":"publish","type":"page","link":"https:\/\/www.godan.pl\/ru\/o-%d1%84%d0%b8%d1%80%d0%bc%d0%b5\/godan-s-a","title":{"rendered":"GoDan S.A."},"content":{"rendered":"<p>\u0418\u0441\u0442\u043e\u0440\u0438\u044f &#8220;GoDan&#8221; \u0434\u043e\u0441\u0442\u0438\u0433\u0430\u0435\u0442 1991 \u0433\u043e\u0434\u0430. \u0421 \u0441\u0430\u043c\u043e\u0433\u043e \u043d\u0430\u0447\u0430\u043b\u0430 \u043d\u0430\u0448\u0435 \u043f\u0440\u0435\u0434\u043b\u043e\u0436\u0435\u043d\u0438\u0435 \u0441\u043e\u0441\u0440\u0435\u0434\u043e\u0442\u043e\u0447\u0435\u043d\u043e \u0432\u043e\u043a\u0440\u0443\u0433 \u0442\u0435\u043c\u044b &#8220;\u0412\u0435\u0447\u0435\u0440\u0438\u043d\u043a\u0430&#8221;.<\/p>\n<p>\u041c\u044b \u044f\u0432\u043b\u044f\u0435\u043c\u0441\u044f \u043b\u0438\u0434\u0435\u0440\u043e\u043c \u043d\u0430 \u043f\u043e\u043b\u044c\u0441\u043a\u043e\u043c \u0440\u044b\u043d\u043a\u0435 \u0438 \u0437\u043d\u0430\u0447\u0438\u0442\u0435\u043b\u044c\u043d\u044b\u043c \u043f\u0430\u0440\u0442\u043d\u0435\u0440\u043e\u043c \u0432 \u0415\u0432\u0440\u043e\u043f\u0435 \u0432 \u043f\u0440\u043e\u0438\u0437\u0432\u043e\u0434\u0441\u0442\u0432\u0435, \u043f\u0440\u043e\u0434\u0430\u0436\u0435 \u0438 \u0448\u0438\u0440\u043e\u043a\u043e\u0439 \u0434\u0438\u0441\u0442\u0440\u0438\u0431\u0443\u0446\u0438\u0438 \u0433\u0430\u043c\u043c\u044b \u0442\u043e\u0432\u0430\u0440\u043e\u0432 \u0434\u043b\u044f \u0432\u0435\u0447\u0435\u0440\u0438\u043d\u043e\u043a, \u043f\u0440\u0430\u0437\u0434\u043d\u0438\u043a\u043e\u0432 \u0438 \u0442\u043e\u0440\u0436\u0435\u0441\u0442\u0432.<\/p>\n<p>\u041d\u0430\u0448\u0438 \u043f\u0440\u043e\u0434\u0443\u043a\u0442\u044b \u0432\u0435\u0437\u0434\u0435, \u0433\u0434\u0435 \u0441\u043e\u0432\u043c\u0435\u0441\u0442\u043d\u043e \u043f\u0440\u0430\u0437\u0434\u043d\u0443\u044e\u0442 \u0441\u043e\u0431\u044b\u0442\u0438\u044f: \u0434\u0435\u043d\u044c \u0440\u043e\u0436\u0434\u0435\u043d\u0438\u044f, \u0438\u043c\u0435\u043d\u0438\u043d\u044b, \u043f\u0440\u0430\u0437\u0434\u043d\u0438\u043a\u0438, \u0433\u043e\u0434\u043e\u0432\u0449\u0438\u043d\u044b, \u043d\u0430 \u043f\u0438\u0440\u0430\u0445, \u0432\u043e\u0437\u0432\u044b\u0448\u0435\u043d\u043d\u044b\u0445 \u0442\u043e\u0440\u0436\u0435\u0441\u0442\u0432\u0430\u0445 \u0438 \u0434\u043e\u043c\u0430\u0448\u043d\u0438\u0445 \u0432\u0435\u0447\u0435\u0440\u0438\u043d\u043a\u0430\u0445, \u043d\u0430 \u0432\u0435\u0447\u0435\u0440\u043d\u0438\u0445 \u0431\u0430\u043b\u043b\u0430\u0445 \u0438 \u0434\u0435\u0442\u0441\u043a\u0438\u0445 \u043f\u0440\u0435\u0434\u0441\u0442\u0430\u0432\u043b\u0435\u043d\u0438\u044f\u0445. \u041c\u044b \u0432\u0434\u043e\u0445\u043d\u043e\u0432\u043b\u044f\u0435\u043c \u0438 \u043f\u043e\u0434\u0434\u0435\u0440\u0436\u0438\u0432\u0430\u0435\u043c \u043e\u0440\u0433\u0430\u043d\u0438\u0437\u0430\u0446\u0438\u044e \u0432\u0435\u0447\u0435\u0440\u0438\u043d\u043e\u043a, \u043f\u043e\u043c\u043e\u0433\u0430\u044f \u043d\u0430\u0439\u0442\u0438 \u043f\u0440\u0435\u0434\u043c\u0435\u0442\u044b, \u0441\u043e\u043e\u0442\u0432\u0435\u0442\u0441\u0442\u0432\u0443\u044e\u0449\u0438\u0435 \u043e\u0436\u0438\u0434\u0430\u043d\u0438\u044f\u043c \u0438 \u043c\u0435\u0447\u0442\u0430\u043c \u043a\u043b\u0438\u0435\u043d\u0442\u043e\u0432.<\/p>\n<p>\u0411\u043b\u0430\u0433\u043e\u0434\u0430\u0440\u044f \u043d\u0430\u043c \u0441\u043e\u0431\u044b\u0442\u0438\u044f \u0438 \u0442\u043e\u0440\u0436\u0435\u0441\u0442\u0432\u0430 \u0441\u0442\u0430\u043d\u043e\u0432\u044f\u0442\u0441\u044f \u0435\u0449\u0435 \u0431\u043e\u043b\u0435\u0435 \u0438\u0441\u043a\u043b\u044e\u0447\u0438\u0442\u0435\u043b\u044c\u043d\u044b\u043c\u0438 \u0438 \u043d\u0435\u0437\u0430\u0431\u044b\u0432\u0430\u0435\u043c\u044b\u043c\u0438.<\/p>\n<p><img loading=\"lazy\" decoding=\"async\" width=\"1399\" height=\"243\" class=\"alignnone size-full wp-image-6868\" src=\"https:\/\/www.godan.pl\/wp-content\/uploads\/2017\/05\/balony_maski_akcesoria_urodzinowe.jpg\" alt=\"Portfolio GoDan: balony, maski karnawa\u0142owe, akcesoria urodzinowe.\" srcset=\"https:\/\/www.godan.pl\/wp-content\/uploads\/2017\/05\/balony_maski_akcesoria_urodzinowe.jpg 1399w, https:\/\/www.godan.pl\/wp-content\/uploads\/2017\/05\/balony_maski_akcesoria_urodzinowe-300x52.jpg 300w, https:\/\/www.godan.pl\/wp-content\/uploads\/2017\/05\/balony_maski_akcesoria_urodzinowe-768x133.jpg 768w, https:\/\/www.godan.pl\/wp-content\/uploads\/2017\/05\/balony_maski_akcesoria_urodzinowe-1024x178.jpg 1024w, https:\/\/www.godan.pl\/wp-content\/uploads\/2017\/05\/balony_maski_akcesoria_urodzinowe-200x35.jpg 200w\" sizes=\"(max-width: 1399px) 100vw, 1399px\" \/><\/p>\n<p>\u041a\u0430\u0436\u0434\u044b\u0439 \u0434\u0435\u043d\u044c \u043c\u0438 \u0440\u0430\u0431\u043e\u0442\u0430\u0435\u043c, \u0447\u0442\u043e\u0431\u044b \u0437\u0430\u043d\u0438\u043c\u0430\u0442\u044c 1 \u043c\u0435\u0441\u0442\u043e \u0432 \u043e\u0442\u0440\u0430\u0441\u043b\u0438. \u041d\u0430\u0448 \u043b\u043e\u0437\u0443\u043d\u0433 &#8220;Party&#8217;s first choice&#8221; \u0432\u044b\u0440\u0430\u0436\u0430\u0435\u0442 \u043d\u0435 \u0442\u043e\u043b\u044c\u043a\u043e \u0438\u0441\u043a\u0440\u0435\u043d\u043d\u0435\u0435 \u0436\u0435\u043b\u0430\u043d\u0438\u0435 \u043d\u043e \u0442\u0430\u043a\u0436\u0435 \u043e\u043f\u0440\u0435\u0434\u0435\u043b\u044f\u0435\u0442 \u0440\u044b\u043d\u043e\u0447\u043d\u0443\u044e \u043f\u043e\u0437\u0438\u0446\u0438\u044e.<\/p>\n<p><img loading=\"lazy\" decoding=\"async\" width=\"800\" height=\"221\" src=\"https:\/\/www.godan.pl\/wp-content\/uploads\/2023\/03\/PARTYS-FIRST-CHOICE-haslo.png\" alt=\"Party's first choice\" class=\"aligncenter size-full wp-image-23936\" srcset=\"https:\/\/www.godan.pl\/wp-content\/uploads\/2023\/03\/PARTYS-FIRST-CHOICE-haslo.png 800w, https:\/\/www.godan.pl\/wp-content\/uploads\/2023\/03\/PARTYS-FIRST-CHOICE-haslo-300x83.png 300w, https:\/\/www.godan.pl\/wp-content\/uploads\/2023\/03\/PARTYS-FIRST-CHOICE-haslo-768x212.png 768w, https:\/\/www.godan.pl\/wp-content\/uploads\/2023\/03\/PARTYS-FIRST-CHOICE-haslo-200x55.png 200w\" sizes=\"(max-width: 800px) 100vw, 800px\" \/><\/p>\n<p>\u041f\u0440\u0438\u043d\u0438\u043c\u0430\u044f \u0432\u043e \u0432\u043d\u0438\u043c\u0430\u043d\u0438\u0435 \u0443\u0434\u043e\u0432\u043b\u0435\u0442\u0432\u043e\u0440\u0435\u043d\u0438\u0435 \u043a\u043b\u0438\u0435\u043d\u0442\u043e\u0432 \u043c\u044b \u0437\u0430\u0431\u043e\u0442\u0438\u043c\u0441\u044f \u043e \u0432\u044b\u0441\u043e\u043a\u043e\u043c \u043a\u0430\u0447\u0435\u0441\u0442\u0432\u0435 \u0438 \u043f\u043e\u043c\u043d\u0438\u043c, \u0447\u0442\u043e \u0434\u043e\u0441\u0442\u0443\u043f\u043d\u0430\u044f \u0446\u0435\u043d\u0430 \u044f\u0432\u043b\u044f\u0435\u0442\u0441\u044f \u0442\u0430\u043a\u0436\u0435 \u044d\u043b\u0435\u043c\u0435\u043d\u0442\u043e\u043c \u043f\u0440\u0438\u0432\u043b\u0435\u043a\u0430\u0442\u0435\u043b\u044c\u043d\u043e\u0441\u0442\u0438. \u0411\u043e\u043b\u0435\u0435 \u043f\u043e\u0434\u0440\u043e\u0431\u043d\u043e \u043e \u0442\u043e\u043c, \u043a\u0430\u043a \u043c\u044b \u0441\u0442\u0440\u043e\u0438\u043c \u043a\u043e\u043d\u043a\u0443\u0440\u0435\u043d\u0442\u043d\u043e\u0435 \u043f\u0440\u0435\u0438\u043c\u0443\u0449\u0435\u0441\u0442\u0432\u043e \u0438 \u043f\u043e\u0447\u0435\u043c\u0443 \u0441\u0442\u043e\u0438\u0442 \u0441 \u043d\u0430\u043c\u0438 \u0441\u043e\u0442\u0440\u0443\u0434\u043d\u0438\u0447\u0430\u0442\u044c, \u0412\u044b \u0443\u0437\u043d\u0430\u0435\u0442\u0435 \u0432 \u0440\u0430\u0437\u0434\u0435\u043b\u0435 &#8220;\u041f\u043e\u0447\u0435\u043c\u0443 \u043c\u044b&#8221;?<\/p>\n<p class=\"paragraph__no__margin\">\u041d\u0435\u0441\u043a\u043e\u043b\u044c\u043a\u043e \u0438\u043d\u0442\u0435\u0440\u0435\u0441\u043d\u044b\u0445 \u0444\u0430\u043a\u0442\u043e\u0432 \u043e &#8220;GoDan&#8221;:\n<\/p>\n<ul class=\"star \">\n<li>\u043c\u044b \u0440\u0430\u0431\u043e\u0442\u0430\u0435\u043c \u0441 1991 \u0433\u043e\u0434\u0430, \u0442\u043e \u0435\u0441\u0442\u044c \u0431\u043e\u043b\u0435\u0435 30 \u043b\u0435\u0442<\/li>\n<li>\u043c\u044b \u044f\u0432\u043b\u044f\u0435\u043c\u0441\u044f \u043f\u0440\u043e\u0438\u0437\u0432\u043e\u0434\u0438\u0442\u0435\u043b\u0435\u043c \u0438 \u043d\u0435\u043f\u043e\u0441\u0440\u0435\u0434\u0441\u0442\u0432\u0435\u043d\u043d\u044b\u043c \u0438\u043c\u043f\u043e\u0440\u0442\u0435\u0440\u043e\u043c, \u0443 \u043d\u0430\u0441 \u0438\u0441\u043a\u043b\u044e\u0447\u0438\u0442\u0435\u043b\u044c\u043d\u043e\u0435 \u043f\u0440\u0430\u0432\u043e \u043d\u0430 \u0434\u0438\u0441\u0442\u0440\u0438\u0431\u0443\u0446\u0438\u044e \u043c\u043d\u043e\u0433\u0438\u0445 \u043c\u0430\u0440\u043e\u043a \u043d\u0430 \u043f\u043e\u043b\u044c\u0441\u043a\u043e\u043c \u0440\u044b\u043d\u043a\u0435<\/li>\n<li>\u043c\u044b \u0442\u0440\u0443\u0434\u043e\u0443\u0441\u0442\u0440\u0430\u0438\u0432\u0430\u0435\u043c \u043f\u0440\u0438\u043c\u0435\u0440\u043d\u043e 100 \u0447\u0435\u043b\u043e\u0432\u0435\u043a<\/li>\n<li>\u043f\u043b\u043e\u0449\u0430\u0434\u044c \u043d\u0430\u0448\u0435\u0433\u043e \u0441\u043a\u043b\u0430\u0434\u0430 \u0431\u043e\u043b\u0435\u0435 5 000 \u043c2, \u0433\u0434\u0435 \u043f\u043e\u043c\u0435\u0449\u0430\u0435\u0442\u0441\u044f 4 000 \u043f\u043e\u0434\u0434\u043e\u043d\u043e\u0432<\/li>\n<li>\u043d\u0430\u0448\u0435 \u043f\u0440\u0435\u0434\u043b\u043e\u0436\u0435\u043d\u0438\u0435 \u043d\u0430\u0441\u0447\u0438\u0442\u044b\u0432\u0430\u0435\u0442 \u0431\u043e\u043b\u0435\u0435 11 000 \u043f\u0440\u043e\u0434\u0443\u043a\u0442\u043e\u0432<\/li>\n<li>\u0443 \u043d\u0430\u0441 \u0435\u0441\u0442\u044c &#8220;showroom&#8221; \u0440\u0430\u0437\u043c\u0435\u0440\u043e\u043c 1 200 \u043c2<\/li>\n<li>\u043c\u044b \u044d\u043a\u0441\u043f\u043e\u0440\u0442\u0438\u0440\u0443\u0435\u043c \u043f\u0440\u043e\u0434\u0443\u043a\u0442\u044b \u0432 24 \u0441\u0442\u0440\u0430\u043d\u044b<\/li>\n<li>\u043c\u044b \u043f\u0440\u043e\u0434\u0430\u043b\u0438 \u0443\u0436\u0435 \u0431\u043e\u043b\u0435\u0435 20 000 000 000 (\u043f\u0440\u043e\u043f\u0438\u0441\u044c\u044e: \u0434\u0432\u0430\u0434\u0446\u0430\u0442\u0438 \u043c\u0438\u043b\u043b\u0438\u0430\u0440\u0434\u043e\u0432) \u0448\u0430\u0440\u0438\u043a\u043e\u0432 &#8211; \u0441\u0442\u0430\u0442\u0438\u0441\u0442\u0438\u0447\u0435\u0441\u043a\u0438 \u0432\u044b\u0445\u043e\u0434\u0438\u0442 \u0431\u043e\u043b\u0435\u0435 500 \u0448\u0442\u0443\u043a \u043d\u0430 \u043a\u0430\u0436\u0434\u043e\u0433\u043e \u043f\u043e\u043b\u044f\u043a\u0430 (\u0438 \u044d\u0442\u043e \u0447\u0438\u0441\u043b\u043e \u0441 \u043a\u0430\u0436\u0434\u044b\u043c \u0434\u043d\u0435\u043c \u0443\u0432\u0435\u043b\u0438\u0447\u0438\u0432\u0430\u0435\u0442\u0441\u044f!)<\/li>\n<li>\u0441 \u0441\u0430\u043c\u043e\u0433\u043e \u043d\u0430\u0447\u0430\u043b\u0430 \u0444\u0438\u0440\u043c\u043e\u0439 \u0440\u0443\u043a\u043e\u0432\u043e\u0434\u0438\u0442 \u043e\u0434\u0438\u043d \u043f\u0440\u0435\u0434\u0441\u0435\u0434\u0430\u0442\u0435\u043b\u044c<\/li>\n<\/ul>\n<p>\u041c\u044b \u0440\u0435\u0433\u0443\u043b\u044f\u0440\u043d\u043e \u043f\u043e\u0434\u0434\u0435\u0440\u0436\u0438\u0432\u0430\u0435\u043c \u043e\u0431\u0449\u0435\u0441\u0442\u0432\u0435\u043d\u043d\u044b\u0435, \u043a\u0443\u043b\u044c\u0442\u0443\u0440\u043d\u044b\u0435 \u0438 \u0441\u043f\u043e\u0440\u0442\u0438\u0432\u043d\u044b\u0435 \u0438\u043d\u0438\u0446\u0438\u0430\u0442\u0438\u0432\u044b.<\/p>\n<p><img loading=\"lazy\" decoding=\"async\" width=\"439\" height=\"96\" class=\"aligncenter size-full wp-image-6957\" src=\"https:\/\/www.godan.pl\/wp-content\/uploads\/2017\/05\/image009.png\" alt=\"nagrody\" srcset=\"https:\/\/www.godan.pl\/wp-content\/uploads\/2017\/05\/image009.png 439w, https:\/\/www.godan.pl\/wp-content\/uploads\/2017\/05\/image009-300x66.png 300w, https:\/\/www.godan.pl\/wp-content\/uploads\/2017\/05\/image009-200x44.png 200w\" sizes=\"(max-width: 439px) 100vw, 439px\" \/><\/p>\n","protected":false},"excerpt":{"rendered":"<p>Historia GoDan si\u0119ga 1991 roku. Od pocz\u0105tku dzia\u0142alno\u015bci nasza oferta by\u0142a skupiona\u2026<\/p>\n","protected":false},"author":1,"featured_media":3009,"parent":7605,"menu_order":0,"comment_status":"closed","ping_status":"closed","template":"","meta":{"_acf_changed":false,"footnotes":""},"class_list":["post-7640","page","type-page","status-publish","has-post-thumbnail","hentry"],"acf":[],"yoast_head":"<!-- This site is optimized with the Yoast SEO plugin v20.11 - https:\/\/yoast.com\/wordpress\/plugins\/seo\/ -->\n<title>Historia, zakres dzia\u0142alno\u015bci i oferta: GoDan SA<\/title>\n<meta name=\"description\" content=\"Od 1991 roku GoDan oferuje artyku\u0142y zwi\u0105zane z tematem Party. Nasze produkty mo\u017cna na du\u017cych i ma\u0142ych imprezach, urodzinach, balach, uroczysto\u015bciach.\" \/>\n<meta name=\"robots\" content=\"index, follow, max-snippet:-1, max-image-preview:large, max-video-preview:-1\" \/>\n<link rel=\"canonical\" href=\"https:\/\/www.godan.pl\/ru\/o-\u0444\u0438\u0440\u043c\u0435\/godan-s-a\" \/>\n<meta property=\"og:locale\" content=\"ru_RU\" \/>\n<meta property=\"og:type\" content=\"article\" \/>\n<meta property=\"og:title\" content=\"Historia, zakres dzia\u0142alno\u015bci i oferta: GoDan SA\" \/>\n<meta property=\"og:description\" content=\"Od 1991 roku GoDan oferuje artyku\u0142y zwi\u0105zane z tematem Party. Nasze produkty mo\u017cna na du\u017cych i ma\u0142ych imprezach, urodzinach, balach, uroczysto\u015bciach.\" \/>\n<meta property=\"og:url\" content=\"https:\/\/www.godan.pl\/ru\/o-\u0444\u0438\u0440\u043c\u0435\/godan-s-a\" \/>\n<meta property=\"og:site_name\" content=\"Godan\" \/>\n<meta property=\"article:modified_time\" content=\"2023-03-13T11:42:04+00:00\" \/>\n<meta property=\"og:image\" content=\"https:\/\/www.godan.pl\/wp-content\/uploads\/2017\/05\/shutterstock_376717561-Kopia.jpg\" \/>\n\t<meta property=\"og:image:width\" content=\"6016\" \/>\n\t<meta property=\"og:image:height\" content=\"3012\" \/>\n\t<meta property=\"og:image:type\" content=\"image\/jpeg\" \/>\n<meta name=\"twitter:card\" content=\"summary_large_image\" \/>\n<script type=\"application\/ld+json\" class=\"yoast-schema-graph\">{\"@context\":\"https:\/\/schema.org\",\"@graph\":[{\"@type\":\"WebPage\",\"@id\":\"https:\/\/www.godan.pl\/ru\/o-%d1%84%d0%b8%d1%80%d0%bc%d0%b5\/godan-s-a\",\"url\":\"https:\/\/www.godan.pl\/ru\/o-%d1%84%d0%b8%d1%80%d0%bc%d0%b5\/godan-s-a\",\"name\":\"Historia, zakres dzia\u0142alno\u015bci i oferta: GoDan SA\",\"isPartOf\":{\"@id\":\"https:\/\/www.godan.pl\/fr\/#website\"},\"datePublished\":\"2017-05-27T15:26:07+00:00\",\"dateModified\":\"2023-03-13T11:42:04+00:00\",\"description\":\"Od 1991 roku GoDan oferuje artyku\u0142y zwi\u0105zane z tematem Party. Nasze produkty mo\u017cna na du\u017cych i ma\u0142ych imprezach, urodzinach, balach, uroczysto\u015bciach.\",\"breadcrumb\":{\"@id\":\"https:\/\/www.godan.pl\/ru\/o-%d1%84%d0%b8%d1%80%d0%bc%d0%b5\/godan-s-a#breadcrumb\"},\"inLanguage\":\"ru-RU\",\"potentialAction\":[{\"@type\":\"ReadAction\",\"target\":[\"https:\/\/www.godan.pl\/ru\/o-%d1%84%d0%b8%d1%80%d0%bc%d0%b5\/godan-s-a\"]}]},{\"@type\":\"BreadcrumbList\",\"@id\":\"https:\/\/www.godan.pl\/ru\/o-%d1%84%d0%b8%d1%80%d0%bc%d0%b5\/godan-s-a#breadcrumb\",\"itemListElement\":[{\"@type\":\"ListItem\",\"position\":1,\"name\":\"Strona g\u0142\u00f3wna\",\"item\":\"https:\/\/www.godan.pl\/ru\"},{\"@type\":\"ListItem\",\"position\":2,\"name\":\"\u041e \u0444\u0438\u0440\u043c\u0435\",\"item\":\"https:\/\/www.godan.pl\/ru\/o-%d1%84%d0%b8%d1%80%d0%bc%d0%b5\"},{\"@type\":\"ListItem\",\"position\":3,\"name\":\"GoDan S.A.\"}]},{\"@type\":\"WebSite\",\"@id\":\"https:\/\/www.godan.pl\/fr\/#website\",\"url\":\"https:\/\/www.godan.pl\/fr\/\",\"name\":\"Godan\",\"description\":\"Oferujemy szerok\u0105 ofert\u0119 balon\u00f3w, dekoracji sali, stroj\u00f3w karnawa\u0142owych, artyku\u0142y \u015blubnych i weselnych\",\"publisher\":{\"@id\":\"https:\/\/www.godan.pl\/fr\/#organization\"},\"potentialAction\":[{\"@type\":\"SearchAction\",\"target\":{\"@type\":\"EntryPoint\",\"urlTemplate\":\"https:\/\/www.godan.pl\/fr\/?s={search_term_string}\"},\"query-input\":\"required name=search_term_string\"}],\"inLanguage\":\"ru-RU\"},{\"@type\":\"Organization\",\"@id\":\"https:\/\/www.godan.pl\/fr\/#organization\",\"name\":\"GoDan S.A.\",\"url\":\"https:\/\/www.godan.pl\/fr\/\",\"logo\":{\"@type\":\"ImageObject\",\"inLanguage\":\"ru-RU\",\"@id\":\"https:\/\/www.godan.pl\/fr\/#\/schema\/logo\/image\/\",\"url\":\"https:\/\/www.godan.pl\/wp-content\/uploads\/2017\/08\/logo-godan-male-1.png\",\"contentUrl\":\"https:\/\/www.godan.pl\/wp-content\/uploads\/2017\/08\/logo-godan-male-1.png\",\"width\":185,\"height\":97,\"caption\":\"GoDan S.A.\"},\"image\":{\"@id\":\"https:\/\/www.godan.pl\/fr\/#\/schema\/logo\/image\/\"}}]}<\/script>\n<!-- \/ Yoast SEO plugin. -->","yoast_head_json":{"title":"Historia, zakres dzia\u0142alno\u015bci i oferta: GoDan SA","description":"Od 1991 roku GoDan oferuje artyku\u0142y zwi\u0105zane z tematem Party. Nasze produkty mo\u017cna na du\u017cych i ma\u0142ych imprezach, urodzinach, balach, uroczysto\u015bciach.","robots":{"index":"index","follow":"follow","max-snippet":"max-snippet:-1","max-image-preview":"max-image-preview:large","max-video-preview":"max-video-preview:-1"},"canonical":"https:\/\/www.godan.pl\/ru\/o-\u0444\u0438\u0440\u043c\u0435\/godan-s-a","og_locale":"ru_RU","og_type":"article","og_title":"Historia, zakres dzia\u0142alno\u015bci i oferta: GoDan SA","og_description":"Od 1991 roku GoDan oferuje artyku\u0142y zwi\u0105zane z tematem Party. Nasze produkty mo\u017cna na du\u017cych i ma\u0142ych imprezach, urodzinach, balach, uroczysto\u015bciach.","og_url":"https:\/\/www.godan.pl\/ru\/o-\u0444\u0438\u0440\u043c\u0435\/godan-s-a","og_site_name":"Godan","article_modified_time":"2023-03-13T11:42:04+00:00","og_image":[{"width":6016,"height":3012,"url":"https:\/\/www.godan.pl\/wp-content\/uploads\/2017\/05\/shutterstock_376717561-Kopia.jpg","type":"image\/jpeg"}],"twitter_card":"summary_large_image","schema":{"@context":"https:\/\/schema.org","@graph":[{"@type":"WebPage","@id":"https:\/\/www.godan.pl\/ru\/o-%d1%84%d0%b8%d1%80%d0%bc%d0%b5\/godan-s-a","url":"https:\/\/www.godan.pl\/ru\/o-%d1%84%d0%b8%d1%80%d0%bc%d0%b5\/godan-s-a","name":"Historia, zakres dzia\u0142alno\u015bci i oferta: GoDan SA","isPartOf":{"@id":"https:\/\/www.godan.pl\/fr\/#website"},"datePublished":"2017-05-27T15:26:07+00:00","dateModified":"2023-03-13T11:42:04+00:00","description":"Od 1991 roku GoDan oferuje artyku\u0142y zwi\u0105zane z tematem Party. Nasze produkty mo\u017cna na du\u017cych i ma\u0142ych imprezach, urodzinach, balach, uroczysto\u015bciach.","breadcrumb":{"@id":"https:\/\/www.godan.pl\/ru\/o-%d1%84%d0%b8%d1%80%d0%bc%d0%b5\/godan-s-a#breadcrumb"},"inLanguage":"ru-RU","potentialAction":[{"@type":"ReadAction","target":["https:\/\/www.godan.pl\/ru\/o-%d1%84%d0%b8%d1%80%d0%bc%d0%b5\/godan-s-a"]}]},{"@type":"BreadcrumbList","@id":"https:\/\/www.godan.pl\/ru\/o-%d1%84%d0%b8%d1%80%d0%bc%d0%b5\/godan-s-a#breadcrumb","itemListElement":[{"@type":"ListItem","position":1,"name":"Strona g\u0142\u00f3wna","item":"https:\/\/www.godan.pl\/ru"},{"@type":"ListItem","position":2,"name":"\u041e \u0444\u0438\u0440\u043c\u0435","item":"https:\/\/www.godan.pl\/ru\/o-%d1%84%d0%b8%d1%80%d0%bc%d0%b5"},{"@type":"ListItem","position":3,"name":"GoDan S.A."}]},{"@type":"WebSite","@id":"https:\/\/www.godan.pl\/fr\/#website","url":"https:\/\/www.godan.pl\/fr\/","name":"Godan","description":"Oferujemy szerok\u0105 ofert\u0119 balon\u00f3w, dekoracji sali, stroj\u00f3w karnawa\u0142owych, artyku\u0142y \u015blubnych i weselnych","publisher":{"@id":"https:\/\/www.godan.pl\/fr\/#organization"},"potentialAction":[{"@type":"SearchAction","target":{"@type":"EntryPoint","urlTemplate":"https:\/\/www.godan.pl\/fr\/?s={search_term_string}"},"query-input":"required name=search_term_string"}],"inLanguage":"ru-RU"},{"@type":"Organization","@id":"https:\/\/www.godan.pl\/fr\/#organization","name":"GoDan S.A.","url":"https:\/\/www.godan.pl\/fr\/","logo":{"@type":"ImageObject","inLanguage":"ru-RU","@id":"https:\/\/www.godan.pl\/fr\/#\/schema\/logo\/image\/","url":"https:\/\/www.godan.pl\/wp-content\/uploads\/2017\/08\/logo-godan-male-1.png","contentUrl":"https:\/\/www.godan.pl\/wp-content\/uploads\/2017\/08\/logo-godan-male-1.png","width":185,"height":97,"caption":"GoDan S.A."},"image":{"@id":"https:\/\/www.godan.pl\/fr\/#\/schema\/logo\/image\/"}}]}},"_links":{"self":[{"href":"https:\/\/www.godan.pl\/ru\/wp-json\/wp\/v2\/pages\/7640"}],"collection":[{"href":"https:\/\/www.godan.pl\/ru\/wp-json\/wp\/v2\/pages"}],"about":[{"href":"https:\/\/www.godan.pl\/ru\/wp-json\/wp\/v2\/types\/page"}],"author":[{"embeddable":true,"href":"https:\/\/www.godan.pl\/ru\/wp-json\/wp\/v2\/users\/1"}],"replies":[{"embeddable":true,"href":"https:\/\/www.godan.pl\/ru\/wp-json\/wp\/v2\/comments?post=7640"}],"version-history":[{"count":9,"href":"https:\/\/www.godan.pl\/ru\/wp-json\/wp\/v2\/pages\/7640\/revisions"}],"predecessor-version":[{"id":23953,"href":"https:\/\/www.godan.pl\/ru\/wp-json\/wp\/v2\/pages\/7640\/revisions\/23953"}],"up":[{"embeddable":true,"href":"https:\/\/www.godan.pl\/ru\/wp-json\/wp\/v2\/pages\/7605"}],"wp:featuredmedia":[{"embeddable":true,"href":"https:\/\/www.godan.pl\/ru\/wp-json\/wp\/v2\/media\/3009"}],"wp:attachment":[{"href":"https:\/\/www.godan.pl\/ru\/wp-json\/wp\/v2\/media?parent=7640"}],"curies":[{"name":"wp","href":"https:\/\/api.w.org\/{rel}","templated":true}]}}