{"id":7605,"date":"2017-05-27T15:14:44","date_gmt":"2017-05-27T15:14:44","guid":{"rendered":"https:\/\/www.godan.pl\/o-firmie\/"},"modified":"2017-08-09T08:18:18","modified_gmt":"2017-08-09T08:18:18","slug":"o-%d1%84%d0%b8%d1%80%d0%bc%d0%b5","status":"publish","type":"page","link":"https:\/\/www.godan.pl\/ru\/o-%d1%84%d0%b8%d1%80%d0%bc%d0%b5","title":{"rendered":"\u041e \u0444\u0438\u0440\u043c\u0435"},"content":{"rendered":"<div class=\"large-4 column  idz-animation\" data-animate=\"\">\n<p><a href=\"https:\/\/www.godan.pl\/ru\/o-%D1%84%D0%B8%D1%80%D0%BC%D0%B5\/godan-s-a\/\"><img loading=\"lazy\" decoding=\"async\" width=\"300\" height=\"186\" class=\"alignnone size-medium wp-image-3663\" style=\"min-height: 140px;\" src=\"https:\/\/www.godan.pl\/wp-content\/uploads\/2017\/05\/janusz-300x186.jpg\" alt=\"\" srcset=\"https:\/\/www.godan.pl\/wp-content\/uploads\/2017\/05\/janusz-300x186.jpg 300w, https:\/\/www.godan.pl\/wp-content\/uploads\/2017\/05\/janusz-768x477.jpg 768w, https:\/\/www.godan.pl\/wp-content\/uploads\/2017\/05\/janusz-1024x636.jpg 1024w, https:\/\/www.godan.pl\/wp-content\/uploads\/2017\/05\/janusz-200x124.jpg 200w\" sizes=\"(max-width: 300px) 100vw, 300px\" \/><\/a><\/p>\n<h4>GoDan S.A.<\/h4>\n<p>\u0418\u0441\u0442\u043e\u0440\u0438\u044f \u00abGoDan\u00bb \u0434\u043e\u0441\u0442\u0438\u0433\u0430\u0435\u0442 1991 \u0433\u043e\u0434\u0430. \u0421 \u0441\u0430\u043c\u043e\u0433\u043e \u043d\u0430\u0447\u0430\u043b\u0430 \u043d\u0430\u0448\u0435 \u043f\u0440\u0435\u0434\u043b\u043e\u0436\u0435\u043d\u0438\u0435 \u0441\u043e\u0441\u0440\u0435\u0434\u043e\u0442\u043e\u0447\u0435\u043d\u043e&#8230;<br \/>\n<a href=\"https:\/\/www.godan.pl\/ru\/o-%D1%84%D0%B8%D1%80%D0%BC%D0%B5\/godan-s-a\/\">more &gt;&gt;<\/a><\/p>\n<\/div>\n<div class=\"large-4 column  idz-animation\" data-animate=\"\">\n<p><a href=\"https:\/\/www.godan.pl\/ru\/o-%D1%84%D0%B8%D1%80%D0%BC%D0%B5\/%D0%BF%D0%BE%D1%87%D0%B5%D0%BC%D1%83-%D0%BC%D1%8B\/\"><img loading=\"lazy\" decoding=\"async\" width=\"300\" height=\"200\" class=\"alignnone size-medium wp-image-3670\" style=\"min-height: 140px;\" src=\"https:\/\/www.godan.pl\/wp-content\/uploads\/2017\/05\/balon-300x200.jpg\" alt=\"\" srcset=\"https:\/\/www.godan.pl\/wp-content\/uploads\/2017\/05\/balon-300x200.jpg 300w, https:\/\/www.godan.pl\/wp-content\/uploads\/2017\/05\/balon-768x512.jpg 768w, https:\/\/www.godan.pl\/wp-content\/uploads\/2017\/05\/balon-1024x683.jpg 1024w, https:\/\/www.godan.pl\/wp-content\/uploads\/2017\/05\/balon-200x133.jpg 200w\" sizes=\"(max-width: 300px) 100vw, 300px\" \/><\/a><\/p>\n<h4>\u041f\u043e\u0447\u0435\u043c\u0443 \u043c\u044b?<\/h4>\n<p>\u0412 \u00abGoDan\u00bb \u043c\u044b \u0443\u0431\u0435\u0436\u0434\u0435\u043d\u044b, \u0447\u0442\u043e \u043a\u043b\u044e\u0447\u043e\u043c \u043a \u0434\u043b\u0438\u0442\u0435\u043b\u044c\u043d\u043e\u043c\u0443 \u0438 \u043f\u043b\u043e\u0434\u043e\u0442\u0432\u043e\u0440\u043d\u043e\u043c\u0443 \u0441\u043e\u0442\u0440\u0443\u0434\u043d\u0438\u0447\u0435\u0441\u0442\u0432\u0443 \u044f\u0432\u043b\u044f\u044e\u0442\u0441\u044f&#8230;<br \/>\n<a href=\"https:\/\/www.godan.pl\/ru\/o-%D1%84%D0%B8%D1%80%D0%BC%D0%B5\/%D0%BF%D0%BE%D1%87%D0%B5%D0%BC%D1%83-%D0%BC%D1%8B\/\">more &gt;&gt;<\/a><\/p>\n<\/div>\n<div class=\"large-4 column  idz-animation\" data-animate=\"\">\n<p><a href=\"https:\/\/www.godan.pl\/ru\/o-%D1%84%D0%B8%D1%80%D0%BC%D0%B5\/%D0%BF%D0%B0%D1%80%D1%82%D0%BD%D0%B5%D1%80%D1%8B-%D0%B8-%D0%BF%D0%BE%D1%81%D1%82%D0%B0%D0%B2%D1%89%D0%B8%D0%BA%D0%B8\/\"><img loading=\"lazy\" decoding=\"async\" width=\"300\" height=\"200\" class=\"alignnone size-medium wp-image-6965\" src=\"https:\/\/www.godan.pl\/wp-content\/uploads\/2017\/05\/shutterstock_-300x200.jpg\" alt=\"partnerzy i dostawcy\" \/><\/a><\/p>\n<h4>\u041f\u0430\u0440\u0442\u043d\u0435\u0440\u044b \u0438 \u043f\u043e\u0441\u0442\u0430\u0432\u0449\u0438\u043a\u0438<\/h4>\n<p>\u0412 \u00abGoDan\u00bb \u043c\u044b \u0434\u0435\u043b\u0430\u0435\u043c \u0441\u0442\u0430\u0432\u043a\u0443 \u043d\u0430 \u043f\u0440\u043e\u0432\u0435\u0440\u0435\u043d\u043d\u044b\u0445 \u043a\u0432\u0430\u043b\u0438\u0444\u0438\u0446\u0438\u0440\u043e\u0432\u0430\u043d\u043d\u044b\u0445 \u043f\u0430\u0440\u0442\u043d\u0435\u0440\u043e\u0432 \u0441 \u043a\u0440\u0435\u043f\u043a\u043e\u0439 \u043f\u043e\u0437\u0438\u0446\u0438\u0435\u0439&#8230;<br \/>\n<a href=\"https:\/\/www.godan.pl\/ru\/o-%D1%84%D0%B8%D1%80%D0%BC%D0%B5\/%D0%BF%D0%B0%D1%80%D1%82%D0%BD%D0%B5%D1%80%D1%8B-%D0%B8-%D0%BF%D0%BE%D1%81%D1%82%D0%B0%D0%B2%D1%89%D0%B8%D0%BA%D0%B8\/\">more &gt;&gt;<\/a><\/p>\n<\/div>\n<div class=\"large-4 column  idz-animation\" data-animate=\"\">\n<p><a href=\"https:\/\/www.godan.pl\/ru\/o-%D1%84%D0%B8%D1%80%D0%BC%D0%B5\/%D0%BA%D0%BE%D0%BB%D0%BB%D0%B5%D0%BA%D1%82%D0%B8%D0%B2\/\"><img loading=\"lazy\" decoding=\"async\" width=\"300\" height=\"181\" class=\"alignnone size-medium wp-image-3653\" style=\"min-height: 140px;\" src=\"https:\/\/www.godan.pl\/wp-content\/uploads\/2017\/05\/GoDan_25_years-300x181.jpg\" alt=\"\" srcset=\"https:\/\/www.godan.pl\/wp-content\/uploads\/2017\/05\/GoDan_25_years-300x181.jpg 300w, https:\/\/www.godan.pl\/wp-content\/uploads\/2017\/05\/GoDan_25_years-768x463.jpg 768w, https:\/\/www.godan.pl\/wp-content\/uploads\/2017\/05\/GoDan_25_years-1024x617.jpg 1024w, https:\/\/www.godan.pl\/wp-content\/uploads\/2017\/05\/GoDan_25_years-200x120.jpg 200w\" sizes=\"(max-width: 300px) 100vw, 300px\" \/><\/a><\/p>\n<h4>\u041a\u043e\u043b\u043b\u0435\u043a\u0442\u0438\u0432<\/h4>\n<p>\u041a\u043b\u044e\u0447\u043e\u043c \u043a \u0443\u0441\u043f\u0435\u0445\u0443 \u044f\u0432\u043b\u044f\u044e\u0442\u0441\u044f \u043b\u044e\u0434\u0438. \u00abGoDan\u00bb \u2014 \u044d\u0442\u043e \u043e\u0442\u0432\u0435\u0442\u0441\u0442\u0432\u0435\u043d\u043d\u0430\u044f \u0438 \u0441\u043f\u043b\u043e\u0447\u0435\u043d\u043d\u0430\u044f \u043a\u043e\u043c\u0430\u043d\u0434\u0430.<br \/>\n<a href=\"https:\/\/www.godan.pl\/ru\/o-%D1%84%D0%B8%D1%80%D0%BC%D0%B5\/%D0%BA%D0%BE%D0%BB%D0%BB%D0%B5%D0%BA%D1%82%D0%B8%D0%B2\/\">more &gt;&gt;<\/a><\/p>\n<\/div>\n<div class=\"large-4 column  idz-animation\" data-animate=\"\">\n<p><a href=\"https:\/\/www.godan.pl\/ru\/o-%D1%84%D0%B8%D1%80%D0%BC%D0%B5\/%D0%B3%D0%B0%D0%BB%D0%B5%D1%80%D0%B5%D1%8F\/\"><img decoding=\"async\" class=\"alignnone size-medium wp-image-2864\" style=\"min-height: 140px;\" src=\"https:\/\/www.godan.pl\/wp-content\/uploads\/2017\/05\/galeria.jpg\" alt=\"\" \/><\/a><\/p>\n<h4>\u0413\u0430\u043b\u0435\u0440\u0435\u044f<\/h4>\n<p>\u0414\u043e\u0431\u0440\u043e \u043f\u043e\u0436\u0430\u043b\u043e\u0432\u0430\u0442\u044c \u0432 \u043d\u0430\u0448\u0443 \u0444\u043e\u0442\u043e\u0433\u0430\u043b\u0435\u0440\u0435\u044e! \u041c\u044b \u043f\u043e\u043a\u0430\u0436\u0435\u043c \u0432\u0430\u043c \u043d\u0430\u0448\u0438 \u043f\u0440\u043e\u0434\u0443\u043a\u0442\u044b, \u0443\u043a\u0440\u0430\u0448\u0435\u043d\u0438\u044f \u0448\u0430\u0440\u044b, \u043c\u0430\u0433\u0430\u0437\u0438\u043d\u044b, \u0441\u043a\u043b\u0430\u0434\u044b.<br \/>\n<a href=\"https:\/\/www.godan.pl\/ru\/o-%D1%84%D0%B8%D1%80%D0%BC%D0%B5\/%D0%B3%D0%B0%D0%BB%D0%B5%D1%80%D0%B5%D1%8F\/\">more &gt;&gt;<\/a><\/p>\n<\/div>\n","protected":false},"excerpt":{"rendered":"","protected":false},"author":1,"featured_media":0,"parent":0,"menu_order":0,"comment_status":"closed","ping_status":"closed","template":"","meta":{"_acf_changed":false,"footnotes":""},"class_list":["post-7605","page","type-page","status-publish","hentry"],"acf":[],"yoast_head":"<!-- This site is optimized with the Yoast SEO plugin v20.11 - https:\/\/yoast.com\/wordpress\/plugins\/seo\/ -->\n<title>Balony, dekoracje, artyku\u0142y karnawa\u0142owe i urodzinowe: GoDan SA hurtownia, produkcja, dystrybucja<\/title>\n<meta name=\"description\" content=\"Jeste\u015bmy producentem i dystrybutorem artyku\u0142\u00f3w dekoracyjnych, urodzinowych, karnawa\u0142owych i \u015blubnych. Prowadzimy sprzeda\u017c detaliczn\u0105 i hurtow\u0105 balon\u00f3w.\" \/>\n<meta name=\"robots\" content=\"index, follow, max-snippet:-1, max-image-preview:large, max-video-preview:-1\" \/>\n<link rel=\"canonical\" href=\"https:\/\/www.godan.pl\/ru\/o-\u0444\u0438\u0440\u043c\u0435\" \/>\n<meta property=\"og:locale\" content=\"ru_RU\" \/>\n<meta property=\"og:type\" content=\"article\" \/>\n<meta property=\"og:title\" content=\"Balony, dekoracje, artyku\u0142y karnawa\u0142owe i urodzinowe: GoDan SA hurtownia, produkcja, dystrybucja\" \/>\n<meta property=\"og:description\" content=\"Jeste\u015bmy producentem i dystrybutorem artyku\u0142\u00f3w dekoracyjnych, urodzinowych, karnawa\u0142owych i \u015blubnych. Prowadzimy sprzeda\u017c detaliczn\u0105 i hurtow\u0105 balon\u00f3w.\" \/>\n<meta property=\"og:url\" content=\"https:\/\/www.godan.pl\/ru\/o-\u0444\u0438\u0440\u043c\u0435\" \/>\n<meta property=\"og:site_name\" content=\"Godan\" \/>\n<meta property=\"article:modified_time\" content=\"2017-08-09T08:18:18+00:00\" \/>\n<meta property=\"og:image\" content=\"https:\/\/www.godan.pl\/wp-content\/uploads\/2017\/05\/janusz-300x186.jpg\" \/>\n<meta name=\"twitter:card\" content=\"summary_large_image\" \/>\n<script type=\"application\/ld+json\" class=\"yoast-schema-graph\">{\"@context\":\"https:\/\/schema.org\",\"@graph\":[{\"@type\":\"WebPage\",\"@id\":\"https:\/\/www.godan.pl\/ru\/o-%d1%84%d0%b8%d1%80%d0%bc%d0%b5\",\"url\":\"https:\/\/www.godan.pl\/ru\/o-%d1%84%d0%b8%d1%80%d0%bc%d0%b5\",\"name\":\"Balony, dekoracje, artyku\u0142y karnawa\u0142owe i urodzinowe: GoDan SA hurtownia, produkcja, dystrybucja\",\"isPartOf\":{\"@id\":\"https:\/\/www.godan.pl\/fr\/#website\"},\"datePublished\":\"2017-05-27T15:14:44+00:00\",\"dateModified\":\"2017-08-09T08:18:18+00:00\",\"description\":\"Jeste\u015bmy producentem i dystrybutorem artyku\u0142\u00f3w dekoracyjnych, urodzinowych, karnawa\u0142owych i \u015blubnych. Prowadzimy sprzeda\u017c detaliczn\u0105 i hurtow\u0105 balon\u00f3w.\",\"breadcrumb\":{\"@id\":\"https:\/\/www.godan.pl\/ru\/o-%d1%84%d0%b8%d1%80%d0%bc%d0%b5#breadcrumb\"},\"inLanguage\":\"ru-RU\",\"potentialAction\":[{\"@type\":\"ReadAction\",\"target\":[\"https:\/\/www.godan.pl\/ru\/o-%d1%84%d0%b8%d1%80%d0%bc%d0%b5\"]}]},{\"@type\":\"BreadcrumbList\",\"@id\":\"https:\/\/www.godan.pl\/ru\/o-%d1%84%d0%b8%d1%80%d0%bc%d0%b5#breadcrumb\",\"itemListElement\":[{\"@type\":\"ListItem\",\"position\":1,\"name\":\"Strona g\u0142\u00f3wna\",\"item\":\"https:\/\/www.godan.pl\/ru\"},{\"@type\":\"ListItem\",\"position\":2,\"name\":\"\u041e \u0444\u0438\u0440\u043c\u0435\"}]},{\"@type\":\"WebSite\",\"@id\":\"https:\/\/www.godan.pl\/fr\/#website\",\"url\":\"https:\/\/www.godan.pl\/fr\/\",\"name\":\"Godan\",\"description\":\"Oferujemy szerok\u0105 ofert\u0119 balon\u00f3w, dekoracji sali, stroj\u00f3w karnawa\u0142owych, artyku\u0142y \u015blubnych i weselnych\",\"publisher\":{\"@id\":\"https:\/\/www.godan.pl\/fr\/#organization\"},\"potentialAction\":[{\"@type\":\"SearchAction\",\"target\":{\"@type\":\"EntryPoint\",\"urlTemplate\":\"https:\/\/www.godan.pl\/fr\/?s={search_term_string}\"},\"query-input\":\"required name=search_term_string\"}],\"inLanguage\":\"ru-RU\"},{\"@type\":\"Organization\",\"@id\":\"https:\/\/www.godan.pl\/fr\/#organization\",\"name\":\"GoDan S.A.\",\"url\":\"https:\/\/www.godan.pl\/fr\/\",\"logo\":{\"@type\":\"ImageObject\",\"inLanguage\":\"ru-RU\",\"@id\":\"https:\/\/www.godan.pl\/fr\/#\/schema\/logo\/image\/\",\"url\":\"https:\/\/www.godan.pl\/wp-content\/uploads\/2017\/08\/logo-godan-male-1.png\",\"contentUrl\":\"https:\/\/www.godan.pl\/wp-content\/uploads\/2017\/08\/logo-godan-male-1.png\",\"width\":185,\"height\":97,\"caption\":\"GoDan S.A.\"},\"image\":{\"@id\":\"https:\/\/www.godan.pl\/fr\/#\/schema\/logo\/image\/\"}}]}<\/script>\n<!-- \/ Yoast SEO plugin. -->","yoast_head_json":{"title":"Balony, dekoracje, artyku\u0142y karnawa\u0142owe i urodzinowe: GoDan SA hurtownia, produkcja, dystrybucja","description":"Jeste\u015bmy producentem i dystrybutorem artyku\u0142\u00f3w dekoracyjnych, urodzinowych, karnawa\u0142owych i \u015blubnych. Prowadzimy sprzeda\u017c detaliczn\u0105 i hurtow\u0105 balon\u00f3w.","robots":{"index":"index","follow":"follow","max-snippet":"max-snippet:-1","max-image-preview":"max-image-preview:large","max-video-preview":"max-video-preview:-1"},"canonical":"https:\/\/www.godan.pl\/ru\/o-\u0444\u0438\u0440\u043c\u0435","og_locale":"ru_RU","og_type":"article","og_title":"Balony, dekoracje, artyku\u0142y karnawa\u0142owe i urodzinowe: GoDan SA hurtownia, produkcja, dystrybucja","og_description":"Jeste\u015bmy producentem i dystrybutorem artyku\u0142\u00f3w dekoracyjnych, urodzinowych, karnawa\u0142owych i \u015blubnych. Prowadzimy sprzeda\u017c detaliczn\u0105 i hurtow\u0105 balon\u00f3w.","og_url":"https:\/\/www.godan.pl\/ru\/o-\u0444\u0438\u0440\u043c\u0435","og_site_name":"Godan","article_modified_time":"2017-08-09T08:18:18+00:00","og_image":[{"url":"https:\/\/www.godan.pl\/wp-content\/uploads\/2017\/05\/janusz-300x186.jpg"}],"twitter_card":"summary_large_image","schema":{"@context":"https:\/\/schema.org","@graph":[{"@type":"WebPage","@id":"https:\/\/www.godan.pl\/ru\/o-%d1%84%d0%b8%d1%80%d0%bc%d0%b5","url":"https:\/\/www.godan.pl\/ru\/o-%d1%84%d0%b8%d1%80%d0%bc%d0%b5","name":"Balony, dekoracje, artyku\u0142y karnawa\u0142owe i urodzinowe: GoDan SA hurtownia, produkcja, dystrybucja","isPartOf":{"@id":"https:\/\/www.godan.pl\/fr\/#website"},"datePublished":"2017-05-27T15:14:44+00:00","dateModified":"2017-08-09T08:18:18+00:00","description":"Jeste\u015bmy producentem i dystrybutorem artyku\u0142\u00f3w dekoracyjnych, urodzinowych, karnawa\u0142owych i \u015blubnych. Prowadzimy sprzeda\u017c detaliczn\u0105 i hurtow\u0105 balon\u00f3w.","breadcrumb":{"@id":"https:\/\/www.godan.pl\/ru\/o-%d1%84%d0%b8%d1%80%d0%bc%d0%b5#breadcrumb"},"inLanguage":"ru-RU","potentialAction":[{"@type":"ReadAction","target":["https:\/\/www.godan.pl\/ru\/o-%d1%84%d0%b8%d1%80%d0%bc%d0%b5"]}]},{"@type":"BreadcrumbList","@id":"https:\/\/www.godan.pl\/ru\/o-%d1%84%d0%b8%d1%80%d0%bc%d0%b5#breadcrumb","itemListElement":[{"@type":"ListItem","position":1,"name":"Strona g\u0142\u00f3wna","item":"https:\/\/www.godan.pl\/ru"},{"@type":"ListItem","position":2,"name":"\u041e \u0444\u0438\u0440\u043c\u0435"}]},{"@type":"WebSite","@id":"https:\/\/www.godan.pl\/fr\/#website","url":"https:\/\/www.godan.pl\/fr\/","name":"Godan","description":"Oferujemy szerok\u0105 ofert\u0119 balon\u00f3w, dekoracji sali, stroj\u00f3w karnawa\u0142owych, artyku\u0142y \u015blubnych i weselnych","publisher":{"@id":"https:\/\/www.godan.pl\/fr\/#organization"},"potentialAction":[{"@type":"SearchAction","target":{"@type":"EntryPoint","urlTemplate":"https:\/\/www.godan.pl\/fr\/?s={search_term_string}"},"query-input":"required name=search_term_string"}],"inLanguage":"ru-RU"},{"@type":"Organization","@id":"https:\/\/www.godan.pl\/fr\/#organization","name":"GoDan S.A.","url":"https:\/\/www.godan.pl\/fr\/","logo":{"@type":"ImageObject","inLanguage":"ru-RU","@id":"https:\/\/www.godan.pl\/fr\/#\/schema\/logo\/image\/","url":"https:\/\/www.godan.pl\/wp-content\/uploads\/2017\/08\/logo-godan-male-1.png","contentUrl":"https:\/\/www.godan.pl\/wp-content\/uploads\/2017\/08\/logo-godan-male-1.png","width":185,"height":97,"caption":"GoDan S.A."},"image":{"@id":"https:\/\/www.godan.pl\/fr\/#\/schema\/logo\/image\/"}}]}},"_links":{"self":[{"href":"https:\/\/www.godan.pl\/ru\/wp-json\/wp\/v2\/pages\/7605"}],"collection":[{"href":"https:\/\/www.godan.pl\/ru\/wp-json\/wp\/v2\/pages"}],"about":[{"href":"https:\/\/www.godan.pl\/ru\/wp-json\/wp\/v2\/types\/page"}],"author":[{"embeddable":true,"href":"https:\/\/www.godan.pl\/ru\/wp-json\/wp\/v2\/users\/1"}],"replies":[{"embeddable":true,"href":"https:\/\/www.godan.pl\/ru\/wp-json\/wp\/v2\/comments?post=7605"}],"version-history":[{"count":9,"href":"https:\/\/www.godan.pl\/ru\/wp-json\/wp\/v2\/pages\/7605\/revisions"}],"predecessor-version":[{"id":10634,"href":"https:\/\/www.godan.pl\/ru\/wp-json\/wp\/v2\/pages\/7605\/revisions\/10634"}],"wp:attachment":[{"href":"https:\/\/www.godan.pl\/ru\/wp-json\/wp\/v2\/media?parent=7605"}],"curies":[{"name":"wp","href":"https:\/\/api.w.org\/{rel}","templated":true}]}}