{"id":7565,"date":"2014-12-09T23:14:00","date_gmt":"2014-12-09T23:14:00","guid":{"rendered":"https:\/\/www.godan.pl\/kontakt\/"},"modified":"2025-06-23T12:12:49","modified_gmt":"2025-06-23T12:12:49","slug":"k%d0%be%d0%bd%d1%82%d0%b0%d0%ba%d1%82","status":"publish","type":"page","link":"https:\/\/www.godan.pl\/ru\/k%d0%be%d0%bd%d1%82%d0%b0%d0%ba%d1%82","title":{"rendered":"\u041a\u043e\u043d\u0442\u0430\u043a\u0442"},"content":{"rendered":"<div class=\"inner-container row-border-bottom \">\n<div class=\"large-6 column  idz-animation\" data-animate=\"fadeInDown\">\n<h3 class=' firstword-bold'>\u041a\u043e\u043d\u0442\u0430\u043a\u0442<\/h3>\n<h4 class=' '>GoDan S.A.<\/h4>\n<ul class=\"nobullet \">\n<li><i class=\"idz-icon icon-map-marker small icolor\" style=\"color:#ff8d2c\"><\/i> \u00a0 ul. Pozna\u0144ska 138<br \/>05-850 O\u017car\u00f3w Mazowiecki<br \/>\n\u041f\u043d-\u041f\u0442 7:00 \u2013 15:15<\/li>\n<li><i class=\"idz-icon icon-phoneold small icolor\" style=\"color:#ff8d2c\"><\/i> \u00a0\u0442\u0435\u043b.:\u00a0 <a href=\"tel:227210436\">(+48) 22 721 04 36<\/a><\/li>\n<li><i class=\"idz-icon icon-phoneold small icolor\" style=\"color:#ff8d2c\"><\/i> \u00a0fax:\u00a0\u00a0(+48) 22 721 04 38<\/li>\n<li><i class=\"idz-icon icon-envelope small icolor\" style=\"color:#ff8d2c\"><\/i> \u00a0 <a href=\"mailto:godanparty@godan.pl\">godanparty@godan.pl<\/a><\/li>\n<p><\/p>\n<li>\u041e\u0442\u0434\u0435\u043b \u043f\u0440\u043e\u0434\u0430\u0436:<\/li>\n<li><i class=\"idz-icon icon-envelope small icolor\" style=\"color:#ff8d2c\"><\/i>   <a href=\"mailto:zamowienia@godan.pl\">zamowienia@godan.pl<\/a><\/li>\n<p>   <\/p>\n<li>Export sales \/ \u041e\u0442\u0434\u0435\u043b \u044d\u043a\u0441\u043f\u043e\u0440\u0442\u0430:<\/li>\n<li><i class=\"idz-icon icon-phoneold small icolor\" style=\"color:#ff8d2c\"><\/i> \u0442\u0435\u043b.:  <a href=\"tel:+48227213203\">(+48) 22 721 32 03 <\/a><\/li>\n<li><i class=\"idz-icon icon-envelope small icolor\" style=\"color:#ff8d2c\"><\/i>   <a href=\"mailto:export@godan.pl\">export@godan.pl<\/a><\/li>\n<\/ul>\n<p><strong>Micha\u0142 \u0141upanow<\/strong><br \/>\n\u2022 SENIOR EXPORT SALES SPECIALIST<br \/>\n\u2022 <a href=\"tel:+48504849530\">+48 504 849 530<\/a><br \/>\n\u2022 <a href=\"mailto:m.lupanow@godan.pl\">m.lupanow@godan.pl<\/a><br \/>\n\u2022 English speaker<\/p>\n<p><strong>Angelika Jokinen<\/strong><br \/>\n\u2022 SENIOR EXPORT SALES SPECIALIST<br \/>\n\u2022 <a href=\"tel:+48504849503\">+48 504 849 503<\/a><br \/>\n\u2022 <a href=\"mailto:angelika@godan.pl\">angelika@godan.pl<\/a><br \/>\n\u2022 Portuguese and English speaker<\/p>\n<p><strong>Elena Zhurina<\/strong><br \/>\n\u2022 EXPORT KEY ACCOUNT MANAGER<br \/>\n\u2022 <a href=\"tel:+48504041283\">+48 504 041 283<\/a><br \/>\n\u2022 <a href=\"mailto:elena@godan.pl\">elena@godan.pl<\/a><br \/>\n\u2022 English and Russian speaker<\/p>\n<p>&nbsp;<br \/>\n<\/p>\n<li>NIP:\u00a0522-304-68-00<\/li>\n<li>REGON:\u00a0363119949<\/li>\n<\/ul>\n<p><iframe loading=\"lazy\" style=\"border: 0; width: 100%;\" src=\"https:\/\/www.google.com\/maps\/embed?pb=!1m14!1m8!1m3!1d40125841.324277565!2d19.204613!3d52.132739!3m2!1i1024!2i768!4f13.1!3m3!1m2!1s0x4719355a4002e96d%3A0x32a82db5a56f5b85!2zUG96bmHFhHNrYSAxMzgsIDA1LTg1MCBPxbxhcsOzdywgUG9sc2th!5e0!3m2!1spl!2spl!4v1502266931076\" width=\"600\" height=\"320\" frameborder=\"0\" allowfullscreen=\"allowfullscreen\"><\/iframe><\/p>\n<p><iframe style=\"border: 0; width: 100%;\"src=\"https:\/\/www.google.com\/maps\/embed?pb=!1m14!1m8!1m3!1d156451.67790857784!2d20.901845!3d52.215089!3m2!1i1024!2i768!4f13.1!3m3!1m2!1s0x4719355a4002e96d%3A0x32a82db5a56f5b85!2zUG96bmHFhHNrYSAxMzgsIDA1LTg1MCBPxbxhcsOzdywgUG9sc2th!5e0!3m2!1spl!2spl!4v1497597301906\" width=\"600\" height=\"320\" frameborder=\"0\" style=\"border:0\" allowfullscreen><\/iframe><\/p>\n<\/div>\n<div class=\"large-6 column no-padding idz-animation\" data-animate=\"fadeInDown\">\n<div class=\"column-border-left column-bgcolor idz-contact-form\">\n<p><strong>\u041e\u0431\u0440\u0430\u0449\u0430\u0439\u0442\u0435\u0441\u044c \u043a \u043d\u0430\u043c!<\/strong><\/p>\n<p>\u0412\u043e\u0441\u043f\u043e\u043b\u044c\u0437\u0443\u0439\u0442\u0435\u0441\u044c \u0441\u043b\u0435\u0434\u0443\u044e\u0449\u0438\u043c \u0444\u043e\u0440\u043c\u0443\u043b\u044f\u0440\u043e\u043c, \u0447\u0442\u043e\u0431\u044b \u043c\u044b \u043c\u043e\u0433\u043b\u0438 \u0441 \u0412\u0430\u043c\u0438 \u0441\u0432\u044f\u0437\u0430\u0442\u044c\u0441\u044f.<\/p>\n\n<div class=\"wpcf7 no-js\" id=\"wpcf7-f9527-o1\" lang=\"pl-PL\" dir=\"ltr\">\n<div class=\"screen-reader-response\"><p role=\"status\" aria-live=\"polite\" aria-atomic=\"true\"><\/p> <ul><\/ul><\/div>\n<form action=\"\/ru\/wp-json\/wp\/v2\/pages\/7565#wpcf7-f9527-o1\" method=\"post\" class=\"wpcf7-form init\" aria-label=\"Formularz kontaktowy\" novalidate=\"novalidate\" data-status=\"init\">\n<div style=\"display: none;\">\n<input type=\"hidden\" name=\"_wpcf7\" value=\"9527\" \/>\n<input type=\"hidden\" name=\"_wpcf7_version\" value=\"5.7.7\" \/>\n<input type=\"hidden\" name=\"_wpcf7_locale\" value=\"pl_PL\" \/>\n<input type=\"hidden\" name=\"_wpcf7_unit_tag\" value=\"wpcf7-f9527-o1\" \/>\n<input type=\"hidden\" name=\"_wpcf7_container_post\" value=\"0\" \/>\n<input type=\"hidden\" name=\"_wpcf7_posted_data_hash\" value=\"\" \/>\n<\/div>\n<p><label> \u041a\u043e\u043d\u0442\u0430\u043a\u0442 \u043f\u043e \u0434\u0435\u043b\u0443:<br \/>\n<span class=\"wpcf7-form-control-wrap\" data-name=\"temat\"><select class=\"wpcf7-form-control wpcf7-select\" aria-invalid=\"false\" name=\"temat\"><option value=\"\u0417\u0430\u043a\u0430\u0437\u044b, \u043f\u0440\u0435\u0434\u043b\u043e\u0436\u0435\u043d\u0438\u044f\">\u0417\u0430\u043a\u0430\u0437\u044b, \u043f\u0440\u0435\u0434\u043b\u043e\u0436\u0435\u043d\u0438\u044f<\/option><option value=\"\u0411\u044e\u0440\u043e \u043e\u0431\u0441\u043b\u0443\u0436\u0438\u0432\u0430\u043d\u0438\u044f \u043a\u043b\u0438\u0435\u043d\u0442\u0430\">\u0411\u044e\u0440\u043e \u043e\u0431\u0441\u043b\u0443\u0436\u0438\u0432\u0430\u043d\u0438\u044f \u043a\u043b\u0438\u0435\u043d\u0442\u0430<\/option><option value=\"\u0418\u043d\u0442\u0435\u0440\u043d\u0435\u0442-\u043c\u0430\u0433\u0430\u0437\u0438\u043d\">\u0418\u043d\u0442\u0435\u0440\u043d\u0435\u0442-\u043c\u0430\u0433\u0430\u0437\u0438\u043d<\/option><option value=\"\u0420\u0435\u043a\u043b\u0430\u043c\u0430\u0446\u0438\u0438\">\u0420\u0435\u043a\u043b\u0430\u043c\u0430\u0446\u0438\u0438<\/option><option value=\"\u041c\u0430\u0440\u043a\u0435\u0442\u0438\u043d\u0433\">\u041c\u0430\u0440\u043a\u0435\u0442\u0438\u043d\u0433<\/option><\/select><\/span> <\/label>\n<\/p>\n<p><label> \u0418\u043c\u044f \u0438 \u0444\u0430\u043c\u0438\u043b\u0438\u044f <span style=\"color:red;\">*<\/span><br \/>\n<span class=\"wpcf7-form-control-wrap\" data-name=\"imie\"><input size=\"40\" class=\"wpcf7-form-control wpcf7-text wpcf7-validates-as-required form-control\" aria-required=\"true\" aria-invalid=\"false\" value=\"\" type=\"text\" name=\"imie\" \/><\/span> <\/label>\n<\/p>\n<p><label> \u0422\u0435\u043b\u0435\u0444\u043e\u043d <span style=\"color:red;\">*<\/span><br \/>\n<span class=\"wpcf7-form-control-wrap\" data-name=\"telefon\"><input size=\"40\" class=\"wpcf7-form-control wpcf7-text wpcf7-validates-as-required\" aria-required=\"true\" aria-invalid=\"false\" value=\"\" type=\"text\" name=\"telefon\" \/><\/span> <\/label>\n<\/p>\n<p><label> \u0410\u0434\u0440\u0435\u0441 \u044d\u043b\u0435\u043a\u0442\u0440\u043e\u043d\u043d\u043e\u0439 \u043f\u043e\u0447\u0442\u044b (\u043e\u0431\u044f\u0437\u0430\u0442\u0435\u043b\u044c\u043d\u043e) <span style=\"color:red;\">*<\/span><br \/>\n<span class=\"wpcf7-form-control-wrap\" data-name=\"email\"><input size=\"40\" class=\"wpcf7-form-control wpcf7-text wpcf7-email wpcf7-validates-as-required wpcf7-validates-as-email\" aria-required=\"true\" aria-invalid=\"false\" value=\"\" type=\"email\" name=\"email\" \/><\/span> <\/label>\n<\/p>\n<p><label> \u0424\u0438\u0440\u043c\u0430<br \/>\n<span class=\"wpcf7-form-control-wrap\" data-name=\"firma\"><input size=\"40\" class=\"wpcf7-form-control wpcf7-text\" aria-invalid=\"false\" value=\"\" type=\"text\" name=\"firma\" \/><\/span> <\/label>\n<\/p>\n<p><label> \u041e\u043f\u0438\u0441\u0430\u043d\u0438\u0435 \/ \u0441\u043e\u0434\u0435\u0440\u0436\u0430\u043d\u0438\u0435 \u0441\u043e\u043e\u0431\u0449\u0435\u043d\u0438\u044f <span style=\"color:red;\">*<\/span><br \/>\n<span class=\"wpcf7-form-control-wrap\" data-name=\"wiadomosc\"><textarea cols=\"40\" rows=\"10\" class=\"wpcf7-form-control wpcf7-textarea wpcf7-validates-as-required\" aria-required=\"true\" aria-invalid=\"false\" name=\"wiadomosc\"><\/textarea><\/span> <\/label>\n<\/p>\n<p><label><br \/>\n<span class=\"wpcf7-form-control-wrap\" data-name=\"zgoda\"><span class=\"wpcf7-form-control wpcf7-checkbox wpcf7-validates-as-required\"><span class=\"wpcf7-list-item first last\"><input type=\"checkbox\" name=\"zgoda[]\" value=\"\u0421\u043e\u0433\u043b\u0430\u0441\u0438\u0435 \u043d\u0430 \u0438\u0441\u043f\u043e\u043b\u044c\u0437\u043e\u0432\u0430\u043d\u0438\u0435 \u0434\u0430\u043d\u043d\u044b\u0445\" \/><span class=\"wpcf7-list-item-label\">\u0421\u043e\u0433\u043b\u0430\u0441\u0438\u0435 \u043d\u0430 \u0438\u0441\u043f\u043e\u043b\u044c\u0437\u043e\u0432\u0430\u043d\u0438\u0435 \u0434\u0430\u043d\u043d\u044b\u0445<\/span><\/span><\/span><\/span> <a href=\"#\" class=\"small-read-more-zgoda\" style=\"left;padding-left:38px;\">more<\/a><br \/>\n<\/label>\n<\/p>\n<div id=\"zgoda_wiecej\" style=\"display:none;\">\n\t<p>Wyra\u017cam dobrowolnie i \u015bwiadomie zgod\u0119 na przetwarzanie moich danych osobowych w celu kontaktu, przedstawienia oferty b\u0105d\u017a realizacji z\u0142o\u017conego zam\u00f3wienia, zgodnie z Rozporz\u0105dzeniem Parlamentu Europejskiego i Rady (UE) 2016\/679 z dnia 27 kwietnia 2016 r. w sprawie ochrony os\u00f3b fizycznych w zwi\u0105zku z przetwarzaniem danych osobowych i w sprawie swobodnego przep\u0142ywu takich danych oraz uchylenia dyrektywy 95\/46\/WE (og\u00f3lne rozporz\u0105dzenie o ochronie danych).\n\t<\/p>\n<\/div>\n<div style=\"clear:both;\">\n<\/div>\n<p><input class=\"wpcf7-form-control has-spinner wpcf7-submit\" type=\"submit\" value=\"\u0412\u042b\u0421\u041b\u0410\u0422\u042c\" \/>\n<\/p><div class=\"wpcf7-response-output\" aria-hidden=\"true\"><\/div>\n<\/form>\n<\/div>\n\n<\/div>\n<\/div>\n<\/div>\n<p>&nbsp;<\/p>\n","protected":false},"excerpt":{"rendered":"<p>&nbsp;<\/p>\n","protected":false},"author":1,"featured_media":0,"parent":0,"menu_order":0,"comment_status":"open","ping_status":"open","template":"","meta":{"_acf_changed":false,"footnotes":""},"class_list":["post-7565","page","type-page","status-publish","hentry"],"acf":[],"yoast_head":"<!-- This site is optimized with the Yoast SEO plugin v20.11 - https:\/\/yoast.com\/wordpress\/plugins\/seo\/ -->\n<title>Kontakt z nami: GoDan SA<\/title>\n<meta name=\"description\" content=\"Zapraszamy do kontaktu z nami, zadzwo\u0144, napisz lub wype\u0142ni\u0142 formularz kontaktowy.\" \/>\n<meta name=\"robots\" content=\"index, follow, max-snippet:-1, max-image-preview:large, max-video-preview:-1\" \/>\n<link rel=\"canonical\" href=\"https:\/\/www.godan.pl\/ru\/k\u043e\u043d\u0442\u0430\u043a\u0442\" \/>\n<meta property=\"og:locale\" content=\"ru_RU\" \/>\n<meta property=\"og:type\" content=\"article\" \/>\n<meta property=\"og:title\" content=\"Kontakt z nami: GoDan SA\" \/>\n<meta property=\"og:description\" content=\"Zapraszamy do kontaktu z nami, zadzwo\u0144, napisz lub wype\u0142ni\u0142 formularz kontaktowy.\" \/>\n<meta property=\"og:url\" content=\"https:\/\/www.godan.pl\/ru\/k\u043e\u043d\u0442\u0430\u043a\u0442\" \/>\n<meta property=\"og:site_name\" content=\"Godan\" \/>\n<meta property=\"article:modified_time\" content=\"2025-06-23T12:12:49+00:00\" \/>\n<meta name=\"twitter:card\" content=\"summary_large_image\" \/>\n<meta name=\"twitter:label1\" content=\"\u041f\u0440\u0438\u043c\u0435\u0440\u043d\u043e\u0435 \u0432\u0440\u0435\u043c\u044f \u0434\u043b\u044f \u0447\u0442\u0435\u043d\u0438\u044f\" \/>\n\t<meta name=\"twitter:data1\" content=\"1 \u043c\u0438\u043d\u0443\u0442\u0430\" \/>\n<script type=\"application\/ld+json\" class=\"yoast-schema-graph\">{\"@context\":\"https:\/\/schema.org\",\"@graph\":[{\"@type\":\"WebPage\",\"@id\":\"https:\/\/www.godan.pl\/ru\/k%d0%be%d0%bd%d1%82%d0%b0%d0%ba%d1%82\",\"url\":\"https:\/\/www.godan.pl\/ru\/k%d0%be%d0%bd%d1%82%d0%b0%d0%ba%d1%82\",\"name\":\"Kontakt z nami: GoDan SA\",\"isPartOf\":{\"@id\":\"https:\/\/www.godan.pl\/fr\/#website\"},\"datePublished\":\"2014-12-09T23:14:00+00:00\",\"dateModified\":\"2025-06-23T12:12:49+00:00\",\"description\":\"Zapraszamy do kontaktu z nami, zadzwo\u0144, napisz lub wype\u0142ni\u0142 formularz kontaktowy.\",\"breadcrumb\":{\"@id\":\"https:\/\/www.godan.pl\/ru\/k%d0%be%d0%bd%d1%82%d0%b0%d0%ba%d1%82#breadcrumb\"},\"inLanguage\":\"ru-RU\",\"potentialAction\":[{\"@type\":\"ReadAction\",\"target\":[\"https:\/\/www.godan.pl\/ru\/k%d0%be%d0%bd%d1%82%d0%b0%d0%ba%d1%82\"]}]},{\"@type\":\"BreadcrumbList\",\"@id\":\"https:\/\/www.godan.pl\/ru\/k%d0%be%d0%bd%d1%82%d0%b0%d0%ba%d1%82#breadcrumb\",\"itemListElement\":[{\"@type\":\"ListItem\",\"position\":1,\"name\":\"Strona g\u0142\u00f3wna\",\"item\":\"https:\/\/www.godan.pl\/ru\"},{\"@type\":\"ListItem\",\"position\":2,\"name\":\"\u041a\u043e\u043d\u0442\u0430\u043a\u0442\"}]},{\"@type\":\"WebSite\",\"@id\":\"https:\/\/www.godan.pl\/fr\/#website\",\"url\":\"https:\/\/www.godan.pl\/fr\/\",\"name\":\"Godan\",\"description\":\"Oferujemy szerok\u0105 ofert\u0119 balon\u00f3w, dekoracji sali, stroj\u00f3w karnawa\u0142owych, artyku\u0142y \u015blubnych i weselnych\",\"publisher\":{\"@id\":\"https:\/\/www.godan.pl\/fr\/#organization\"},\"potentialAction\":[{\"@type\":\"SearchAction\",\"target\":{\"@type\":\"EntryPoint\",\"urlTemplate\":\"https:\/\/www.godan.pl\/fr\/?s={search_term_string}\"},\"query-input\":\"required name=search_term_string\"}],\"inLanguage\":\"ru-RU\"},{\"@type\":\"Organization\",\"@id\":\"https:\/\/www.godan.pl\/fr\/#organization\",\"name\":\"GoDan S.A.\",\"url\":\"https:\/\/www.godan.pl\/fr\/\",\"logo\":{\"@type\":\"ImageObject\",\"inLanguage\":\"ru-RU\",\"@id\":\"https:\/\/www.godan.pl\/fr\/#\/schema\/logo\/image\/\",\"url\":\"https:\/\/www.godan.pl\/wp-content\/uploads\/2017\/08\/logo-godan-male-1.png\",\"contentUrl\":\"https:\/\/www.godan.pl\/wp-content\/uploads\/2017\/08\/logo-godan-male-1.png\",\"width\":185,\"height\":97,\"caption\":\"GoDan S.A.\"},\"image\":{\"@id\":\"https:\/\/www.godan.pl\/fr\/#\/schema\/logo\/image\/\"}}]}<\/script>\n<!-- \/ Yoast SEO plugin. -->","yoast_head_json":{"title":"Kontakt z nami: GoDan SA","description":"Zapraszamy do kontaktu z nami, zadzwo\u0144, napisz lub wype\u0142ni\u0142 formularz kontaktowy.","robots":{"index":"index","follow":"follow","max-snippet":"max-snippet:-1","max-image-preview":"max-image-preview:large","max-video-preview":"max-video-preview:-1"},"canonical":"https:\/\/www.godan.pl\/ru\/k\u043e\u043d\u0442\u0430\u043a\u0442","og_locale":"ru_RU","og_type":"article","og_title":"Kontakt z nami: GoDan SA","og_description":"Zapraszamy do kontaktu z nami, zadzwo\u0144, napisz lub wype\u0142ni\u0142 formularz kontaktowy.","og_url":"https:\/\/www.godan.pl\/ru\/k\u043e\u043d\u0442\u0430\u043a\u0442","og_site_name":"Godan","article_modified_time":"2025-06-23T12:12:49+00:00","twitter_card":"summary_large_image","twitter_misc":{"\u041f\u0440\u0438\u043c\u0435\u0440\u043d\u043e\u0435 \u0432\u0440\u0435\u043c\u044f \u0434\u043b\u044f \u0447\u0442\u0435\u043d\u0438\u044f":"1 \u043c\u0438\u043d\u0443\u0442\u0430"},"schema":{"@context":"https:\/\/schema.org","@graph":[{"@type":"WebPage","@id":"https:\/\/www.godan.pl\/ru\/k%d0%be%d0%bd%d1%82%d0%b0%d0%ba%d1%82","url":"https:\/\/www.godan.pl\/ru\/k%d0%be%d0%bd%d1%82%d0%b0%d0%ba%d1%82","name":"Kontakt z nami: GoDan SA","isPartOf":{"@id":"https:\/\/www.godan.pl\/fr\/#website"},"datePublished":"2014-12-09T23:14:00+00:00","dateModified":"2025-06-23T12:12:49+00:00","description":"Zapraszamy do kontaktu z nami, zadzwo\u0144, napisz lub wype\u0142ni\u0142 formularz kontaktowy.","breadcrumb":{"@id":"https:\/\/www.godan.pl\/ru\/k%d0%be%d0%bd%d1%82%d0%b0%d0%ba%d1%82#breadcrumb"},"inLanguage":"ru-RU","potentialAction":[{"@type":"ReadAction","target":["https:\/\/www.godan.pl\/ru\/k%d0%be%d0%bd%d1%82%d0%b0%d0%ba%d1%82"]}]},{"@type":"BreadcrumbList","@id":"https:\/\/www.godan.pl\/ru\/k%d0%be%d0%bd%d1%82%d0%b0%d0%ba%d1%82#breadcrumb","itemListElement":[{"@type":"ListItem","position":1,"name":"Strona g\u0142\u00f3wna","item":"https:\/\/www.godan.pl\/ru"},{"@type":"ListItem","position":2,"name":"\u041a\u043e\u043d\u0442\u0430\u043a\u0442"}]},{"@type":"WebSite","@id":"https:\/\/www.godan.pl\/fr\/#website","url":"https:\/\/www.godan.pl\/fr\/","name":"Godan","description":"Oferujemy szerok\u0105 ofert\u0119 balon\u00f3w, dekoracji sali, stroj\u00f3w karnawa\u0142owych, artyku\u0142y \u015blubnych i weselnych","publisher":{"@id":"https:\/\/www.godan.pl\/fr\/#organization"},"potentialAction":[{"@type":"SearchAction","target":{"@type":"EntryPoint","urlTemplate":"https:\/\/www.godan.pl\/fr\/?s={search_term_string}"},"query-input":"required name=search_term_string"}],"inLanguage":"ru-RU"},{"@type":"Organization","@id":"https:\/\/www.godan.pl\/fr\/#organization","name":"GoDan S.A.","url":"https:\/\/www.godan.pl\/fr\/","logo":{"@type":"ImageObject","inLanguage":"ru-RU","@id":"https:\/\/www.godan.pl\/fr\/#\/schema\/logo\/image\/","url":"https:\/\/www.godan.pl\/wp-content\/uploads\/2017\/08\/logo-godan-male-1.png","contentUrl":"https:\/\/www.godan.pl\/wp-content\/uploads\/2017\/08\/logo-godan-male-1.png","width":185,"height":97,"caption":"GoDan S.A."},"image":{"@id":"https:\/\/www.godan.pl\/fr\/#\/schema\/logo\/image\/"}}]}},"_links":{"self":[{"href":"https:\/\/www.godan.pl\/ru\/wp-json\/wp\/v2\/pages\/7565"}],"collection":[{"href":"https:\/\/www.godan.pl\/ru\/wp-json\/wp\/v2\/pages"}],"about":[{"href":"https:\/\/www.godan.pl\/ru\/wp-json\/wp\/v2\/types\/page"}],"author":[{"embeddable":true,"href":"https:\/\/www.godan.pl\/ru\/wp-json\/wp\/v2\/users\/1"}],"replies":[{"embeddable":true,"href":"https:\/\/www.godan.pl\/ru\/wp-json\/wp\/v2\/comments?post=7565"}],"version-history":[{"count":30,"href":"https:\/\/www.godan.pl\/ru\/wp-json\/wp\/v2\/pages\/7565\/revisions"}],"predecessor-version":[{"id":26271,"href":"https:\/\/www.godan.pl\/ru\/wp-json\/wp\/v2\/pages\/7565\/revisions\/26271"}],"wp:attachment":[{"href":"https:\/\/www.godan.pl\/ru\/wp-json\/wp\/v2\/media?parent=7565"}],"curies":[{"name":"wp","href":"https:\/\/api.w.org\/{rel}","templated":true}]}}