{"id":7908,"date":"2017-06-02T13:14:34","date_gmt":"2017-06-02T13:14:34","guid":{"rendered":"https:\/\/www.godan.pl\/oferta\/sprzedaz-hurtowa\/hurtownia-strojow-karnawalowych\/"},"modified":"2020-11-09T11:10:50","modified_gmt":"2020-11-09T11:10:50","slug":"hurtownia-strojow-karnawalowych","status":"publish","type":"page","link":"https:\/\/www.godan.pl\/fr\/hurtownia-strojow-karnawalowych","title":{"rendered":"Hurtownia producent stroj\u00f3w karnawa\u0142owych"},"content":{"rendered":"<h2>Sprzeda\u017c hurtowa stroj\u00f3w karnawa\u0142owych, przebra\u0144, kostium\u00f3w<\/h2>\n<p>Specjalizujemy si\u0119 w produkcji, bezpo\u015brednim imporcie i <strong>hurtowej sprzeda\u017cy stroj\u00f3w karnawa\u0142owych i kostium\u00f3w<\/strong>. W naszej ofercie znajdziecie Pa\u0144stwo <u>przebrania<\/u>, <u>kostiumy<\/u>, akcesoria i rekwizyty do <u>przebra\u0144<\/u>. <u>Stroje<\/u> s\u0105 przeznaczone zar\u00f3wno dla os\u00f3b doros\u0142ych jak i dzieci. Oferta jest szczeg\u00f3lnie polecana na Halloween, w okresie karnawa\u0142u oraz do teatrzyk\u00f3w dla dzieci w tym tak\u017ce na Jase\u0142ka.<\/p>\n<p><img loading=\"lazy\" decoding=\"async\" width=\"643\" height=\"228\" src=\"https:\/\/www.godan.pl\/wp-content\/uploads\/2017\/06\/dzieci.jpg\" alt=\"Hurtownia stroj\u00f3w karnawa\u0142owych\" class=\"aligncenter size-full wp-image-6988\" srcset=\"https:\/\/www.godan.pl\/wp-content\/uploads\/2017\/06\/dzieci.jpg 643w, https:\/\/www.godan.pl\/wp-content\/uploads\/2017\/06\/dzieci-300x106.jpg 300w, https:\/\/www.godan.pl\/wp-content\/uploads\/2017\/06\/dzieci-200x71.jpg 200w\" sizes=\"(max-width: 643px) 100vw, 643px\" \/><\/p>\n<p>Z pe\u0142n\u0105 ofert\u0105 mo\u017cna si\u0119 zapozna\u0107 poprzez Pulpit Kontrahenta, stron\u0119 dzi\u0119ki kt\u00f3rej mo\u017cna przejrze\u0107 i zam\u00f3wi\u0107 nasze <a style=\"color: #434343;\" href=\"https:\/\/godanparty.pl\/produkty\/stroje-karnawalowe-i-przebrania,2,99613\"><u>stroje, kostiumy i przebrania<\/u><\/a>. Je\u015bli jeszcze nie maj\u0105 Pa\u0144stwo dost\u0119pu do Pulpitu, prosimy o kontakt korzystaj\u0105c z formularza obok. Dla naszych sta\u0142ych klient\u00f3w organizujemy atrakcyjne promocje i rabaty! Oferta detaliczna stroj\u00f3w dost\u0119pna jest w naszym sklepie <a target=\"_blank\" href=\"https:\/\/godanparty.pl\" rel=\"noopener noreferrer\">godanparty.pl<\/a>.<\/p>\n<p>Zam\u00f3wiony towar dostarczamy na terenie ca\u0142ego kraju oraz za granic\u0119. Mo\u017cliwy jest tak\u017ce odbi\u00f3r osobisty produkt\u00f3w w O\u017carowie Mazowieckim.<\/p>\n<p>Posiadamy <u>stroje<\/u> dla os\u00f3b w ka\u017cdym wieku, dla dzieci (ch\u0142opc\u00f3w i dziewczynek), dzieci w wieku przedszkolnym i szkolnym, m\u0142odzie\u017cy, os\u00f3b doros\u0142ych (kobiet i m\u0119\u017cczyzn). <u>Stroje i kostiumy<\/u> dost\u0119pne s\u0105 w pe\u0142nej typowej rozmiar\u00f3wce (stroje dla dzieci m.in.: 80-92 , 92-110, 110-120, 120-130, 130-140), stroje dla doros\u0142ych (XS, S, M, L, XL) oraz w rozmiarach uniwersalnych.<\/p>\n<p><img loading=\"lazy\" decoding=\"async\" width=\"1400\" height=\"300\" src=\"https:\/\/www.godan.pl\/wp-content\/uploads\/2017\/06\/maski.jpg\" alt=\"Hurt stroj\u00f3w halloween, karnawa\u0142owych, masek weneckich\" class=\"aligncenter size-full wp-image-6994\" srcset=\"https:\/\/www.godan.pl\/wp-content\/uploads\/2017\/06\/maski.jpg 1400w, https:\/\/www.godan.pl\/wp-content\/uploads\/2017\/06\/maski-300x64.jpg 300w, https:\/\/www.godan.pl\/wp-content\/uploads\/2017\/06\/maski-768x165.jpg 768w, https:\/\/www.godan.pl\/wp-content\/uploads\/2017\/06\/maski-1024x219.jpg 1024w, https:\/\/www.godan.pl\/wp-content\/uploads\/2017\/06\/maski-200x43.jpg 200w\" sizes=\"(max-width: 1400px) 100vw, 1400px\" \/><\/p>\n<p>Opr\u00f3cz <strong>hurtowej sprzeda\u017cy kompletnych stroj\u00f3w<\/strong> oferujemy tak\u017ce akcesoria do <u>przebra\u0144<\/u>, m.in.:<\/p>\n<ul>\n<li>ozdoby na g\u0142ow\u0119 takie jak: <a style=\"color: #434343;\" href=\"https:\/\/godanparty.pl\/produkty\/stroje-karnawalowe-i-przebrania\/maski-kapelusze-korony-peruki\/peruki,2,99649\">peruki<\/a>, <a style=\"color: #434343;\" href=\"https:\/\/godanparty.pl\/produkty\/stroje-karnawalowe-i-przebrania\/maski-kapelusze-korony-peruki\/korony-tiary-diademy,2,99650\">korony<\/a>, <a style=\"color: #434343;\" href=\"https:\/\/godanparty.pl\/produkty\/stroje-karnawalowe-i-przebrania\/maski-kapelusze-korony-peruki\/kapelusze,2,99651\">kapelusze imprezowe<\/a>, czapki, opaski<\/li>\n<li><a style=\"color: #434343;\" href=\"https:\/\/godanparty.pl\/produkty\/stroje-karnawalowe-i-przebrania\/maski-kapelusze-korony-peruki\/maski,2,151514\">maski karnawa\u0142owe i imprezowe<\/a>: lateksowe i z filcu, piankowe, z papieru<\/li>\n<li>akcesoria do makija\u017cu i charakteryzacji: kredki do malowania twarzy, tatua\u017ce zmywalne i tymczasowe, lakiery koloryzuj\u0105ce do w\u0142os\u00f3w, brokaty, spraye.<\/li>\n<\/ul>\n<p><img loading=\"lazy\" decoding=\"async\" width=\"1024\" height=\"127\" src=\"https:\/\/www.godan.pl\/wp-content\/uploads\/2017\/06\/akcesoria_do_strojow_przebran-1024x127.jpg\" alt=\"Hurtownia stroj\u00f3w i przebra\u0144 Halloween, Karnawa\u0142, Party\" class=\"aligncenter size-large wp-image-7113\" srcset=\"https:\/\/www.godan.pl\/wp-content\/uploads\/2017\/06\/akcesoria_do_strojow_przebran-1024x127.jpg 1024w, https:\/\/www.godan.pl\/wp-content\/uploads\/2017\/06\/akcesoria_do_strojow_przebran-300x37.jpg 300w, https:\/\/www.godan.pl\/wp-content\/uploads\/2017\/06\/akcesoria_do_strojow_przebran-768x95.jpg 768w, https:\/\/www.godan.pl\/wp-content\/uploads\/2017\/06\/akcesoria_do_strojow_przebran-200x25.jpg 200w\" sizes=\"(max-width: 1024px) 100vw, 1024px\" \/><br \/>\nOraz <a style=\"color: #434343;\" href=\"https:\/\/godanparty.pl\/produkty\/stroje-karnawalowe-i-przebrania\/dodatki-do-strojow-karnawalowych,2,99664\">dodatki do <u>stroj\u00f3w karnawa\u0142owych<\/u><\/a> wyst\u0119puj\u0105ce zar\u00f3wno osobno, jak i w zestawach:<\/p>\n<ul>\n<li>szale boa, marabou, naszyjniki,<\/li>\n<li>zabawne muszki, krawaty, kotyliony,<\/li>\n<li>\u015bmieszne okulary, sztuczne w\u0105sy i brody, fajki<\/li>\n<li>r\u0119kawice, rajstopy, leginsy, po\u0144czochy,<\/li>\n<li>bro\u0144 i inne akcesoria militarne takie jak: ber\u0142a, r\u00f3\u017cd\u017cki, miecze, kosy, topory,<\/li>\n<li>zestawy do przebra\u0144 za zwierz\u0105tka (ogon, uszy, w\u0105sy, mucha),<\/li>\n<li>zestawy pirackie (bro\u0144, bandana na w\u0142osy, opaska na oczy),<\/li>\n<li>zestawy broni (miecze z tarczami).<\/li>\n<\/ul>\n<p>Raz jeszcze zach\u0119camy do kontaktu z nami wype\u0142niaj\u0105c formularz z prawej strony oraz zapraszamy na zakupy przez <a target=\"_blank\" href=\"https:\/\/b2b.godan.pl\/\" rel=\"noopener noreferrer\">Sklep B2B<\/a> lub przez sklep <a target=\"_blank\" href=\"https:\/\/godanparty.pl\" rel=\"noopener noreferrer\">godanparty.pl<\/a>.<\/p>\n","protected":false},"excerpt":{"rendered":"<p>Sprzeda\u017c hurtowa stroj\u00f3w karnawa\u0142owych, przebra\u0144, kostium\u00f3w Specjalizujemy si\u0119 w produkcji, bezpo\u015brednim imporcie i hurtowej sprzeda\u017cy stroj\u00f3w karnawa\u0142owych i kostium\u00f3w. W naszej ofercie znajdziecie Pa\u0144stwo przebrania, kostiumy, akcesoria i rekwizyty do przebra\u0144. Stroje s\u0105 przeznaczone zar\u00f3wno dla os\u00f3b doros\u0142ych jak i dzieci. Oferta jest szczeg\u00f3lnie polecana na Halloween, w okresie karnawa\u0142u oraz do teatrzyk\u00f3w dla dzieci [&hellip;]<\/p>\n","protected":false},"author":1,"featured_media":0,"parent":0,"menu_order":0,"comment_status":"closed","ping_status":"closed","template":"template-formularz_sidebar.php","meta":{"_acf_changed":false,"footnotes":""},"class_list":["post-7908","page","type-page","status-publish","hentry"],"acf":[],"yoast_head":"<!-- This site is optimized with the Yoast SEO plugin v20.11 - https:\/\/yoast.com\/wordpress\/plugins\/seo\/ -->\n<title>Hurtownia i producent stroj\u00f3w karnawa\u0142owych i Halloween: GoDan SA<\/title>\n<meta name=\"description\" content=\"Jeste\u015bmy producentem i hurtowni\u0105 stroj\u00f3w karnawa\u0142owych i Halloween dla dzieci i doros\u0142ych oraz peruki, maski imprezowe, akcesoria do makija\u017cu.\" \/>\n<meta name=\"robots\" content=\"index, follow, max-snippet:-1, max-image-preview:large, max-video-preview:-1\" \/>\n<link rel=\"canonical\" href=\"https:\/\/www.godan.pl\/fr\/hurtownia-strojow-karnawalowych\" \/>\n<meta property=\"og:locale\" content=\"fr_FR\" \/>\n<meta property=\"og:type\" content=\"article\" \/>\n<meta property=\"og:title\" content=\"Hurtownia i producent stroj\u00f3w karnawa\u0142owych i Halloween: GoDan SA\" \/>\n<meta property=\"og:description\" content=\"Jeste\u015bmy producentem i hurtowni\u0105 stroj\u00f3w karnawa\u0142owych i Halloween dla dzieci i doros\u0142ych oraz peruki, maski imprezowe, akcesoria do makija\u017cu.\" \/>\n<meta property=\"og:url\" content=\"https:\/\/www.godan.pl\/fr\/hurtownia-strojow-karnawalowych\" \/>\n<meta property=\"og:site_name\" content=\"Godan\" \/>\n<meta property=\"article:modified_time\" content=\"2020-11-09T11:10:50+00:00\" \/>\n<meta property=\"og:image\" content=\"https:\/\/www.godan.pl\/wp-content\/uploads\/2017\/06\/dzieci.jpg\" \/>\n<meta name=\"twitter:card\" content=\"summary_large_image\" \/>\n<meta name=\"twitter:label1\" content=\"Dur\u00e9e de lecture estim\u00e9e\" \/>\n\t<meta name=\"twitter:data1\" content=\"2 minutes\" \/>\n<script type=\"application\/ld+json\" class=\"yoast-schema-graph\">{\"@context\":\"https:\/\/schema.org\",\"@graph\":[{\"@type\":\"WebPage\",\"@id\":\"https:\/\/www.godan.pl\/fr\/hurtownia-strojow-karnawalowych\",\"url\":\"https:\/\/www.godan.pl\/fr\/hurtownia-strojow-karnawalowych\",\"name\":\"Hurtownia i producent stroj\u00f3w karnawa\u0142owych i Halloween: GoDan SA\",\"isPartOf\":{\"@id\":\"https:\/\/www.godan.pl\/fr\/#website\"},\"datePublished\":\"2017-06-02T13:14:34+00:00\",\"dateModified\":\"2020-11-09T11:10:50+00:00\",\"description\":\"Jeste\u015bmy producentem i hurtowni\u0105 stroj\u00f3w karnawa\u0142owych i Halloween dla dzieci i doros\u0142ych oraz peruki, maski imprezowe, akcesoria do makija\u017cu.\",\"breadcrumb\":{\"@id\":\"https:\/\/www.godan.pl\/fr\/hurtownia-strojow-karnawalowych#breadcrumb\"},\"inLanguage\":\"fr-FR\",\"potentialAction\":[{\"@type\":\"ReadAction\",\"target\":[\"https:\/\/www.godan.pl\/fr\/hurtownia-strojow-karnawalowych\"]}]},{\"@type\":\"BreadcrumbList\",\"@id\":\"https:\/\/www.godan.pl\/fr\/hurtownia-strojow-karnawalowych#breadcrumb\",\"itemListElement\":[{\"@type\":\"ListItem\",\"position\":1,\"name\":\"Strona g\u0142\u00f3wna\",\"item\":\"https:\/\/www.godan.pl\/fr\"},{\"@type\":\"ListItem\",\"position\":2,\"name\":\"Hurtownia producent stroj\u00f3w karnawa\u0142owych\"}]},{\"@type\":\"WebSite\",\"@id\":\"https:\/\/www.godan.pl\/fr\/#website\",\"url\":\"https:\/\/www.godan.pl\/fr\/\",\"name\":\"Godan\",\"description\":\"Oferujemy szerok\u0105 ofert\u0119 balon\u00f3w, dekoracji sali, stroj\u00f3w karnawa\u0142owych, artyku\u0142y \u015blubnych i weselnych\",\"publisher\":{\"@id\":\"https:\/\/www.godan.pl\/fr\/#organization\"},\"potentialAction\":[{\"@type\":\"SearchAction\",\"target\":{\"@type\":\"EntryPoint\",\"urlTemplate\":\"https:\/\/www.godan.pl\/fr\/?s={search_term_string}\"},\"query-input\":\"required name=search_term_string\"}],\"inLanguage\":\"fr-FR\"},{\"@type\":\"Organization\",\"@id\":\"https:\/\/www.godan.pl\/fr\/#organization\",\"name\":\"GoDan S.A.\",\"url\":\"https:\/\/www.godan.pl\/fr\/\",\"logo\":{\"@type\":\"ImageObject\",\"inLanguage\":\"fr-FR\",\"@id\":\"https:\/\/www.godan.pl\/fr\/#\/schema\/logo\/image\/\",\"url\":\"https:\/\/www.godan.pl\/wp-content\/uploads\/2017\/08\/logo-godan-male-1.png\",\"contentUrl\":\"https:\/\/www.godan.pl\/wp-content\/uploads\/2017\/08\/logo-godan-male-1.png\",\"width\":185,\"height\":97,\"caption\":\"GoDan S.A.\"},\"image\":{\"@id\":\"https:\/\/www.godan.pl\/fr\/#\/schema\/logo\/image\/\"}}]}<\/script>\n<!-- \/ Yoast SEO plugin. -->","yoast_head_json":{"title":"Hurtownia i producent stroj\u00f3w karnawa\u0142owych i Halloween: GoDan SA","description":"Jeste\u015bmy producentem i hurtowni\u0105 stroj\u00f3w karnawa\u0142owych i Halloween dla dzieci i doros\u0142ych oraz peruki, maski imprezowe, akcesoria do makija\u017cu.","robots":{"index":"index","follow":"follow","max-snippet":"max-snippet:-1","max-image-preview":"max-image-preview:large","max-video-preview":"max-video-preview:-1"},"canonical":"https:\/\/www.godan.pl\/fr\/hurtownia-strojow-karnawalowych","og_locale":"fr_FR","og_type":"article","og_title":"Hurtownia i producent stroj\u00f3w karnawa\u0142owych i Halloween: GoDan SA","og_description":"Jeste\u015bmy producentem i hurtowni\u0105 stroj\u00f3w karnawa\u0142owych i Halloween dla dzieci i doros\u0142ych oraz peruki, maski imprezowe, akcesoria do makija\u017cu.","og_url":"https:\/\/www.godan.pl\/fr\/hurtownia-strojow-karnawalowych","og_site_name":"Godan","article_modified_time":"2020-11-09T11:10:50+00:00","og_image":[{"url":"https:\/\/www.godan.pl\/wp-content\/uploads\/2017\/06\/dzieci.jpg"}],"twitter_card":"summary_large_image","twitter_misc":{"Dur\u00e9e de lecture estim\u00e9e":"2 minutes"},"schema":{"@context":"https:\/\/schema.org","@graph":[{"@type":"WebPage","@id":"https:\/\/www.godan.pl\/fr\/hurtownia-strojow-karnawalowych","url":"https:\/\/www.godan.pl\/fr\/hurtownia-strojow-karnawalowych","name":"Hurtownia i producent stroj\u00f3w karnawa\u0142owych i Halloween: GoDan SA","isPartOf":{"@id":"https:\/\/www.godan.pl\/fr\/#website"},"datePublished":"2017-06-02T13:14:34+00:00","dateModified":"2020-11-09T11:10:50+00:00","description":"Jeste\u015bmy producentem i hurtowni\u0105 stroj\u00f3w karnawa\u0142owych i Halloween dla dzieci i doros\u0142ych oraz peruki, maski imprezowe, akcesoria do makija\u017cu.","breadcrumb":{"@id":"https:\/\/www.godan.pl\/fr\/hurtownia-strojow-karnawalowych#breadcrumb"},"inLanguage":"fr-FR","potentialAction":[{"@type":"ReadAction","target":["https:\/\/www.godan.pl\/fr\/hurtownia-strojow-karnawalowych"]}]},{"@type":"BreadcrumbList","@id":"https:\/\/www.godan.pl\/fr\/hurtownia-strojow-karnawalowych#breadcrumb","itemListElement":[{"@type":"ListItem","position":1,"name":"Strona g\u0142\u00f3wna","item":"https:\/\/www.godan.pl\/fr"},{"@type":"ListItem","position":2,"name":"Hurtownia producent stroj\u00f3w karnawa\u0142owych"}]},{"@type":"WebSite","@id":"https:\/\/www.godan.pl\/fr\/#website","url":"https:\/\/www.godan.pl\/fr\/","name":"Godan","description":"Oferujemy szerok\u0105 ofert\u0119 balon\u00f3w, dekoracji sali, stroj\u00f3w karnawa\u0142owych, artyku\u0142y \u015blubnych i weselnych","publisher":{"@id":"https:\/\/www.godan.pl\/fr\/#organization"},"potentialAction":[{"@type":"SearchAction","target":{"@type":"EntryPoint","urlTemplate":"https:\/\/www.godan.pl\/fr\/?s={search_term_string}"},"query-input":"required name=search_term_string"}],"inLanguage":"fr-FR"},{"@type":"Organization","@id":"https:\/\/www.godan.pl\/fr\/#organization","name":"GoDan S.A.","url":"https:\/\/www.godan.pl\/fr\/","logo":{"@type":"ImageObject","inLanguage":"fr-FR","@id":"https:\/\/www.godan.pl\/fr\/#\/schema\/logo\/image\/","url":"https:\/\/www.godan.pl\/wp-content\/uploads\/2017\/08\/logo-godan-male-1.png","contentUrl":"https:\/\/www.godan.pl\/wp-content\/uploads\/2017\/08\/logo-godan-male-1.png","width":185,"height":97,"caption":"GoDan S.A."},"image":{"@id":"https:\/\/www.godan.pl\/fr\/#\/schema\/logo\/image\/"}}]}},"_links":{"self":[{"href":"https:\/\/www.godan.pl\/fr\/wp-json\/wp\/v2\/pages\/7908"}],"collection":[{"href":"https:\/\/www.godan.pl\/fr\/wp-json\/wp\/v2\/pages"}],"about":[{"href":"https:\/\/www.godan.pl\/fr\/wp-json\/wp\/v2\/types\/page"}],"author":[{"embeddable":true,"href":"https:\/\/www.godan.pl\/fr\/wp-json\/wp\/v2\/users\/1"}],"replies":[{"embeddable":true,"href":"https:\/\/www.godan.pl\/fr\/wp-json\/wp\/v2\/comments?post=7908"}],"version-history":[{"count":7,"href":"https:\/\/www.godan.pl\/fr\/wp-json\/wp\/v2\/pages\/7908\/revisions"}],"predecessor-version":[{"id":16907,"href":"https:\/\/www.godan.pl\/fr\/wp-json\/wp\/v2\/pages\/7908\/revisions\/16907"}],"wp:attachment":[{"href":"https:\/\/www.godan.pl\/fr\/wp-json\/wp\/v2\/media?parent=7908"}],"curies":[{"name":"wp","href":"https:\/\/api.w.org\/{rel}","templated":true}]}}