{"id":7838,"date":"2017-06-02T13:07:34","date_gmt":"2017-06-02T13:07:34","guid":{"rendered":"https:\/\/www.godan.pl\/oferta\/sprzedaz-hurtowa\/"},"modified":"2025-06-11T14:27:02","modified_gmt":"2025-06-11T14:27:02","slug":"vente-en-gros","status":"publish","type":"page","link":"https:\/\/www.godan.pl\/fr\/offre\/vente-en-gros","title":{"rendered":"Vente en gros"},"content":{"rendered":"<p class=\"paragraph__no__margin\">Nous vendons en gros et \u00e0 l&#8217;exportation:\n<\/p>\n<ul class=\"star \">\n<li>Ballons &#8211; nous sommes un des plus importants distributeurs des ballons en latex et en feuille Pologne et l&#8217;Europe centrale. Nous achetons les produits directement aupr\u00e8s des meilleurs fabricants du monde.<\/li>\n<li>Costumes de carnaval et accessoires \u2013 nous sommes un fabricant et importateur direct de costumes de carnaval, costumes, d\u00e9guisements carnaval, etc. Notre offre comprend \u00e9galement des accessoires pour les d\u00e9guisements, y compris : des perruques, des masques, des couronnes, des chapeaux, des baguettes magiques, des faux cils, des moustaches, etc.<\/li>\n<li>Articles pour la d\u00e9coration de la salle (des guirlandes, des banni\u00e8res d&#8217;anniversaire, lanternes, rosaces, pompons, streamers).<\/li>\n<li>Articles pour la d\u00e9coration de la table (par exemple, des tasses en papier, des assiettes, des serviettes, des couverts, des articles \u00e0 cocktail, des pailles, des bougies d&#8217;anniversaire)<\/li>\n<li>Articles de f\u00eate et cadeaux (par exemple des sacs-cadeaux, des confettis, des banderoles, des trompettes, des invitations et des cartes de v\u0153ux, des cocardes et des autres articles pour l&#8217;emballage, des bo\u00eetes d\u00e9coratives, des cadeaux, des jouets)<\/li>\n<\/ul>\n<p><img loading=\"lazy\" decoding=\"async\" width=\"1399\" height=\"243\" class=\"aligncenter size-full wp-image-6868\" src=\"https:\/\/www.godan.pl\/wp-content\/uploads\/2017\/05\/balony_maski_akcesoria_urodzinowe.jpg\" alt=\"Portfolio GoDan: balony, maski karnawa\u0142owe, akcesoria urodzinowe.\" srcset=\"https:\/\/www.godan.pl\/wp-content\/uploads\/2017\/05\/balony_maski_akcesoria_urodzinowe.jpg 1399w, https:\/\/www.godan.pl\/wp-content\/uploads\/2017\/05\/balony_maski_akcesoria_urodzinowe-300x52.jpg 300w, https:\/\/www.godan.pl\/wp-content\/uploads\/2017\/05\/balony_maski_akcesoria_urodzinowe-768x133.jpg 768w, https:\/\/www.godan.pl\/wp-content\/uploads\/2017\/05\/balony_maski_akcesoria_urodzinowe-1024x178.jpg 1024w, https:\/\/www.godan.pl\/wp-content\/uploads\/2017\/05\/balony_maski_akcesoria_urodzinowe-200x35.jpg 200w\" sizes=\"(max-width: 1399px) 100vw, 1399px\" \/><\/p>\n<p>Pour nos partenaires commerciaux achetant en grandes quantit\u00e9s et pour l&#8217;exportation, nous avons pr\u00e9par\u00e9 une plate-forme s\u00e9par\u00e9e (site web)\u00a0: Pupitre d\u2019entrepreneur.<\/p>\n<p class=\"paragraph__no__margin\">Gr\u00e2ce \u00e0 elle\u00a0:\n<\/p>\n<ul class=\"star \">\n<li>Vous serez les premiers \u00e0 apprendre de tous nos nouveaux produits propos\u00e9s,<\/li>\n<li>Vous aurez acc\u00e8s \u00e0 l&#8217;offre compl\u00e8te de GoDan 24\/7,<\/li>\n<li>Vous commanderez un produit de notre offre facilement et rapidement,<\/li>\n<li>Vous recevrez un prix sp\u00e9cialement r\u00e9duit pour les partenaires de gros.<\/li>\n<\/ul>\n<h3 style=\"text-align: center;\"><a style=\"text-decoration: underline;\" href=\"https:\/\/b2b.godan.pl\/\" target=\"_blank\" rel=\"noopener\">https:\/\/b2b.godan.pl\/<\/a><\/h3>\n<p>Si vous ne poss\u00e9dez pas d\u00e9j\u00e0 un login et mot de passe pour Pupitre d\u2019entrepreneur, n\u2019h\u00e9sitez pas \u00e0 contacter notre service commercial \/ service exportation:<br \/>\nT\u00e9l.: <a href=\"tel:227212696\">+48 22 721 26 96<\/a> ou <a href=\"mailto:export@godan.pl\">export@godan.pl<\/a><\/p>\n<p>Nous vous invitons \u00e0 nous contacter !<\/p>\n<div class='idz-table-orange'>\n<table class=\"table\">\n<tbody>\n<tr>\n<th>Shop GoDan:<br \/>\nCash &amp; Carry<\/th>\n<\/tr>\n<tr>\n<td>ul. Pozna\u0144ska 138<br \/>\n05-850 O\u017car\u00f3w Mazowiecki<br \/>\nWelcome:<br \/>\nMon-Fri: 7:00 &#8211; 15:15\n<\/td>\n<\/tr>\n<\/tbody>\n<\/table>\n<\/div>\n<p><img loading=\"lazy\" decoding=\"async\" width=\"1400\" height=\"300\" class=\"aligncenter size-full wp-image-6976\" src=\"https:\/\/www.godan.pl\/wp-content\/uploads\/2017\/06\/balony.jpg\" alt=\"balony gumowe - hurt\" srcset=\"https:\/\/www.godan.pl\/wp-content\/uploads\/2017\/06\/balony.jpg 1400w, https:\/\/www.godan.pl\/wp-content\/uploads\/2017\/06\/balony-300x64.jpg 300w, https:\/\/www.godan.pl\/wp-content\/uploads\/2017\/06\/balony-768x165.jpg 768w, https:\/\/www.godan.pl\/wp-content\/uploads\/2017\/06\/balony-1024x219.jpg 1024w, https:\/\/www.godan.pl\/wp-content\/uploads\/2017\/06\/balony-200x43.jpg 200w\" sizes=\"(max-width: 1400px) 100vw, 1400px\" \/><br \/>\n<img loading=\"lazy\" decoding=\"async\" width=\"1400\" height=\"300\" class=\"aligncenter size-full wp-image-6982\" src=\"https:\/\/www.godan.pl\/wp-content\/uploads\/2017\/06\/balony_fol.jpg\" alt=\"balony foliowe - hurt\" srcset=\"https:\/\/www.godan.pl\/wp-content\/uploads\/2017\/06\/balony_fol.jpg 1400w, https:\/\/www.godan.pl\/wp-content\/uploads\/2017\/06\/balony_fol-300x64.jpg 300w, https:\/\/www.godan.pl\/wp-content\/uploads\/2017\/06\/balony_fol-768x165.jpg 768w, https:\/\/www.godan.pl\/wp-content\/uploads\/2017\/06\/balony_fol-1024x219.jpg 1024w, https:\/\/www.godan.pl\/wp-content\/uploads\/2017\/06\/balony_fol-200x43.jpg 200w\" sizes=\"(max-width: 1400px) 100vw, 1400px\" \/><br \/>\n<img loading=\"lazy\" decoding=\"async\" width=\"643\" height=\"228\" class=\"aligncenter size-full wp-image-6988\" src=\"https:\/\/www.godan.pl\/wp-content\/uploads\/2017\/06\/dzieci.jpg\" alt=\"Stroje, przebrania, kostiumy, halloween - hurt\" srcset=\"https:\/\/www.godan.pl\/wp-content\/uploads\/2017\/06\/dzieci.jpg 643w, https:\/\/www.godan.pl\/wp-content\/uploads\/2017\/06\/dzieci-300x106.jpg 300w, https:\/\/www.godan.pl\/wp-content\/uploads\/2017\/06\/dzieci-200x71.jpg 200w\" sizes=\"(max-width: 643px) 100vw, 643px\" \/><br \/>\n<img loading=\"lazy\" decoding=\"async\" width=\"1400\" height=\"300\" class=\"aligncenter size-full wp-image-6994\" src=\"https:\/\/www.godan.pl\/wp-content\/uploads\/2017\/06\/maski.jpg\" alt=\"Maski karnawa\u0142owe - hurt\" srcset=\"https:\/\/www.godan.pl\/wp-content\/uploads\/2017\/06\/maski.jpg 1400w, https:\/\/www.godan.pl\/wp-content\/uploads\/2017\/06\/maski-300x64.jpg 300w, https:\/\/www.godan.pl\/wp-content\/uploads\/2017\/06\/maski-768x165.jpg 768w, https:\/\/www.godan.pl\/wp-content\/uploads\/2017\/06\/maski-1024x219.jpg 1024w, https:\/\/www.godan.pl\/wp-content\/uploads\/2017\/06\/maski-200x43.jpg 200w\" sizes=\"(max-width: 1400px) 100vw, 1400px\" \/><br \/>\n<img loading=\"lazy\" decoding=\"async\" width=\"725\" height=\"300\" class=\"aligncenter size-full wp-image-7000\" src=\"https:\/\/www.godan.pl\/wp-content\/uploads\/2017\/06\/swieczki.jpg\" alt=\"\u015awieczki urodzinowe - hurt\" srcset=\"https:\/\/www.godan.pl\/wp-content\/uploads\/2017\/06\/swieczki.jpg 725w, https:\/\/www.godan.pl\/wp-content\/uploads\/2017\/06\/swieczki-300x124.jpg 300w, https:\/\/www.godan.pl\/wp-content\/uploads\/2017\/06\/swieczki-200x83.jpg 200w\" sizes=\"(max-width: 725px) 100vw, 725px\" \/><\/p>\n<div class=\"promo-box orange \">\n<div class=\"promo-text\">\n<h4 class=\"promo-title firstword-bold\">Pulpit Kontrahenta<\/h4>\n<p>Zam\u00f3wienia hurtowe dla partner\u00f3w firmy GoDan<\/p>\n<\/div>\n<div class=\"promo-action\"><a class=\"idz-button orange\" href=\"http:\/\/pk.godan.com.pl\/\">http:\/\/pk.godan.com.pl\/ <i class=\"icon-circleright\"><\/i><\/a><\/div>\n<\/div>\n","protected":false},"excerpt":{"rendered":"<p>Nous vendons en gros et \u00e0 l&#8217;exportation: Pour nos partenaires commerciaux achetant en grandes quantit\u00e9s et pour l&#8217;exportation, nous avons pr\u00e9par\u00e9 une plate-forme s\u00e9par\u00e9e (site web)\u00a0: Pupitre d\u2019entrepreneur. Gr\u00e2ce \u00e0 elle\u00a0: https:\/\/b2b.godan.pl\/ Si vous ne poss\u00e9dez pas d\u00e9j\u00e0 un login et mot de passe pour Pupitre d\u2019entrepreneur, n\u2019h\u00e9sitez pas \u00e0 contacter notre service commercial \/ [&hellip;]<\/p>\n","protected":false},"author":1,"featured_media":0,"parent":7678,"menu_order":0,"comment_status":"closed","ping_status":"closed","template":"template-formularz_sidebar.php","meta":{"_acf_changed":false,"footnotes":""},"class_list":["post-7838","page","type-page","status-publish","hentry"],"acf":[],"yoast_head":"<!-- This site is optimized with the Yoast SEO plugin v20.11 - https:\/\/yoast.com\/wordpress\/plugins\/seo\/ -->\n<title>Sprzeda\u017c hurtowa balon\u00f3w, stroj\u00f3w karnawa\u0142owych, Halloween, s\u0142omek: GoDan SA<\/title>\n<meta name=\"description\" content=\"Zapraszamy do zapoznania si\u0119 z nasz\u0105 ofert\u0105 balon\u00f3w, artyku\u0142\u00f3w imprezowych, urodzinowych i party. Oferujemy bardzo dobre warunki dla odbiorc\u00f3w hurtowych.\" \/>\n<meta name=\"robots\" content=\"index, follow, max-snippet:-1, max-image-preview:large, max-video-preview:-1\" \/>\n<link rel=\"canonical\" href=\"https:\/\/www.godan.pl\/fr\/offre\/vente-en-gros\" \/>\n<meta property=\"og:locale\" content=\"fr_FR\" \/>\n<meta property=\"og:type\" content=\"article\" \/>\n<meta property=\"og:title\" content=\"Sprzeda\u017c hurtowa balon\u00f3w, stroj\u00f3w karnawa\u0142owych, Halloween, s\u0142omek: GoDan SA\" \/>\n<meta property=\"og:description\" content=\"Zapraszamy do zapoznania si\u0119 z nasz\u0105 ofert\u0105 balon\u00f3w, artyku\u0142\u00f3w imprezowych, urodzinowych i party. Oferujemy bardzo dobre warunki dla odbiorc\u00f3w hurtowych.\" \/>\n<meta property=\"og:url\" content=\"https:\/\/www.godan.pl\/fr\/offre\/vente-en-gros\" \/>\n<meta property=\"og:site_name\" content=\"Godan\" \/>\n<meta property=\"article:modified_time\" content=\"2025-06-11T14:27:02+00:00\" \/>\n<meta property=\"og:image\" content=\"https:\/\/www.godan.pl\/wp-content\/uploads\/2017\/05\/balony_maski_akcesoria_urodzinowe.jpg\" \/>\n<meta name=\"twitter:card\" content=\"summary_large_image\" \/>\n<meta name=\"twitter:label1\" content=\"Dur\u00e9e de lecture estim\u00e9e\" \/>\n\t<meta name=\"twitter:data1\" content=\"2 minutes\" \/>\n<script type=\"application\/ld+json\" class=\"yoast-schema-graph\">{\"@context\":\"https:\/\/schema.org\",\"@graph\":[{\"@type\":\"WebPage\",\"@id\":\"https:\/\/www.godan.pl\/fr\/offre\/vente-en-gros\",\"url\":\"https:\/\/www.godan.pl\/fr\/offre\/vente-en-gros\",\"name\":\"Sprzeda\u017c hurtowa balon\u00f3w, stroj\u00f3w karnawa\u0142owych, Halloween, s\u0142omek: GoDan SA\",\"isPartOf\":{\"@id\":\"https:\/\/www.godan.pl\/fr\/#website\"},\"datePublished\":\"2017-06-02T13:07:34+00:00\",\"dateModified\":\"2025-06-11T14:27:02+00:00\",\"description\":\"Zapraszamy do zapoznania si\u0119 z nasz\u0105 ofert\u0105 balon\u00f3w, artyku\u0142\u00f3w imprezowych, urodzinowych i party. Oferujemy bardzo dobre warunki dla odbiorc\u00f3w hurtowych.\",\"breadcrumb\":{\"@id\":\"https:\/\/www.godan.pl\/fr\/offre\/vente-en-gros#breadcrumb\"},\"inLanguage\":\"fr-FR\",\"potentialAction\":[{\"@type\":\"ReadAction\",\"target\":[\"https:\/\/www.godan.pl\/fr\/offre\/vente-en-gros\"]}]},{\"@type\":\"BreadcrumbList\",\"@id\":\"https:\/\/www.godan.pl\/fr\/offre\/vente-en-gros#breadcrumb\",\"itemListElement\":[{\"@type\":\"ListItem\",\"position\":1,\"name\":\"Strona g\u0142\u00f3wna\",\"item\":\"https:\/\/www.godan.pl\/fr\"},{\"@type\":\"ListItem\",\"position\":2,\"name\":\"Offre\",\"item\":\"https:\/\/www.godan.pl\/fr\/offre\"},{\"@type\":\"ListItem\",\"position\":3,\"name\":\"Vente en gros\"}]},{\"@type\":\"WebSite\",\"@id\":\"https:\/\/www.godan.pl\/fr\/#website\",\"url\":\"https:\/\/www.godan.pl\/fr\/\",\"name\":\"Godan\",\"description\":\"Oferujemy szerok\u0105 ofert\u0119 balon\u00f3w, dekoracji sali, stroj\u00f3w karnawa\u0142owych, artyku\u0142y \u015blubnych i weselnych\",\"publisher\":{\"@id\":\"https:\/\/www.godan.pl\/fr\/#organization\"},\"potentialAction\":[{\"@type\":\"SearchAction\",\"target\":{\"@type\":\"EntryPoint\",\"urlTemplate\":\"https:\/\/www.godan.pl\/fr\/?s={search_term_string}\"},\"query-input\":\"required name=search_term_string\"}],\"inLanguage\":\"fr-FR\"},{\"@type\":\"Organization\",\"@id\":\"https:\/\/www.godan.pl\/fr\/#organization\",\"name\":\"GoDan S.A.\",\"url\":\"https:\/\/www.godan.pl\/fr\/\",\"logo\":{\"@type\":\"ImageObject\",\"inLanguage\":\"fr-FR\",\"@id\":\"https:\/\/www.godan.pl\/fr\/#\/schema\/logo\/image\/\",\"url\":\"https:\/\/www.godan.pl\/wp-content\/uploads\/2017\/08\/logo-godan-male-1.png\",\"contentUrl\":\"https:\/\/www.godan.pl\/wp-content\/uploads\/2017\/08\/logo-godan-male-1.png\",\"width\":185,\"height\":97,\"caption\":\"GoDan S.A.\"},\"image\":{\"@id\":\"https:\/\/www.godan.pl\/fr\/#\/schema\/logo\/image\/\"}}]}<\/script>\n<!-- \/ Yoast SEO plugin. -->","yoast_head_json":{"title":"Sprzeda\u017c hurtowa balon\u00f3w, stroj\u00f3w karnawa\u0142owych, Halloween, s\u0142omek: GoDan SA","description":"Zapraszamy do zapoznania si\u0119 z nasz\u0105 ofert\u0105 balon\u00f3w, artyku\u0142\u00f3w imprezowych, urodzinowych i party. Oferujemy bardzo dobre warunki dla odbiorc\u00f3w hurtowych.","robots":{"index":"index","follow":"follow","max-snippet":"max-snippet:-1","max-image-preview":"max-image-preview:large","max-video-preview":"max-video-preview:-1"},"canonical":"https:\/\/www.godan.pl\/fr\/offre\/vente-en-gros","og_locale":"fr_FR","og_type":"article","og_title":"Sprzeda\u017c hurtowa balon\u00f3w, stroj\u00f3w karnawa\u0142owych, Halloween, s\u0142omek: GoDan SA","og_description":"Zapraszamy do zapoznania si\u0119 z nasz\u0105 ofert\u0105 balon\u00f3w, artyku\u0142\u00f3w imprezowych, urodzinowych i party. Oferujemy bardzo dobre warunki dla odbiorc\u00f3w hurtowych.","og_url":"https:\/\/www.godan.pl\/fr\/offre\/vente-en-gros","og_site_name":"Godan","article_modified_time":"2025-06-11T14:27:02+00:00","og_image":[{"url":"https:\/\/www.godan.pl\/wp-content\/uploads\/2017\/05\/balony_maski_akcesoria_urodzinowe.jpg"}],"twitter_card":"summary_large_image","twitter_misc":{"Dur\u00e9e de lecture estim\u00e9e":"2 minutes"},"schema":{"@context":"https:\/\/schema.org","@graph":[{"@type":"WebPage","@id":"https:\/\/www.godan.pl\/fr\/offre\/vente-en-gros","url":"https:\/\/www.godan.pl\/fr\/offre\/vente-en-gros","name":"Sprzeda\u017c hurtowa balon\u00f3w, stroj\u00f3w karnawa\u0142owych, Halloween, s\u0142omek: GoDan SA","isPartOf":{"@id":"https:\/\/www.godan.pl\/fr\/#website"},"datePublished":"2017-06-02T13:07:34+00:00","dateModified":"2025-06-11T14:27:02+00:00","description":"Zapraszamy do zapoznania si\u0119 z nasz\u0105 ofert\u0105 balon\u00f3w, artyku\u0142\u00f3w imprezowych, urodzinowych i party. Oferujemy bardzo dobre warunki dla odbiorc\u00f3w hurtowych.","breadcrumb":{"@id":"https:\/\/www.godan.pl\/fr\/offre\/vente-en-gros#breadcrumb"},"inLanguage":"fr-FR","potentialAction":[{"@type":"ReadAction","target":["https:\/\/www.godan.pl\/fr\/offre\/vente-en-gros"]}]},{"@type":"BreadcrumbList","@id":"https:\/\/www.godan.pl\/fr\/offre\/vente-en-gros#breadcrumb","itemListElement":[{"@type":"ListItem","position":1,"name":"Strona g\u0142\u00f3wna","item":"https:\/\/www.godan.pl\/fr"},{"@type":"ListItem","position":2,"name":"Offre","item":"https:\/\/www.godan.pl\/fr\/offre"},{"@type":"ListItem","position":3,"name":"Vente en gros"}]},{"@type":"WebSite","@id":"https:\/\/www.godan.pl\/fr\/#website","url":"https:\/\/www.godan.pl\/fr\/","name":"Godan","description":"Oferujemy szerok\u0105 ofert\u0119 balon\u00f3w, dekoracji sali, stroj\u00f3w karnawa\u0142owych, artyku\u0142y \u015blubnych i weselnych","publisher":{"@id":"https:\/\/www.godan.pl\/fr\/#organization"},"potentialAction":[{"@type":"SearchAction","target":{"@type":"EntryPoint","urlTemplate":"https:\/\/www.godan.pl\/fr\/?s={search_term_string}"},"query-input":"required name=search_term_string"}],"inLanguage":"fr-FR"},{"@type":"Organization","@id":"https:\/\/www.godan.pl\/fr\/#organization","name":"GoDan S.A.","url":"https:\/\/www.godan.pl\/fr\/","logo":{"@type":"ImageObject","inLanguage":"fr-FR","@id":"https:\/\/www.godan.pl\/fr\/#\/schema\/logo\/image\/","url":"https:\/\/www.godan.pl\/wp-content\/uploads\/2017\/08\/logo-godan-male-1.png","contentUrl":"https:\/\/www.godan.pl\/wp-content\/uploads\/2017\/08\/logo-godan-male-1.png","width":185,"height":97,"caption":"GoDan S.A."},"image":{"@id":"https:\/\/www.godan.pl\/fr\/#\/schema\/logo\/image\/"}}]}},"_links":{"self":[{"href":"https:\/\/www.godan.pl\/fr\/wp-json\/wp\/v2\/pages\/7838"}],"collection":[{"href":"https:\/\/www.godan.pl\/fr\/wp-json\/wp\/v2\/pages"}],"about":[{"href":"https:\/\/www.godan.pl\/fr\/wp-json\/wp\/v2\/types\/page"}],"author":[{"embeddable":true,"href":"https:\/\/www.godan.pl\/fr\/wp-json\/wp\/v2\/users\/1"}],"replies":[{"embeddable":true,"href":"https:\/\/www.godan.pl\/fr\/wp-json\/wp\/v2\/comments?post=7838"}],"version-history":[{"count":12,"href":"https:\/\/www.godan.pl\/fr\/wp-json\/wp\/v2\/pages\/7838\/revisions"}],"predecessor-version":[{"id":26244,"href":"https:\/\/www.godan.pl\/fr\/wp-json\/wp\/v2\/pages\/7838\/revisions\/26244"}],"up":[{"embeddable":true,"href":"https:\/\/www.godan.pl\/fr\/wp-json\/wp\/v2\/pages\/7678"}],"wp:attachment":[{"href":"https:\/\/www.godan.pl\/fr\/wp-json\/wp\/v2\/media?parent=7838"}],"curies":[{"name":"wp","href":"https:\/\/api.w.org\/{rel}","templated":true}]}}