{"id":7798,"date":"2017-06-02T13:07:19","date_gmt":"2017-06-02T13:07:19","guid":{"rendered":"https:\/\/www.godan.pl\/oferta\/sprzedaz-detaliczna\/"},"modified":"2025-06-11T14:27:46","modified_gmt":"2025-06-11T14:27:46","slug":"vente-au-detail","status":"publish","type":"page","link":"https:\/\/www.godan.pl\/fr\/offre\/vente-au-detail","title":{"rendered":"Vente au d\u00e9tail"},"content":{"rendered":"<p>Nous vous invitons \u00e0 visiter notre boutique en <a href=\"http:\/\/www.godanparty.pl\">www.godanparty.pl<\/a><\/p>\n<p>Vous pouvez \u00e9galement visiter un de nos magasins :<\/p>\n<div class='idz-table-orange'>\n<table class=\"table\">\n<tbody>\n<tr>\n<th>GoDan Warsaw<\/th>\n<th><\/th>\n<\/tr>\n<tr>\n<td>ul. D\u017awigowa 43<br \/>\n02-437 Warszawa<br \/>\nWelcome:<br \/>\nMon-Fri: 10:00 &#8211; 19:00<br \/>\nSat: 9:00 &#8211; 15:00<\/td>\n<td><\/td>\n<\/tr>\n<\/tbody>\n<\/table>\n<\/div>\n","protected":false},"excerpt":{"rendered":"<p>Nous vous invitons \u00e0 visiter notre boutique en www.godanparty.pl Vous pouvez \u00e9galement visiter un de nos magasins :<\/p>\n","protected":false},"author":1,"featured_media":0,"parent":7678,"menu_order":0,"comment_status":"closed","ping_status":"closed","template":"","meta":{"_acf_changed":false,"footnotes":""},"class_list":["post-7798","page","type-page","status-publish","hentry"],"acf":[],"yoast_head":"<!-- This site is optimized with the Yoast SEO plugin v20.11 - https:\/\/yoast.com\/wordpress\/plugins\/seo\/ -->\n<title>Sprzeda\u017c detaliczna: balon\u00f3w, przebra\u0144 i stroj\u00f3w karnawa\u0142owych: GoDan SA<\/title>\n<meta name=\"description\" content=\"Prowadzimy sprzeda\u017c: balon\u00f3w, przebra\u0144 i stroj\u00f3w karnawa\u0142owych, artyku\u0142\u00f3w urodzinowych i party, dekoracji sali i sto\u0142u.\" \/>\n<meta name=\"robots\" content=\"index, follow, max-snippet:-1, max-image-preview:large, max-video-preview:-1\" \/>\n<link rel=\"canonical\" href=\"https:\/\/www.godan.pl\/fr\/offre\/vente-au-detail\" \/>\n<meta property=\"og:locale\" content=\"fr_FR\" \/>\n<meta property=\"og:type\" content=\"article\" \/>\n<meta property=\"og:title\" content=\"Sprzeda\u017c detaliczna: balon\u00f3w, przebra\u0144 i stroj\u00f3w karnawa\u0142owych: GoDan SA\" \/>\n<meta property=\"og:description\" content=\"Prowadzimy sprzeda\u017c: balon\u00f3w, przebra\u0144 i stroj\u00f3w karnawa\u0142owych, artyku\u0142\u00f3w urodzinowych i party, dekoracji sali i sto\u0142u.\" \/>\n<meta property=\"og:url\" content=\"https:\/\/www.godan.pl\/fr\/offre\/vente-au-detail\" \/>\n<meta property=\"og:site_name\" content=\"Godan\" \/>\n<meta property=\"article:modified_time\" content=\"2025-06-11T14:27:46+00:00\" \/>\n<meta name=\"twitter:card\" content=\"summary_large_image\" \/>\n<script type=\"application\/ld+json\" class=\"yoast-schema-graph\">{\"@context\":\"https:\/\/schema.org\",\"@graph\":[{\"@type\":\"WebPage\",\"@id\":\"https:\/\/www.godan.pl\/fr\/offre\/vente-au-detail\",\"url\":\"https:\/\/www.godan.pl\/fr\/offre\/vente-au-detail\",\"name\":\"Sprzeda\u017c detaliczna: balon\u00f3w, przebra\u0144 i stroj\u00f3w karnawa\u0142owych: GoDan SA\",\"isPartOf\":{\"@id\":\"https:\/\/www.godan.pl\/fr\/#website\"},\"datePublished\":\"2017-06-02T13:07:19+00:00\",\"dateModified\":\"2025-06-11T14:27:46+00:00\",\"description\":\"Prowadzimy sprzeda\u017c: balon\u00f3w, przebra\u0144 i stroj\u00f3w karnawa\u0142owych, artyku\u0142\u00f3w urodzinowych i party, dekoracji sali i sto\u0142u.\",\"breadcrumb\":{\"@id\":\"https:\/\/www.godan.pl\/fr\/offre\/vente-au-detail#breadcrumb\"},\"inLanguage\":\"fr-FR\",\"potentialAction\":[{\"@type\":\"ReadAction\",\"target\":[\"https:\/\/www.godan.pl\/fr\/offre\/vente-au-detail\"]}]},{\"@type\":\"BreadcrumbList\",\"@id\":\"https:\/\/www.godan.pl\/fr\/offre\/vente-au-detail#breadcrumb\",\"itemListElement\":[{\"@type\":\"ListItem\",\"position\":1,\"name\":\"Strona g\u0142\u00f3wna\",\"item\":\"https:\/\/www.godan.pl\/fr\"},{\"@type\":\"ListItem\",\"position\":2,\"name\":\"Offre\",\"item\":\"https:\/\/www.godan.pl\/fr\/offre\"},{\"@type\":\"ListItem\",\"position\":3,\"name\":\"Vente au d\u00e9tail\"}]},{\"@type\":\"WebSite\",\"@id\":\"https:\/\/www.godan.pl\/fr\/#website\",\"url\":\"https:\/\/www.godan.pl\/fr\/\",\"name\":\"Godan\",\"description\":\"Oferujemy szerok\u0105 ofert\u0119 balon\u00f3w, dekoracji sali, stroj\u00f3w karnawa\u0142owych, artyku\u0142y \u015blubnych i weselnych\",\"publisher\":{\"@id\":\"https:\/\/www.godan.pl\/fr\/#organization\"},\"potentialAction\":[{\"@type\":\"SearchAction\",\"target\":{\"@type\":\"EntryPoint\",\"urlTemplate\":\"https:\/\/www.godan.pl\/fr\/?s={search_term_string}\"},\"query-input\":\"required name=search_term_string\"}],\"inLanguage\":\"fr-FR\"},{\"@type\":\"Organization\",\"@id\":\"https:\/\/www.godan.pl\/fr\/#organization\",\"name\":\"GoDan S.A.\",\"url\":\"https:\/\/www.godan.pl\/fr\/\",\"logo\":{\"@type\":\"ImageObject\",\"inLanguage\":\"fr-FR\",\"@id\":\"https:\/\/www.godan.pl\/fr\/#\/schema\/logo\/image\/\",\"url\":\"https:\/\/www.godan.pl\/wp-content\/uploads\/2017\/08\/logo-godan-male-1.png\",\"contentUrl\":\"https:\/\/www.godan.pl\/wp-content\/uploads\/2017\/08\/logo-godan-male-1.png\",\"width\":185,\"height\":97,\"caption\":\"GoDan S.A.\"},\"image\":{\"@id\":\"https:\/\/www.godan.pl\/fr\/#\/schema\/logo\/image\/\"}}]}<\/script>\n<!-- \/ Yoast SEO plugin. -->","yoast_head_json":{"title":"Sprzeda\u017c detaliczna: balon\u00f3w, przebra\u0144 i stroj\u00f3w karnawa\u0142owych: GoDan SA","description":"Prowadzimy sprzeda\u017c: balon\u00f3w, przebra\u0144 i stroj\u00f3w karnawa\u0142owych, artyku\u0142\u00f3w urodzinowych i party, dekoracji sali i sto\u0142u.","robots":{"index":"index","follow":"follow","max-snippet":"max-snippet:-1","max-image-preview":"max-image-preview:large","max-video-preview":"max-video-preview:-1"},"canonical":"https:\/\/www.godan.pl\/fr\/offre\/vente-au-detail","og_locale":"fr_FR","og_type":"article","og_title":"Sprzeda\u017c detaliczna: balon\u00f3w, przebra\u0144 i stroj\u00f3w karnawa\u0142owych: GoDan SA","og_description":"Prowadzimy sprzeda\u017c: balon\u00f3w, przebra\u0144 i stroj\u00f3w karnawa\u0142owych, artyku\u0142\u00f3w urodzinowych i party, dekoracji sali i sto\u0142u.","og_url":"https:\/\/www.godan.pl\/fr\/offre\/vente-au-detail","og_site_name":"Godan","article_modified_time":"2025-06-11T14:27:46+00:00","twitter_card":"summary_large_image","schema":{"@context":"https:\/\/schema.org","@graph":[{"@type":"WebPage","@id":"https:\/\/www.godan.pl\/fr\/offre\/vente-au-detail","url":"https:\/\/www.godan.pl\/fr\/offre\/vente-au-detail","name":"Sprzeda\u017c detaliczna: balon\u00f3w, przebra\u0144 i stroj\u00f3w karnawa\u0142owych: GoDan SA","isPartOf":{"@id":"https:\/\/www.godan.pl\/fr\/#website"},"datePublished":"2017-06-02T13:07:19+00:00","dateModified":"2025-06-11T14:27:46+00:00","description":"Prowadzimy sprzeda\u017c: balon\u00f3w, przebra\u0144 i stroj\u00f3w karnawa\u0142owych, artyku\u0142\u00f3w urodzinowych i party, dekoracji sali i sto\u0142u.","breadcrumb":{"@id":"https:\/\/www.godan.pl\/fr\/offre\/vente-au-detail#breadcrumb"},"inLanguage":"fr-FR","potentialAction":[{"@type":"ReadAction","target":["https:\/\/www.godan.pl\/fr\/offre\/vente-au-detail"]}]},{"@type":"BreadcrumbList","@id":"https:\/\/www.godan.pl\/fr\/offre\/vente-au-detail#breadcrumb","itemListElement":[{"@type":"ListItem","position":1,"name":"Strona g\u0142\u00f3wna","item":"https:\/\/www.godan.pl\/fr"},{"@type":"ListItem","position":2,"name":"Offre","item":"https:\/\/www.godan.pl\/fr\/offre"},{"@type":"ListItem","position":3,"name":"Vente au d\u00e9tail"}]},{"@type":"WebSite","@id":"https:\/\/www.godan.pl\/fr\/#website","url":"https:\/\/www.godan.pl\/fr\/","name":"Godan","description":"Oferujemy szerok\u0105 ofert\u0119 balon\u00f3w, dekoracji sali, stroj\u00f3w karnawa\u0142owych, artyku\u0142y \u015blubnych i weselnych","publisher":{"@id":"https:\/\/www.godan.pl\/fr\/#organization"},"potentialAction":[{"@type":"SearchAction","target":{"@type":"EntryPoint","urlTemplate":"https:\/\/www.godan.pl\/fr\/?s={search_term_string}"},"query-input":"required name=search_term_string"}],"inLanguage":"fr-FR"},{"@type":"Organization","@id":"https:\/\/www.godan.pl\/fr\/#organization","name":"GoDan S.A.","url":"https:\/\/www.godan.pl\/fr\/","logo":{"@type":"ImageObject","inLanguage":"fr-FR","@id":"https:\/\/www.godan.pl\/fr\/#\/schema\/logo\/image\/","url":"https:\/\/www.godan.pl\/wp-content\/uploads\/2017\/08\/logo-godan-male-1.png","contentUrl":"https:\/\/www.godan.pl\/wp-content\/uploads\/2017\/08\/logo-godan-male-1.png","width":185,"height":97,"caption":"GoDan S.A."},"image":{"@id":"https:\/\/www.godan.pl\/fr\/#\/schema\/logo\/image\/"}}]}},"_links":{"self":[{"href":"https:\/\/www.godan.pl\/fr\/wp-json\/wp\/v2\/pages\/7798"}],"collection":[{"href":"https:\/\/www.godan.pl\/fr\/wp-json\/wp\/v2\/pages"}],"about":[{"href":"https:\/\/www.godan.pl\/fr\/wp-json\/wp\/v2\/types\/page"}],"author":[{"embeddable":true,"href":"https:\/\/www.godan.pl\/fr\/wp-json\/wp\/v2\/users\/1"}],"replies":[{"embeddable":true,"href":"https:\/\/www.godan.pl\/fr\/wp-json\/wp\/v2\/comments?post=7798"}],"version-history":[{"count":10,"href":"https:\/\/www.godan.pl\/fr\/wp-json\/wp\/v2\/pages\/7798\/revisions"}],"predecessor-version":[{"id":26245,"href":"https:\/\/www.godan.pl\/fr\/wp-json\/wp\/v2\/pages\/7798\/revisions\/26245"}],"up":[{"embeddable":true,"href":"https:\/\/www.godan.pl\/fr\/wp-json\/wp\/v2\/pages\/7678"}],"wp:attachment":[{"href":"https:\/\/www.godan.pl\/fr\/wp-json\/wp\/v2\/media?parent=7798"}],"curies":[{"name":"wp","href":"https:\/\/api.w.org\/{rel}","templated":true}]}}