{"id":7688,"date":"2017-05-28T20:00:32","date_gmt":"2017-05-28T20:00:32","guid":{"rendered":"https:\/\/www.godan.pl\/o-firmie\/dlaczego-my\/"},"modified":"2017-06-27T13:45:53","modified_gmt":"2017-06-27T13:45:53","slug":"pourquoi-nous","status":"publish","type":"page","link":"https:\/\/www.godan.pl\/fr\/societe\/pourquoi-nous","title":{"rendered":"Pourquoi nous ?"},"content":{"rendered":"<p>A GoDan, nous sommes convaincus que la cl\u00e9 de la coop\u00e9ration fructueuse \u00e0 long terme sont les valeurs et les principes auxquels nous croyons\u00a0:<br \/>\n<img loading=\"lazy\" decoding=\"async\" width=\"1024\" height=\"172\" class=\"aligncenter size-large wp-image-7094\" src=\"https:\/\/www.godan.pl\/wp-content\/uploads\/2017\/05\/dlaczegomy-1024x172.jpg\" alt=\"GoDan - Balony - Dlaczego My?\" srcset=\"https:\/\/www.godan.pl\/wp-content\/uploads\/2017\/05\/dlaczegomy-1024x172.jpg 1024w, https:\/\/www.godan.pl\/wp-content\/uploads\/2017\/05\/dlaczegomy-300x50.jpg 300w, https:\/\/www.godan.pl\/wp-content\/uploads\/2017\/05\/dlaczegomy-768x129.jpg 768w, https:\/\/www.godan.pl\/wp-content\/uploads\/2017\/05\/dlaczegomy-200x34.jpg 200w, https:\/\/www.godan.pl\/wp-content\/uploads\/2017\/05\/dlaczegomy.jpg 1516w\" sizes=\"(max-width: 1024px) 100vw, 1024px\" \/><\/p>\n<p><strong>Qualit\u00e9 et prix<\/strong> \u2013 la distribution de plus de 11 000 produits est un d\u00e9fi, et c\u2019est pour cela, nous nous pr\u00e9occupons de la haute qualit\u00e9 de nos produits. Peu importe si nous produisons les marchandises nous-m\u00eame (par exemple, des costumes ou des pailles) ou achetons des marchandises de fournisseurs qualifi\u00e9s de Pologne, l\u2019Union europ\u00e9enne, l&#8217;Am\u00e9rique et l&#8217;Asie, nous portons une tr\u00e8s grande attention aux normes de contr\u00f4le de la qualit\u00e9. Un prix approchable est aussi notre facteur de diff\u00e9renciation.<\/p>\n<p><strong>Notre propre production<\/strong> \u2013 en voulant adapter encore plus le produit \u00e0 l\u2019acheteur polonais et assurer l&#8217;ex\u00e9cution rapide des commandes, nous avons notre propre ligne de production de pi\u00e8ces d&#8217;articles (par exemple, des pailles et des chapeaux de carnaval et des costumes pour les adultes et enfants.).<\/p>\n<p><strong>Partenariat dans les affaires<\/strong> &#8211; notre \u00e9quipe commerciale essaie toujours de comprendre les besoins et les attentes des clients. Nous voulons renforcer la position de la soci\u00e9t\u00e9 de premier choix dans les articles et les accessoires de f\u00eate, ce qui est la raison pour laquelle nous pr\u00e9f\u00e9rons une relation \u00e0 long terme et une coop\u00e9ration fructueuse sur la mise en \u0153uvre des objectifs de vente \u00e0 court terme.<\/p>\n<p><strong>Le respect des tendances<\/strong> &#8211; nous analysons toutes les nouveaut\u00e9s, la mode et les tendances sur les march\u00e9s europ\u00e9ens et mondiaux. Nous participons \u00e0 de nombreux salons et expositions. Nous essayons de r\u00e9pondre rapidement aux attentes changeantes des clients cibles afin de mieux optimiser la distribution des produits qu&#8217;ils recherchent.<\/p>\n<p><strong>Exp\u00e9rience<\/strong> &#8211; la conduite des affaires depuis un quart de si\u00e8cle oblige. Le march\u00e9 \u00e9volue rapidement et devient de plus en plus concurrentiel, donc le d\u00e9veloppement continu est n\u00e9cessaire. Nous construisons de nouveaux canaux de vente, nous \u00e9largissons notre offre, nous am\u00e9liorons la qualit\u00e9, nous investissons dans le personnel et optimisons les processus. Nous utilisons ces connaissances \u00e0 une mesure encore plus grande pour r\u00e9pondre aux demandes croissantes du march\u00e9.<\/p>\n<p><strong>Engagement<\/strong> &#8211; pour de nombreux employ\u00e9s de la soci\u00e9t\u00e9, GoDan est plus qu&#8217;un lieu de travail. Nous appr\u00e9cions la personne d&#8217;entreprise, ouvertes, pleines d\u2019enthousiasme. Nous nous effor\u00e7ons de faire en sorte que les employ\u00e9s retirent une satisfaction personnelle de leur travail en m\u00eame temps agissant pour le succ\u00e8s de la soci\u00e9t\u00e9 et de ses clients. Tr\u00e8s souvent, nous supportons les commandes soi-disant difficiles, urgentes, personnalis\u00e9es.<\/p>\n<p><strong>Humour<\/strong> \u2013 en travaillant dans cette industrie, il n\u2019est pas difficile de d\u00e9velopper des comp\u00e9tences \u00ab\u00a0FUN\u00a0\u00bb \ud83d\ude42 en v\u00e9rit\u00e9, c\u2019est la joie et la satisfaction de noc clients nous donnent vraiment des sourires. Nous sommes les utilisateurs fid\u00e8les de nos produits \u2013 nous pompeusement c\u00e9l\u00e9brons les anniversaires, la naissance des enfants des employ\u00e9s et les plus grands succ\u00e8s de la soci\u00e9t\u00e9.<\/p>\n","protected":false},"excerpt":{"rendered":"<p>A GoDan, nous sommes convaincus que la cl\u00e9 de la coop\u00e9ration fructueuse \u00e0 long terme sont les valeurs et les principes auxquels nous croyons\u00a0: Qualit\u00e9 et prix \u2013 la distribution de plus de 11 000 produits est un d\u00e9fi, et c\u2019est pour cela, nous nous pr\u00e9occupons de la haute qualit\u00e9 de nos produits. Peu importe [&hellip;]<\/p>\n","protected":false},"author":1,"featured_media":2866,"parent":7603,"menu_order":1,"comment_status":"closed","ping_status":"closed","template":"","meta":{"_acf_changed":false,"footnotes":""},"class_list":["post-7688","page","type-page","status-publish","has-post-thumbnail","hentry"],"acf":[],"yoast_head":"<!-- This site is optimized with the Yoast SEO plugin v20.11 - https:\/\/yoast.com\/wordpress\/plugins\/seo\/ -->\n<title>Jako\u015b\u0107, w\u0142asna produkcja, do\u015bwiadczenie \u2013 dlaczego warto z nami pracowa\u0107? GoDan SA<\/title>\n<meta name=\"description\" content=\"W GoDan wierzymy, \u017ce kluczem do owocnej wsp\u00f3\u0142pracy s\u0105 warto\u015bci i zaanga\u017cowanie ca\u0142ego zespo\u0142u.\" \/>\n<meta name=\"robots\" content=\"index, follow, max-snippet:-1, max-image-preview:large, max-video-preview:-1\" \/>\n<link rel=\"canonical\" href=\"https:\/\/www.godan.pl\/fr\/societe\/pourquoi-nous\" \/>\n<meta property=\"og:locale\" content=\"fr_FR\" \/>\n<meta property=\"og:type\" content=\"article\" \/>\n<meta property=\"og:title\" content=\"Jako\u015b\u0107, w\u0142asna produkcja, do\u015bwiadczenie \u2013 dlaczego warto z nami pracowa\u0107? GoDan SA\" \/>\n<meta property=\"og:description\" content=\"W GoDan wierzymy, \u017ce kluczem do owocnej wsp\u00f3\u0142pracy s\u0105 warto\u015bci i zaanga\u017cowanie ca\u0142ego zespo\u0142u.\" \/>\n<meta property=\"og:url\" content=\"https:\/\/www.godan.pl\/fr\/societe\/pourquoi-nous\" \/>\n<meta property=\"og:site_name\" content=\"Godan\" \/>\n<meta property=\"article:modified_time\" content=\"2017-06-27T13:45:53+00:00\" \/>\n<meta property=\"og:image\" content=\"https:\/\/www.godan.pl\/wp-content\/uploads\/2017\/05\/146062849593-kdek2.jpg\" \/>\n\t<meta property=\"og:image:width\" content=\"391\" \/>\n\t<meta property=\"og:image:height\" content=\"220\" \/>\n\t<meta property=\"og:image:type\" content=\"image\/jpeg\" \/>\n<meta name=\"twitter:card\" content=\"summary_large_image\" \/>\n<meta name=\"twitter:label1\" content=\"Dur\u00e9e de lecture estim\u00e9e\" \/>\n\t<meta name=\"twitter:data1\" content=\"3 minutes\" \/>\n<script type=\"application\/ld+json\" class=\"yoast-schema-graph\">{\"@context\":\"https:\/\/schema.org\",\"@graph\":[{\"@type\":\"WebPage\",\"@id\":\"https:\/\/www.godan.pl\/fr\/societe\/pourquoi-nous\",\"url\":\"https:\/\/www.godan.pl\/fr\/societe\/pourquoi-nous\",\"name\":\"Jako\u015b\u0107, w\u0142asna produkcja, do\u015bwiadczenie \u2013 dlaczego warto z nami pracowa\u0107? GoDan SA\",\"isPartOf\":{\"@id\":\"https:\/\/www.godan.pl\/fr\/#website\"},\"datePublished\":\"2017-05-28T20:00:32+00:00\",\"dateModified\":\"2017-06-27T13:45:53+00:00\",\"description\":\"W GoDan wierzymy, \u017ce kluczem do owocnej wsp\u00f3\u0142pracy s\u0105 warto\u015bci i zaanga\u017cowanie ca\u0142ego zespo\u0142u.\",\"breadcrumb\":{\"@id\":\"https:\/\/www.godan.pl\/fr\/societe\/pourquoi-nous#breadcrumb\"},\"inLanguage\":\"fr-FR\",\"potentialAction\":[{\"@type\":\"ReadAction\",\"target\":[\"https:\/\/www.godan.pl\/fr\/societe\/pourquoi-nous\"]}]},{\"@type\":\"BreadcrumbList\",\"@id\":\"https:\/\/www.godan.pl\/fr\/societe\/pourquoi-nous#breadcrumb\",\"itemListElement\":[{\"@type\":\"ListItem\",\"position\":1,\"name\":\"Strona g\u0142\u00f3wna\",\"item\":\"https:\/\/www.godan.pl\/fr\"},{\"@type\":\"ListItem\",\"position\":2,\"name\":\"Soci\u00e9t\u00e9\",\"item\":\"https:\/\/www.godan.pl\/fr\/societe\"},{\"@type\":\"ListItem\",\"position\":3,\"name\":\"Pourquoi nous ?\"}]},{\"@type\":\"WebSite\",\"@id\":\"https:\/\/www.godan.pl\/fr\/#website\",\"url\":\"https:\/\/www.godan.pl\/fr\/\",\"name\":\"Godan\",\"description\":\"Oferujemy szerok\u0105 ofert\u0119 balon\u00f3w, dekoracji sali, stroj\u00f3w karnawa\u0142owych, artyku\u0142y \u015blubnych i weselnych\",\"publisher\":{\"@id\":\"https:\/\/www.godan.pl\/fr\/#organization\"},\"potentialAction\":[{\"@type\":\"SearchAction\",\"target\":{\"@type\":\"EntryPoint\",\"urlTemplate\":\"https:\/\/www.godan.pl\/fr\/?s={search_term_string}\"},\"query-input\":\"required name=search_term_string\"}],\"inLanguage\":\"fr-FR\"},{\"@type\":\"Organization\",\"@id\":\"https:\/\/www.godan.pl\/fr\/#organization\",\"name\":\"GoDan S.A.\",\"url\":\"https:\/\/www.godan.pl\/fr\/\",\"logo\":{\"@type\":\"ImageObject\",\"inLanguage\":\"fr-FR\",\"@id\":\"https:\/\/www.godan.pl\/fr\/#\/schema\/logo\/image\/\",\"url\":\"https:\/\/www.godan.pl\/wp-content\/uploads\/2017\/08\/logo-godan-male-1.png\",\"contentUrl\":\"https:\/\/www.godan.pl\/wp-content\/uploads\/2017\/08\/logo-godan-male-1.png\",\"width\":185,\"height\":97,\"caption\":\"GoDan S.A.\"},\"image\":{\"@id\":\"https:\/\/www.godan.pl\/fr\/#\/schema\/logo\/image\/\"}}]}<\/script>\n<!-- \/ Yoast SEO plugin. -->","yoast_head_json":{"title":"Jako\u015b\u0107, w\u0142asna produkcja, do\u015bwiadczenie \u2013 dlaczego warto z nami pracowa\u0107? GoDan SA","description":"W GoDan wierzymy, \u017ce kluczem do owocnej wsp\u00f3\u0142pracy s\u0105 warto\u015bci i zaanga\u017cowanie ca\u0142ego zespo\u0142u.","robots":{"index":"index","follow":"follow","max-snippet":"max-snippet:-1","max-image-preview":"max-image-preview:large","max-video-preview":"max-video-preview:-1"},"canonical":"https:\/\/www.godan.pl\/fr\/societe\/pourquoi-nous","og_locale":"fr_FR","og_type":"article","og_title":"Jako\u015b\u0107, w\u0142asna produkcja, do\u015bwiadczenie \u2013 dlaczego warto z nami pracowa\u0107? GoDan SA","og_description":"W GoDan wierzymy, \u017ce kluczem do owocnej wsp\u00f3\u0142pracy s\u0105 warto\u015bci i zaanga\u017cowanie ca\u0142ego zespo\u0142u.","og_url":"https:\/\/www.godan.pl\/fr\/societe\/pourquoi-nous","og_site_name":"Godan","article_modified_time":"2017-06-27T13:45:53+00:00","og_image":[{"width":391,"height":220,"url":"https:\/\/www.godan.pl\/wp-content\/uploads\/2017\/05\/146062849593-kdek2.jpg","type":"image\/jpeg"}],"twitter_card":"summary_large_image","twitter_misc":{"Dur\u00e9e de lecture estim\u00e9e":"3 minutes"},"schema":{"@context":"https:\/\/schema.org","@graph":[{"@type":"WebPage","@id":"https:\/\/www.godan.pl\/fr\/societe\/pourquoi-nous","url":"https:\/\/www.godan.pl\/fr\/societe\/pourquoi-nous","name":"Jako\u015b\u0107, w\u0142asna produkcja, do\u015bwiadczenie \u2013 dlaczego warto z nami pracowa\u0107? GoDan SA","isPartOf":{"@id":"https:\/\/www.godan.pl\/fr\/#website"},"datePublished":"2017-05-28T20:00:32+00:00","dateModified":"2017-06-27T13:45:53+00:00","description":"W GoDan wierzymy, \u017ce kluczem do owocnej wsp\u00f3\u0142pracy s\u0105 warto\u015bci i zaanga\u017cowanie ca\u0142ego zespo\u0142u.","breadcrumb":{"@id":"https:\/\/www.godan.pl\/fr\/societe\/pourquoi-nous#breadcrumb"},"inLanguage":"fr-FR","potentialAction":[{"@type":"ReadAction","target":["https:\/\/www.godan.pl\/fr\/societe\/pourquoi-nous"]}]},{"@type":"BreadcrumbList","@id":"https:\/\/www.godan.pl\/fr\/societe\/pourquoi-nous#breadcrumb","itemListElement":[{"@type":"ListItem","position":1,"name":"Strona g\u0142\u00f3wna","item":"https:\/\/www.godan.pl\/fr"},{"@type":"ListItem","position":2,"name":"Soci\u00e9t\u00e9","item":"https:\/\/www.godan.pl\/fr\/societe"},{"@type":"ListItem","position":3,"name":"Pourquoi nous ?"}]},{"@type":"WebSite","@id":"https:\/\/www.godan.pl\/fr\/#website","url":"https:\/\/www.godan.pl\/fr\/","name":"Godan","description":"Oferujemy szerok\u0105 ofert\u0119 balon\u00f3w, dekoracji sali, stroj\u00f3w karnawa\u0142owych, artyku\u0142y \u015blubnych i weselnych","publisher":{"@id":"https:\/\/www.godan.pl\/fr\/#organization"},"potentialAction":[{"@type":"SearchAction","target":{"@type":"EntryPoint","urlTemplate":"https:\/\/www.godan.pl\/fr\/?s={search_term_string}"},"query-input":"required name=search_term_string"}],"inLanguage":"fr-FR"},{"@type":"Organization","@id":"https:\/\/www.godan.pl\/fr\/#organization","name":"GoDan S.A.","url":"https:\/\/www.godan.pl\/fr\/","logo":{"@type":"ImageObject","inLanguage":"fr-FR","@id":"https:\/\/www.godan.pl\/fr\/#\/schema\/logo\/image\/","url":"https:\/\/www.godan.pl\/wp-content\/uploads\/2017\/08\/logo-godan-male-1.png","contentUrl":"https:\/\/www.godan.pl\/wp-content\/uploads\/2017\/08\/logo-godan-male-1.png","width":185,"height":97,"caption":"GoDan S.A."},"image":{"@id":"https:\/\/www.godan.pl\/fr\/#\/schema\/logo\/image\/"}}]}},"_links":{"self":[{"href":"https:\/\/www.godan.pl\/fr\/wp-json\/wp\/v2\/pages\/7688"}],"collection":[{"href":"https:\/\/www.godan.pl\/fr\/wp-json\/wp\/v2\/pages"}],"about":[{"href":"https:\/\/www.godan.pl\/fr\/wp-json\/wp\/v2\/types\/page"}],"author":[{"embeddable":true,"href":"https:\/\/www.godan.pl\/fr\/wp-json\/wp\/v2\/users\/1"}],"replies":[{"embeddable":true,"href":"https:\/\/www.godan.pl\/fr\/wp-json\/wp\/v2\/comments?post=7688"}],"version-history":[{"count":3,"href":"https:\/\/www.godan.pl\/fr\/wp-json\/wp\/v2\/pages\/7688\/revisions"}],"predecessor-version":[{"id":8342,"href":"https:\/\/www.godan.pl\/fr\/wp-json\/wp\/v2\/pages\/7688\/revisions\/8342"}],"up":[{"embeddable":true,"href":"https:\/\/www.godan.pl\/fr\/wp-json\/wp\/v2\/pages\/7603"}],"wp:featuredmedia":[{"embeddable":true,"href":"https:\/\/www.godan.pl\/fr\/wp-json\/wp\/v2\/media\/2866"}],"wp:attachment":[{"href":"https:\/\/www.godan.pl\/fr\/wp-json\/wp\/v2\/media?parent=7688"}],"curies":[{"name":"wp","href":"https:\/\/api.w.org\/{rel}","templated":true}]}}