{"id":7638,"date":"2017-05-27T15:26:07","date_gmt":"2017-05-27T15:26:07","guid":{"rendered":"https:\/\/www.godan.pl\/o-firmie\/godan-s-a\/"},"modified":"2023-03-13T11:44:17","modified_gmt":"2023-03-13T11:44:17","slug":"godan-s-a","status":"publish","type":"page","link":"https:\/\/www.godan.pl\/fr\/societe\/godan-s-a","title":{"rendered":"GoDan S.A."},"content":{"rendered":"<p>L\u2019histoire Godan remonte l\u2019ann\u00e9e 1991. D\u00e8s le d\u00e9but, notre offre est centr\u00e9e autour du th\u00e8me \u00ab\u00a0F\u00eate\u00a0\u00bb.<\/p>\n<p>Nous sommes le leader sur le march\u00e9 polonais et un partenaire important en Europe dans la production, la vente et la distribution d&#8217;une large gamme de produits pour des \u00e9v\u00e9nements, festivals et c\u00e9l\u00e9brations.<\/p>\n<p>Nos produits sont l\u00e0 ou on fait la f\u00eate\u00a0: des anniversaires, No\u00ebl, des banquets, des c\u00e9r\u00e9monies solennelles et des surboums, des balles et des th\u00e9\u00e2tres pour des enfants. Nous inspirons et soutenons l&#8217;organisation de l&#8217;\u00e9v\u00e9nement, en aidant \u00e0 trouver des articles en ligne selon les attentes et les r\u00eaves des clients.<\/p>\n<p>Nous nous effor\u00e7ons de faire en sorte que vos \u00e9v\u00e9nements et c\u00e9l\u00e9brations soient encore plus sp\u00e9ciaux et m\u00e9morables.<\/p>\n<p><img loading=\"lazy\" decoding=\"async\" width=\"1399\" height=\"243\" class=\"alignnone size-full wp-image-6868\" src=\"https:\/\/www.godan.pl\/wp-content\/uploads\/2017\/05\/balony_maski_akcesoria_urodzinowe.jpg\" alt=\"Portfolio GoDan: balony, maski karnawa\u0142owe, akcesoria urodzinowe.\" srcset=\"https:\/\/www.godan.pl\/wp-content\/uploads\/2017\/05\/balony_maski_akcesoria_urodzinowe.jpg 1399w, https:\/\/www.godan.pl\/wp-content\/uploads\/2017\/05\/balony_maski_akcesoria_urodzinowe-300x52.jpg 300w, https:\/\/www.godan.pl\/wp-content\/uploads\/2017\/05\/balony_maski_akcesoria_urodzinowe-768x133.jpg 768w, https:\/\/www.godan.pl\/wp-content\/uploads\/2017\/05\/balony_maski_akcesoria_urodzinowe-1024x178.jpg 1024w, https:\/\/www.godan.pl\/wp-content\/uploads\/2017\/05\/balony_maski_akcesoria_urodzinowe-200x35.jpg 200w\" sizes=\"(max-width: 1399px) 100vw, 1399px\" \/><\/p>\n<p>Chaque jour, nous travaillons pour achever la position num\u00e9ro 1 dans l&#8217;industrie. Notre slogan \u00ab\u00a0Party&#8217;s first choice\u00a0\u00bb exprime non seulement notre d\u00e9sir sinc\u00e8re mais aussi d\u00e9termine notre position sur le march\u00e9.<\/p>\n<p><img loading=\"lazy\" decoding=\"async\" width=\"800\" height=\"221\" src=\"https:\/\/www.godan.pl\/wp-content\/uploads\/2023\/03\/PARTYS-FIRST-CHOICE-haslo.png\" alt=\"Party's first choice\" class=\"aligncenter size-full wp-image-23936\" srcset=\"https:\/\/www.godan.pl\/wp-content\/uploads\/2023\/03\/PARTYS-FIRST-CHOICE-haslo.png 800w, https:\/\/www.godan.pl\/wp-content\/uploads\/2023\/03\/PARTYS-FIRST-CHOICE-haslo-300x83.png 300w, https:\/\/www.godan.pl\/wp-content\/uploads\/2023\/03\/PARTYS-FIRST-CHOICE-haslo-768x212.png 768w, https:\/\/www.godan.pl\/wp-content\/uploads\/2023\/03\/PARTYS-FIRST-CHOICE-haslo-200x55.png 200w\" sizes=\"(max-width: 800px) 100vw, 800px\" \/><\/p>\n<p>Alors que nous nous soucions de la satisfaction des clients et de haute qualit\u00e9, nous rappelons que le prix approchable est \u00e9galement une partie de leur attractivit\u00e9. Pour plus d&#8217;informations sur la fa\u00e7on de construire un avantage concurrentiel et pourquoi il vaut coop\u00e9rer avec nous, r\u00e9f\u00e9rez-vous \u00e0 la section \u00ab\u00a0Pourquoi nous\u00a0?\u00a0\u00bb<\/p>\n<p class=\"paragraph__no__margin\">Quelques faits int\u00e9ressants sur Godan:\n<\/p>\n<ul class=\"star \">\n<li>Nous op\u00e9rons depuis 1991, soit plus de 30 ans<\/li>\n<li>Nous sommes un fabricant et importateur direct, nous avons le distributeur exclusif de nombreuses marques sur le march\u00e9 polonais<\/li>\n<li>Nous employons pr\u00e8s de 100 personnes<\/li>\n<li>Nous disposons d\u2019un entrep\u00f4t de plus de 5 000 m2, pouvant accueillir 4\u00a0000 palettes<\/li>\n<li>Notre offre comprend plus de 11 000 produits<\/li>\n<li>Nous disposons d\u2019une salle d&#8217;exposition de 1 200 m<sup>2<\/sup><\/li>\n<li>Nous exportons nos produits \u00e0 24 pays<\/li>\n<li>Nous avons vendu plus de 20 000 000 000 (disons\u00a0: 20\u00a0000\u00a0000 000) ballons \u2013 statistiquement, plus de 500 pi\u00e8ces par un polonais (et le nombre augmente chaque jour\u00a0!)<\/li>\n<li>D\u00e8s le d\u00e9but, la soci\u00e9t\u00e9 est dirig\u00e9e par le m\u00eame pr\u00e9sident<\/li>\n<\/ul>\n<p>Nous soutenons les initiatives sociales, culturelles et sportives r\u00e9guli\u00e8rement.<\/p>\n<p><img loading=\"lazy\" decoding=\"async\" width=\"439\" height=\"96\" class=\"aligncenter size-full wp-image-6957\" src=\"https:\/\/www.godan.pl\/wp-content\/uploads\/2017\/05\/image009.png\" alt=\"nagrody\" srcset=\"https:\/\/www.godan.pl\/wp-content\/uploads\/2017\/05\/image009.png 439w, https:\/\/www.godan.pl\/wp-content\/uploads\/2017\/05\/image009-300x66.png 300w, https:\/\/www.godan.pl\/wp-content\/uploads\/2017\/05\/image009-200x44.png 200w\" sizes=\"(max-width: 439px) 100vw, 439px\" \/><\/p>\n","protected":false},"excerpt":{"rendered":"<p>Historia GoDan si\u0119ga 1991 roku. Od pocz\u0105tku dzia\u0142alno\u015bci nasza oferta by\u0142a skupiona\u2026<\/p>\n","protected":false},"author":1,"featured_media":3007,"parent":7603,"menu_order":0,"comment_status":"closed","ping_status":"closed","template":"","meta":{"_acf_changed":false,"footnotes":""},"class_list":["post-7638","page","type-page","status-publish","has-post-thumbnail","hentry"],"acf":[],"yoast_head":"<!-- This site is optimized with the Yoast SEO plugin v20.11 - https:\/\/yoast.com\/wordpress\/plugins\/seo\/ -->\n<title>Historia, zakres dzia\u0142alno\u015bci i oferta: GoDan SA<\/title>\n<meta name=\"description\" content=\"Od 1991 roku GoDan oferuje artyku\u0142y zwi\u0105zane z tematem Party. Nasze produkty mo\u017cna na du\u017cych i ma\u0142ych imprezach, urodzinach, balach, uroczysto\u015bciach.\" \/>\n<meta name=\"robots\" content=\"index, follow, max-snippet:-1, max-image-preview:large, max-video-preview:-1\" \/>\n<link rel=\"canonical\" href=\"https:\/\/www.godan.pl\/fr\/societe\/godan-s-a\" \/>\n<meta property=\"og:locale\" content=\"fr_FR\" \/>\n<meta property=\"og:type\" content=\"article\" \/>\n<meta property=\"og:title\" content=\"Historia, zakres dzia\u0142alno\u015bci i oferta: GoDan SA\" \/>\n<meta property=\"og:description\" content=\"Od 1991 roku GoDan oferuje artyku\u0142y zwi\u0105zane z tematem Party. Nasze produkty mo\u017cna na du\u017cych i ma\u0142ych imprezach, urodzinach, balach, uroczysto\u015bciach.\" \/>\n<meta property=\"og:url\" content=\"https:\/\/www.godan.pl\/fr\/societe\/godan-s-a\" \/>\n<meta property=\"og:site_name\" content=\"Godan\" \/>\n<meta property=\"article:modified_time\" content=\"2023-03-13T11:44:17+00:00\" \/>\n<meta property=\"og:image\" content=\"https:\/\/www.godan.pl\/wp-content\/uploads\/2017\/05\/shutterstock_376717561-Kopia.jpg\" \/>\n\t<meta property=\"og:image:width\" content=\"6016\" \/>\n\t<meta property=\"og:image:height\" content=\"3012\" \/>\n\t<meta property=\"og:image:type\" content=\"image\/jpeg\" \/>\n<meta name=\"twitter:card\" content=\"summary_large_image\" \/>\n<meta name=\"twitter:label1\" content=\"Dur\u00e9e de lecture estim\u00e9e\" \/>\n\t<meta name=\"twitter:data1\" content=\"2 minutes\" \/>\n<script type=\"application\/ld+json\" class=\"yoast-schema-graph\">{\"@context\":\"https:\/\/schema.org\",\"@graph\":[{\"@type\":\"WebPage\",\"@id\":\"https:\/\/www.godan.pl\/fr\/societe\/godan-s-a\",\"url\":\"https:\/\/www.godan.pl\/fr\/societe\/godan-s-a\",\"name\":\"Historia, zakres dzia\u0142alno\u015bci i oferta: GoDan SA\",\"isPartOf\":{\"@id\":\"https:\/\/www.godan.pl\/fr\/#website\"},\"datePublished\":\"2017-05-27T15:26:07+00:00\",\"dateModified\":\"2023-03-13T11:44:17+00:00\",\"description\":\"Od 1991 roku GoDan oferuje artyku\u0142y zwi\u0105zane z tematem Party. Nasze produkty mo\u017cna na du\u017cych i ma\u0142ych imprezach, urodzinach, balach, uroczysto\u015bciach.\",\"breadcrumb\":{\"@id\":\"https:\/\/www.godan.pl\/fr\/societe\/godan-s-a#breadcrumb\"},\"inLanguage\":\"fr-FR\",\"potentialAction\":[{\"@type\":\"ReadAction\",\"target\":[\"https:\/\/www.godan.pl\/fr\/societe\/godan-s-a\"]}]},{\"@type\":\"BreadcrumbList\",\"@id\":\"https:\/\/www.godan.pl\/fr\/societe\/godan-s-a#breadcrumb\",\"itemListElement\":[{\"@type\":\"ListItem\",\"position\":1,\"name\":\"Strona g\u0142\u00f3wna\",\"item\":\"https:\/\/www.godan.pl\/fr\"},{\"@type\":\"ListItem\",\"position\":2,\"name\":\"Soci\u00e9t\u00e9\",\"item\":\"https:\/\/www.godan.pl\/fr\/societe\"},{\"@type\":\"ListItem\",\"position\":3,\"name\":\"GoDan S.A.\"}]},{\"@type\":\"WebSite\",\"@id\":\"https:\/\/www.godan.pl\/fr\/#website\",\"url\":\"https:\/\/www.godan.pl\/fr\/\",\"name\":\"Godan\",\"description\":\"Oferujemy szerok\u0105 ofert\u0119 balon\u00f3w, dekoracji sali, stroj\u00f3w karnawa\u0142owych, artyku\u0142y \u015blubnych i weselnych\",\"publisher\":{\"@id\":\"https:\/\/www.godan.pl\/fr\/#organization\"},\"potentialAction\":[{\"@type\":\"SearchAction\",\"target\":{\"@type\":\"EntryPoint\",\"urlTemplate\":\"https:\/\/www.godan.pl\/fr\/?s={search_term_string}\"},\"query-input\":\"required name=search_term_string\"}],\"inLanguage\":\"fr-FR\"},{\"@type\":\"Organization\",\"@id\":\"https:\/\/www.godan.pl\/fr\/#organization\",\"name\":\"GoDan S.A.\",\"url\":\"https:\/\/www.godan.pl\/fr\/\",\"logo\":{\"@type\":\"ImageObject\",\"inLanguage\":\"fr-FR\",\"@id\":\"https:\/\/www.godan.pl\/fr\/#\/schema\/logo\/image\/\",\"url\":\"https:\/\/www.godan.pl\/wp-content\/uploads\/2017\/08\/logo-godan-male-1.png\",\"contentUrl\":\"https:\/\/www.godan.pl\/wp-content\/uploads\/2017\/08\/logo-godan-male-1.png\",\"width\":185,\"height\":97,\"caption\":\"GoDan S.A.\"},\"image\":{\"@id\":\"https:\/\/www.godan.pl\/fr\/#\/schema\/logo\/image\/\"}}]}<\/script>\n<!-- \/ Yoast SEO plugin. -->","yoast_head_json":{"title":"Historia, zakres dzia\u0142alno\u015bci i oferta: GoDan SA","description":"Od 1991 roku GoDan oferuje artyku\u0142y zwi\u0105zane z tematem Party. Nasze produkty mo\u017cna na du\u017cych i ma\u0142ych imprezach, urodzinach, balach, uroczysto\u015bciach.","robots":{"index":"index","follow":"follow","max-snippet":"max-snippet:-1","max-image-preview":"max-image-preview:large","max-video-preview":"max-video-preview:-1"},"canonical":"https:\/\/www.godan.pl\/fr\/societe\/godan-s-a","og_locale":"fr_FR","og_type":"article","og_title":"Historia, zakres dzia\u0142alno\u015bci i oferta: GoDan SA","og_description":"Od 1991 roku GoDan oferuje artyku\u0142y zwi\u0105zane z tematem Party. Nasze produkty mo\u017cna na du\u017cych i ma\u0142ych imprezach, urodzinach, balach, uroczysto\u015bciach.","og_url":"https:\/\/www.godan.pl\/fr\/societe\/godan-s-a","og_site_name":"Godan","article_modified_time":"2023-03-13T11:44:17+00:00","og_image":[{"width":6016,"height":3012,"url":"https:\/\/www.godan.pl\/wp-content\/uploads\/2017\/05\/shutterstock_376717561-Kopia.jpg","type":"image\/jpeg"}],"twitter_card":"summary_large_image","twitter_misc":{"Dur\u00e9e de lecture estim\u00e9e":"2 minutes"},"schema":{"@context":"https:\/\/schema.org","@graph":[{"@type":"WebPage","@id":"https:\/\/www.godan.pl\/fr\/societe\/godan-s-a","url":"https:\/\/www.godan.pl\/fr\/societe\/godan-s-a","name":"Historia, zakres dzia\u0142alno\u015bci i oferta: GoDan SA","isPartOf":{"@id":"https:\/\/www.godan.pl\/fr\/#website"},"datePublished":"2017-05-27T15:26:07+00:00","dateModified":"2023-03-13T11:44:17+00:00","description":"Od 1991 roku GoDan oferuje artyku\u0142y zwi\u0105zane z tematem Party. Nasze produkty mo\u017cna na du\u017cych i ma\u0142ych imprezach, urodzinach, balach, uroczysto\u015bciach.","breadcrumb":{"@id":"https:\/\/www.godan.pl\/fr\/societe\/godan-s-a#breadcrumb"},"inLanguage":"fr-FR","potentialAction":[{"@type":"ReadAction","target":["https:\/\/www.godan.pl\/fr\/societe\/godan-s-a"]}]},{"@type":"BreadcrumbList","@id":"https:\/\/www.godan.pl\/fr\/societe\/godan-s-a#breadcrumb","itemListElement":[{"@type":"ListItem","position":1,"name":"Strona g\u0142\u00f3wna","item":"https:\/\/www.godan.pl\/fr"},{"@type":"ListItem","position":2,"name":"Soci\u00e9t\u00e9","item":"https:\/\/www.godan.pl\/fr\/societe"},{"@type":"ListItem","position":3,"name":"GoDan S.A."}]},{"@type":"WebSite","@id":"https:\/\/www.godan.pl\/fr\/#website","url":"https:\/\/www.godan.pl\/fr\/","name":"Godan","description":"Oferujemy szerok\u0105 ofert\u0119 balon\u00f3w, dekoracji sali, stroj\u00f3w karnawa\u0142owych, artyku\u0142y \u015blubnych i weselnych","publisher":{"@id":"https:\/\/www.godan.pl\/fr\/#organization"},"potentialAction":[{"@type":"SearchAction","target":{"@type":"EntryPoint","urlTemplate":"https:\/\/www.godan.pl\/fr\/?s={search_term_string}"},"query-input":"required name=search_term_string"}],"inLanguage":"fr-FR"},{"@type":"Organization","@id":"https:\/\/www.godan.pl\/fr\/#organization","name":"GoDan S.A.","url":"https:\/\/www.godan.pl\/fr\/","logo":{"@type":"ImageObject","inLanguage":"fr-FR","@id":"https:\/\/www.godan.pl\/fr\/#\/schema\/logo\/image\/","url":"https:\/\/www.godan.pl\/wp-content\/uploads\/2017\/08\/logo-godan-male-1.png","contentUrl":"https:\/\/www.godan.pl\/wp-content\/uploads\/2017\/08\/logo-godan-male-1.png","width":185,"height":97,"caption":"GoDan S.A."},"image":{"@id":"https:\/\/www.godan.pl\/fr\/#\/schema\/logo\/image\/"}}]}},"_links":{"self":[{"href":"https:\/\/www.godan.pl\/fr\/wp-json\/wp\/v2\/pages\/7638"}],"collection":[{"href":"https:\/\/www.godan.pl\/fr\/wp-json\/wp\/v2\/pages"}],"about":[{"href":"https:\/\/www.godan.pl\/fr\/wp-json\/wp\/v2\/types\/page"}],"author":[{"embeddable":true,"href":"https:\/\/www.godan.pl\/fr\/wp-json\/wp\/v2\/users\/1"}],"replies":[{"embeddable":true,"href":"https:\/\/www.godan.pl\/fr\/wp-json\/wp\/v2\/comments?post=7638"}],"version-history":[{"count":9,"href":"https:\/\/www.godan.pl\/fr\/wp-json\/wp\/v2\/pages\/7638\/revisions"}],"predecessor-version":[{"id":23955,"href":"https:\/\/www.godan.pl\/fr\/wp-json\/wp\/v2\/pages\/7638\/revisions\/23955"}],"up":[{"embeddable":true,"href":"https:\/\/www.godan.pl\/fr\/wp-json\/wp\/v2\/pages\/7603"}],"wp:featuredmedia":[{"embeddable":true,"href":"https:\/\/www.godan.pl\/fr\/wp-json\/wp\/v2\/media\/3007"}],"wp:attachment":[{"href":"https:\/\/www.godan.pl\/fr\/wp-json\/wp\/v2\/media?parent=7638"}],"curies":[{"name":"wp","href":"https:\/\/api.w.org\/{rel}","templated":true}]}}