{"id":7841,"date":"2017-06-02T13:07:34","date_gmt":"2017-06-02T13:07:34","guid":{"rendered":"https:\/\/www.godan.pl\/oferta\/sprzedaz-hurtowa\/"},"modified":"2025-06-11T14:26:32","modified_gmt":"2025-06-11T14:26:32","slug":"venta-al-por-mayor","status":"publish","type":"page","link":"https:\/\/www.godan.pl\/es\/oferta\/venta-al-por-mayor","title":{"rendered":"Venta al por mayor"},"content":{"rendered":"<p class=\"paragraph__no__margin\">Realizamos venta al por mayor y exportaci\u00f3n de:\n<\/p>\n<ul class=\"star \">\n<li>Globos: somos uno de los m\u00e1s grandes distribuidores de globos de foil, de l\u00e1tex y de helio en Polonia y Europa centro-orietnal. Compramos nuestros productos directamente a los mejores fabricantes del mundo.<\/li>\n<li>Disfraces de carnaval y accesorios para disfraces: somos tanto fabricante como importador directo de disfraces de carnaval, m\u00e1scaras, etc. Tenemos en la oferta tambi\u00e9n accesorios para disfraces, tales como: pelucas, m\u00e1scaras, coronas, sombreros, cuernos, pesta\u00f1as postizas, bigotes, etc.<\/li>\n<li>Art\u00edculos decorativos para interiores (guirnaldas, banners de cumplea\u00f1os, faroles, rosetas, pompones, serpentinas).<\/li>\n<li>Art\u00edculos decorativos para la mesa (ej. vasos de papel, platos, servilletas, cubiertos, art\u00edculos para c\u00f3cteles, pajitas, velas para cumplea\u00f1os)<\/li>\n<li>Art\u00edculos para fiestas y regalos (ej. bolsas para regalos, confetti, serpentinas, trompetas, invitaciones y cartas para varis ocasiones, lazos y otros art\u00edculos para envolver regalos, cajitas decorativas, regalos, juguetes, presentes)<\/li>\n<\/ul>\n<p><img loading=\"lazy\" decoding=\"async\" width=\"1399\" height=\"243\" class=\"aligncenter size-full wp-image-6868\" src=\"https:\/\/www.godan.pl\/wp-content\/uploads\/2017\/05\/balony_maski_akcesoria_urodzinowe.jpg\" alt=\"Portfolio GoDan: balony, maski karnawa\u0142owe, akcesoria urodzinowe.\" srcset=\"https:\/\/www.godan.pl\/wp-content\/uploads\/2017\/05\/balony_maski_akcesoria_urodzinowe.jpg 1399w, https:\/\/www.godan.pl\/wp-content\/uploads\/2017\/05\/balony_maski_akcesoria_urodzinowe-300x52.jpg 300w, https:\/\/www.godan.pl\/wp-content\/uploads\/2017\/05\/balony_maski_akcesoria_urodzinowe-768x133.jpg 768w, https:\/\/www.godan.pl\/wp-content\/uploads\/2017\/05\/balony_maski_akcesoria_urodzinowe-1024x178.jpg 1024w, https:\/\/www.godan.pl\/wp-content\/uploads\/2017\/05\/balony_maski_akcesoria_urodzinowe-200x35.jpg 200w\" sizes=\"(max-width: 1399px) 100vw, 1399px\" \/><\/p>\n<p>Para nuestros socios en negocio que compran grandes cantidades de productos y productos para exportar, hemos preparado una plataforma (p\u00e1gina web) Portal del Cliente.<\/p>\n<p class=\"paragraph__no__margin\">La plataforma permite:\n<\/p>\n<ul class=\"star \">\n<li>conocer nuestras novedades en oferta antes que los dem\u00e1s clientes,<\/li>\n<li>tener acceso a toda la oferta de GoDan 24\/7,<\/li>\n<li>pedir productos de nuestros oferta de forma f\u00e1cil y r\u00e1pida,<\/li>\n<li>obtener precios reducidos para cliente que compra al por mayor.<\/li>\n<\/ul>\n<h3 style=\"text-align: center;\"><a style=\"text-decoration: underline;\" href=\"https:\/\/b2b.godan.pl\/\" target=\"_blank\" rel=\"noopener\">https:\/\/b2b.godan.pl\/<\/a><\/h3>\n<p>Si no dispone todav\u00eda del usuario y contrase\u00f1a al Portal de Cliente, p\u00f3ngase en contacto con nuestro departemento comercial \/ departamento de exportaci\u00f3n:<br \/>\ntel.: <a href=\"tel:227212696\">+48 22 721 26 96<\/a> o <a href=\"mailto:export@godan.pl\">export@godan.pl<\/a><\/p>\n<p>\u00a1Le invitamos a que se ponga en contacto con nosotros!<\/p>\n<div class='idz-table-orange'>\n<table class=\"table\">\n<tbody>\n<tr>\n<th>Shop GoDan:<br \/>\nCash &amp; Carry<\/th>\n<\/tr>\n<tr>\n<td>ul. Pozna\u0144ska 138<br \/>\n05-850 O\u017car\u00f3w Mazowiecki<br \/>\nWelcome:<br \/>\nMon-Fri: 7:00 &#8211; 15:15\n<\/td>\n<\/tr>\n<\/tbody>\n<\/table>\n<\/div>\n<p><img loading=\"lazy\" decoding=\"async\" width=\"1400\" height=\"300\" class=\"aligncenter size-full wp-image-6976\" src=\"https:\/\/www.godan.pl\/wp-content\/uploads\/2017\/06\/balony.jpg\" alt=\"balony gumowe - hurt\" srcset=\"https:\/\/www.godan.pl\/wp-content\/uploads\/2017\/06\/balony.jpg 1400w, https:\/\/www.godan.pl\/wp-content\/uploads\/2017\/06\/balony-300x64.jpg 300w, https:\/\/www.godan.pl\/wp-content\/uploads\/2017\/06\/balony-768x165.jpg 768w, https:\/\/www.godan.pl\/wp-content\/uploads\/2017\/06\/balony-1024x219.jpg 1024w, https:\/\/www.godan.pl\/wp-content\/uploads\/2017\/06\/balony-200x43.jpg 200w\" sizes=\"(max-width: 1400px) 100vw, 1400px\" \/><br \/>\n<img loading=\"lazy\" decoding=\"async\" width=\"1400\" height=\"300\" class=\"aligncenter size-full wp-image-6982\" src=\"https:\/\/www.godan.pl\/wp-content\/uploads\/2017\/06\/balony_fol.jpg\" alt=\"balony foliowe - hurt\" srcset=\"https:\/\/www.godan.pl\/wp-content\/uploads\/2017\/06\/balony_fol.jpg 1400w, https:\/\/www.godan.pl\/wp-content\/uploads\/2017\/06\/balony_fol-300x64.jpg 300w, https:\/\/www.godan.pl\/wp-content\/uploads\/2017\/06\/balony_fol-768x165.jpg 768w, https:\/\/www.godan.pl\/wp-content\/uploads\/2017\/06\/balony_fol-1024x219.jpg 1024w, https:\/\/www.godan.pl\/wp-content\/uploads\/2017\/06\/balony_fol-200x43.jpg 200w\" sizes=\"(max-width: 1400px) 100vw, 1400px\" \/><br \/>\n<img loading=\"lazy\" decoding=\"async\" width=\"643\" height=\"228\" class=\"aligncenter size-full wp-image-6988\" src=\"https:\/\/www.godan.pl\/wp-content\/uploads\/2017\/06\/dzieci.jpg\" alt=\"Stroje, przebrania, kostiumy, halloween - hurt\" srcset=\"https:\/\/www.godan.pl\/wp-content\/uploads\/2017\/06\/dzieci.jpg 643w, https:\/\/www.godan.pl\/wp-content\/uploads\/2017\/06\/dzieci-300x106.jpg 300w, https:\/\/www.godan.pl\/wp-content\/uploads\/2017\/06\/dzieci-200x71.jpg 200w\" sizes=\"(max-width: 643px) 100vw, 643px\" \/><br \/>\n<img loading=\"lazy\" decoding=\"async\" width=\"1400\" height=\"300\" class=\"aligncenter size-full wp-image-6994\" src=\"https:\/\/www.godan.pl\/wp-content\/uploads\/2017\/06\/maski.jpg\" alt=\"Maski karnawa\u0142owe - hurt\" srcset=\"https:\/\/www.godan.pl\/wp-content\/uploads\/2017\/06\/maski.jpg 1400w, https:\/\/www.godan.pl\/wp-content\/uploads\/2017\/06\/maski-300x64.jpg 300w, https:\/\/www.godan.pl\/wp-content\/uploads\/2017\/06\/maski-768x165.jpg 768w, https:\/\/www.godan.pl\/wp-content\/uploads\/2017\/06\/maski-1024x219.jpg 1024w, https:\/\/www.godan.pl\/wp-content\/uploads\/2017\/06\/maski-200x43.jpg 200w\" sizes=\"(max-width: 1400px) 100vw, 1400px\" \/><br \/>\n<img loading=\"lazy\" decoding=\"async\" width=\"725\" height=\"300\" class=\"aligncenter size-full wp-image-7000\" src=\"https:\/\/www.godan.pl\/wp-content\/uploads\/2017\/06\/swieczki.jpg\" alt=\"\u015awieczki urodzinowe - hurt\" srcset=\"https:\/\/www.godan.pl\/wp-content\/uploads\/2017\/06\/swieczki.jpg 725w, https:\/\/www.godan.pl\/wp-content\/uploads\/2017\/06\/swieczki-300x124.jpg 300w, https:\/\/www.godan.pl\/wp-content\/uploads\/2017\/06\/swieczki-200x83.jpg 200w\" sizes=\"(max-width: 725px) 100vw, 725px\" \/><\/p>\n<div class=\"promo-box orange \">\n<div class=\"promo-text\">\n<h4 class=\"promo-title firstword-bold\">Pulpit Kontrahenta<\/h4>\n<p>Zam\u00f3wienia hurtowe dla partner\u00f3w firmy GoDan<\/p>\n<\/div>\n<div class=\"promo-action\"><a class=\"idz-button orange\" href=\"http:\/\/pk.godan.com.pl\/\">http:\/\/pk.godan.com.pl\/ <i class=\"icon-circleright\"><\/i><\/a><\/div>\n<\/div>\n","protected":false},"excerpt":{"rendered":"<p>Realizamos venta al por mayor y exportaci\u00f3n de: Para nuestros socios en negocio que compran grandes cantidades de productos y productos para exportar, hemos preparado una plataforma (p\u00e1gina web) Portal del Cliente. La plataforma permite: https:\/\/b2b.godan.pl\/ Si no dispone todav\u00eda del usuario y contrase\u00f1a al Portal de Cliente, p\u00f3ngase en contacto con nuestro departemento comercial [&hellip;]<\/p>\n","protected":false},"author":1,"featured_media":0,"parent":7681,"menu_order":0,"comment_status":"closed","ping_status":"closed","template":"template-formularz_sidebar.php","meta":{"_acf_changed":false,"footnotes":""},"class_list":["post-7841","page","type-page","status-publish","hentry"],"acf":[],"yoast_head":"<!-- This site is optimized with the Yoast SEO plugin v20.11 - https:\/\/yoast.com\/wordpress\/plugins\/seo\/ -->\n<title>Sprzeda\u017c hurtowa balon\u00f3w, stroj\u00f3w karnawa\u0142owych, Halloween, s\u0142omek: GoDan SA<\/title>\n<meta name=\"description\" content=\"Zapraszamy do zapoznania si\u0119 z nasz\u0105 ofert\u0105 balon\u00f3w, artyku\u0142\u00f3w imprezowych, urodzinowych i party. Oferujemy bardzo dobre warunki dla odbiorc\u00f3w hurtowych.\" \/>\n<meta name=\"robots\" content=\"index, follow, max-snippet:-1, max-image-preview:large, max-video-preview:-1\" \/>\n<link rel=\"canonical\" href=\"https:\/\/www.godan.pl\/es\/oferta\/venta-al-por-mayor\" \/>\n<meta property=\"og:locale\" content=\"es_ES\" \/>\n<meta property=\"og:type\" content=\"article\" \/>\n<meta property=\"og:title\" content=\"Sprzeda\u017c hurtowa balon\u00f3w, stroj\u00f3w karnawa\u0142owych, Halloween, s\u0142omek: GoDan SA\" \/>\n<meta property=\"og:description\" content=\"Zapraszamy do zapoznania si\u0119 z nasz\u0105 ofert\u0105 balon\u00f3w, artyku\u0142\u00f3w imprezowych, urodzinowych i party. Oferujemy bardzo dobre warunki dla odbiorc\u00f3w hurtowych.\" \/>\n<meta property=\"og:url\" content=\"https:\/\/www.godan.pl\/es\/oferta\/venta-al-por-mayor\" \/>\n<meta property=\"og:site_name\" content=\"Godan\" \/>\n<meta property=\"article:modified_time\" content=\"2025-06-11T14:26:32+00:00\" \/>\n<meta property=\"og:image\" content=\"https:\/\/www.godan.pl\/wp-content\/uploads\/2017\/05\/balony_maski_akcesoria_urodzinowe.jpg\" \/>\n<meta name=\"twitter:card\" content=\"summary_large_image\" \/>\n<meta name=\"twitter:label1\" content=\"Tiempo de lectura\" \/>\n\t<meta name=\"twitter:data1\" content=\"2 minutos\" \/>\n<script type=\"application\/ld+json\" class=\"yoast-schema-graph\">{\"@context\":\"https:\/\/schema.org\",\"@graph\":[{\"@type\":\"WebPage\",\"@id\":\"https:\/\/www.godan.pl\/es\/oferta\/venta-al-por-mayor\",\"url\":\"https:\/\/www.godan.pl\/es\/oferta\/venta-al-por-mayor\",\"name\":\"Sprzeda\u017c hurtowa balon\u00f3w, stroj\u00f3w karnawa\u0142owych, Halloween, s\u0142omek: GoDan SA\",\"isPartOf\":{\"@id\":\"https:\/\/www.godan.pl\/fr\/#website\"},\"datePublished\":\"2017-06-02T13:07:34+00:00\",\"dateModified\":\"2025-06-11T14:26:32+00:00\",\"description\":\"Zapraszamy do zapoznania si\u0119 z nasz\u0105 ofert\u0105 balon\u00f3w, artyku\u0142\u00f3w imprezowych, urodzinowych i party. Oferujemy bardzo dobre warunki dla odbiorc\u00f3w hurtowych.\",\"breadcrumb\":{\"@id\":\"https:\/\/www.godan.pl\/es\/oferta\/venta-al-por-mayor#breadcrumb\"},\"inLanguage\":\"es\",\"potentialAction\":[{\"@type\":\"ReadAction\",\"target\":[\"https:\/\/www.godan.pl\/es\/oferta\/venta-al-por-mayor\"]}]},{\"@type\":\"BreadcrumbList\",\"@id\":\"https:\/\/www.godan.pl\/es\/oferta\/venta-al-por-mayor#breadcrumb\",\"itemListElement\":[{\"@type\":\"ListItem\",\"position\":1,\"name\":\"Strona g\u0142\u00f3wna\",\"item\":\"https:\/\/www.godan.pl\/es\"},{\"@type\":\"ListItem\",\"position\":2,\"name\":\"Oferta\",\"item\":\"https:\/\/www.godan.pl\/es\/oferta\"},{\"@type\":\"ListItem\",\"position\":3,\"name\":\"Venta al por mayor\"}]},{\"@type\":\"WebSite\",\"@id\":\"https:\/\/www.godan.pl\/fr\/#website\",\"url\":\"https:\/\/www.godan.pl\/fr\/\",\"name\":\"Godan\",\"description\":\"Oferujemy szerok\u0105 ofert\u0119 balon\u00f3w, dekoracji sali, stroj\u00f3w karnawa\u0142owych, artyku\u0142y \u015blubnych i weselnych\",\"publisher\":{\"@id\":\"https:\/\/www.godan.pl\/fr\/#organization\"},\"potentialAction\":[{\"@type\":\"SearchAction\",\"target\":{\"@type\":\"EntryPoint\",\"urlTemplate\":\"https:\/\/www.godan.pl\/fr\/?s={search_term_string}\"},\"query-input\":\"required name=search_term_string\"}],\"inLanguage\":\"es\"},{\"@type\":\"Organization\",\"@id\":\"https:\/\/www.godan.pl\/fr\/#organization\",\"name\":\"GoDan S.A.\",\"url\":\"https:\/\/www.godan.pl\/fr\/\",\"logo\":{\"@type\":\"ImageObject\",\"inLanguage\":\"es\",\"@id\":\"https:\/\/www.godan.pl\/fr\/#\/schema\/logo\/image\/\",\"url\":\"https:\/\/www.godan.pl\/wp-content\/uploads\/2017\/08\/logo-godan-male-1.png\",\"contentUrl\":\"https:\/\/www.godan.pl\/wp-content\/uploads\/2017\/08\/logo-godan-male-1.png\",\"width\":185,\"height\":97,\"caption\":\"GoDan S.A.\"},\"image\":{\"@id\":\"https:\/\/www.godan.pl\/fr\/#\/schema\/logo\/image\/\"}}]}<\/script>\n<!-- \/ Yoast SEO plugin. -->","yoast_head_json":{"title":"Sprzeda\u017c hurtowa balon\u00f3w, stroj\u00f3w karnawa\u0142owych, Halloween, s\u0142omek: GoDan SA","description":"Zapraszamy do zapoznania si\u0119 z nasz\u0105 ofert\u0105 balon\u00f3w, artyku\u0142\u00f3w imprezowych, urodzinowych i party. Oferujemy bardzo dobre warunki dla odbiorc\u00f3w hurtowych.","robots":{"index":"index","follow":"follow","max-snippet":"max-snippet:-1","max-image-preview":"max-image-preview:large","max-video-preview":"max-video-preview:-1"},"canonical":"https:\/\/www.godan.pl\/es\/oferta\/venta-al-por-mayor","og_locale":"es_ES","og_type":"article","og_title":"Sprzeda\u017c hurtowa balon\u00f3w, stroj\u00f3w karnawa\u0142owych, Halloween, s\u0142omek: GoDan SA","og_description":"Zapraszamy do zapoznania si\u0119 z nasz\u0105 ofert\u0105 balon\u00f3w, artyku\u0142\u00f3w imprezowych, urodzinowych i party. Oferujemy bardzo dobre warunki dla odbiorc\u00f3w hurtowych.","og_url":"https:\/\/www.godan.pl\/es\/oferta\/venta-al-por-mayor","og_site_name":"Godan","article_modified_time":"2025-06-11T14:26:32+00:00","og_image":[{"url":"https:\/\/www.godan.pl\/wp-content\/uploads\/2017\/05\/balony_maski_akcesoria_urodzinowe.jpg"}],"twitter_card":"summary_large_image","twitter_misc":{"Tiempo de lectura":"2 minutos"},"schema":{"@context":"https:\/\/schema.org","@graph":[{"@type":"WebPage","@id":"https:\/\/www.godan.pl\/es\/oferta\/venta-al-por-mayor","url":"https:\/\/www.godan.pl\/es\/oferta\/venta-al-por-mayor","name":"Sprzeda\u017c hurtowa balon\u00f3w, stroj\u00f3w karnawa\u0142owych, Halloween, s\u0142omek: GoDan SA","isPartOf":{"@id":"https:\/\/www.godan.pl\/fr\/#website"},"datePublished":"2017-06-02T13:07:34+00:00","dateModified":"2025-06-11T14:26:32+00:00","description":"Zapraszamy do zapoznania si\u0119 z nasz\u0105 ofert\u0105 balon\u00f3w, artyku\u0142\u00f3w imprezowych, urodzinowych i party. Oferujemy bardzo dobre warunki dla odbiorc\u00f3w hurtowych.","breadcrumb":{"@id":"https:\/\/www.godan.pl\/es\/oferta\/venta-al-por-mayor#breadcrumb"},"inLanguage":"es","potentialAction":[{"@type":"ReadAction","target":["https:\/\/www.godan.pl\/es\/oferta\/venta-al-por-mayor"]}]},{"@type":"BreadcrumbList","@id":"https:\/\/www.godan.pl\/es\/oferta\/venta-al-por-mayor#breadcrumb","itemListElement":[{"@type":"ListItem","position":1,"name":"Strona g\u0142\u00f3wna","item":"https:\/\/www.godan.pl\/es"},{"@type":"ListItem","position":2,"name":"Oferta","item":"https:\/\/www.godan.pl\/es\/oferta"},{"@type":"ListItem","position":3,"name":"Venta al por mayor"}]},{"@type":"WebSite","@id":"https:\/\/www.godan.pl\/fr\/#website","url":"https:\/\/www.godan.pl\/fr\/","name":"Godan","description":"Oferujemy szerok\u0105 ofert\u0119 balon\u00f3w, dekoracji sali, stroj\u00f3w karnawa\u0142owych, artyku\u0142y \u015blubnych i weselnych","publisher":{"@id":"https:\/\/www.godan.pl\/fr\/#organization"},"potentialAction":[{"@type":"SearchAction","target":{"@type":"EntryPoint","urlTemplate":"https:\/\/www.godan.pl\/fr\/?s={search_term_string}"},"query-input":"required name=search_term_string"}],"inLanguage":"es"},{"@type":"Organization","@id":"https:\/\/www.godan.pl\/fr\/#organization","name":"GoDan S.A.","url":"https:\/\/www.godan.pl\/fr\/","logo":{"@type":"ImageObject","inLanguage":"es","@id":"https:\/\/www.godan.pl\/fr\/#\/schema\/logo\/image\/","url":"https:\/\/www.godan.pl\/wp-content\/uploads\/2017\/08\/logo-godan-male-1.png","contentUrl":"https:\/\/www.godan.pl\/wp-content\/uploads\/2017\/08\/logo-godan-male-1.png","width":185,"height":97,"caption":"GoDan S.A."},"image":{"@id":"https:\/\/www.godan.pl\/fr\/#\/schema\/logo\/image\/"}}]}},"_links":{"self":[{"href":"https:\/\/www.godan.pl\/es\/wp-json\/wp\/v2\/pages\/7841"}],"collection":[{"href":"https:\/\/www.godan.pl\/es\/wp-json\/wp\/v2\/pages"}],"about":[{"href":"https:\/\/www.godan.pl\/es\/wp-json\/wp\/v2\/types\/page"}],"author":[{"embeddable":true,"href":"https:\/\/www.godan.pl\/es\/wp-json\/wp\/v2\/users\/1"}],"replies":[{"embeddable":true,"href":"https:\/\/www.godan.pl\/es\/wp-json\/wp\/v2\/comments?post=7841"}],"version-history":[{"count":12,"href":"https:\/\/www.godan.pl\/es\/wp-json\/wp\/v2\/pages\/7841\/revisions"}],"predecessor-version":[{"id":26243,"href":"https:\/\/www.godan.pl\/es\/wp-json\/wp\/v2\/pages\/7841\/revisions\/26243"}],"up":[{"embeddable":true,"href":"https:\/\/www.godan.pl\/es\/wp-json\/wp\/v2\/pages\/7681"}],"wp:attachment":[{"href":"https:\/\/www.godan.pl\/es\/wp-json\/wp\/v2\/media?parent=7841"}],"curies":[{"name":"wp","href":"https:\/\/api.w.org\/{rel}","templated":true}]}}