{"id":7791,"date":"2017-06-02T13:07:48","date_gmt":"2017-06-02T13:07:48","guid":{"rendered":"https:\/\/www.godan.pl\/oferta\/produkcja-slomek\/"},"modified":"2017-07-21T17:45:50","modified_gmt":"2017-07-21T17:45:50","slug":"produccion-de-pajitas","status":"publish","type":"page","link":"https:\/\/www.godan.pl\/es\/oferta\/produccion-de-pajitas","title":{"rendered":"Producci\u00f3n de pajitas"},"content":{"rendered":"<p>Nos ocupamos de la producci\u00f3n de pajitas.<\/p>\n<p class=\"paragraph__no__margin\">En la oferta tenemos:<\/p>\n<ul>\n<li>pajitas articuladas con di\u00e1metro de 4,8 mm y longitud de 21 cm,<\/li>\n<li>pajitas simples con di\u00e1metro desde 3 mm hasta 10 mm de varias longitudes.<\/li>\n<\/ul>\n<p>Nuestras pajitas son de polipropileno y cumplen todas normas de calidad previstas para art\u00edculos destinados al contacto con alimentos.<\/p>\n<p>\u00a1Le invitamos a que colabore con nosotros!<\/p>\n<p><img loading=\"lazy\" decoding=\"async\" width=\"945\" height=\"245\" class=\"aligncenter size-full wp-image-7084\" src=\"https:\/\/www.godan.pl\/wp-content\/uploads\/2017\/06\/slomki_rurki_producent.jpg\" alt=\"Producent s\u0142omek do picia, hurtownia\" srcset=\"https:\/\/www.godan.pl\/wp-content\/uploads\/2017\/06\/slomki_rurki_producent.jpg 945w, https:\/\/www.godan.pl\/wp-content\/uploads\/2017\/06\/slomki_rurki_producent-300x78.jpg 300w, https:\/\/www.godan.pl\/wp-content\/uploads\/2017\/06\/slomki_rurki_producent-768x199.jpg 768w, https:\/\/www.godan.pl\/wp-content\/uploads\/2017\/06\/slomki_rurki_producent-200x52.jpg 200w\" sizes=\"(max-width: 945px) 100vw, 945px\" \/><\/p>\n<h2>\u00bfPor qu\u00e9 elegir pajitas de GoDan?<\/h2>\n<ul>\n<li>Disponemos de propio y moderno parque de maquinaria que nos da posibilidad de producir pajitas r\u00e1pidamente, seg\u00fan necesidades individuales de nuestros clientes.<\/li>\n<li>Gracias a que somos fabricante tenemos el control completo de la calidad de pajitas fabricadas.<\/li>\n<li>Somos capaces de ajustar el di\u00e1metro, grosor y longitud de pajita.<\/li>\n<li>Ofrecemos un amplio surtido de colores, incluidos los metalizados<\/li>\n<li>Fabricamos pajitas simples y articuladas.<\/li>\n<\/ul>\n<p><img loading=\"lazy\" decoding=\"async\" width=\"725\" height=\"200\" class=\"aligncenter size-full wp-image-6898\" src=\"https:\/\/www.godan.pl\/wp-content\/uploads\/2017\/06\/slomki2.jpg\" alt=\"Hurtownia s\u0142omek do picia.\" srcset=\"https:\/\/www.godan.pl\/wp-content\/uploads\/2017\/06\/slomki2.jpg 725w, https:\/\/www.godan.pl\/wp-content\/uploads\/2017\/06\/slomki2-300x83.jpg 300w, https:\/\/www.godan.pl\/wp-content\/uploads\/2017\/06\/slomki2-200x55.jpg 200w\" sizes=\"(max-width: 725px) 100vw, 725px\" \/><\/p>\n<p>Fabricamos pajitas de un solo color, de color doble y triple que como base tienen el color blanco y dos colores adicionales.<\/p>\n<p><img loading=\"lazy\" decoding=\"async\" width=\"725\" height=\"200\" class=\"aligncenter size-full wp-image-6904\" src=\"https:\/\/www.godan.pl\/wp-content\/uploads\/2017\/06\/slomki3.jpg\" alt=\"Rurki, s\u0142omki do picia - produkcja, hurt, kolory.\" srcset=\"https:\/\/www.godan.pl\/wp-content\/uploads\/2017\/06\/slomki3.jpg 725w, https:\/\/www.godan.pl\/wp-content\/uploads\/2017\/06\/slomki3-300x83.jpg 300w, https:\/\/www.godan.pl\/wp-content\/uploads\/2017\/06\/slomki3-200x55.jpg 200w\" sizes=\"(max-width: 725px) 100vw, 725px\" \/><\/p>\n<p class=\"paragraph__no__margin\"><strong>Seg\u00fan necesidades de nuestro cliente, las pajitas se empaquetan:<\/strong><\/p>\n<ul>\n<li>cada una por separado en evase de papel (s\u00f3lo pajitas simples),<\/li>\n<li>en conjuntos, por una m\u00e1quina (40, 50, 100, 250 unidades) en foil de polipropileno o en bolsitas (20, 40, 500, 1000 unidades) de foil OPP y CPP.<\/li>\n<\/ul>\n<p>Despu\u00e9s ponemos las pajitas en cartones y europaletas (todo depende del pedido)<\/p>\n","protected":false},"excerpt":{"rendered":"<p>Nos ocupamos de la producci\u00f3n de pajitas. En la oferta tenemos: pajitas articuladas con di\u00e1metro de 4,8 mm y longitud de 21 cm, pajitas simples con di\u00e1metro desde 3 mm hasta 10 mm de varias longitudes. Nuestras pajitas son de polipropileno y cumplen todas normas de calidad previstas para art\u00edculos destinados al contacto con alimentos. [&hellip;]<\/p>\n","protected":false},"author":1,"featured_media":0,"parent":7681,"menu_order":0,"comment_status":"closed","ping_status":"closed","template":"template-formularz_sidebar.php","meta":{"_acf_changed":false,"footnotes":""},"class_list":["post-7791","page","type-page","status-publish","hentry"],"acf":[],"yoast_head":"<!-- This site is optimized with the Yoast SEO plugin v20.11 - https:\/\/yoast.com\/wordpress\/plugins\/seo\/ -->\n<title>S\u0142omki, rurki do napoj\u00f3w, producent rurek i s\u0142omek, sprzeda\u017c hurtowa detal: GoDan SA<\/title>\n<meta name=\"description\" content=\"Jeste\u015bmy producentem s\u0142omek, oferujemy rurki proste i sk\u0142adane (kolankowe). Bogata oferta wzor\u00f3w i kolor\u00f3w. Sprzeda\u017c hurtowa i detaliczna. Zapraszamy!\" \/>\n<meta name=\"robots\" content=\"index, follow, max-snippet:-1, max-image-preview:large, max-video-preview:-1\" \/>\n<link rel=\"canonical\" href=\"https:\/\/www.godan.pl\/es\/oferta\/produccion-de-pajitas\" \/>\n<meta property=\"og:locale\" content=\"es_ES\" \/>\n<meta property=\"og:type\" content=\"article\" \/>\n<meta property=\"og:title\" content=\"S\u0142omki, rurki do napoj\u00f3w, producent rurek i s\u0142omek, sprzeda\u017c hurtowa detal: GoDan SA\" \/>\n<meta property=\"og:description\" content=\"Jeste\u015bmy producentem s\u0142omek, oferujemy rurki proste i sk\u0142adane (kolankowe). Bogata oferta wzor\u00f3w i kolor\u00f3w. Sprzeda\u017c hurtowa i detaliczna. Zapraszamy!\" \/>\n<meta property=\"og:url\" content=\"https:\/\/www.godan.pl\/es\/oferta\/produccion-de-pajitas\" \/>\n<meta property=\"og:site_name\" content=\"Godan\" \/>\n<meta property=\"article:modified_time\" content=\"2017-07-21T17:45:50+00:00\" \/>\n<meta property=\"og:image\" content=\"https:\/\/www.godan.pl\/wp-content\/uploads\/2017\/06\/slomki_rurki_producent.jpg\" \/>\n<meta name=\"twitter:card\" content=\"summary_large_image\" \/>\n<meta name=\"twitter:label1\" content=\"Tiempo de lectura\" \/>\n\t<meta name=\"twitter:data1\" content=\"1 minuto\" \/>\n<script type=\"application\/ld+json\" class=\"yoast-schema-graph\">{\"@context\":\"https:\/\/schema.org\",\"@graph\":[{\"@type\":\"WebPage\",\"@id\":\"https:\/\/www.godan.pl\/es\/oferta\/produccion-de-pajitas\",\"url\":\"https:\/\/www.godan.pl\/es\/oferta\/produccion-de-pajitas\",\"name\":\"S\u0142omki, rurki do napoj\u00f3w, producent rurek i s\u0142omek, sprzeda\u017c hurtowa detal: GoDan SA\",\"isPartOf\":{\"@id\":\"https:\/\/www.godan.pl\/fr\/#website\"},\"datePublished\":\"2017-06-02T13:07:48+00:00\",\"dateModified\":\"2017-07-21T17:45:50+00:00\",\"description\":\"Jeste\u015bmy producentem s\u0142omek, oferujemy rurki proste i sk\u0142adane (kolankowe). Bogata oferta wzor\u00f3w i kolor\u00f3w. Sprzeda\u017c hurtowa i detaliczna. Zapraszamy!\",\"breadcrumb\":{\"@id\":\"https:\/\/www.godan.pl\/es\/oferta\/produccion-de-pajitas#breadcrumb\"},\"inLanguage\":\"es\",\"potentialAction\":[{\"@type\":\"ReadAction\",\"target\":[\"https:\/\/www.godan.pl\/es\/oferta\/produccion-de-pajitas\"]}]},{\"@type\":\"BreadcrumbList\",\"@id\":\"https:\/\/www.godan.pl\/es\/oferta\/produccion-de-pajitas#breadcrumb\",\"itemListElement\":[{\"@type\":\"ListItem\",\"position\":1,\"name\":\"Strona g\u0142\u00f3wna\",\"item\":\"https:\/\/www.godan.pl\/es\"},{\"@type\":\"ListItem\",\"position\":2,\"name\":\"Oferta\",\"item\":\"https:\/\/www.godan.pl\/es\/oferta\"},{\"@type\":\"ListItem\",\"position\":3,\"name\":\"Producci\u00f3n de pajitas\"}]},{\"@type\":\"WebSite\",\"@id\":\"https:\/\/www.godan.pl\/fr\/#website\",\"url\":\"https:\/\/www.godan.pl\/fr\/\",\"name\":\"Godan\",\"description\":\"Oferujemy szerok\u0105 ofert\u0119 balon\u00f3w, dekoracji sali, stroj\u00f3w karnawa\u0142owych, artyku\u0142y \u015blubnych i weselnych\",\"publisher\":{\"@id\":\"https:\/\/www.godan.pl\/fr\/#organization\"},\"potentialAction\":[{\"@type\":\"SearchAction\",\"target\":{\"@type\":\"EntryPoint\",\"urlTemplate\":\"https:\/\/www.godan.pl\/fr\/?s={search_term_string}\"},\"query-input\":\"required name=search_term_string\"}],\"inLanguage\":\"es\"},{\"@type\":\"Organization\",\"@id\":\"https:\/\/www.godan.pl\/fr\/#organization\",\"name\":\"GoDan S.A.\",\"url\":\"https:\/\/www.godan.pl\/fr\/\",\"logo\":{\"@type\":\"ImageObject\",\"inLanguage\":\"es\",\"@id\":\"https:\/\/www.godan.pl\/fr\/#\/schema\/logo\/image\/\",\"url\":\"https:\/\/www.godan.pl\/wp-content\/uploads\/2017\/08\/logo-godan-male-1.png\",\"contentUrl\":\"https:\/\/www.godan.pl\/wp-content\/uploads\/2017\/08\/logo-godan-male-1.png\",\"width\":185,\"height\":97,\"caption\":\"GoDan S.A.\"},\"image\":{\"@id\":\"https:\/\/www.godan.pl\/fr\/#\/schema\/logo\/image\/\"}}]}<\/script>\n<!-- \/ Yoast SEO plugin. -->","yoast_head_json":{"title":"S\u0142omki, rurki do napoj\u00f3w, producent rurek i s\u0142omek, sprzeda\u017c hurtowa detal: GoDan SA","description":"Jeste\u015bmy producentem s\u0142omek, oferujemy rurki proste i sk\u0142adane (kolankowe). Bogata oferta wzor\u00f3w i kolor\u00f3w. Sprzeda\u017c hurtowa i detaliczna. Zapraszamy!","robots":{"index":"index","follow":"follow","max-snippet":"max-snippet:-1","max-image-preview":"max-image-preview:large","max-video-preview":"max-video-preview:-1"},"canonical":"https:\/\/www.godan.pl\/es\/oferta\/produccion-de-pajitas","og_locale":"es_ES","og_type":"article","og_title":"S\u0142omki, rurki do napoj\u00f3w, producent rurek i s\u0142omek, sprzeda\u017c hurtowa detal: GoDan SA","og_description":"Jeste\u015bmy producentem s\u0142omek, oferujemy rurki proste i sk\u0142adane (kolankowe). Bogata oferta wzor\u00f3w i kolor\u00f3w. Sprzeda\u017c hurtowa i detaliczna. Zapraszamy!","og_url":"https:\/\/www.godan.pl\/es\/oferta\/produccion-de-pajitas","og_site_name":"Godan","article_modified_time":"2017-07-21T17:45:50+00:00","og_image":[{"url":"https:\/\/www.godan.pl\/wp-content\/uploads\/2017\/06\/slomki_rurki_producent.jpg"}],"twitter_card":"summary_large_image","twitter_misc":{"Tiempo de lectura":"1 minuto"},"schema":{"@context":"https:\/\/schema.org","@graph":[{"@type":"WebPage","@id":"https:\/\/www.godan.pl\/es\/oferta\/produccion-de-pajitas","url":"https:\/\/www.godan.pl\/es\/oferta\/produccion-de-pajitas","name":"S\u0142omki, rurki do napoj\u00f3w, producent rurek i s\u0142omek, sprzeda\u017c hurtowa detal: GoDan SA","isPartOf":{"@id":"https:\/\/www.godan.pl\/fr\/#website"},"datePublished":"2017-06-02T13:07:48+00:00","dateModified":"2017-07-21T17:45:50+00:00","description":"Jeste\u015bmy producentem s\u0142omek, oferujemy rurki proste i sk\u0142adane (kolankowe). Bogata oferta wzor\u00f3w i kolor\u00f3w. Sprzeda\u017c hurtowa i detaliczna. Zapraszamy!","breadcrumb":{"@id":"https:\/\/www.godan.pl\/es\/oferta\/produccion-de-pajitas#breadcrumb"},"inLanguage":"es","potentialAction":[{"@type":"ReadAction","target":["https:\/\/www.godan.pl\/es\/oferta\/produccion-de-pajitas"]}]},{"@type":"BreadcrumbList","@id":"https:\/\/www.godan.pl\/es\/oferta\/produccion-de-pajitas#breadcrumb","itemListElement":[{"@type":"ListItem","position":1,"name":"Strona g\u0142\u00f3wna","item":"https:\/\/www.godan.pl\/es"},{"@type":"ListItem","position":2,"name":"Oferta","item":"https:\/\/www.godan.pl\/es\/oferta"},{"@type":"ListItem","position":3,"name":"Producci\u00f3n de pajitas"}]},{"@type":"WebSite","@id":"https:\/\/www.godan.pl\/fr\/#website","url":"https:\/\/www.godan.pl\/fr\/","name":"Godan","description":"Oferujemy szerok\u0105 ofert\u0119 balon\u00f3w, dekoracji sali, stroj\u00f3w karnawa\u0142owych, artyku\u0142y \u015blubnych i weselnych","publisher":{"@id":"https:\/\/www.godan.pl\/fr\/#organization"},"potentialAction":[{"@type":"SearchAction","target":{"@type":"EntryPoint","urlTemplate":"https:\/\/www.godan.pl\/fr\/?s={search_term_string}"},"query-input":"required name=search_term_string"}],"inLanguage":"es"},{"@type":"Organization","@id":"https:\/\/www.godan.pl\/fr\/#organization","name":"GoDan S.A.","url":"https:\/\/www.godan.pl\/fr\/","logo":{"@type":"ImageObject","inLanguage":"es","@id":"https:\/\/www.godan.pl\/fr\/#\/schema\/logo\/image\/","url":"https:\/\/www.godan.pl\/wp-content\/uploads\/2017\/08\/logo-godan-male-1.png","contentUrl":"https:\/\/www.godan.pl\/wp-content\/uploads\/2017\/08\/logo-godan-male-1.png","width":185,"height":97,"caption":"GoDan S.A."},"image":{"@id":"https:\/\/www.godan.pl\/fr\/#\/schema\/logo\/image\/"}}]}},"_links":{"self":[{"href":"https:\/\/www.godan.pl\/es\/wp-json\/wp\/v2\/pages\/7791"}],"collection":[{"href":"https:\/\/www.godan.pl\/es\/wp-json\/wp\/v2\/pages"}],"about":[{"href":"https:\/\/www.godan.pl\/es\/wp-json\/wp\/v2\/types\/page"}],"author":[{"embeddable":true,"href":"https:\/\/www.godan.pl\/es\/wp-json\/wp\/v2\/users\/1"}],"replies":[{"embeddable":true,"href":"https:\/\/www.godan.pl\/es\/wp-json\/wp\/v2\/comments?post=7791"}],"version-history":[{"count":7,"href":"https:\/\/www.godan.pl\/es\/wp-json\/wp\/v2\/pages\/7791\/revisions"}],"predecessor-version":[{"id":10153,"href":"https:\/\/www.godan.pl\/es\/wp-json\/wp\/v2\/pages\/7791\/revisions\/10153"}],"up":[{"embeddable":true,"href":"https:\/\/www.godan.pl\/es\/wp-json\/wp\/v2\/pages\/7681"}],"wp:attachment":[{"href":"https:\/\/www.godan.pl\/es\/wp-json\/wp\/v2\/media?parent=7791"}],"curies":[{"name":"wp","href":"https:\/\/api.w.org\/{rel}","templated":true}]}}