{"id":7691,"date":"2017-05-28T20:00:32","date_gmt":"2017-05-28T20:00:32","guid":{"rendered":"https:\/\/www.godan.pl\/o-firmie\/dlaczego-my\/"},"modified":"2017-06-27T11:46:21","modified_gmt":"2017-06-27T11:46:21","slug":"por-que-nosotros","status":"publish","type":"page","link":"https:\/\/www.godan.pl\/es\/sobre-nosotros\/por-que-nosotros","title":{"rendered":"Por qu\u00e9 nosotros?"},"content":{"rendered":"<p>En GoDan estamos convencidos de que la clave para larga y fructuosa colaboraci\u00f3n son valores, principios en los que creemos:<br \/>\n<img loading=\"lazy\" decoding=\"async\" width=\"1024\" height=\"172\" class=\"aligncenter size-large wp-image-7094\" src=\"https:\/\/www.godan.pl\/wp-content\/uploads\/2017\/05\/dlaczegomy-1024x172.jpg\" alt=\"GoDan - Balony - Dlaczego My?\" srcset=\"https:\/\/www.godan.pl\/wp-content\/uploads\/2017\/05\/dlaczegomy-1024x172.jpg 1024w, https:\/\/www.godan.pl\/wp-content\/uploads\/2017\/05\/dlaczegomy-300x50.jpg 300w, https:\/\/www.godan.pl\/wp-content\/uploads\/2017\/05\/dlaczegomy-768x129.jpg 768w, https:\/\/www.godan.pl\/wp-content\/uploads\/2017\/05\/dlaczegomy-200x34.jpg 200w, https:\/\/www.godan.pl\/wp-content\/uploads\/2017\/05\/dlaczegomy.jpg 1516w\" sizes=\"(max-width: 1024px) 100vw, 1024px\" \/><\/p>\n<p><strong>Calidad y precio<\/strong> \u2013 distribuci\u00f3n de m\u00e1s de 11\u00a0000 productos es un gran desaf\u00edo, por lo tanto cuidamos la calidad de productos que ofrecemos. No importa si nosotros mismos fabricamos un producto determinado (ej. disfraces o pajitas) o compramos productos a distribuidores calificados de Polonia, Uni\u00f3n Europea, Am\u00e9rica o Asia, ponemos mucha atenci\u00f3n al control de la calidad. Precio razonable es otro elemento que nos distingue.<\/p>\n<p><strong>Producci\u00f3n propia<\/strong> \u2013 para ajustar el producto a necesidades del cliente polaco y para garantizar la realizaci\u00f3n de pedidos a tiempo disponemos de nuestra propia l\u00ednea de producci\u00f3n para una parte de productos (ej. pajitas, disfraces, gorros de fiesta para ni\u00f1os y adultos).<\/p>\n<p><strong>Socios en negocio<\/strong> \u2013 nuestro equipo de agentes comerciales siempre intenta a entender necesidades y expectativas del cliente. Queremos que nuestra posici\u00f3n, de empresa de primera selecci\u00f3n en cuanto a art\u00edculos y accesorios para fiestas,\u00a0 en el mercado sea firme y por tanto ponemos relaciones a largo plazo y colaboraci\u00f3n fructuosa \u00a0por encima de realizaci\u00f3n de planes de venta de corto plazo.<\/p>\n<p><strong>Seguimos la moda<\/strong> \u2013 analizamos todas las novedades, modas, tendencias en el mercado europeo e internacional. Participamos en muchas ferias y exposiciones. Intentamos reaccionar r\u00e1pidamente a las expectativas del cliente para optimizar la distribuci\u00f3n de de productos que est\u00e1 buscando.<\/p>\n<p><strong>Experiencia<\/strong> \u2013 llevar el negocio desde hace una cuarta parte del siglo obliga. El mercado cambia r\u00e1pidamente y se hace cada vez m\u00e1s competitivo, por tanto, tenemos que seguir desarroll\u00e1ndonos. Creamos unas nuevas v\u00edas de venta, ampliamos la oferta, mejoramos la calidad, invertimos en personal y optimizamos procesos. Disfrutamos del conocimiento que tenemos para satisfacer las expectativas del mercado.<\/p>\n<p><strong>Compromisos<\/strong> \u2013 para muchos de nuestros empleados GoDan es algo m\u00e1s que el lugar de trabajo. Apreciamos personas emprendedoras, abiertas, que trabajan con entusiasmo. Aspiramos a ser una compa\u00f1\u00eda cuyos empeados sienten satisfacci\u00f3n del trabajo actuando a favor del \u00e9xito de la compa\u00f1\u00eda y de sus clientes. Muy a menudo realizamos los llamados pedidos dif\u00edciles, urgentes y extraordinarios.<\/p>\n<p><strong>Humor<\/strong> \u2013 trabajando en este ramo es f\u00e1cil desarrollar la competencia de\u00a0 \u201dFUN\u201d \ud83d\ude42 La alegr\u00eda y satisfacci\u00f3n nos dan las sonrisas en las caras de personas que usan nuestros productos. Nosotros mismos los utilizamos \u2013 celebramos cumplea\u00f1os, aniversarios, nacimientos de ni\u00f1os de nuestros empleados y grades \u00e9xitos de la compa\u00f1\u00eda.<\/p>\n","protected":false},"excerpt":{"rendered":"<p>En GoDan estamos convencidos de que la clave para larga y fructuosa colaboraci\u00f3n son valores, principios en los que creemos: Calidad y precio \u2013 distribuci\u00f3n de m\u00e1s de 11\u00a0000 productos es un gran desaf\u00edo, por lo tanto cuidamos la calidad de productos que ofrecemos. No importa si nosotros mismos fabricamos un producto determinado (ej. disfraces [&hellip;]<\/p>\n","protected":false},"author":1,"featured_media":2869,"parent":7606,"menu_order":1,"comment_status":"closed","ping_status":"closed","template":"","meta":{"_acf_changed":false,"footnotes":""},"class_list":["post-7691","page","type-page","status-publish","has-post-thumbnail","hentry"],"acf":[],"yoast_head":"<!-- This site is optimized with the Yoast SEO plugin v20.11 - https:\/\/yoast.com\/wordpress\/plugins\/seo\/ -->\n<title>Jako\u015b\u0107, w\u0142asna produkcja, do\u015bwiadczenie \u2013 dlaczego warto z nami pracowa\u0107? GoDan SA<\/title>\n<meta name=\"description\" content=\"W GoDan wierzymy, \u017ce kluczem do owocnej wsp\u00f3\u0142pracy s\u0105 warto\u015bci i zaanga\u017cowanie ca\u0142ego zespo\u0142u.\" \/>\n<meta name=\"robots\" content=\"index, follow, max-snippet:-1, max-image-preview:large, max-video-preview:-1\" \/>\n<link rel=\"canonical\" href=\"https:\/\/www.godan.pl\/es\/sobre-nosotros\/por-que-nosotros\" \/>\n<meta property=\"og:locale\" content=\"es_ES\" \/>\n<meta property=\"og:type\" content=\"article\" \/>\n<meta property=\"og:title\" content=\"Jako\u015b\u0107, w\u0142asna produkcja, do\u015bwiadczenie \u2013 dlaczego warto z nami pracowa\u0107? GoDan SA\" \/>\n<meta property=\"og:description\" content=\"W GoDan wierzymy, \u017ce kluczem do owocnej wsp\u00f3\u0142pracy s\u0105 warto\u015bci i zaanga\u017cowanie ca\u0142ego zespo\u0142u.\" \/>\n<meta property=\"og:url\" content=\"https:\/\/www.godan.pl\/es\/sobre-nosotros\/por-que-nosotros\" \/>\n<meta property=\"og:site_name\" content=\"Godan\" \/>\n<meta property=\"article:modified_time\" content=\"2017-06-27T11:46:21+00:00\" \/>\n<meta property=\"og:image\" content=\"https:\/\/www.godan.pl\/wp-content\/uploads\/2017\/05\/146062849593-kdek2.jpg\" \/>\n\t<meta property=\"og:image:width\" content=\"391\" \/>\n\t<meta property=\"og:image:height\" content=\"220\" \/>\n\t<meta property=\"og:image:type\" content=\"image\/jpeg\" \/>\n<meta name=\"twitter:card\" content=\"summary_large_image\" \/>\n<meta name=\"twitter:label1\" content=\"Tiempo de lectura\" \/>\n\t<meta name=\"twitter:data1\" content=\"2 minutos\" \/>\n<script type=\"application\/ld+json\" class=\"yoast-schema-graph\">{\"@context\":\"https:\/\/schema.org\",\"@graph\":[{\"@type\":\"WebPage\",\"@id\":\"https:\/\/www.godan.pl\/es\/sobre-nosotros\/por-que-nosotros\",\"url\":\"https:\/\/www.godan.pl\/es\/sobre-nosotros\/por-que-nosotros\",\"name\":\"Jako\u015b\u0107, w\u0142asna produkcja, do\u015bwiadczenie \u2013 dlaczego warto z nami pracowa\u0107? GoDan SA\",\"isPartOf\":{\"@id\":\"https:\/\/www.godan.pl\/fr\/#website\"},\"datePublished\":\"2017-05-28T20:00:32+00:00\",\"dateModified\":\"2017-06-27T11:46:21+00:00\",\"description\":\"W GoDan wierzymy, \u017ce kluczem do owocnej wsp\u00f3\u0142pracy s\u0105 warto\u015bci i zaanga\u017cowanie ca\u0142ego zespo\u0142u.\",\"breadcrumb\":{\"@id\":\"https:\/\/www.godan.pl\/es\/sobre-nosotros\/por-que-nosotros#breadcrumb\"},\"inLanguage\":\"es\",\"potentialAction\":[{\"@type\":\"ReadAction\",\"target\":[\"https:\/\/www.godan.pl\/es\/sobre-nosotros\/por-que-nosotros\"]}]},{\"@type\":\"BreadcrumbList\",\"@id\":\"https:\/\/www.godan.pl\/es\/sobre-nosotros\/por-que-nosotros#breadcrumb\",\"itemListElement\":[{\"@type\":\"ListItem\",\"position\":1,\"name\":\"Strona g\u0142\u00f3wna\",\"item\":\"https:\/\/www.godan.pl\/es\"},{\"@type\":\"ListItem\",\"position\":2,\"name\":\"Sobre nosotros\",\"item\":\"https:\/\/www.godan.pl\/es\/sobre-nosotros\"},{\"@type\":\"ListItem\",\"position\":3,\"name\":\"Por qu\u00e9 nosotros?\"}]},{\"@type\":\"WebSite\",\"@id\":\"https:\/\/www.godan.pl\/fr\/#website\",\"url\":\"https:\/\/www.godan.pl\/fr\/\",\"name\":\"Godan\",\"description\":\"Oferujemy szerok\u0105 ofert\u0119 balon\u00f3w, dekoracji sali, stroj\u00f3w karnawa\u0142owych, artyku\u0142y \u015blubnych i weselnych\",\"publisher\":{\"@id\":\"https:\/\/www.godan.pl\/fr\/#organization\"},\"potentialAction\":[{\"@type\":\"SearchAction\",\"target\":{\"@type\":\"EntryPoint\",\"urlTemplate\":\"https:\/\/www.godan.pl\/fr\/?s={search_term_string}\"},\"query-input\":\"required name=search_term_string\"}],\"inLanguage\":\"es\"},{\"@type\":\"Organization\",\"@id\":\"https:\/\/www.godan.pl\/fr\/#organization\",\"name\":\"GoDan S.A.\",\"url\":\"https:\/\/www.godan.pl\/fr\/\",\"logo\":{\"@type\":\"ImageObject\",\"inLanguage\":\"es\",\"@id\":\"https:\/\/www.godan.pl\/fr\/#\/schema\/logo\/image\/\",\"url\":\"https:\/\/www.godan.pl\/wp-content\/uploads\/2017\/08\/logo-godan-male-1.png\",\"contentUrl\":\"https:\/\/www.godan.pl\/wp-content\/uploads\/2017\/08\/logo-godan-male-1.png\",\"width\":185,\"height\":97,\"caption\":\"GoDan S.A.\"},\"image\":{\"@id\":\"https:\/\/www.godan.pl\/fr\/#\/schema\/logo\/image\/\"}}]}<\/script>\n<!-- \/ Yoast SEO plugin. -->","yoast_head_json":{"title":"Jako\u015b\u0107, w\u0142asna produkcja, do\u015bwiadczenie \u2013 dlaczego warto z nami pracowa\u0107? GoDan SA","description":"W GoDan wierzymy, \u017ce kluczem do owocnej wsp\u00f3\u0142pracy s\u0105 warto\u015bci i zaanga\u017cowanie ca\u0142ego zespo\u0142u.","robots":{"index":"index","follow":"follow","max-snippet":"max-snippet:-1","max-image-preview":"max-image-preview:large","max-video-preview":"max-video-preview:-1"},"canonical":"https:\/\/www.godan.pl\/es\/sobre-nosotros\/por-que-nosotros","og_locale":"es_ES","og_type":"article","og_title":"Jako\u015b\u0107, w\u0142asna produkcja, do\u015bwiadczenie \u2013 dlaczego warto z nami pracowa\u0107? GoDan SA","og_description":"W GoDan wierzymy, \u017ce kluczem do owocnej wsp\u00f3\u0142pracy s\u0105 warto\u015bci i zaanga\u017cowanie ca\u0142ego zespo\u0142u.","og_url":"https:\/\/www.godan.pl\/es\/sobre-nosotros\/por-que-nosotros","og_site_name":"Godan","article_modified_time":"2017-06-27T11:46:21+00:00","og_image":[{"width":391,"height":220,"url":"https:\/\/www.godan.pl\/wp-content\/uploads\/2017\/05\/146062849593-kdek2.jpg","type":"image\/jpeg"}],"twitter_card":"summary_large_image","twitter_misc":{"Tiempo de lectura":"2 minutos"},"schema":{"@context":"https:\/\/schema.org","@graph":[{"@type":"WebPage","@id":"https:\/\/www.godan.pl\/es\/sobre-nosotros\/por-que-nosotros","url":"https:\/\/www.godan.pl\/es\/sobre-nosotros\/por-que-nosotros","name":"Jako\u015b\u0107, w\u0142asna produkcja, do\u015bwiadczenie \u2013 dlaczego warto z nami pracowa\u0107? GoDan SA","isPartOf":{"@id":"https:\/\/www.godan.pl\/fr\/#website"},"datePublished":"2017-05-28T20:00:32+00:00","dateModified":"2017-06-27T11:46:21+00:00","description":"W GoDan wierzymy, \u017ce kluczem do owocnej wsp\u00f3\u0142pracy s\u0105 warto\u015bci i zaanga\u017cowanie ca\u0142ego zespo\u0142u.","breadcrumb":{"@id":"https:\/\/www.godan.pl\/es\/sobre-nosotros\/por-que-nosotros#breadcrumb"},"inLanguage":"es","potentialAction":[{"@type":"ReadAction","target":["https:\/\/www.godan.pl\/es\/sobre-nosotros\/por-que-nosotros"]}]},{"@type":"BreadcrumbList","@id":"https:\/\/www.godan.pl\/es\/sobre-nosotros\/por-que-nosotros#breadcrumb","itemListElement":[{"@type":"ListItem","position":1,"name":"Strona g\u0142\u00f3wna","item":"https:\/\/www.godan.pl\/es"},{"@type":"ListItem","position":2,"name":"Sobre nosotros","item":"https:\/\/www.godan.pl\/es\/sobre-nosotros"},{"@type":"ListItem","position":3,"name":"Por qu\u00e9 nosotros?"}]},{"@type":"WebSite","@id":"https:\/\/www.godan.pl\/fr\/#website","url":"https:\/\/www.godan.pl\/fr\/","name":"Godan","description":"Oferujemy szerok\u0105 ofert\u0119 balon\u00f3w, dekoracji sali, stroj\u00f3w karnawa\u0142owych, artyku\u0142y \u015blubnych i weselnych","publisher":{"@id":"https:\/\/www.godan.pl\/fr\/#organization"},"potentialAction":[{"@type":"SearchAction","target":{"@type":"EntryPoint","urlTemplate":"https:\/\/www.godan.pl\/fr\/?s={search_term_string}"},"query-input":"required name=search_term_string"}],"inLanguage":"es"},{"@type":"Organization","@id":"https:\/\/www.godan.pl\/fr\/#organization","name":"GoDan S.A.","url":"https:\/\/www.godan.pl\/fr\/","logo":{"@type":"ImageObject","inLanguage":"es","@id":"https:\/\/www.godan.pl\/fr\/#\/schema\/logo\/image\/","url":"https:\/\/www.godan.pl\/wp-content\/uploads\/2017\/08\/logo-godan-male-1.png","contentUrl":"https:\/\/www.godan.pl\/wp-content\/uploads\/2017\/08\/logo-godan-male-1.png","width":185,"height":97,"caption":"GoDan S.A."},"image":{"@id":"https:\/\/www.godan.pl\/fr\/#\/schema\/logo\/image\/"}}]}},"_links":{"self":[{"href":"https:\/\/www.godan.pl\/es\/wp-json\/wp\/v2\/pages\/7691"}],"collection":[{"href":"https:\/\/www.godan.pl\/es\/wp-json\/wp\/v2\/pages"}],"about":[{"href":"https:\/\/www.godan.pl\/es\/wp-json\/wp\/v2\/types\/page"}],"author":[{"embeddable":true,"href":"https:\/\/www.godan.pl\/es\/wp-json\/wp\/v2\/users\/1"}],"replies":[{"embeddable":true,"href":"https:\/\/www.godan.pl\/es\/wp-json\/wp\/v2\/comments?post=7691"}],"version-history":[{"count":4,"href":"https:\/\/www.godan.pl\/es\/wp-json\/wp\/v2\/pages\/7691\/revisions"}],"predecessor-version":[{"id":8307,"href":"https:\/\/www.godan.pl\/es\/wp-json\/wp\/v2\/pages\/7691\/revisions\/8307"}],"up":[{"embeddable":true,"href":"https:\/\/www.godan.pl\/es\/wp-json\/wp\/v2\/pages\/7606"}],"wp:featuredmedia":[{"embeddable":true,"href":"https:\/\/www.godan.pl\/es\/wp-json\/wp\/v2\/media\/2869"}],"wp:attachment":[{"href":"https:\/\/www.godan.pl\/es\/wp-json\/wp\/v2\/media?parent=7691"}],"curies":[{"name":"wp","href":"https:\/\/api.w.org\/{rel}","templated":true}]}}