{"id":7671,"date":"2017-05-31T08:33:38","date_gmt":"2017-05-31T08:33:38","guid":{"rendered":"https:\/\/www.godan.pl\/o-firmie\/partnerzy-dostawcy\/"},"modified":"2017-07-21T17:42:25","modified_gmt":"2017-07-21T17:42:25","slug":"socios-y-proveedores","status":"publish","type":"page","link":"https:\/\/www.godan.pl\/es\/sobre-nosotros\/socios-y-proveedores","title":{"rendered":"Socios y proveedores"},"content":{"rendered":"<p>En GoDan colaboramos con socios calificados, de buen enombre y con buena posici\u00f3n en mercados internacionales. Como lider en el mercado polaco colaboramos con los mejores que nos inspiran y cuyos productos son de buena marca.<\/p>\n<p>Nuestros socios en negocio son empresas de Polonia, Uni\u00f3n Europea, Estados Unidos y Asia, que llevan actividad en los mercados internacionales y que son punto de partida en el mercado internacional de art\u00edculos de &#8220;Party&#8221; y globos.<\/p>\n<p>Preferimos contratos de largo plazo. Con algunos proveedores tenemos firmados contratos de exclusiva para la venta de productos en el mercado polaco.<\/p>\n<p><img loading=\"lazy\" decoding=\"async\" width=\"1024\" height=\"105\" class=\"aligncenter size-large wp-image-7103\" src=\"https:\/\/www.godan.pl\/wp-content\/uploads\/2017\/05\/nasi_partnerzy-1024x105.jpg\" alt=\"GoDan - Nasi Partnerzy\" srcset=\"https:\/\/www.godan.pl\/wp-content\/uploads\/2017\/05\/nasi_partnerzy-1024x105.jpg 1024w, https:\/\/www.godan.pl\/wp-content\/uploads\/2017\/05\/nasi_partnerzy-300x31.jpg 300w, https:\/\/www.godan.pl\/wp-content\/uploads\/2017\/05\/nasi_partnerzy-768x78.jpg 768w, https:\/\/www.godan.pl\/wp-content\/uploads\/2017\/05\/nasi_partnerzy-200x20.jpg 200w, https:\/\/www.godan.pl\/wp-content\/uploads\/2017\/05\/nasi_partnerzy.jpg 1215w\" sizes=\"(max-width: 1024px) 100vw, 1024px\" \/><\/p>\n<p class=\"paragraph__no__margin\">Nuestro socios m\u00e1s importantes:\n<\/p>\n<ul class=\"star \">\n<li><strong>Gemar<\/strong> &#8211; \u2013 la f\u00e1brica m\u00e1s grande de globos de l\u00e1tex en Europa y una de las m\u00e1s grandes del mundo. Tiene una amplia gama de productos, incluso los globos con inscripciones.<\/li>\n<li><strong>Qualatex<\/strong> &#8211; F\u00e1brica americana de globos de l\u00e1tex, globos de foil y &#8220;bubbles&#8221;. Ofrece productos de la mayor calidad, utilizados para decoraci\u00f3n por profesionales.<\/li>\n<li><strong>Procos<\/strong> -compa\u00f1\u00eda que se especialliza en productos Party con licencia. En la actualidad, es el lider europeo y uno de los m\u00e1s grandes concesionarios de la marca Disney.<\/li>\n<li><strong>Flexmetal<\/strong> &#8211; compa\u00f1\u00eda conocida en toda Europa que fabrica globos de foil.<\/li>\n<li><strong>Anagram<\/strong> \u2013 ceniony producent licencjonowanych balon\u00f3w foliowych z USA.<\/li>\n<\/ul>\n","protected":false},"excerpt":{"rendered":"<p>En GoDan colaboramos con socios calificados, de buen enombre y con buena posici\u00f3n en mercados internacionales. Como lider en el mercado polaco colaboramos con los mejores que nos inspiran y cuyos productos son de buena marca. Nuestros socios en negocio son empresas de Polonia, Uni\u00f3n Europea, Estados Unidos y Asia, que llevan actividad en los [&hellip;]<\/p>\n","protected":false},"author":1,"featured_media":0,"parent":7606,"menu_order":0,"comment_status":"closed","ping_status":"closed","template":"","meta":{"_acf_changed":false,"footnotes":""},"class_list":["post-7671","page","type-page","status-publish","hentry"],"acf":[],"yoast_head":"<!-- This site is optimized with the Yoast SEO plugin v20.11 - https:\/\/yoast.com\/wordpress\/plugins\/seo\/ -->\n<title>Nasi kluczowi partnerzy biznesowi oraz dostawcy: GoDan SA<\/title>\n<meta name=\"description\" content=\"GoDan stawiamy na sprawdzonych, kwalifikowanych partner\u00f3w z ugruntowan\u0105 pozycj\u0105 na rynkach \u015bwiatowych.\" \/>\n<meta name=\"robots\" content=\"index, follow, max-snippet:-1, max-image-preview:large, max-video-preview:-1\" \/>\n<link rel=\"canonical\" href=\"https:\/\/www.godan.pl\/es\/sobre-nosotros\/socios-y-proveedores\" \/>\n<meta property=\"og:locale\" content=\"es_ES\" \/>\n<meta property=\"og:type\" content=\"article\" \/>\n<meta property=\"og:title\" content=\"Nasi kluczowi partnerzy biznesowi oraz dostawcy: GoDan SA\" \/>\n<meta property=\"og:description\" content=\"GoDan stawiamy na sprawdzonych, kwalifikowanych partner\u00f3w z ugruntowan\u0105 pozycj\u0105 na rynkach \u015bwiatowych.\" \/>\n<meta property=\"og:url\" content=\"https:\/\/www.godan.pl\/es\/sobre-nosotros\/socios-y-proveedores\" \/>\n<meta property=\"og:site_name\" content=\"Godan\" \/>\n<meta property=\"article:modified_time\" content=\"2017-07-21T17:42:25+00:00\" \/>\n<meta property=\"og:image\" content=\"https:\/\/www.godan.pl\/wp-content\/uploads\/2017\/05\/nasi_partnerzy-1024x105.jpg\" \/>\n<meta name=\"twitter:card\" content=\"summary_large_image\" \/>\n<meta name=\"twitter:label1\" content=\"Tiempo de lectura\" \/>\n\t<meta name=\"twitter:data1\" content=\"1 minuto\" \/>\n<script type=\"application\/ld+json\" class=\"yoast-schema-graph\">{\"@context\":\"https:\/\/schema.org\",\"@graph\":[{\"@type\":\"WebPage\",\"@id\":\"https:\/\/www.godan.pl\/es\/sobre-nosotros\/socios-y-proveedores\",\"url\":\"https:\/\/www.godan.pl\/es\/sobre-nosotros\/socios-y-proveedores\",\"name\":\"Nasi kluczowi partnerzy biznesowi oraz dostawcy: GoDan SA\",\"isPartOf\":{\"@id\":\"https:\/\/www.godan.pl\/fr\/#website\"},\"datePublished\":\"2017-05-31T08:33:38+00:00\",\"dateModified\":\"2017-07-21T17:42:25+00:00\",\"description\":\"GoDan stawiamy na sprawdzonych, kwalifikowanych partner\u00f3w z ugruntowan\u0105 pozycj\u0105 na rynkach \u015bwiatowych.\",\"breadcrumb\":{\"@id\":\"https:\/\/www.godan.pl\/es\/sobre-nosotros\/socios-y-proveedores#breadcrumb\"},\"inLanguage\":\"es\",\"potentialAction\":[{\"@type\":\"ReadAction\",\"target\":[\"https:\/\/www.godan.pl\/es\/sobre-nosotros\/socios-y-proveedores\"]}]},{\"@type\":\"BreadcrumbList\",\"@id\":\"https:\/\/www.godan.pl\/es\/sobre-nosotros\/socios-y-proveedores#breadcrumb\",\"itemListElement\":[{\"@type\":\"ListItem\",\"position\":1,\"name\":\"Strona g\u0142\u00f3wna\",\"item\":\"https:\/\/www.godan.pl\/es\"},{\"@type\":\"ListItem\",\"position\":2,\"name\":\"Sobre nosotros\",\"item\":\"https:\/\/www.godan.pl\/es\/sobre-nosotros\"},{\"@type\":\"ListItem\",\"position\":3,\"name\":\"Socios y proveedores\"}]},{\"@type\":\"WebSite\",\"@id\":\"https:\/\/www.godan.pl\/fr\/#website\",\"url\":\"https:\/\/www.godan.pl\/fr\/\",\"name\":\"Godan\",\"description\":\"Oferujemy szerok\u0105 ofert\u0119 balon\u00f3w, dekoracji sali, stroj\u00f3w karnawa\u0142owych, artyku\u0142y \u015blubnych i weselnych\",\"publisher\":{\"@id\":\"https:\/\/www.godan.pl\/fr\/#organization\"},\"potentialAction\":[{\"@type\":\"SearchAction\",\"target\":{\"@type\":\"EntryPoint\",\"urlTemplate\":\"https:\/\/www.godan.pl\/fr\/?s={search_term_string}\"},\"query-input\":\"required name=search_term_string\"}],\"inLanguage\":\"es\"},{\"@type\":\"Organization\",\"@id\":\"https:\/\/www.godan.pl\/fr\/#organization\",\"name\":\"GoDan S.A.\",\"url\":\"https:\/\/www.godan.pl\/fr\/\",\"logo\":{\"@type\":\"ImageObject\",\"inLanguage\":\"es\",\"@id\":\"https:\/\/www.godan.pl\/fr\/#\/schema\/logo\/image\/\",\"url\":\"https:\/\/www.godan.pl\/wp-content\/uploads\/2017\/08\/logo-godan-male-1.png\",\"contentUrl\":\"https:\/\/www.godan.pl\/wp-content\/uploads\/2017\/08\/logo-godan-male-1.png\",\"width\":185,\"height\":97,\"caption\":\"GoDan S.A.\"},\"image\":{\"@id\":\"https:\/\/www.godan.pl\/fr\/#\/schema\/logo\/image\/\"}}]}<\/script>\n<!-- \/ Yoast SEO plugin. -->","yoast_head_json":{"title":"Nasi kluczowi partnerzy biznesowi oraz dostawcy: GoDan SA","description":"GoDan stawiamy na sprawdzonych, kwalifikowanych partner\u00f3w z ugruntowan\u0105 pozycj\u0105 na rynkach \u015bwiatowych.","robots":{"index":"index","follow":"follow","max-snippet":"max-snippet:-1","max-image-preview":"max-image-preview:large","max-video-preview":"max-video-preview:-1"},"canonical":"https:\/\/www.godan.pl\/es\/sobre-nosotros\/socios-y-proveedores","og_locale":"es_ES","og_type":"article","og_title":"Nasi kluczowi partnerzy biznesowi oraz dostawcy: GoDan SA","og_description":"GoDan stawiamy na sprawdzonych, kwalifikowanych partner\u00f3w z ugruntowan\u0105 pozycj\u0105 na rynkach \u015bwiatowych.","og_url":"https:\/\/www.godan.pl\/es\/sobre-nosotros\/socios-y-proveedores","og_site_name":"Godan","article_modified_time":"2017-07-21T17:42:25+00:00","og_image":[{"url":"https:\/\/www.godan.pl\/wp-content\/uploads\/2017\/05\/nasi_partnerzy-1024x105.jpg"}],"twitter_card":"summary_large_image","twitter_misc":{"Tiempo de lectura":"1 minuto"},"schema":{"@context":"https:\/\/schema.org","@graph":[{"@type":"WebPage","@id":"https:\/\/www.godan.pl\/es\/sobre-nosotros\/socios-y-proveedores","url":"https:\/\/www.godan.pl\/es\/sobre-nosotros\/socios-y-proveedores","name":"Nasi kluczowi partnerzy biznesowi oraz dostawcy: GoDan SA","isPartOf":{"@id":"https:\/\/www.godan.pl\/fr\/#website"},"datePublished":"2017-05-31T08:33:38+00:00","dateModified":"2017-07-21T17:42:25+00:00","description":"GoDan stawiamy na sprawdzonych, kwalifikowanych partner\u00f3w z ugruntowan\u0105 pozycj\u0105 na rynkach \u015bwiatowych.","breadcrumb":{"@id":"https:\/\/www.godan.pl\/es\/sobre-nosotros\/socios-y-proveedores#breadcrumb"},"inLanguage":"es","potentialAction":[{"@type":"ReadAction","target":["https:\/\/www.godan.pl\/es\/sobre-nosotros\/socios-y-proveedores"]}]},{"@type":"BreadcrumbList","@id":"https:\/\/www.godan.pl\/es\/sobre-nosotros\/socios-y-proveedores#breadcrumb","itemListElement":[{"@type":"ListItem","position":1,"name":"Strona g\u0142\u00f3wna","item":"https:\/\/www.godan.pl\/es"},{"@type":"ListItem","position":2,"name":"Sobre nosotros","item":"https:\/\/www.godan.pl\/es\/sobre-nosotros"},{"@type":"ListItem","position":3,"name":"Socios y proveedores"}]},{"@type":"WebSite","@id":"https:\/\/www.godan.pl\/fr\/#website","url":"https:\/\/www.godan.pl\/fr\/","name":"Godan","description":"Oferujemy szerok\u0105 ofert\u0119 balon\u00f3w, dekoracji sali, stroj\u00f3w karnawa\u0142owych, artyku\u0142y \u015blubnych i weselnych","publisher":{"@id":"https:\/\/www.godan.pl\/fr\/#organization"},"potentialAction":[{"@type":"SearchAction","target":{"@type":"EntryPoint","urlTemplate":"https:\/\/www.godan.pl\/fr\/?s={search_term_string}"},"query-input":"required name=search_term_string"}],"inLanguage":"es"},{"@type":"Organization","@id":"https:\/\/www.godan.pl\/fr\/#organization","name":"GoDan S.A.","url":"https:\/\/www.godan.pl\/fr\/","logo":{"@type":"ImageObject","inLanguage":"es","@id":"https:\/\/www.godan.pl\/fr\/#\/schema\/logo\/image\/","url":"https:\/\/www.godan.pl\/wp-content\/uploads\/2017\/08\/logo-godan-male-1.png","contentUrl":"https:\/\/www.godan.pl\/wp-content\/uploads\/2017\/08\/logo-godan-male-1.png","width":185,"height":97,"caption":"GoDan S.A."},"image":{"@id":"https:\/\/www.godan.pl\/fr\/#\/schema\/logo\/image\/"}}]}},"_links":{"self":[{"href":"https:\/\/www.godan.pl\/es\/wp-json\/wp\/v2\/pages\/7671"}],"collection":[{"href":"https:\/\/www.godan.pl\/es\/wp-json\/wp\/v2\/pages"}],"about":[{"href":"https:\/\/www.godan.pl\/es\/wp-json\/wp\/v2\/types\/page"}],"author":[{"embeddable":true,"href":"https:\/\/www.godan.pl\/es\/wp-json\/wp\/v2\/users\/1"}],"replies":[{"embeddable":true,"href":"https:\/\/www.godan.pl\/es\/wp-json\/wp\/v2\/comments?post=7671"}],"version-history":[{"count":7,"href":"https:\/\/www.godan.pl\/es\/wp-json\/wp\/v2\/pages\/7671\/revisions"}],"predecessor-version":[{"id":10148,"href":"https:\/\/www.godan.pl\/es\/wp-json\/wp\/v2\/pages\/7671\/revisions\/10148"}],"up":[{"embeddable":true,"href":"https:\/\/www.godan.pl\/es\/wp-json\/wp\/v2\/pages\/7606"}],"wp:attachment":[{"href":"https:\/\/www.godan.pl\/es\/wp-json\/wp\/v2\/media?parent=7671"}],"curies":[{"name":"wp","href":"https:\/\/api.w.org\/{rel}","templated":true}]}}