{"id":7641,"date":"2017-05-27T15:26:07","date_gmt":"2017-05-27T15:26:07","guid":{"rendered":"https:\/\/www.godan.pl\/o-firmie\/godan-s-a\/"},"modified":"2023-03-13T11:43:20","modified_gmt":"2023-03-13T11:43:20","slug":"godan-s-a","status":"publish","type":"page","link":"https:\/\/www.godan.pl\/es\/sobre-nosotros\/godan-s-a","title":{"rendered":"GoDan S.A."},"content":{"rendered":"<p>La historia de la compa\u00f1\u00eda GoDan remonta al 1991 a\u00f1o. Desde el principio de la actividad nuestra oferta estaba enfocada en el tema de \u201eParty\u201d.<\/p>\n<p>En el mercado polaco somos el lider y socio de gran renombre en Europa en producci\u00f3n, venta y distribuci\u00f3n de una oferta muy amplia de productos para fiestas y celebraciones.<\/p>\n<p>Nuestros productos se usan donde se celebran acontecimientos importantes: cumplea\u00f1os, d\u00edas de santo, fiestas, aniversarios, banquetes, ceremonias solemnes y fiestas caseras, bailes, teatros infantiles. Inspiramos y damos soporte a la hora de organizar la fiesta, aconsejamos en materia de elegir productos conformes a las expectativas y sue\u00f1os del cliente.<\/p>\n<p>Gracias a nosotros, acontecimientos y celebraciones se hacen especiales y dejan recuerdos estupendos.<\/p>\n<p><img loading=\"lazy\" decoding=\"async\" width=\"1399\" height=\"243\" class=\"alignnone size-full wp-image-6868\" src=\"https:\/\/www.godan.pl\/wp-content\/uploads\/2017\/05\/balony_maski_akcesoria_urodzinowe.jpg\" alt=\"Portfolio GoDan: balony, maski karnawa\u0142owe, akcesoria urodzinowe.\" srcset=\"https:\/\/www.godan.pl\/wp-content\/uploads\/2017\/05\/balony_maski_akcesoria_urodzinowe.jpg 1399w, https:\/\/www.godan.pl\/wp-content\/uploads\/2017\/05\/balony_maski_akcesoria_urodzinowe-300x52.jpg 300w, https:\/\/www.godan.pl\/wp-content\/uploads\/2017\/05\/balony_maski_akcesoria_urodzinowe-768x133.jpg 768w, https:\/\/www.godan.pl\/wp-content\/uploads\/2017\/05\/balony_maski_akcesoria_urodzinowe-1024x178.jpg 1024w, https:\/\/www.godan.pl\/wp-content\/uploads\/2017\/05\/balony_maski_akcesoria_urodzinowe-200x35.jpg 200w\" sizes=\"(max-width: 1399px) 100vw, 1399px\" \/><\/p>\n<p>Cada d\u00eda trabajamos para ser los mejores. Nuestro eslogan &#8220;Party&#8217;s first choice&#8221; refleja no s\u00f3lo las mejores ganas sino tambi\u00e9n define nuestra posici\u00f3n en el mercado.<\/p>\n<p><img loading=\"lazy\" decoding=\"async\" width=\"800\" height=\"221\" src=\"https:\/\/www.godan.pl\/wp-content\/uploads\/2023\/03\/PARTYS-FIRST-CHOICE-haslo.png\" alt=\"Party's first choice\" class=\"aligncenter size-full wp-image-23936\" srcset=\"https:\/\/www.godan.pl\/wp-content\/uploads\/2023\/03\/PARTYS-FIRST-CHOICE-haslo.png 800w, https:\/\/www.godan.pl\/wp-content\/uploads\/2023\/03\/PARTYS-FIRST-CHOICE-haslo-300x83.png 300w, https:\/\/www.godan.pl\/wp-content\/uploads\/2023\/03\/PARTYS-FIRST-CHOICE-haslo-768x212.png 768w, https:\/\/www.godan.pl\/wp-content\/uploads\/2023\/03\/PARTYS-FIRST-CHOICE-haslo-200x55.png 200w\" sizes=\"(max-width: 800px) 100vw, 800px\" \/><\/p>\n<p>Teniendo en cuenta la satisfacci\u00f3n del cliente cuidamos de la mejor calidad y recordamos que el precio razonable tambi\u00e9sn influye su atractividad. M\u00e1s informaci\u00f3n sobre c\u00f3mo creamos nuestro predominio sobre nuestra competencia y por qu\u00e9 vale la pena colaborar con nosotros encontrar\u00e1 en la pesta\u00f1a \u201d\u00bfPor qu\u00e9 nosotros?\u201d<\/p>\n<p class=\"paragraph__no__margin\">Algunos detalles sobre GoDan:\n<\/p>\n<ul class=\"star \">\n<li>estamos en el mercado desde el a\u00f1o 1991, esto es, m\u00e1s de 30 a\u00f1os<\/li>\n<li>somos fabricante e importador directo, tenemos exclusiva para distribuci\u00f3n de muchas marcas en el mercado polaco<\/li>\n<li>empleamos casi 100 personas<\/li>\n<li>disponemos de un almac\u00e9n de m\u00e1s de 5 000 m2, en el que caben 4 000 palets<\/li>\n<li>tenemos m\u00e1s de 11 000 productos en la oferta<\/li>\n<li>disponemos de un showroom de la superficie de 1 200 m2<\/li>\n<li>exportamos productos a 24 pa\u00edses<\/li>\n<li>hemos vendido m\u00e1s de 20 000 000 000 (en letra: veinte mil millones) de globos \u2013 estad\u00edsticamente son m\u00e1s de 500 unidades por un ciudadano polaco (\u00a1el n\u00famero aumenta cada d\u00eda!)<\/li>\n<li>desde el principio la compa\u00f1\u00eda tiene el mismo presidente<\/li>\n<\/ul>\n<p>Con regularidad apoyamos iniciativas sociales, culturales y deportivas.<\/p>\n<p><img loading=\"lazy\" decoding=\"async\" width=\"439\" height=\"96\" class=\"aligncenter size-full wp-image-6957\" src=\"https:\/\/www.godan.pl\/wp-content\/uploads\/2017\/05\/image009.png\" alt=\"nagrody\" srcset=\"https:\/\/www.godan.pl\/wp-content\/uploads\/2017\/05\/image009.png 439w, https:\/\/www.godan.pl\/wp-content\/uploads\/2017\/05\/image009-300x66.png 300w, https:\/\/www.godan.pl\/wp-content\/uploads\/2017\/05\/image009-200x44.png 200w\" sizes=\"(max-width: 439px) 100vw, 439px\" \/><\/p>\n","protected":false},"excerpt":{"rendered":"<p>Historia GoDan si\u0119ga 1991 roku. Od pocz\u0105tku dzia\u0142alno\u015bci nasza oferta by\u0142a skupiona\u2026<\/p>\n","protected":false},"author":1,"featured_media":3010,"parent":7606,"menu_order":0,"comment_status":"closed","ping_status":"closed","template":"","meta":{"_acf_changed":false,"footnotes":""},"class_list":["post-7641","page","type-page","status-publish","has-post-thumbnail","hentry"],"acf":[],"yoast_head":"<!-- This site is optimized with the Yoast SEO plugin v20.11 - https:\/\/yoast.com\/wordpress\/plugins\/seo\/ -->\n<title>Historia, zakres dzia\u0142alno\u015bci i oferta: GoDan SA<\/title>\n<meta name=\"description\" content=\"Od 1991 roku GoDan oferuje artyku\u0142y zwi\u0105zane z tematem Party. Nasze produkty mo\u017cna na du\u017cych i ma\u0142ych imprezach, urodzinach, balach, uroczysto\u015bciach.\" \/>\n<meta name=\"robots\" content=\"index, follow, max-snippet:-1, max-image-preview:large, max-video-preview:-1\" \/>\n<link rel=\"canonical\" href=\"https:\/\/www.godan.pl\/es\/sobre-nosotros\/godan-s-a\" \/>\n<meta property=\"og:locale\" content=\"es_ES\" \/>\n<meta property=\"og:type\" content=\"article\" \/>\n<meta property=\"og:title\" content=\"Historia, zakres dzia\u0142alno\u015bci i oferta: GoDan SA\" \/>\n<meta property=\"og:description\" content=\"Od 1991 roku GoDan oferuje artyku\u0142y zwi\u0105zane z tematem Party. Nasze produkty mo\u017cna na du\u017cych i ma\u0142ych imprezach, urodzinach, balach, uroczysto\u015bciach.\" \/>\n<meta property=\"og:url\" content=\"https:\/\/www.godan.pl\/es\/sobre-nosotros\/godan-s-a\" \/>\n<meta property=\"og:site_name\" content=\"Godan\" \/>\n<meta property=\"article:modified_time\" content=\"2023-03-13T11:43:20+00:00\" \/>\n<meta property=\"og:image\" content=\"https:\/\/www.godan.pl\/wp-content\/uploads\/2017\/05\/shutterstock_376717561-Kopia.jpg\" \/>\n\t<meta property=\"og:image:width\" content=\"6016\" \/>\n\t<meta property=\"og:image:height\" content=\"3012\" \/>\n\t<meta property=\"og:image:type\" content=\"image\/jpeg\" \/>\n<meta name=\"twitter:card\" content=\"summary_large_image\" \/>\n<meta name=\"twitter:label1\" content=\"Tiempo de lectura\" \/>\n\t<meta name=\"twitter:data1\" content=\"2 minutos\" \/>\n<script type=\"application\/ld+json\" class=\"yoast-schema-graph\">{\"@context\":\"https:\/\/schema.org\",\"@graph\":[{\"@type\":\"WebPage\",\"@id\":\"https:\/\/www.godan.pl\/es\/sobre-nosotros\/godan-s-a\",\"url\":\"https:\/\/www.godan.pl\/es\/sobre-nosotros\/godan-s-a\",\"name\":\"Historia, zakres dzia\u0142alno\u015bci i oferta: GoDan SA\",\"isPartOf\":{\"@id\":\"https:\/\/www.godan.pl\/fr\/#website\"},\"datePublished\":\"2017-05-27T15:26:07+00:00\",\"dateModified\":\"2023-03-13T11:43:20+00:00\",\"description\":\"Od 1991 roku GoDan oferuje artyku\u0142y zwi\u0105zane z tematem Party. Nasze produkty mo\u017cna na du\u017cych i ma\u0142ych imprezach, urodzinach, balach, uroczysto\u015bciach.\",\"breadcrumb\":{\"@id\":\"https:\/\/www.godan.pl\/es\/sobre-nosotros\/godan-s-a#breadcrumb\"},\"inLanguage\":\"es\",\"potentialAction\":[{\"@type\":\"ReadAction\",\"target\":[\"https:\/\/www.godan.pl\/es\/sobre-nosotros\/godan-s-a\"]}]},{\"@type\":\"BreadcrumbList\",\"@id\":\"https:\/\/www.godan.pl\/es\/sobre-nosotros\/godan-s-a#breadcrumb\",\"itemListElement\":[{\"@type\":\"ListItem\",\"position\":1,\"name\":\"Strona g\u0142\u00f3wna\",\"item\":\"https:\/\/www.godan.pl\/es\"},{\"@type\":\"ListItem\",\"position\":2,\"name\":\"Sobre nosotros\",\"item\":\"https:\/\/www.godan.pl\/es\/sobre-nosotros\"},{\"@type\":\"ListItem\",\"position\":3,\"name\":\"GoDan S.A.\"}]},{\"@type\":\"WebSite\",\"@id\":\"https:\/\/www.godan.pl\/fr\/#website\",\"url\":\"https:\/\/www.godan.pl\/fr\/\",\"name\":\"Godan\",\"description\":\"Oferujemy szerok\u0105 ofert\u0119 balon\u00f3w, dekoracji sali, stroj\u00f3w karnawa\u0142owych, artyku\u0142y \u015blubnych i weselnych\",\"publisher\":{\"@id\":\"https:\/\/www.godan.pl\/fr\/#organization\"},\"potentialAction\":[{\"@type\":\"SearchAction\",\"target\":{\"@type\":\"EntryPoint\",\"urlTemplate\":\"https:\/\/www.godan.pl\/fr\/?s={search_term_string}\"},\"query-input\":\"required name=search_term_string\"}],\"inLanguage\":\"es\"},{\"@type\":\"Organization\",\"@id\":\"https:\/\/www.godan.pl\/fr\/#organization\",\"name\":\"GoDan S.A.\",\"url\":\"https:\/\/www.godan.pl\/fr\/\",\"logo\":{\"@type\":\"ImageObject\",\"inLanguage\":\"es\",\"@id\":\"https:\/\/www.godan.pl\/fr\/#\/schema\/logo\/image\/\",\"url\":\"https:\/\/www.godan.pl\/wp-content\/uploads\/2017\/08\/logo-godan-male-1.png\",\"contentUrl\":\"https:\/\/www.godan.pl\/wp-content\/uploads\/2017\/08\/logo-godan-male-1.png\",\"width\":185,\"height\":97,\"caption\":\"GoDan S.A.\"},\"image\":{\"@id\":\"https:\/\/www.godan.pl\/fr\/#\/schema\/logo\/image\/\"}}]}<\/script>\n<!-- \/ Yoast SEO plugin. -->","yoast_head_json":{"title":"Historia, zakres dzia\u0142alno\u015bci i oferta: GoDan SA","description":"Od 1991 roku GoDan oferuje artyku\u0142y zwi\u0105zane z tematem Party. Nasze produkty mo\u017cna na du\u017cych i ma\u0142ych imprezach, urodzinach, balach, uroczysto\u015bciach.","robots":{"index":"index","follow":"follow","max-snippet":"max-snippet:-1","max-image-preview":"max-image-preview:large","max-video-preview":"max-video-preview:-1"},"canonical":"https:\/\/www.godan.pl\/es\/sobre-nosotros\/godan-s-a","og_locale":"es_ES","og_type":"article","og_title":"Historia, zakres dzia\u0142alno\u015bci i oferta: GoDan SA","og_description":"Od 1991 roku GoDan oferuje artyku\u0142y zwi\u0105zane z tematem Party. Nasze produkty mo\u017cna na du\u017cych i ma\u0142ych imprezach, urodzinach, balach, uroczysto\u015bciach.","og_url":"https:\/\/www.godan.pl\/es\/sobre-nosotros\/godan-s-a","og_site_name":"Godan","article_modified_time":"2023-03-13T11:43:20+00:00","og_image":[{"width":6016,"height":3012,"url":"https:\/\/www.godan.pl\/wp-content\/uploads\/2017\/05\/shutterstock_376717561-Kopia.jpg","type":"image\/jpeg"}],"twitter_card":"summary_large_image","twitter_misc":{"Tiempo de lectura":"2 minutos"},"schema":{"@context":"https:\/\/schema.org","@graph":[{"@type":"WebPage","@id":"https:\/\/www.godan.pl\/es\/sobre-nosotros\/godan-s-a","url":"https:\/\/www.godan.pl\/es\/sobre-nosotros\/godan-s-a","name":"Historia, zakres dzia\u0142alno\u015bci i oferta: GoDan SA","isPartOf":{"@id":"https:\/\/www.godan.pl\/fr\/#website"},"datePublished":"2017-05-27T15:26:07+00:00","dateModified":"2023-03-13T11:43:20+00:00","description":"Od 1991 roku GoDan oferuje artyku\u0142y zwi\u0105zane z tematem Party. Nasze produkty mo\u017cna na du\u017cych i ma\u0142ych imprezach, urodzinach, balach, uroczysto\u015bciach.","breadcrumb":{"@id":"https:\/\/www.godan.pl\/es\/sobre-nosotros\/godan-s-a#breadcrumb"},"inLanguage":"es","potentialAction":[{"@type":"ReadAction","target":["https:\/\/www.godan.pl\/es\/sobre-nosotros\/godan-s-a"]}]},{"@type":"BreadcrumbList","@id":"https:\/\/www.godan.pl\/es\/sobre-nosotros\/godan-s-a#breadcrumb","itemListElement":[{"@type":"ListItem","position":1,"name":"Strona g\u0142\u00f3wna","item":"https:\/\/www.godan.pl\/es"},{"@type":"ListItem","position":2,"name":"Sobre nosotros","item":"https:\/\/www.godan.pl\/es\/sobre-nosotros"},{"@type":"ListItem","position":3,"name":"GoDan S.A."}]},{"@type":"WebSite","@id":"https:\/\/www.godan.pl\/fr\/#website","url":"https:\/\/www.godan.pl\/fr\/","name":"Godan","description":"Oferujemy szerok\u0105 ofert\u0119 balon\u00f3w, dekoracji sali, stroj\u00f3w karnawa\u0142owych, artyku\u0142y \u015blubnych i weselnych","publisher":{"@id":"https:\/\/www.godan.pl\/fr\/#organization"},"potentialAction":[{"@type":"SearchAction","target":{"@type":"EntryPoint","urlTemplate":"https:\/\/www.godan.pl\/fr\/?s={search_term_string}"},"query-input":"required name=search_term_string"}],"inLanguage":"es"},{"@type":"Organization","@id":"https:\/\/www.godan.pl\/fr\/#organization","name":"GoDan S.A.","url":"https:\/\/www.godan.pl\/fr\/","logo":{"@type":"ImageObject","inLanguage":"es","@id":"https:\/\/www.godan.pl\/fr\/#\/schema\/logo\/image\/","url":"https:\/\/www.godan.pl\/wp-content\/uploads\/2017\/08\/logo-godan-male-1.png","contentUrl":"https:\/\/www.godan.pl\/wp-content\/uploads\/2017\/08\/logo-godan-male-1.png","width":185,"height":97,"caption":"GoDan S.A."},"image":{"@id":"https:\/\/www.godan.pl\/fr\/#\/schema\/logo\/image\/"}}]}},"_links":{"self":[{"href":"https:\/\/www.godan.pl\/es\/wp-json\/wp\/v2\/pages\/7641"}],"collection":[{"href":"https:\/\/www.godan.pl\/es\/wp-json\/wp\/v2\/pages"}],"about":[{"href":"https:\/\/www.godan.pl\/es\/wp-json\/wp\/v2\/types\/page"}],"author":[{"embeddable":true,"href":"https:\/\/www.godan.pl\/es\/wp-json\/wp\/v2\/users\/1"}],"replies":[{"embeddable":true,"href":"https:\/\/www.godan.pl\/es\/wp-json\/wp\/v2\/comments?post=7641"}],"version-history":[{"count":9,"href":"https:\/\/www.godan.pl\/es\/wp-json\/wp\/v2\/pages\/7641\/revisions"}],"predecessor-version":[{"id":23954,"href":"https:\/\/www.godan.pl\/es\/wp-json\/wp\/v2\/pages\/7641\/revisions\/23954"}],"up":[{"embeddable":true,"href":"https:\/\/www.godan.pl\/es\/wp-json\/wp\/v2\/pages\/7606"}],"wp:featuredmedia":[{"embeddable":true,"href":"https:\/\/www.godan.pl\/es\/wp-json\/wp\/v2\/media\/3010"}],"wp:attachment":[{"href":"https:\/\/www.godan.pl\/es\/wp-json\/wp\/v2\/media?parent=7641"}],"curies":[{"name":"wp","href":"https:\/\/api.w.org\/{rel}","templated":true}]}}