{"id":7606,"date":"2017-05-27T15:14:44","date_gmt":"2017-05-27T15:14:44","guid":{"rendered":"https:\/\/www.godan.pl\/o-firmie\/"},"modified":"2017-08-09T08:18:10","modified_gmt":"2017-08-09T08:18:10","slug":"sobre-nosotros","status":"publish","type":"page","link":"https:\/\/www.godan.pl\/es\/sobre-nosotros","title":{"rendered":"Sobre nosotros"},"content":{"rendered":"<div class=\"large-4 column  idz-animation\" data-animate=\"\">\n<p><a href=\"https:\/\/www.godan.pl\/es\/sobre-nosotros\/godan-s-a\/\"><img loading=\"lazy\" decoding=\"async\" width=\"300\" height=\"186\" class=\"alignnone size-medium wp-image-3663\" style=\"min-height: 140px;\" src=\"https:\/\/www.godan.pl\/wp-content\/uploads\/2017\/05\/janusz-300x186.jpg\" alt=\"\" srcset=\"https:\/\/www.godan.pl\/wp-content\/uploads\/2017\/05\/janusz-300x186.jpg 300w, https:\/\/www.godan.pl\/wp-content\/uploads\/2017\/05\/janusz-768x477.jpg 768w, https:\/\/www.godan.pl\/wp-content\/uploads\/2017\/05\/janusz-1024x636.jpg 1024w, https:\/\/www.godan.pl\/wp-content\/uploads\/2017\/05\/janusz-200x124.jpg 200w\" sizes=\"(max-width: 300px) 100vw, 300px\" \/><\/a><\/p>\n<h4>GoDan S.A.<\/h4>\n<p>La historia de la compa\u00f1\u00eda GoDan remonta al 1991 a\u00f1o. Desde el principio de la&#8230;<br \/>\n<a href=\"https:\/\/www.godan.pl\/es\/sobre-nosotros\/godan-s-a\/\">more &gt;&gt;<\/a><\/p>\n<\/div>\n<div class=\"large-4 column  idz-animation\" data-animate=\"\">\n<p><a href=\"https:\/\/www.godan.pl\/es\/sobre-nosotros\/por-que-nosotros\/\"><img loading=\"lazy\" decoding=\"async\" width=\"300\" height=\"200\" class=\"alignnone size-medium wp-image-3670\" style=\"min-height: 140px;\" src=\"https:\/\/www.godan.pl\/wp-content\/uploads\/2017\/05\/balon-300x200.jpg\" alt=\"\" srcset=\"https:\/\/www.godan.pl\/wp-content\/uploads\/2017\/05\/balon-300x200.jpg 300w, https:\/\/www.godan.pl\/wp-content\/uploads\/2017\/05\/balon-768x512.jpg 768w, https:\/\/www.godan.pl\/wp-content\/uploads\/2017\/05\/balon-1024x683.jpg 1024w, https:\/\/www.godan.pl\/wp-content\/uploads\/2017\/05\/balon-200x133.jpg 200w\" sizes=\"(max-width: 300px) 100vw, 300px\" \/><\/a><\/p>\n<h4>Por qu\u00e9 nosotros?<\/h4>\n<p>En GoDan estamos convencidos de que la clave para larga y fructuosa&#8230;<br \/>\n<a href=\"https:\/\/www.godan.pl\/es\/sobre-nosotros\/por-que-nosotros\/\">more &gt;&gt;<\/a><\/p>\n<\/div>\n<div class=\"large-4 column  idz-animation\" data-animate=\"\">\n<p><a href=\"https:\/\/www.godan.pl\/es\/sobre-nosotros\/socios-y-proveedores\/\"><img loading=\"lazy\" decoding=\"async\" width=\"300\" height=\"200\" class=\"alignnone size-medium wp-image-6965\" src=\"https:\/\/www.godan.pl\/wp-content\/uploads\/2017\/05\/shutterstock_-300x200.jpg\" alt=\"partnerzy i dostawcy\" \/><\/a><\/p>\n<h4>Socios y proveedores<\/h4>\n<p>En GoDan colaboramos con socios calificados, de buen enombre y con buena&#8230;<br \/>\n<a href=\"https:\/\/www.godan.pl\/es\/sobre-nosotros\/socios-y-proveedores\/\">more &gt;&gt;<\/a><\/p>\n<\/div>\n<div class=\"large-4 column  idz-animation\" data-animate=\"\">\n<p><a href=\"https:\/\/www.godan.pl\/es\/sobre-nosotros\/equipo\/\"><img loading=\"lazy\" decoding=\"async\" width=\"300\" height=\"181\" class=\"alignnone size-medium wp-image-3653\" style=\"min-height: 140px;\" src=\"https:\/\/www.godan.pl\/wp-content\/uploads\/2017\/05\/GoDan_25_years-300x181.jpg\" alt=\"\" srcset=\"https:\/\/www.godan.pl\/wp-content\/uploads\/2017\/05\/GoDan_25_years-300x181.jpg 300w, https:\/\/www.godan.pl\/wp-content\/uploads\/2017\/05\/GoDan_25_years-768x463.jpg 768w, https:\/\/www.godan.pl\/wp-content\/uploads\/2017\/05\/GoDan_25_years-1024x617.jpg 1024w, https:\/\/www.godan.pl\/wp-content\/uploads\/2017\/05\/GoDan_25_years-200x120.jpg 200w\" sizes=\"(max-width: 300px) 100vw, 300px\" \/><\/a><\/p>\n<h4>Equipo<\/h4>\n<p>La clave para el \u00e9xito es la gente. GoDan es un equipo responsable y unido.<br \/>\n<a href=\"https:\/\/www.godan.pl\/es\/sobre-nosotros\/equipo\/\">more &gt;&gt;<\/a><\/p>\n<\/div>\n<div class=\"large-4 column  idz-animation\" data-animate=\"\">\n<p><a href=\"https:\/\/www.godan.pl\/es\/sobre-nosotros\/galeria\/\"><img decoding=\"async\" class=\"alignnone size-medium wp-image-2864\" style=\"min-height: 140px;\" src=\"https:\/\/www.godan.pl\/wp-content\/uploads\/2017\/05\/galeria.jpg\" alt=\"\" \/><\/a><\/p>\n<h4>Galer\u00eda<\/h4>\n<p>Bienvenido a nuestra galer\u00eda de fotos! Le mostraremos nuestros productos, globos de la decoraci\u00f3n, tiendas, almacenes.<br \/>\n<a href=\"https:\/\/www.godan.pl\/es\/sobre-nosotros\/galeria\/\">more &gt;&gt;<\/a><\/p>\n<\/div>\n","protected":false},"excerpt":{"rendered":"","protected":false},"author":1,"featured_media":0,"parent":0,"menu_order":0,"comment_status":"closed","ping_status":"closed","template":"","meta":{"_acf_changed":false,"footnotes":""},"class_list":["post-7606","page","type-page","status-publish","hentry"],"acf":[],"yoast_head":"<!-- This site is optimized with the Yoast SEO plugin v20.11 - https:\/\/yoast.com\/wordpress\/plugins\/seo\/ -->\n<title>Balony, dekoracje, artyku\u0142y karnawa\u0142owe i urodzinowe: GoDan SA hurtownia, produkcja, dystrybucja<\/title>\n<meta name=\"description\" content=\"Jeste\u015bmy producentem i dystrybutorem artyku\u0142\u00f3w dekoracyjnych, urodzinowych, karnawa\u0142owych i \u015blubnych. Prowadzimy sprzeda\u017c detaliczn\u0105 i hurtow\u0105 balon\u00f3w.\" \/>\n<meta name=\"robots\" content=\"index, follow, max-snippet:-1, max-image-preview:large, max-video-preview:-1\" \/>\n<link rel=\"canonical\" href=\"https:\/\/www.godan.pl\/es\/sobre-nosotros\" \/>\n<meta property=\"og:locale\" content=\"es_ES\" \/>\n<meta property=\"og:type\" content=\"article\" \/>\n<meta property=\"og:title\" content=\"Balony, dekoracje, artyku\u0142y karnawa\u0142owe i urodzinowe: GoDan SA hurtownia, produkcja, dystrybucja\" \/>\n<meta property=\"og:description\" content=\"Jeste\u015bmy producentem i dystrybutorem artyku\u0142\u00f3w dekoracyjnych, urodzinowych, karnawa\u0142owych i \u015blubnych. Prowadzimy sprzeda\u017c detaliczn\u0105 i hurtow\u0105 balon\u00f3w.\" \/>\n<meta property=\"og:url\" content=\"https:\/\/www.godan.pl\/es\/sobre-nosotros\" \/>\n<meta property=\"og:site_name\" content=\"Godan\" \/>\n<meta property=\"article:modified_time\" content=\"2017-08-09T08:18:10+00:00\" \/>\n<meta property=\"og:image\" content=\"https:\/\/www.godan.pl\/wp-content\/uploads\/2017\/05\/janusz-300x186.jpg\" \/>\n<meta name=\"twitter:card\" content=\"summary_large_image\" \/>\n<meta name=\"twitter:label1\" content=\"Tiempo de lectura\" \/>\n\t<meta name=\"twitter:data1\" content=\"1 minuto\" \/>\n<script type=\"application\/ld+json\" class=\"yoast-schema-graph\">{\"@context\":\"https:\/\/schema.org\",\"@graph\":[{\"@type\":\"WebPage\",\"@id\":\"https:\/\/www.godan.pl\/es\/sobre-nosotros\",\"url\":\"https:\/\/www.godan.pl\/es\/sobre-nosotros\",\"name\":\"Balony, dekoracje, artyku\u0142y karnawa\u0142owe i urodzinowe: GoDan SA hurtownia, produkcja, dystrybucja\",\"isPartOf\":{\"@id\":\"https:\/\/www.godan.pl\/fr\/#website\"},\"datePublished\":\"2017-05-27T15:14:44+00:00\",\"dateModified\":\"2017-08-09T08:18:10+00:00\",\"description\":\"Jeste\u015bmy producentem i dystrybutorem artyku\u0142\u00f3w dekoracyjnych, urodzinowych, karnawa\u0142owych i \u015blubnych. Prowadzimy sprzeda\u017c detaliczn\u0105 i hurtow\u0105 balon\u00f3w.\",\"breadcrumb\":{\"@id\":\"https:\/\/www.godan.pl\/es\/sobre-nosotros#breadcrumb\"},\"inLanguage\":\"es\",\"potentialAction\":[{\"@type\":\"ReadAction\",\"target\":[\"https:\/\/www.godan.pl\/es\/sobre-nosotros\"]}]},{\"@type\":\"BreadcrumbList\",\"@id\":\"https:\/\/www.godan.pl\/es\/sobre-nosotros#breadcrumb\",\"itemListElement\":[{\"@type\":\"ListItem\",\"position\":1,\"name\":\"Strona g\u0142\u00f3wna\",\"item\":\"https:\/\/www.godan.pl\/es\"},{\"@type\":\"ListItem\",\"position\":2,\"name\":\"Sobre nosotros\"}]},{\"@type\":\"WebSite\",\"@id\":\"https:\/\/www.godan.pl\/fr\/#website\",\"url\":\"https:\/\/www.godan.pl\/fr\/\",\"name\":\"Godan\",\"description\":\"Oferujemy szerok\u0105 ofert\u0119 balon\u00f3w, dekoracji sali, stroj\u00f3w karnawa\u0142owych, artyku\u0142y \u015blubnych i weselnych\",\"publisher\":{\"@id\":\"https:\/\/www.godan.pl\/fr\/#organization\"},\"potentialAction\":[{\"@type\":\"SearchAction\",\"target\":{\"@type\":\"EntryPoint\",\"urlTemplate\":\"https:\/\/www.godan.pl\/fr\/?s={search_term_string}\"},\"query-input\":\"required name=search_term_string\"}],\"inLanguage\":\"es\"},{\"@type\":\"Organization\",\"@id\":\"https:\/\/www.godan.pl\/fr\/#organization\",\"name\":\"GoDan S.A.\",\"url\":\"https:\/\/www.godan.pl\/fr\/\",\"logo\":{\"@type\":\"ImageObject\",\"inLanguage\":\"es\",\"@id\":\"https:\/\/www.godan.pl\/fr\/#\/schema\/logo\/image\/\",\"url\":\"https:\/\/www.godan.pl\/wp-content\/uploads\/2017\/08\/logo-godan-male-1.png\",\"contentUrl\":\"https:\/\/www.godan.pl\/wp-content\/uploads\/2017\/08\/logo-godan-male-1.png\",\"width\":185,\"height\":97,\"caption\":\"GoDan S.A.\"},\"image\":{\"@id\":\"https:\/\/www.godan.pl\/fr\/#\/schema\/logo\/image\/\"}}]}<\/script>\n<!-- \/ Yoast SEO plugin. -->","yoast_head_json":{"title":"Balony, dekoracje, artyku\u0142y karnawa\u0142owe i urodzinowe: GoDan SA hurtownia, produkcja, dystrybucja","description":"Jeste\u015bmy producentem i dystrybutorem artyku\u0142\u00f3w dekoracyjnych, urodzinowych, karnawa\u0142owych i \u015blubnych. Prowadzimy sprzeda\u017c detaliczn\u0105 i hurtow\u0105 balon\u00f3w.","robots":{"index":"index","follow":"follow","max-snippet":"max-snippet:-1","max-image-preview":"max-image-preview:large","max-video-preview":"max-video-preview:-1"},"canonical":"https:\/\/www.godan.pl\/es\/sobre-nosotros","og_locale":"es_ES","og_type":"article","og_title":"Balony, dekoracje, artyku\u0142y karnawa\u0142owe i urodzinowe: GoDan SA hurtownia, produkcja, dystrybucja","og_description":"Jeste\u015bmy producentem i dystrybutorem artyku\u0142\u00f3w dekoracyjnych, urodzinowych, karnawa\u0142owych i \u015blubnych. Prowadzimy sprzeda\u017c detaliczn\u0105 i hurtow\u0105 balon\u00f3w.","og_url":"https:\/\/www.godan.pl\/es\/sobre-nosotros","og_site_name":"Godan","article_modified_time":"2017-08-09T08:18:10+00:00","og_image":[{"url":"https:\/\/www.godan.pl\/wp-content\/uploads\/2017\/05\/janusz-300x186.jpg"}],"twitter_card":"summary_large_image","twitter_misc":{"Tiempo de lectura":"1 minuto"},"schema":{"@context":"https:\/\/schema.org","@graph":[{"@type":"WebPage","@id":"https:\/\/www.godan.pl\/es\/sobre-nosotros","url":"https:\/\/www.godan.pl\/es\/sobre-nosotros","name":"Balony, dekoracje, artyku\u0142y karnawa\u0142owe i urodzinowe: GoDan SA hurtownia, produkcja, dystrybucja","isPartOf":{"@id":"https:\/\/www.godan.pl\/fr\/#website"},"datePublished":"2017-05-27T15:14:44+00:00","dateModified":"2017-08-09T08:18:10+00:00","description":"Jeste\u015bmy producentem i dystrybutorem artyku\u0142\u00f3w dekoracyjnych, urodzinowych, karnawa\u0142owych i \u015blubnych. Prowadzimy sprzeda\u017c detaliczn\u0105 i hurtow\u0105 balon\u00f3w.","breadcrumb":{"@id":"https:\/\/www.godan.pl\/es\/sobre-nosotros#breadcrumb"},"inLanguage":"es","potentialAction":[{"@type":"ReadAction","target":["https:\/\/www.godan.pl\/es\/sobre-nosotros"]}]},{"@type":"BreadcrumbList","@id":"https:\/\/www.godan.pl\/es\/sobre-nosotros#breadcrumb","itemListElement":[{"@type":"ListItem","position":1,"name":"Strona g\u0142\u00f3wna","item":"https:\/\/www.godan.pl\/es"},{"@type":"ListItem","position":2,"name":"Sobre nosotros"}]},{"@type":"WebSite","@id":"https:\/\/www.godan.pl\/fr\/#website","url":"https:\/\/www.godan.pl\/fr\/","name":"Godan","description":"Oferujemy szerok\u0105 ofert\u0119 balon\u00f3w, dekoracji sali, stroj\u00f3w karnawa\u0142owych, artyku\u0142y \u015blubnych i weselnych","publisher":{"@id":"https:\/\/www.godan.pl\/fr\/#organization"},"potentialAction":[{"@type":"SearchAction","target":{"@type":"EntryPoint","urlTemplate":"https:\/\/www.godan.pl\/fr\/?s={search_term_string}"},"query-input":"required name=search_term_string"}],"inLanguage":"es"},{"@type":"Organization","@id":"https:\/\/www.godan.pl\/fr\/#organization","name":"GoDan S.A.","url":"https:\/\/www.godan.pl\/fr\/","logo":{"@type":"ImageObject","inLanguage":"es","@id":"https:\/\/www.godan.pl\/fr\/#\/schema\/logo\/image\/","url":"https:\/\/www.godan.pl\/wp-content\/uploads\/2017\/08\/logo-godan-male-1.png","contentUrl":"https:\/\/www.godan.pl\/wp-content\/uploads\/2017\/08\/logo-godan-male-1.png","width":185,"height":97,"caption":"GoDan S.A."},"image":{"@id":"https:\/\/www.godan.pl\/fr\/#\/schema\/logo\/image\/"}}]}},"_links":{"self":[{"href":"https:\/\/www.godan.pl\/es\/wp-json\/wp\/v2\/pages\/7606"}],"collection":[{"href":"https:\/\/www.godan.pl\/es\/wp-json\/wp\/v2\/pages"}],"about":[{"href":"https:\/\/www.godan.pl\/es\/wp-json\/wp\/v2\/types\/page"}],"author":[{"embeddable":true,"href":"https:\/\/www.godan.pl\/es\/wp-json\/wp\/v2\/users\/1"}],"replies":[{"embeddable":true,"href":"https:\/\/www.godan.pl\/es\/wp-json\/wp\/v2\/comments?post=7606"}],"version-history":[{"count":10,"href":"https:\/\/www.godan.pl\/es\/wp-json\/wp\/v2\/pages\/7606\/revisions"}],"predecessor-version":[{"id":10633,"href":"https:\/\/www.godan.pl\/es\/wp-json\/wp\/v2\/pages\/7606\/revisions\/10633"}],"wp:attachment":[{"href":"https:\/\/www.godan.pl\/es\/wp-json\/wp\/v2\/media?parent=7606"}],"curies":[{"name":"wp","href":"https:\/\/api.w.org\/{rel}","templated":true}]}}