{"id":10590,"date":"2017-08-04T10:21:31","date_gmt":"2017-08-04T10:21:31","guid":{"rendered":"https:\/\/www.godan.pl\/?page_id=10590\/"},"modified":"2017-08-04T10:21:31","modified_gmt":"2017-08-04T10:21:31","slug":"cookies-policy","status":"publish","type":"page","link":"https:\/\/www.godan.pl\/es\/cookies-policy","title":{"rendered":"Cookies policy"},"content":{"rendered":"<h1>Polityka cookies<\/h1>\n<p>Niniejsza Polityka Prywatno\u015bci okre\u015bla zasady przechowywania i\u00a0dost\u0119pu do informacji na urz\u0105dzeniach U\u017cytkownika za pomoc\u0105 plik\u00f3w Cookies, s\u0142u\u017c\u0105cych realizacji us\u0142ug \u015bwiadczonych drog\u0105 elektroniczn\u0105 \u017c\u0105danych przez U\u017cytkownika, przez GoDan Sp\u00f3\u0142ka Akcyjna z siedzib\u0105 w Warszawie ul. Atlasowej nr 17 (kod pocztowy: 02-437), wpisana pod numerem KRS: 0000584770 do Rejestru Przedsi\u0119biorc\u00f3w Krajowego Rejestru S\u0105dowego, prowadzonego przez S\u0105d Rejonowy dla m. st. Warszawy w Warszawie, XIII Wydzia\u0142 Gospodarczy Krajowego Rejestru S\u0105dowego, REGON 363119949, NIP: 5223046800. Kapita\u0142 zak\u0142adowy: 11.500.000 z\u0142, kapita\u0142 wp\u0142acony: 11.500.000 z\u0142.<br \/>\n\u00a71 Definicje<\/p>\n<p>GoDan S. A. \u015bwiadczy us\u0142ugi drog\u0105 elektroniczn\u0105 oraz przechowuje i\u00a0uzyskuje dost\u0119p do informacji w\u00a0urz\u0105dzeniach u\u017cytkownika.<\/p>\n<ol>\n<li>Cookies oznacza dane informatyczne, w\u00a0szczeg\u00f3lno\u015bci niewielkie pliki tekstowe, zapisywane i\u00a0przechowywane na urz\u0105dzeniach za po\u015brednictwem kt\u00f3rych U\u017cytkownik korzysta ze stron internetowych Serwisu.<\/li>\n<li>Cookies Administratora oznacza Cookies zamieszczane przez Administratora, zwi\u0105zane ze \u015awiadczeniem us\u0142ug droga elektroniczn\u0105 przez Administratora za po\u015brednictwem Serwisu.<\/li>\n<li>Serwis oznacza stron\u0119 internetow\u0105, pod kt\u00f3r\u0105 Administrator prowadzi serwis internetowy, dzia\u0142aj\u0105c\u0105 w\u00a0domenie www.godan.pl<\/li>\n<li>Urz\u0105dzenie oznacza elektroniczne urz\u0105dzenie za po\u015brednictwem, kt\u00f3rego U\u017cytkownik uzyskuje dost\u0119p do stron internetowych Serwisu<\/li>\n<li>U\u017cytkownik oznacza podmiot, na rzecz kt\u00f3rego zgodnie z\u00a0Regulaminem i\u00a0przepisami prawa mog\u0105 by\u0107 \u015bwiadczone us\u0142ugi drog\u0105 elektroniczn\u0105 lub z\u00a0kt\u00f3rym zawarta mo\u017ce by\u0107 Umowa o\u00a0\u015bwiadczenie us\u0142ug drog\u0105 elektroniczn\u0105.<\/li>\n<\/ol>\n<p>\u00a72 Rodzaje wykorzystywanych Cookies<\/p>\n<ol>\n<li>Stosowane przez Administratora Cookies s\u0105 bezpieczne dla Urz\u0105dzenia U\u017cytkownika. W\u00a0szczeg\u00f3lno\u015bci t\u0105 drog\u0105 nie jest mo\u017cliwe przedostanie si\u0119 do Urz\u0105dze\u0144 U\u017cytkownik\u00f3w wirus\u00f3w lub innego niechcianego oprogramowania lub oprogramowania z\u0142o\u015bliwego. Pliki te pozwalaj\u0105 zidentyfikowa\u0107 oprogramowanie wykorzystywane przez U\u017cytkownika i\u00a0dostosowa\u0107 Serwis indywidualnie ka\u017cdemu U\u017cytkownikowi. Cookies zazwyczaj zawieraj\u0105 nazw\u0119 domeny z\u00a0kt\u00f3rej pochodz\u0105, czas przechowywania ich na Urz\u0105dzeniu oraz przypisan\u0105 warto\u015b\u0107.<\/li>\n<li>Administrator wykorzystuje dwa typy plik\u00f3w cookies:\n<ul>\n<li>Cookies sesyjne: s\u0105 przechowywane na Urz\u0105dzeniu U\u017cytkownika i\u00a0pozostaj\u0105 tam do momentu zako\u0144czenia sesji danej przegl\u0105darki. Zapisane informacje s\u0105 w\u00f3wczas trwale usuwane z\u00a0pami\u0119ci Urz\u0105dzenia. Mechanizm Cookies sesyjnych nie pozwala na pobieranie jakichkolwiek danych osobowych ani \u017cadnych informacji poufnych z\u00a0Urz\u0105dzenia U\u017cytkownika.<\/li>\n<li>Cookies trwa\u0142e: s\u0105 przechowywane na Urz\u0105dzeniu U\u017cytkownika i\u00a0pozostaj\u0105 tam do momentu ich skasowania. Zako\u0144czenie sesji danej przegl\u0105darki lub wy\u0142\u0105czenie Urz\u0105dzenia nie powoduje ich usuni\u0119cia z\u00a0Urz\u0105dzenia U\u017cytkownika.<\/li>\n<\/ul>\n<\/li>\n<li>Mechanizm cookies trwa\u0142ych nie pozwala na pobieranie jakichkolwiek danych osobowych ani \u017cadnych informacji poufnych z\u00a0Urz\u0105dzenia U\u017cytkownika.<\/li>\n<li>U\u017cytkownik ma mo\u017cliwo\u015b\u0107 ograniczenia lub wy\u0142\u0105czenia dost\u0119pu plik\u00f3w cookies do swojego Urz\u0105dzenia. W\u00a0przypadku skorzystania z\u00a0tej opcji korzystanie ze Serwisu b\u0119dzie mo\u017cliwe, poza funkcjami, kt\u00f3re ze swojej natury wymagaj\u0105 plik\u00f3w cookies.<\/li>\n<\/ol>\n<p>\u00a73 Cele w\u00a0jakich wykorzystywane s\u0105 Cookie<\/p>\n<ol>\n<li>Administrator wykorzystuje Cookies w\u0142asne w\u00a0celu poprawnej konfiguracji serwisu, a\u00a0w szczeg\u00f3lno\u015bci do:\n<ul>\n<li>dostosowania zawarto\u015bci stron internetowych Serwisu do preferencji U\u017cytkownika oraz optymalizacji korzystania ze stron internetowych Serwisu.<\/li>\n<li>rozpoznania urz\u0105dzenia U\u017cytkownika Serwisu oraz jego lokalizacj\u0119 i\u00a0odpowiednio wy\u015bwietlenia strony internetowej, dostosowanej do jego indywidualnych potrzeb;<\/li>\n<li>zapami\u0119tania ustawie\u0144 wybranych przez U\u017cytkownika i\u00a0personalizacji interfejsu U\u017cytkownika, np. w\u00a0zakresie wybranego j\u0119zyka lub regionu, z\u00a0kt\u00f3rego pochodzi U\u017cytkownik<\/li>\n<li>zapami\u0119tania historii odwiedzonych stron w\u00a0serwisie w\u00a0celu rekomendacji tre\u015bci,<\/li>\n<li>rozmiaru czcionki, wygl\u0105du strony internetowej itp.<\/li>\n<\/ul>\n<\/li>\n<li>Administrator wykorzystuje Cookies w\u0142asne w\u00a0celu realizacji proces\u00f3w niezb\u0119dnych dla pe\u0142nej funkcjonalno\u015bci stron internetowych, a\u00a0w szczeg\u00f3lno\u015bci do:\n<ul>\n<li>dostosowania zawarto\u015bci stron internetowych Serwisu do preferencji U\u017cytkownika oraz optymalizacji korzystania ze stron internetowych Serwisu. W\u00a0szczeg\u00f3lno\u015bci pliki te pozwalaj\u0105 rozpozna\u0107 podstawowe parametry Urz\u0105dzenia U\u017cytkownika i\u00a0odpowiednio wy\u015bwietli\u0107 stron\u0119 internetow\u0105, dostosowan\u0105 do jego indywidualnych potrzeb;<\/li>\n<li>poprawnej obs\u0142ugi programu partnerskiego, umo\u017cliwiaj\u0105c w\u00a0szczeg\u00f3lno\u015bci weryfikacj\u0119 \u017ar\u00f3de\u0142 przekierowa\u0144 U\u017cytkownik\u00f3w na strony internetowe Serwisu.<\/li>\n<\/ul>\n<\/li>\n<li>Administrator wykorzystuje Cookies w\u0142asne w\u00a0celu zapami\u0119tania lokalizacji u\u017cytkownika, a\u00a0w szczeg\u00f3lno\u015bci do poprawnej konfiguracji wybranych funkcji Serwisu, umo\u017cliwiaj\u0105c w\u00a0dostosowanie dostarczanych informacji do U\u017cytkownika z\u00a0uwzgl\u0119dnieniem jego lokalizacji.<\/li>\n<li>Administrator wykorzystuje Cookies w\u0142asne w\u00a0celu analiz i\u00a0bada\u0144 oraz audytu ogl\u0105dalno\u015bci, a\u00a0w szczeg\u00f3lno\u015bci do tworzenia anonimowych statystyk, kt\u00f3re pomagaj\u0105 zrozumie\u0107, w\u00a0jaki spos\u00f3b U\u017cytkownicy Serwisu korzystaj\u0105 ze stron internetowych Serwisu, co umo\u017cliwia ulepszanie ich struktury i\u00a0zawarto\u015bci.<\/li>\n<li>Administrator wykorzystuje Cookies w\u0142asne w\u00a0celu \u015bwiadczenia us\u0142ug reklamowych, a\u00a0w szczeg\u00f3lno\u015bci do dostosowania prezentowanych za po\u015brednictwem Serwisu reklam us\u0142ug i\u00a0produkt\u00f3w firm trzecich.<\/li>\n<\/ol>\n<p>\u00a74 Mo\u017cliwo\u015bci okre\u015blenia warunk\u00f3w przechowywania lub uzyskiwania dost\u0119pu przez Cookies<\/p>\n<ol>\n<li>U\u017cytkownik mo\u017ce samodzielnie i\u00a0w ka\u017cdym czasie zmieni\u0107 ustawienia dotycz\u0105ce plik\u00f3w Cookies, okre\u015blaj\u0105c warunki ich przechowywania i\u00a0uzyskiwania dost\u0119pu przez pliki Cookies do Urz\u0105dzenia U\u017cytkownika. Zmiany ustawie\u0144, o\u00a0kt\u00f3rych mowa w\u00a0zdaniu poprzednim, U\u017cytkownik mo\u017ce dokona\u0107 za pomoc\u0105 ustawie\u0144 przegl\u0105darki internetowej lub za pomoc\u0105 konfiguracji us\u0142ugi. Ustawienia te mog\u0105 zosta\u0107 zmienione w\u00a0szczeg\u00f3lno\u015bci w\u00a0taki spos\u00f3b, aby blokowa\u0107 automatyczn\u0105 obs\u0142ug\u0119 plik\u00f3w cookies w\u00a0ustawieniach przegl\u0105darki internetowej b\u0105d\u017a informowa\u0107 o\u00a0ich ka\u017cdorazowym zamieszczeniu Cookies na urz\u0105dzeniu U\u017cytkownika. Szczeg\u00f3\u0142owe informacje o\u00a0mo\u017cliwo\u015bci i\u00a0sposobach obs\u0142ugi plik\u00f3w cookies dost\u0119pne s\u0105 w\u00a0ustawieniach oprogramowania (przegl\u0105darki internetowej).<\/li>\n<li>U\u017cytkownik mo\u017ce w\u00a0ka\u017cdej chwili usun\u0105\u0107 pliki Cookies korzystaj\u0105c z\u00a0dost\u0119pnych funkcji w\u00a0przegl\u0105darce internetowej, kt\u00f3rej u\u017cywa.<\/li>\n<li>Ograniczenie stosowania plik\u00f3w Cookies, mo\u017ce wp\u0142yn\u0105\u0107 na niekt\u00f3re funkcjonalno\u015bci dost\u0119pne na stronie internetowej Serwisu.<\/li>\n<\/ol>\n","protected":false},"excerpt":{"rendered":"<p>Polityka cookies Niniejsza Polityka Prywatno\u015bci okre\u015bla zasady przechowywania i\u00a0dost\u0119pu do informacji na urz\u0105dzeniach U\u017cytkownika za pomoc\u0105 plik\u00f3w Cookies, s\u0142u\u017c\u0105cych realizacji us\u0142ug \u015bwiadczonych drog\u0105 elektroniczn\u0105 \u017c\u0105danych przez U\u017cytkownika, przez GoDan Sp\u00f3\u0142ka Akcyjna z siedzib\u0105 w Warszawie ul. Atlasowej nr 17 (kod pocztowy: 02-437), wpisana pod numerem KRS: 0000584770 do Rejestru Przedsi\u0119biorc\u00f3w Krajowego Rejestru S\u0105dowego, prowadzonego przez [&hellip;]<\/p>\n","protected":false},"author":1,"featured_media":0,"parent":0,"menu_order":0,"comment_status":"closed","ping_status":"closed","template":"","meta":{"_acf_changed":false,"footnotes":""},"class_list":["post-10590","page","type-page","status-publish","hentry"],"acf":[],"yoast_head":"<!-- This site is optimized with the Yoast SEO plugin v20.11 - https:\/\/yoast.com\/wordpress\/plugins\/seo\/ -->\n<title>Cookies policy - artyku\u0142y imprezowe - Godan S.A.<\/title>\n<meta name=\"description\" content=\"Cookies policy - artyku\u0142y imprezowe, balony i szeroka gama dekoracji, kostium\u00f3w i przebra\u0144 - Godan S.A.\" \/>\n<meta name=\"robots\" content=\"index, follow, max-snippet:-1, max-image-preview:large, max-video-preview:-1\" \/>\n<link rel=\"canonical\" href=\"https:\/\/www.godan.pl\/es\/cookies-policy\" \/>\n<meta property=\"og:locale\" content=\"es_ES\" \/>\n<meta property=\"og:type\" content=\"article\" \/>\n<meta property=\"og:title\" content=\"Cookies policy - artyku\u0142y imprezowe - Godan S.A.\" \/>\n<meta property=\"og:description\" content=\"Cookies policy - artyku\u0142y imprezowe, balony i szeroka gama dekoracji, kostium\u00f3w i przebra\u0144 - Godan S.A.\" \/>\n<meta property=\"og:url\" content=\"https:\/\/www.godan.pl\/es\/cookies-policy\" \/>\n<meta property=\"og:site_name\" content=\"Godan\" \/>\n<meta name=\"twitter:card\" content=\"summary_large_image\" \/>\n<meta name=\"twitter:label1\" content=\"Tiempo de lectura\" \/>\n\t<meta name=\"twitter:data1\" content=\"5 minutos\" \/>\n<script type=\"application\/ld+json\" class=\"yoast-schema-graph\">{\"@context\":\"https:\/\/schema.org\",\"@graph\":[{\"@type\":\"WebPage\",\"@id\":\"https:\/\/www.godan.pl\/es\/cookies-policy\",\"url\":\"https:\/\/www.godan.pl\/es\/cookies-policy\",\"name\":\"Cookies policy - artyku\u0142y imprezowe - Godan S.A.\",\"isPartOf\":{\"@id\":\"https:\/\/www.godan.pl\/fr\/#website\"},\"datePublished\":\"2017-08-04T10:21:31+00:00\",\"dateModified\":\"2017-08-04T10:21:31+00:00\",\"description\":\"Cookies policy - artyku\u0142y imprezowe, balony i szeroka gama dekoracji, kostium\u00f3w i przebra\u0144 - Godan S.A.\",\"breadcrumb\":{\"@id\":\"https:\/\/www.godan.pl\/es\/cookies-policy#breadcrumb\"},\"inLanguage\":\"es\",\"potentialAction\":[{\"@type\":\"ReadAction\",\"target\":[\"https:\/\/www.godan.pl\/es\/cookies-policy\"]}]},{\"@type\":\"BreadcrumbList\",\"@id\":\"https:\/\/www.godan.pl\/es\/cookies-policy#breadcrumb\",\"itemListElement\":[{\"@type\":\"ListItem\",\"position\":1,\"name\":\"Strona g\u0142\u00f3wna\",\"item\":\"https:\/\/www.godan.pl\/es\"},{\"@type\":\"ListItem\",\"position\":2,\"name\":\"Cookies policy\"}]},{\"@type\":\"WebSite\",\"@id\":\"https:\/\/www.godan.pl\/fr\/#website\",\"url\":\"https:\/\/www.godan.pl\/fr\/\",\"name\":\"Godan\",\"description\":\"Oferujemy szerok\u0105 ofert\u0119 balon\u00f3w, dekoracji sali, stroj\u00f3w karnawa\u0142owych, artyku\u0142y \u015blubnych i weselnych\",\"publisher\":{\"@id\":\"https:\/\/www.godan.pl\/fr\/#organization\"},\"potentialAction\":[{\"@type\":\"SearchAction\",\"target\":{\"@type\":\"EntryPoint\",\"urlTemplate\":\"https:\/\/www.godan.pl\/fr\/?s={search_term_string}\"},\"query-input\":\"required name=search_term_string\"}],\"inLanguage\":\"es\"},{\"@type\":\"Organization\",\"@id\":\"https:\/\/www.godan.pl\/fr\/#organization\",\"name\":\"GoDan S.A.\",\"url\":\"https:\/\/www.godan.pl\/fr\/\",\"logo\":{\"@type\":\"ImageObject\",\"inLanguage\":\"es\",\"@id\":\"https:\/\/www.godan.pl\/fr\/#\/schema\/logo\/image\/\",\"url\":\"https:\/\/www.godan.pl\/wp-content\/uploads\/2017\/08\/logo-godan-male-1.png\",\"contentUrl\":\"https:\/\/www.godan.pl\/wp-content\/uploads\/2017\/08\/logo-godan-male-1.png\",\"width\":185,\"height\":97,\"caption\":\"GoDan S.A.\"},\"image\":{\"@id\":\"https:\/\/www.godan.pl\/fr\/#\/schema\/logo\/image\/\"}}]}<\/script>\n<!-- \/ Yoast SEO plugin. -->","yoast_head_json":{"title":"Cookies policy - artyku\u0142y imprezowe - Godan S.A.","description":"Cookies policy - artyku\u0142y imprezowe, balony i szeroka gama dekoracji, kostium\u00f3w i przebra\u0144 - Godan S.A.","robots":{"index":"index","follow":"follow","max-snippet":"max-snippet:-1","max-image-preview":"max-image-preview:large","max-video-preview":"max-video-preview:-1"},"canonical":"https:\/\/www.godan.pl\/es\/cookies-policy","og_locale":"es_ES","og_type":"article","og_title":"Cookies policy - artyku\u0142y imprezowe - Godan S.A.","og_description":"Cookies policy - artyku\u0142y imprezowe, balony i szeroka gama dekoracji, kostium\u00f3w i przebra\u0144 - Godan S.A.","og_url":"https:\/\/www.godan.pl\/es\/cookies-policy","og_site_name":"Godan","twitter_card":"summary_large_image","twitter_misc":{"Tiempo de lectura":"5 minutos"},"schema":{"@context":"https:\/\/schema.org","@graph":[{"@type":"WebPage","@id":"https:\/\/www.godan.pl\/es\/cookies-policy","url":"https:\/\/www.godan.pl\/es\/cookies-policy","name":"Cookies policy - artyku\u0142y imprezowe - Godan S.A.","isPartOf":{"@id":"https:\/\/www.godan.pl\/fr\/#website"},"datePublished":"2017-08-04T10:21:31+00:00","dateModified":"2017-08-04T10:21:31+00:00","description":"Cookies policy - artyku\u0142y imprezowe, balony i szeroka gama dekoracji, kostium\u00f3w i przebra\u0144 - Godan S.A.","breadcrumb":{"@id":"https:\/\/www.godan.pl\/es\/cookies-policy#breadcrumb"},"inLanguage":"es","potentialAction":[{"@type":"ReadAction","target":["https:\/\/www.godan.pl\/es\/cookies-policy"]}]},{"@type":"BreadcrumbList","@id":"https:\/\/www.godan.pl\/es\/cookies-policy#breadcrumb","itemListElement":[{"@type":"ListItem","position":1,"name":"Strona g\u0142\u00f3wna","item":"https:\/\/www.godan.pl\/es"},{"@type":"ListItem","position":2,"name":"Cookies policy"}]},{"@type":"WebSite","@id":"https:\/\/www.godan.pl\/fr\/#website","url":"https:\/\/www.godan.pl\/fr\/","name":"Godan","description":"Oferujemy szerok\u0105 ofert\u0119 balon\u00f3w, dekoracji sali, stroj\u00f3w karnawa\u0142owych, artyku\u0142y \u015blubnych i weselnych","publisher":{"@id":"https:\/\/www.godan.pl\/fr\/#organization"},"potentialAction":[{"@type":"SearchAction","target":{"@type":"EntryPoint","urlTemplate":"https:\/\/www.godan.pl\/fr\/?s={search_term_string}"},"query-input":"required name=search_term_string"}],"inLanguage":"es"},{"@type":"Organization","@id":"https:\/\/www.godan.pl\/fr\/#organization","name":"GoDan S.A.","url":"https:\/\/www.godan.pl\/fr\/","logo":{"@type":"ImageObject","inLanguage":"es","@id":"https:\/\/www.godan.pl\/fr\/#\/schema\/logo\/image\/","url":"https:\/\/www.godan.pl\/wp-content\/uploads\/2017\/08\/logo-godan-male-1.png","contentUrl":"https:\/\/www.godan.pl\/wp-content\/uploads\/2017\/08\/logo-godan-male-1.png","width":185,"height":97,"caption":"GoDan S.A."},"image":{"@id":"https:\/\/www.godan.pl\/fr\/#\/schema\/logo\/image\/"}}]}},"_links":{"self":[{"href":"https:\/\/www.godan.pl\/es\/wp-json\/wp\/v2\/pages\/10590"}],"collection":[{"href":"https:\/\/www.godan.pl\/es\/wp-json\/wp\/v2\/pages"}],"about":[{"href":"https:\/\/www.godan.pl\/es\/wp-json\/wp\/v2\/types\/page"}],"author":[{"embeddable":true,"href":"https:\/\/www.godan.pl\/es\/wp-json\/wp\/v2\/users\/1"}],"replies":[{"embeddable":true,"href":"https:\/\/www.godan.pl\/es\/wp-json\/wp\/v2\/comments?post=10590"}],"version-history":[{"count":1,"href":"https:\/\/www.godan.pl\/es\/wp-json\/wp\/v2\/pages\/10590\/revisions"}],"predecessor-version":[{"id":10595,"href":"https:\/\/www.godan.pl\/es\/wp-json\/wp\/v2\/pages\/10590\/revisions\/10595"}],"wp:attachment":[{"href":"https:\/\/www.godan.pl\/es\/wp-json\/wp\/v2\/media?parent=10590"}],"curies":[{"name":"wp","href":"https:\/\/api.w.org\/{rel}","templated":true}]}}