{"id":7787,"date":"2017-06-02T13:07:48","date_gmt":"2017-06-02T13:07:48","guid":{"rendered":"https:\/\/www.godan.pl\/oferta\/produkcja-slomek\/"},"modified":"2017-07-21T17:44:33","modified_gmt":"2017-07-21T17:44:33","slug":"production-of-straws","status":"publish","type":"page","link":"https:\/\/www.godan.pl\/en\/offer\/production-of-straws","title":{"rendered":"Production of straws"},"content":{"rendered":"<p>We produce straws for beverages.<\/p>\n<p class=\"paragraph__no__margin\">In our offer we have:<\/p>\n<ul>\n<li>broken straws with a diameter of 4.8 mm and length of 21 cm,<\/li>\n<li>straight straws with a diameter of 3 mm and of 10 mm with various length.<\/li>\n<\/ul>\n<p>Our straws are made of polypropylene and meet all quality standards for articles that are in contact with food.<\/p>\n<p>We invite you to cooperate with us!<\/p>\n<p><img loading=\"lazy\" decoding=\"async\" width=\"945\" height=\"245\" class=\"aligncenter size-full wp-image-7084\" src=\"https:\/\/www.godan.pl\/wp-content\/uploads\/2017\/06\/slomki_rurki_producent.jpg\" alt=\"Producent s\u0142omek do picia, hurtownia\" srcset=\"https:\/\/www.godan.pl\/wp-content\/uploads\/2017\/06\/slomki_rurki_producent.jpg 945w, https:\/\/www.godan.pl\/wp-content\/uploads\/2017\/06\/slomki_rurki_producent-300x78.jpg 300w, https:\/\/www.godan.pl\/wp-content\/uploads\/2017\/06\/slomki_rurki_producent-768x199.jpg 768w, https:\/\/www.godan.pl\/wp-content\/uploads\/2017\/06\/slomki_rurki_producent-200x52.jpg 200w\" sizes=\"(max-width: 945px) 100vw, 945px\" \/><\/p>\n<h2>Why straws from GoDan?<\/h2>\n<ul>\n<li>We have our own modern machine park, which allows us to quickly produce straws and pipes for individual needs of our customers.<\/li>\n<li>Thanks to our own production we have full supervision over the high quality of the produced straws.<\/li>\n<li>We can adjust the product in terms of diameter, wall thickness and straw length.<\/li>\n<li>We offer a rich palette of colours, including metalized colours.<\/li>\n<li>We produce straight and broken straws.<\/li>\n<\/ul>\n<p><img loading=\"lazy\" decoding=\"async\" width=\"725\" height=\"200\" class=\"aligncenter size-full wp-image-6898\" src=\"https:\/\/www.godan.pl\/wp-content\/uploads\/2017\/06\/slomki2.jpg\" alt=\"Hurtownia s\u0142omek do picia.\" srcset=\"https:\/\/www.godan.pl\/wp-content\/uploads\/2017\/06\/slomki2.jpg 725w, https:\/\/www.godan.pl\/wp-content\/uploads\/2017\/06\/slomki2-300x83.jpg 300w, https:\/\/www.godan.pl\/wp-content\/uploads\/2017\/06\/slomki2-200x55.jpg 200w\" sizes=\"(max-width: 725px) 100vw, 725px\" \/><\/p>\n<p><strong>We offer the production<\/strong> of single colour, two colour and three- colour straws obtained as a combination of base (white colour) and two additional colours.<\/p>\n<p><img loading=\"lazy\" decoding=\"async\" width=\"725\" height=\"200\" class=\"aligncenter size-full wp-image-6904\" src=\"https:\/\/www.godan.pl\/wp-content\/uploads\/2017\/06\/slomki3.jpg\" alt=\"Rurki, s\u0142omki do picia - produkcja, hurt, kolory.\" srcset=\"https:\/\/www.godan.pl\/wp-content\/uploads\/2017\/06\/slomki3.jpg 725w, https:\/\/www.godan.pl\/wp-content\/uploads\/2017\/06\/slomki3-300x83.jpg 300w, https:\/\/www.godan.pl\/wp-content\/uploads\/2017\/06\/slomki3-200x55.jpg 200w\" sizes=\"(max-width: 725px) 100vw, 725px\" \/><\/p>\n<p class=\"paragraph__no__margin\"><strong>Depending on your needs and requirements, our straws can be packed:<\/strong><\/p>\n<ul>\n<li>individually in paper packages (straight tube only),<\/li>\n<li>by machine in sets (40, 50, 100, 250 pcs) in polypropylene films or in bags (20, 40, 500, 1000 pcs) from OPP and CPP films.<\/li>\n<\/ul>\n<p>Then the straws are packed into bulk cartons and pallets (depending on order size).<\/p>\n","protected":false},"excerpt":{"rendered":"<p>We produce straws for beverages. In our offer we have: broken straws with a diameter of 4.8 mm and length of 21 cm, straight straws with a diameter of 3 mm and of 10 mm with various length. Our straws are made of polypropylene and meet all quality standards for articles that are in contact [&hellip;]<\/p>\n","protected":false},"author":1,"featured_media":0,"parent":7677,"menu_order":0,"comment_status":"closed","ping_status":"closed","template":"template-formularz_sidebar.php","meta":{"_acf_changed":false,"footnotes":""},"class_list":["post-7787","page","type-page","status-publish","hentry"],"acf":[],"yoast_head":"<!-- This site is optimized with the Yoast SEO plugin v20.11 - https:\/\/yoast.com\/wordpress\/plugins\/seo\/ -->\n<title>S\u0142omki, rurki do napoj\u00f3w, producent rurek i s\u0142omek, sprzeda\u017c hurtowa detal: GoDan SA<\/title>\n<meta name=\"description\" content=\"Jeste\u015bmy producentem s\u0142omek, oferujemy rurki proste i sk\u0142adane (kolankowe). Bogata oferta wzor\u00f3w i kolor\u00f3w. Sprzeda\u017c hurtowa i detaliczna. Zapraszamy!\" \/>\n<meta name=\"robots\" content=\"index, follow, max-snippet:-1, max-image-preview:large, max-video-preview:-1\" \/>\n<link rel=\"canonical\" href=\"https:\/\/www.godan.pl\/en\/offer\/production-of-straws\" \/>\n<meta property=\"og:locale\" content=\"en_US\" \/>\n<meta property=\"og:type\" content=\"article\" \/>\n<meta property=\"og:title\" content=\"S\u0142omki, rurki do napoj\u00f3w, producent rurek i s\u0142omek, sprzeda\u017c hurtowa detal: GoDan SA\" \/>\n<meta property=\"og:description\" content=\"Jeste\u015bmy producentem s\u0142omek, oferujemy rurki proste i sk\u0142adane (kolankowe). Bogata oferta wzor\u00f3w i kolor\u00f3w. Sprzeda\u017c hurtowa i detaliczna. Zapraszamy!\" \/>\n<meta property=\"og:url\" content=\"https:\/\/www.godan.pl\/en\/offer\/production-of-straws\" \/>\n<meta property=\"og:site_name\" content=\"Godan\" \/>\n<meta property=\"article:modified_time\" content=\"2017-07-21T17:44:33+00:00\" \/>\n<meta property=\"og:image\" content=\"https:\/\/www.godan.pl\/wp-content\/uploads\/2017\/06\/slomki_rurki_producent.jpg\" \/>\n<meta name=\"twitter:card\" content=\"summary_large_image\" \/>\n<meta name=\"twitter:label1\" content=\"Est. reading time\" \/>\n\t<meta name=\"twitter:data1\" content=\"1 minute\" \/>\n<script type=\"application\/ld+json\" class=\"yoast-schema-graph\">{\"@context\":\"https:\/\/schema.org\",\"@graph\":[{\"@type\":\"WebPage\",\"@id\":\"https:\/\/www.godan.pl\/en\/offer\/production-of-straws\",\"url\":\"https:\/\/www.godan.pl\/en\/offer\/production-of-straws\",\"name\":\"S\u0142omki, rurki do napoj\u00f3w, producent rurek i s\u0142omek, sprzeda\u017c hurtowa detal: GoDan SA\",\"isPartOf\":{\"@id\":\"https:\/\/www.godan.pl\/fr\/#website\"},\"datePublished\":\"2017-06-02T13:07:48+00:00\",\"dateModified\":\"2017-07-21T17:44:33+00:00\",\"description\":\"Jeste\u015bmy producentem s\u0142omek, oferujemy rurki proste i sk\u0142adane (kolankowe). Bogata oferta wzor\u00f3w i kolor\u00f3w. Sprzeda\u017c hurtowa i detaliczna. Zapraszamy!\",\"breadcrumb\":{\"@id\":\"https:\/\/www.godan.pl\/en\/offer\/production-of-straws#breadcrumb\"},\"inLanguage\":\"en-US\",\"potentialAction\":[{\"@type\":\"ReadAction\",\"target\":[\"https:\/\/www.godan.pl\/en\/offer\/production-of-straws\"]}]},{\"@type\":\"BreadcrumbList\",\"@id\":\"https:\/\/www.godan.pl\/en\/offer\/production-of-straws#breadcrumb\",\"itemListElement\":[{\"@type\":\"ListItem\",\"position\":1,\"name\":\"Strona g\u0142\u00f3wna\",\"item\":\"https:\/\/www.godan.pl\/en\"},{\"@type\":\"ListItem\",\"position\":2,\"name\":\"Offer\",\"item\":\"https:\/\/www.godan.pl\/en\/offer\"},{\"@type\":\"ListItem\",\"position\":3,\"name\":\"Production of straws\"}]},{\"@type\":\"WebSite\",\"@id\":\"https:\/\/www.godan.pl\/fr\/#website\",\"url\":\"https:\/\/www.godan.pl\/fr\/\",\"name\":\"Godan\",\"description\":\"Oferujemy szerok\u0105 ofert\u0119 balon\u00f3w, dekoracji sali, stroj\u00f3w karnawa\u0142owych, artyku\u0142y \u015blubnych i weselnych\",\"publisher\":{\"@id\":\"https:\/\/www.godan.pl\/fr\/#organization\"},\"potentialAction\":[{\"@type\":\"SearchAction\",\"target\":{\"@type\":\"EntryPoint\",\"urlTemplate\":\"https:\/\/www.godan.pl\/fr\/?s={search_term_string}\"},\"query-input\":\"required name=search_term_string\"}],\"inLanguage\":\"en-US\"},{\"@type\":\"Organization\",\"@id\":\"https:\/\/www.godan.pl\/fr\/#organization\",\"name\":\"GoDan S.A.\",\"url\":\"https:\/\/www.godan.pl\/fr\/\",\"logo\":{\"@type\":\"ImageObject\",\"inLanguage\":\"en-US\",\"@id\":\"https:\/\/www.godan.pl\/fr\/#\/schema\/logo\/image\/\",\"url\":\"https:\/\/www.godan.pl\/wp-content\/uploads\/2017\/08\/logo-godan-male-1.png\",\"contentUrl\":\"https:\/\/www.godan.pl\/wp-content\/uploads\/2017\/08\/logo-godan-male-1.png\",\"width\":185,\"height\":97,\"caption\":\"GoDan S.A.\"},\"image\":{\"@id\":\"https:\/\/www.godan.pl\/fr\/#\/schema\/logo\/image\/\"}}]}<\/script>\n<!-- \/ Yoast SEO plugin. -->","yoast_head_json":{"title":"S\u0142omki, rurki do napoj\u00f3w, producent rurek i s\u0142omek, sprzeda\u017c hurtowa detal: GoDan SA","description":"Jeste\u015bmy producentem s\u0142omek, oferujemy rurki proste i sk\u0142adane (kolankowe). Bogata oferta wzor\u00f3w i kolor\u00f3w. Sprzeda\u017c hurtowa i detaliczna. Zapraszamy!","robots":{"index":"index","follow":"follow","max-snippet":"max-snippet:-1","max-image-preview":"max-image-preview:large","max-video-preview":"max-video-preview:-1"},"canonical":"https:\/\/www.godan.pl\/en\/offer\/production-of-straws","og_locale":"en_US","og_type":"article","og_title":"S\u0142omki, rurki do napoj\u00f3w, producent rurek i s\u0142omek, sprzeda\u017c hurtowa detal: GoDan SA","og_description":"Jeste\u015bmy producentem s\u0142omek, oferujemy rurki proste i sk\u0142adane (kolankowe). Bogata oferta wzor\u00f3w i kolor\u00f3w. Sprzeda\u017c hurtowa i detaliczna. Zapraszamy!","og_url":"https:\/\/www.godan.pl\/en\/offer\/production-of-straws","og_site_name":"Godan","article_modified_time":"2017-07-21T17:44:33+00:00","og_image":[{"url":"https:\/\/www.godan.pl\/wp-content\/uploads\/2017\/06\/slomki_rurki_producent.jpg"}],"twitter_card":"summary_large_image","twitter_misc":{"Est. reading time":"1 minute"},"schema":{"@context":"https:\/\/schema.org","@graph":[{"@type":"WebPage","@id":"https:\/\/www.godan.pl\/en\/offer\/production-of-straws","url":"https:\/\/www.godan.pl\/en\/offer\/production-of-straws","name":"S\u0142omki, rurki do napoj\u00f3w, producent rurek i s\u0142omek, sprzeda\u017c hurtowa detal: GoDan SA","isPartOf":{"@id":"https:\/\/www.godan.pl\/fr\/#website"},"datePublished":"2017-06-02T13:07:48+00:00","dateModified":"2017-07-21T17:44:33+00:00","description":"Jeste\u015bmy producentem s\u0142omek, oferujemy rurki proste i sk\u0142adane (kolankowe). Bogata oferta wzor\u00f3w i kolor\u00f3w. Sprzeda\u017c hurtowa i detaliczna. Zapraszamy!","breadcrumb":{"@id":"https:\/\/www.godan.pl\/en\/offer\/production-of-straws#breadcrumb"},"inLanguage":"en-US","potentialAction":[{"@type":"ReadAction","target":["https:\/\/www.godan.pl\/en\/offer\/production-of-straws"]}]},{"@type":"BreadcrumbList","@id":"https:\/\/www.godan.pl\/en\/offer\/production-of-straws#breadcrumb","itemListElement":[{"@type":"ListItem","position":1,"name":"Strona g\u0142\u00f3wna","item":"https:\/\/www.godan.pl\/en"},{"@type":"ListItem","position":2,"name":"Offer","item":"https:\/\/www.godan.pl\/en\/offer"},{"@type":"ListItem","position":3,"name":"Production of straws"}]},{"@type":"WebSite","@id":"https:\/\/www.godan.pl\/fr\/#website","url":"https:\/\/www.godan.pl\/fr\/","name":"Godan","description":"Oferujemy szerok\u0105 ofert\u0119 balon\u00f3w, dekoracji sali, stroj\u00f3w karnawa\u0142owych, artyku\u0142y \u015blubnych i weselnych","publisher":{"@id":"https:\/\/www.godan.pl\/fr\/#organization"},"potentialAction":[{"@type":"SearchAction","target":{"@type":"EntryPoint","urlTemplate":"https:\/\/www.godan.pl\/fr\/?s={search_term_string}"},"query-input":"required name=search_term_string"}],"inLanguage":"en-US"},{"@type":"Organization","@id":"https:\/\/www.godan.pl\/fr\/#organization","name":"GoDan S.A.","url":"https:\/\/www.godan.pl\/fr\/","logo":{"@type":"ImageObject","inLanguage":"en-US","@id":"https:\/\/www.godan.pl\/fr\/#\/schema\/logo\/image\/","url":"https:\/\/www.godan.pl\/wp-content\/uploads\/2017\/08\/logo-godan-male-1.png","contentUrl":"https:\/\/www.godan.pl\/wp-content\/uploads\/2017\/08\/logo-godan-male-1.png","width":185,"height":97,"caption":"GoDan S.A."},"image":{"@id":"https:\/\/www.godan.pl\/fr\/#\/schema\/logo\/image\/"}}]}},"_links":{"self":[{"href":"https:\/\/www.godan.pl\/en\/wp-json\/wp\/v2\/pages\/7787"}],"collection":[{"href":"https:\/\/www.godan.pl\/en\/wp-json\/wp\/v2\/pages"}],"about":[{"href":"https:\/\/www.godan.pl\/en\/wp-json\/wp\/v2\/types\/page"}],"author":[{"embeddable":true,"href":"https:\/\/www.godan.pl\/en\/wp-json\/wp\/v2\/users\/1"}],"replies":[{"embeddable":true,"href":"https:\/\/www.godan.pl\/en\/wp-json\/wp\/v2\/comments?post=7787"}],"version-history":[{"count":10,"href":"https:\/\/www.godan.pl\/en\/wp-json\/wp\/v2\/pages\/7787\/revisions"}],"predecessor-version":[{"id":10149,"href":"https:\/\/www.godan.pl\/en\/wp-json\/wp\/v2\/pages\/7787\/revisions\/10149"}],"up":[{"embeddable":true,"href":"https:\/\/www.godan.pl\/en\/wp-json\/wp\/v2\/pages\/7677"}],"wp:attachment":[{"href":"https:\/\/www.godan.pl\/en\/wp-json\/wp\/v2\/media?parent=7787"}],"curies":[{"name":"wp","href":"https:\/\/api.w.org\/{rel}","templated":true}]}}