{"id":7757,"date":"2017-06-14T12:42:14","date_gmt":"2017-06-14T12:42:14","guid":{"rendered":"https:\/\/www.godan.pl\/oferta\/nasze-katalogi\/moje-urodziny\/"},"modified":"2017-06-26T10:22:01","modified_gmt":"2017-06-26T10:22:01","slug":"moje-urodziny","status":"publish","type":"page","link":"https:\/\/www.godan.pl\/en\/offer\/our-catalogues\/moje-urodziny","title":{"rendered":"Moje urodziny"},"content":{"rendered":"","protected":false},"excerpt":{"rendered":"","protected":false},"author":1,"featured_media":0,"parent":7707,"menu_order":0,"comment_status":"closed","ping_status":"closed","template":"template-pdf.php","meta":{"_acf_changed":false,"footnotes":""},"class_list":["post-7757","page","type-page","status-publish","hentry"],"acf":[],"yoast_head":"<!-- This site is optimized with the Yoast SEO plugin v20.11 - https:\/\/yoast.com\/wordpress\/plugins\/seo\/ -->\n<title>Moje urodziny - artyku\u0142y imprezowe - Godan S.A.<\/title>\n<meta name=\"description\" content=\"Moje urodziny - artyku\u0142y imprezowe, balony i szeroka gama dekoracji, kostium\u00f3w i przebra\u0144 - Godan S.A.\" \/>\n<meta name=\"robots\" content=\"index, follow, max-snippet:-1, max-image-preview:large, max-video-preview:-1\" \/>\n<link rel=\"canonical\" href=\"https:\/\/www.godan.pl\/en\/offer\/our-catalogues\/moje-urodziny\" \/>\n<meta property=\"og:locale\" content=\"en_US\" \/>\n<meta property=\"og:type\" content=\"article\" \/>\n<meta property=\"og:title\" content=\"Moje urodziny - artyku\u0142y imprezowe - Godan S.A.\" \/>\n<meta property=\"og:description\" content=\"Moje urodziny - artyku\u0142y imprezowe, balony i szeroka gama dekoracji, kostium\u00f3w i przebra\u0144 - Godan S.A.\" \/>\n<meta property=\"og:url\" content=\"https:\/\/www.godan.pl\/en\/offer\/our-catalogues\/moje-urodziny\" \/>\n<meta property=\"og:site_name\" content=\"Godan\" \/>\n<meta property=\"article:modified_time\" content=\"2017-06-26T10:22:01+00:00\" \/>\n<meta name=\"twitter:card\" content=\"summary_large_image\" \/>\n<script type=\"application\/ld+json\" class=\"yoast-schema-graph\">{\"@context\":\"https:\/\/schema.org\",\"@graph\":[{\"@type\":\"WebPage\",\"@id\":\"https:\/\/www.godan.pl\/en\/offer\/our-catalogues\/moje-urodziny\",\"url\":\"https:\/\/www.godan.pl\/en\/offer\/our-catalogues\/moje-urodziny\",\"name\":\"Moje urodziny - artyku\u0142y imprezowe - Godan S.A.\",\"isPartOf\":{\"@id\":\"https:\/\/www.godan.pl\/fr\/#website\"},\"datePublished\":\"2017-06-14T12:42:14+00:00\",\"dateModified\":\"2017-06-26T10:22:01+00:00\",\"description\":\"Moje urodziny - artyku\u0142y imprezowe, balony i szeroka gama dekoracji, kostium\u00f3w i przebra\u0144 - Godan S.A.\",\"breadcrumb\":{\"@id\":\"https:\/\/www.godan.pl\/en\/offer\/our-catalogues\/moje-urodziny#breadcrumb\"},\"inLanguage\":\"en-US\",\"potentialAction\":[{\"@type\":\"ReadAction\",\"target\":[\"https:\/\/www.godan.pl\/en\/offer\/our-catalogues\/moje-urodziny\"]}]},{\"@type\":\"BreadcrumbList\",\"@id\":\"https:\/\/www.godan.pl\/en\/offer\/our-catalogues\/moje-urodziny#breadcrumb\",\"itemListElement\":[{\"@type\":\"ListItem\",\"position\":1,\"name\":\"Strona g\u0142\u00f3wna\",\"item\":\"https:\/\/www.godan.pl\/en\"},{\"@type\":\"ListItem\",\"position\":2,\"name\":\"Offer\",\"item\":\"https:\/\/www.godan.pl\/en\/offer\"},{\"@type\":\"ListItem\",\"position\":3,\"name\":\"Our catalogues\",\"item\":\"https:\/\/www.godan.pl\/en\/offer\/our-catalogues\"},{\"@type\":\"ListItem\",\"position\":4,\"name\":\"Moje urodziny\"}]},{\"@type\":\"WebSite\",\"@id\":\"https:\/\/www.godan.pl\/fr\/#website\",\"url\":\"https:\/\/www.godan.pl\/fr\/\",\"name\":\"Godan\",\"description\":\"Oferujemy szerok\u0105 ofert\u0119 balon\u00f3w, dekoracji sali, stroj\u00f3w karnawa\u0142owych, artyku\u0142y \u015blubnych i weselnych\",\"publisher\":{\"@id\":\"https:\/\/www.godan.pl\/fr\/#organization\"},\"potentialAction\":[{\"@type\":\"SearchAction\",\"target\":{\"@type\":\"EntryPoint\",\"urlTemplate\":\"https:\/\/www.godan.pl\/fr\/?s={search_term_string}\"},\"query-input\":\"required name=search_term_string\"}],\"inLanguage\":\"en-US\"},{\"@type\":\"Organization\",\"@id\":\"https:\/\/www.godan.pl\/fr\/#organization\",\"name\":\"GoDan S.A.\",\"url\":\"https:\/\/www.godan.pl\/fr\/\",\"logo\":{\"@type\":\"ImageObject\",\"inLanguage\":\"en-US\",\"@id\":\"https:\/\/www.godan.pl\/fr\/#\/schema\/logo\/image\/\",\"url\":\"https:\/\/www.godan.pl\/wp-content\/uploads\/2017\/08\/logo-godan-male-1.png\",\"contentUrl\":\"https:\/\/www.godan.pl\/wp-content\/uploads\/2017\/08\/logo-godan-male-1.png\",\"width\":185,\"height\":97,\"caption\":\"GoDan S.A.\"},\"image\":{\"@id\":\"https:\/\/www.godan.pl\/fr\/#\/schema\/logo\/image\/\"}}]}<\/script>\n<!-- \/ Yoast SEO plugin. -->","yoast_head_json":{"title":"Moje urodziny - artyku\u0142y imprezowe - Godan S.A.","description":"Moje urodziny - artyku\u0142y imprezowe, balony i szeroka gama dekoracji, kostium\u00f3w i przebra\u0144 - Godan S.A.","robots":{"index":"index","follow":"follow","max-snippet":"max-snippet:-1","max-image-preview":"max-image-preview:large","max-video-preview":"max-video-preview:-1"},"canonical":"https:\/\/www.godan.pl\/en\/offer\/our-catalogues\/moje-urodziny","og_locale":"en_US","og_type":"article","og_title":"Moje urodziny - artyku\u0142y imprezowe - Godan S.A.","og_description":"Moje urodziny - artyku\u0142y imprezowe, balony i szeroka gama dekoracji, kostium\u00f3w i przebra\u0144 - Godan S.A.","og_url":"https:\/\/www.godan.pl\/en\/offer\/our-catalogues\/moje-urodziny","og_site_name":"Godan","article_modified_time":"2017-06-26T10:22:01+00:00","twitter_card":"summary_large_image","schema":{"@context":"https:\/\/schema.org","@graph":[{"@type":"WebPage","@id":"https:\/\/www.godan.pl\/en\/offer\/our-catalogues\/moje-urodziny","url":"https:\/\/www.godan.pl\/en\/offer\/our-catalogues\/moje-urodziny","name":"Moje urodziny - artyku\u0142y imprezowe - Godan S.A.","isPartOf":{"@id":"https:\/\/www.godan.pl\/fr\/#website"},"datePublished":"2017-06-14T12:42:14+00:00","dateModified":"2017-06-26T10:22:01+00:00","description":"Moje urodziny - artyku\u0142y imprezowe, balony i szeroka gama dekoracji, kostium\u00f3w i przebra\u0144 - Godan S.A.","breadcrumb":{"@id":"https:\/\/www.godan.pl\/en\/offer\/our-catalogues\/moje-urodziny#breadcrumb"},"inLanguage":"en-US","potentialAction":[{"@type":"ReadAction","target":["https:\/\/www.godan.pl\/en\/offer\/our-catalogues\/moje-urodziny"]}]},{"@type":"BreadcrumbList","@id":"https:\/\/www.godan.pl\/en\/offer\/our-catalogues\/moje-urodziny#breadcrumb","itemListElement":[{"@type":"ListItem","position":1,"name":"Strona g\u0142\u00f3wna","item":"https:\/\/www.godan.pl\/en"},{"@type":"ListItem","position":2,"name":"Offer","item":"https:\/\/www.godan.pl\/en\/offer"},{"@type":"ListItem","position":3,"name":"Our catalogues","item":"https:\/\/www.godan.pl\/en\/offer\/our-catalogues"},{"@type":"ListItem","position":4,"name":"Moje urodziny"}]},{"@type":"WebSite","@id":"https:\/\/www.godan.pl\/fr\/#website","url":"https:\/\/www.godan.pl\/fr\/","name":"Godan","description":"Oferujemy szerok\u0105 ofert\u0119 balon\u00f3w, dekoracji sali, stroj\u00f3w karnawa\u0142owych, artyku\u0142y \u015blubnych i weselnych","publisher":{"@id":"https:\/\/www.godan.pl\/fr\/#organization"},"potentialAction":[{"@type":"SearchAction","target":{"@type":"EntryPoint","urlTemplate":"https:\/\/www.godan.pl\/fr\/?s={search_term_string}"},"query-input":"required name=search_term_string"}],"inLanguage":"en-US"},{"@type":"Organization","@id":"https:\/\/www.godan.pl\/fr\/#organization","name":"GoDan S.A.","url":"https:\/\/www.godan.pl\/fr\/","logo":{"@type":"ImageObject","inLanguage":"en-US","@id":"https:\/\/www.godan.pl\/fr\/#\/schema\/logo\/image\/","url":"https:\/\/www.godan.pl\/wp-content\/uploads\/2017\/08\/logo-godan-male-1.png","contentUrl":"https:\/\/www.godan.pl\/wp-content\/uploads\/2017\/08\/logo-godan-male-1.png","width":185,"height":97,"caption":"GoDan S.A."},"image":{"@id":"https:\/\/www.godan.pl\/fr\/#\/schema\/logo\/image\/"}}]}},"_links":{"self":[{"href":"https:\/\/www.godan.pl\/en\/wp-json\/wp\/v2\/pages\/7757"}],"collection":[{"href":"https:\/\/www.godan.pl\/en\/wp-json\/wp\/v2\/pages"}],"about":[{"href":"https:\/\/www.godan.pl\/en\/wp-json\/wp\/v2\/types\/page"}],"author":[{"embeddable":true,"href":"https:\/\/www.godan.pl\/en\/wp-json\/wp\/v2\/users\/1"}],"replies":[{"embeddable":true,"href":"https:\/\/www.godan.pl\/en\/wp-json\/wp\/v2\/comments?post=7757"}],"version-history":[{"count":1,"href":"https:\/\/www.godan.pl\/en\/wp-json\/wp\/v2\/pages\/7757\/revisions"}],"predecessor-version":[{"id":7762,"href":"https:\/\/www.godan.pl\/en\/wp-json\/wp\/v2\/pages\/7757\/revisions\/7762"}],"up":[{"embeddable":true,"href":"https:\/\/www.godan.pl\/en\/wp-json\/wp\/v2\/pages\/7707"}],"wp:attachment":[{"href":"https:\/\/www.godan.pl\/en\/wp-json\/wp\/v2\/media?parent=7757"}],"curies":[{"name":"wp","href":"https:\/\/api.w.org\/{rel}","templated":true}]}}