{"id":7667,"date":"2017-05-31T08:33:38","date_gmt":"2017-05-31T08:33:38","guid":{"rendered":"https:\/\/www.godan.pl\/o-firmie\/partnerzy-dostawcy\/"},"modified":"2017-07-21T17:41:49","modified_gmt":"2017-07-21T17:41:49","slug":"partners-and-suppliers","status":"publish","type":"page","link":"https:\/\/www.godan.pl\/en\/about-company\/partners-and-suppliers","title":{"rendered":"Partners and suppliers"},"content":{"rendered":"<p>In GoDan we rely on proven, qualified partners with a well-established position on the world markets. As the industry leader in Poland, we work with the best, from whom we can draw inspiration and whose products are a brand themselves.<br \/>\nOur business partners are companies from Poland, the European Union, the United States and Asia, which are active in the international markets, which is the reference point for the worldwide market of Party articles and balloons.<br \/>\nWe prefer long-term contracts. We have contracts for exclusive sales of products on the Polish market with many suppliers.<\/p>\n<p><img loading=\"lazy\" decoding=\"async\" width=\"1024\" height=\"105\" class=\"aligncenter size-large wp-image-7103\" src=\"https:\/\/www.godan.pl\/wp-content\/uploads\/2017\/05\/nasi_partnerzy-1024x105.jpg\" alt=\"GoDan - Nasi Partnerzy\" srcset=\"https:\/\/www.godan.pl\/wp-content\/uploads\/2017\/05\/nasi_partnerzy-1024x105.jpg 1024w, https:\/\/www.godan.pl\/wp-content\/uploads\/2017\/05\/nasi_partnerzy-300x31.jpg 300w, https:\/\/www.godan.pl\/wp-content\/uploads\/2017\/05\/nasi_partnerzy-768x78.jpg 768w, https:\/\/www.godan.pl\/wp-content\/uploads\/2017\/05\/nasi_partnerzy-200x20.jpg 200w, https:\/\/www.godan.pl\/wp-content\/uploads\/2017\/05\/nasi_partnerzy.jpg 1215w\" sizes=\"(max-width: 1024px) 100vw, 1024px\" \/><\/p>\n<p class=\"paragraph__no__margin\">Our key partners are:\n<\/p>\n<ul class=\"star \">\n<li>Gemar &#8211; the largest latex balloon factory in Europe and one of the largest factories in the world. It has a very wide range of products, including printed balloons.<\/li>\n<li>Qualatex &#8211; American factory of latex, foil and &#8220;bubbles&#8221; balloons. It offers products of the highest quality, used for decoration by professionals.<\/li>\n<li>Procos &#8211; a company specializing in party license products. Currently being a European leader and one of the largest Disney licensees.<\/li>\n<li>Flexmetal &#8211; a company known throughout Europe for foil balloons.<\/li>\n<li>Anagram &#8211; a recognized producer of licensed foil balloons from the USA.<\/li>\n<\/ul>\n","protected":false},"excerpt":{"rendered":"<p>In GoDan we rely on proven, qualified partners with a well-established position on the world markets. As the industry leader in Poland, we work with the best, from whom we can draw inspiration and whose products are a brand themselves. Our business partners are companies from Poland, the European Union, the United States and Asia, [&hellip;]<\/p>\n","protected":false},"author":1,"featured_media":0,"parent":3209,"menu_order":0,"comment_status":"closed","ping_status":"closed","template":"","meta":{"_acf_changed":false,"footnotes":""},"class_list":["post-7667","page","type-page","status-publish","hentry"],"acf":[],"yoast_head":"<!-- This site is optimized with the Yoast SEO plugin v20.11 - https:\/\/yoast.com\/wordpress\/plugins\/seo\/ -->\n<title>Nasi kluczowi partnerzy biznesowi oraz dostawcy: GoDan SA<\/title>\n<meta name=\"description\" content=\"GoDan stawiamy na sprawdzonych, kwalifikowanych partner\u00f3w z ugruntowan\u0105 pozycj\u0105 na rynkach \u015bwiatowych.\" \/>\n<meta name=\"robots\" content=\"index, follow, max-snippet:-1, max-image-preview:large, max-video-preview:-1\" \/>\n<link rel=\"canonical\" href=\"https:\/\/www.godan.pl\/en\/about-company\/partners-and-suppliers\" \/>\n<meta property=\"og:locale\" content=\"en_US\" \/>\n<meta property=\"og:type\" content=\"article\" \/>\n<meta property=\"og:title\" content=\"Nasi kluczowi partnerzy biznesowi oraz dostawcy: GoDan SA\" \/>\n<meta property=\"og:description\" content=\"GoDan stawiamy na sprawdzonych, kwalifikowanych partner\u00f3w z ugruntowan\u0105 pozycj\u0105 na rynkach \u015bwiatowych.\" \/>\n<meta property=\"og:url\" content=\"https:\/\/www.godan.pl\/en\/about-company\/partners-and-suppliers\" \/>\n<meta property=\"og:site_name\" content=\"Godan\" \/>\n<meta property=\"article:modified_time\" content=\"2017-07-21T17:41:49+00:00\" \/>\n<meta property=\"og:image\" content=\"https:\/\/www.godan.pl\/wp-content\/uploads\/2017\/05\/nasi_partnerzy-1024x105.jpg\" \/>\n<meta name=\"twitter:card\" content=\"summary_large_image\" \/>\n<meta name=\"twitter:label1\" content=\"Est. reading time\" \/>\n\t<meta name=\"twitter:data1\" content=\"1 minute\" \/>\n<script type=\"application\/ld+json\" class=\"yoast-schema-graph\">{\"@context\":\"https:\/\/schema.org\",\"@graph\":[{\"@type\":\"WebPage\",\"@id\":\"https:\/\/www.godan.pl\/en\/about-company\/partners-and-suppliers\",\"url\":\"https:\/\/www.godan.pl\/en\/about-company\/partners-and-suppliers\",\"name\":\"Nasi kluczowi partnerzy biznesowi oraz dostawcy: GoDan SA\",\"isPartOf\":{\"@id\":\"https:\/\/www.godan.pl\/fr\/#website\"},\"datePublished\":\"2017-05-31T08:33:38+00:00\",\"dateModified\":\"2017-07-21T17:41:49+00:00\",\"description\":\"GoDan stawiamy na sprawdzonych, kwalifikowanych partner\u00f3w z ugruntowan\u0105 pozycj\u0105 na rynkach \u015bwiatowych.\",\"breadcrumb\":{\"@id\":\"https:\/\/www.godan.pl\/en\/about-company\/partners-and-suppliers#breadcrumb\"},\"inLanguage\":\"en-US\",\"potentialAction\":[{\"@type\":\"ReadAction\",\"target\":[\"https:\/\/www.godan.pl\/en\/about-company\/partners-and-suppliers\"]}]},{\"@type\":\"BreadcrumbList\",\"@id\":\"https:\/\/www.godan.pl\/en\/about-company\/partners-and-suppliers#breadcrumb\",\"itemListElement\":[{\"@type\":\"ListItem\",\"position\":1,\"name\":\"Strona g\u0142\u00f3wna\",\"item\":\"https:\/\/www.godan.pl\/en\"},{\"@type\":\"ListItem\",\"position\":2,\"name\":\"About company\",\"item\":\"https:\/\/www.godan.pl\/en\/about-company\"},{\"@type\":\"ListItem\",\"position\":3,\"name\":\"Partners and suppliers\"}]},{\"@type\":\"WebSite\",\"@id\":\"https:\/\/www.godan.pl\/fr\/#website\",\"url\":\"https:\/\/www.godan.pl\/fr\/\",\"name\":\"Godan\",\"description\":\"Oferujemy szerok\u0105 ofert\u0119 balon\u00f3w, dekoracji sali, stroj\u00f3w karnawa\u0142owych, artyku\u0142y \u015blubnych i weselnych\",\"publisher\":{\"@id\":\"https:\/\/www.godan.pl\/fr\/#organization\"},\"potentialAction\":[{\"@type\":\"SearchAction\",\"target\":{\"@type\":\"EntryPoint\",\"urlTemplate\":\"https:\/\/www.godan.pl\/fr\/?s={search_term_string}\"},\"query-input\":\"required name=search_term_string\"}],\"inLanguage\":\"en-US\"},{\"@type\":\"Organization\",\"@id\":\"https:\/\/www.godan.pl\/fr\/#organization\",\"name\":\"GoDan S.A.\",\"url\":\"https:\/\/www.godan.pl\/fr\/\",\"logo\":{\"@type\":\"ImageObject\",\"inLanguage\":\"en-US\",\"@id\":\"https:\/\/www.godan.pl\/fr\/#\/schema\/logo\/image\/\",\"url\":\"https:\/\/www.godan.pl\/wp-content\/uploads\/2017\/08\/logo-godan-male-1.png\",\"contentUrl\":\"https:\/\/www.godan.pl\/wp-content\/uploads\/2017\/08\/logo-godan-male-1.png\",\"width\":185,\"height\":97,\"caption\":\"GoDan S.A.\"},\"image\":{\"@id\":\"https:\/\/www.godan.pl\/fr\/#\/schema\/logo\/image\/\"}}]}<\/script>\n<!-- \/ Yoast SEO plugin. -->","yoast_head_json":{"title":"Nasi kluczowi partnerzy biznesowi oraz dostawcy: GoDan SA","description":"GoDan stawiamy na sprawdzonych, kwalifikowanych partner\u00f3w z ugruntowan\u0105 pozycj\u0105 na rynkach \u015bwiatowych.","robots":{"index":"index","follow":"follow","max-snippet":"max-snippet:-1","max-image-preview":"max-image-preview:large","max-video-preview":"max-video-preview:-1"},"canonical":"https:\/\/www.godan.pl\/en\/about-company\/partners-and-suppliers","og_locale":"en_US","og_type":"article","og_title":"Nasi kluczowi partnerzy biznesowi oraz dostawcy: GoDan SA","og_description":"GoDan stawiamy na sprawdzonych, kwalifikowanych partner\u00f3w z ugruntowan\u0105 pozycj\u0105 na rynkach \u015bwiatowych.","og_url":"https:\/\/www.godan.pl\/en\/about-company\/partners-and-suppliers","og_site_name":"Godan","article_modified_time":"2017-07-21T17:41:49+00:00","og_image":[{"url":"https:\/\/www.godan.pl\/wp-content\/uploads\/2017\/05\/nasi_partnerzy-1024x105.jpg"}],"twitter_card":"summary_large_image","twitter_misc":{"Est. reading time":"1 minute"},"schema":{"@context":"https:\/\/schema.org","@graph":[{"@type":"WebPage","@id":"https:\/\/www.godan.pl\/en\/about-company\/partners-and-suppliers","url":"https:\/\/www.godan.pl\/en\/about-company\/partners-and-suppliers","name":"Nasi kluczowi partnerzy biznesowi oraz dostawcy: GoDan SA","isPartOf":{"@id":"https:\/\/www.godan.pl\/fr\/#website"},"datePublished":"2017-05-31T08:33:38+00:00","dateModified":"2017-07-21T17:41:49+00:00","description":"GoDan stawiamy na sprawdzonych, kwalifikowanych partner\u00f3w z ugruntowan\u0105 pozycj\u0105 na rynkach \u015bwiatowych.","breadcrumb":{"@id":"https:\/\/www.godan.pl\/en\/about-company\/partners-and-suppliers#breadcrumb"},"inLanguage":"en-US","potentialAction":[{"@type":"ReadAction","target":["https:\/\/www.godan.pl\/en\/about-company\/partners-and-suppliers"]}]},{"@type":"BreadcrumbList","@id":"https:\/\/www.godan.pl\/en\/about-company\/partners-and-suppliers#breadcrumb","itemListElement":[{"@type":"ListItem","position":1,"name":"Strona g\u0142\u00f3wna","item":"https:\/\/www.godan.pl\/en"},{"@type":"ListItem","position":2,"name":"About company","item":"https:\/\/www.godan.pl\/en\/about-company"},{"@type":"ListItem","position":3,"name":"Partners and suppliers"}]},{"@type":"WebSite","@id":"https:\/\/www.godan.pl\/fr\/#website","url":"https:\/\/www.godan.pl\/fr\/","name":"Godan","description":"Oferujemy szerok\u0105 ofert\u0119 balon\u00f3w, dekoracji sali, stroj\u00f3w karnawa\u0142owych, artyku\u0142y \u015blubnych i weselnych","publisher":{"@id":"https:\/\/www.godan.pl\/fr\/#organization"},"potentialAction":[{"@type":"SearchAction","target":{"@type":"EntryPoint","urlTemplate":"https:\/\/www.godan.pl\/fr\/?s={search_term_string}"},"query-input":"required name=search_term_string"}],"inLanguage":"en-US"},{"@type":"Organization","@id":"https:\/\/www.godan.pl\/fr\/#organization","name":"GoDan S.A.","url":"https:\/\/www.godan.pl\/fr\/","logo":{"@type":"ImageObject","inLanguage":"en-US","@id":"https:\/\/www.godan.pl\/fr\/#\/schema\/logo\/image\/","url":"https:\/\/www.godan.pl\/wp-content\/uploads\/2017\/08\/logo-godan-male-1.png","contentUrl":"https:\/\/www.godan.pl\/wp-content\/uploads\/2017\/08\/logo-godan-male-1.png","width":185,"height":97,"caption":"GoDan S.A."},"image":{"@id":"https:\/\/www.godan.pl\/fr\/#\/schema\/logo\/image\/"}}]}},"_links":{"self":[{"href":"https:\/\/www.godan.pl\/en\/wp-json\/wp\/v2\/pages\/7667"}],"collection":[{"href":"https:\/\/www.godan.pl\/en\/wp-json\/wp\/v2\/pages"}],"about":[{"href":"https:\/\/www.godan.pl\/en\/wp-json\/wp\/v2\/types\/page"}],"author":[{"embeddable":true,"href":"https:\/\/www.godan.pl\/en\/wp-json\/wp\/v2\/users\/1"}],"replies":[{"embeddable":true,"href":"https:\/\/www.godan.pl\/en\/wp-json\/wp\/v2\/comments?post=7667"}],"version-history":[{"count":6,"href":"https:\/\/www.godan.pl\/en\/wp-json\/wp\/v2\/pages\/7667\/revisions"}],"predecessor-version":[{"id":10144,"href":"https:\/\/www.godan.pl\/en\/wp-json\/wp\/v2\/pages\/7667\/revisions\/10144"}],"up":[{"embeddable":true,"href":"https:\/\/www.godan.pl\/en\/wp-json\/wp\/v2\/pages\/3209"}],"wp:attachment":[{"href":"https:\/\/www.godan.pl\/en\/wp-json\/wp\/v2\/media?parent=7667"}],"curies":[{"name":"wp","href":"https:\/\/api.w.org\/{rel}","templated":true}]}}