{"id":7657,"date":"2017-05-31T08:19:28","date_gmt":"2017-05-31T08:19:28","guid":{"rendered":"https:\/\/www.godan.pl\/o-firmie\/nasz-zespol\/"},"modified":"2017-07-01T09:12:00","modified_gmt":"2017-07-01T09:12:00","slug":"team","status":"publish","type":"page","link":"https:\/\/www.godan.pl\/en\/about-company\/team","title":{"rendered":"Team"},"content":{"rendered":"<p><img loading=\"lazy\" decoding=\"async\" width=\"2791\" height=\"1681\" class=\"alignnone size-full wp-image-3653\" src=\"https:\/\/www.godan.pl\/wp-content\/uploads\/2017\/05\/GoDan_25_years.jpg\" alt=\"urodziny firmy\" srcset=\"https:\/\/www.godan.pl\/wp-content\/uploads\/2017\/05\/GoDan_25_years.jpg 2791w, https:\/\/www.godan.pl\/wp-content\/uploads\/2017\/05\/GoDan_25_years-300x181.jpg 300w, https:\/\/www.godan.pl\/wp-content\/uploads\/2017\/05\/GoDan_25_years-768x463.jpg 768w, https:\/\/www.godan.pl\/wp-content\/uploads\/2017\/05\/GoDan_25_years-1024x617.jpg 1024w, https:\/\/www.godan.pl\/wp-content\/uploads\/2017\/05\/GoDan_25_years-200x120.jpg 200w\" sizes=\"(max-width: 2791px) 100vw, 2791px\" \/><\/p>\n<p>The key to our success are people.<\/p>\n<p>GoDan is a responsible and harmonious team.<\/p>\n<p>Many of us have started their professional careers here; others have joined us to find a place where they can fulfil their professional dreams. We invest in development and good relations with employees working in a friendly atmosphere.<\/p>\n<div class=\"large-12 column  idz-animation\" data-animate=\"fadeInDown\"><\/div>\n","protected":false},"excerpt":{"rendered":"<p>The key to our success are people. GoDan is a responsible and harmonious team. Many of us have started their professional careers here; others have joined us to find a place where they can fulfil their professional dreams. We invest in development and good relations with employees working in a friendly atmosphere.<\/p>\n","protected":false},"author":1,"featured_media":0,"parent":3209,"menu_order":0,"comment_status":"closed","ping_status":"closed","template":"","meta":{"_acf_changed":false,"footnotes":""},"class_list":["post-7657","page","type-page","status-publish","hentry"],"acf":[],"yoast_head":"<!-- This site is optimized with the Yoast SEO plugin v20.11 - https:\/\/yoast.com\/wordpress\/plugins\/seo\/ -->\n<title>Si\u0142\u0105 naszej firmy jest do\u015bwiadczony i zgrany zesp\u00f3\u0142: GoDan SA<\/title>\n<meta name=\"description\" content=\"Kluczem do sukcesu s\u0105 ludzie. Doceniamy pasj\u0119, zaanga\u017cowanie, otwarto\u015b\u0107 i zaufanie.\" \/>\n<meta name=\"robots\" content=\"index, follow, max-snippet:-1, max-image-preview:large, max-video-preview:-1\" \/>\n<link rel=\"canonical\" href=\"https:\/\/www.godan.pl\/en\/about-company\/team\" \/>\n<meta property=\"og:locale\" content=\"en_US\" \/>\n<meta property=\"og:type\" content=\"article\" \/>\n<meta property=\"og:title\" content=\"Si\u0142\u0105 naszej firmy jest do\u015bwiadczony i zgrany zesp\u00f3\u0142: GoDan SA\" \/>\n<meta property=\"og:description\" content=\"Kluczem do sukcesu s\u0105 ludzie. Doceniamy pasj\u0119, zaanga\u017cowanie, otwarto\u015b\u0107 i zaufanie.\" \/>\n<meta property=\"og:url\" content=\"https:\/\/www.godan.pl\/en\/about-company\/team\" \/>\n<meta property=\"og:site_name\" content=\"Godan\" \/>\n<meta property=\"article:modified_time\" content=\"2017-07-01T09:12:00+00:00\" \/>\n<meta property=\"og:image\" content=\"https:\/\/www.godan.pl\/wp-content\/uploads\/2017\/05\/GoDan_25_years.jpg\" \/>\n<meta name=\"twitter:card\" content=\"summary_large_image\" \/>\n<script type=\"application\/ld+json\" class=\"yoast-schema-graph\">{\"@context\":\"https:\/\/schema.org\",\"@graph\":[{\"@type\":\"WebPage\",\"@id\":\"https:\/\/www.godan.pl\/en\/about-company\/team\",\"url\":\"https:\/\/www.godan.pl\/en\/about-company\/team\",\"name\":\"Si\u0142\u0105 naszej firmy jest do\u015bwiadczony i zgrany zesp\u00f3\u0142: GoDan SA\",\"isPartOf\":{\"@id\":\"https:\/\/www.godan.pl\/fr\/#website\"},\"datePublished\":\"2017-05-31T08:19:28+00:00\",\"dateModified\":\"2017-07-01T09:12:00+00:00\",\"description\":\"Kluczem do sukcesu s\u0105 ludzie. Doceniamy pasj\u0119, zaanga\u017cowanie, otwarto\u015b\u0107 i zaufanie.\",\"breadcrumb\":{\"@id\":\"https:\/\/www.godan.pl\/en\/about-company\/team#breadcrumb\"},\"inLanguage\":\"en-US\",\"potentialAction\":[{\"@type\":\"ReadAction\",\"target\":[\"https:\/\/www.godan.pl\/en\/about-company\/team\"]}]},{\"@type\":\"BreadcrumbList\",\"@id\":\"https:\/\/www.godan.pl\/en\/about-company\/team#breadcrumb\",\"itemListElement\":[{\"@type\":\"ListItem\",\"position\":1,\"name\":\"Strona g\u0142\u00f3wna\",\"item\":\"https:\/\/www.godan.pl\/en\"},{\"@type\":\"ListItem\",\"position\":2,\"name\":\"About company\",\"item\":\"https:\/\/www.godan.pl\/en\/about-company\"},{\"@type\":\"ListItem\",\"position\":3,\"name\":\"Team\"}]},{\"@type\":\"WebSite\",\"@id\":\"https:\/\/www.godan.pl\/fr\/#website\",\"url\":\"https:\/\/www.godan.pl\/fr\/\",\"name\":\"Godan\",\"description\":\"Oferujemy szerok\u0105 ofert\u0119 balon\u00f3w, dekoracji sali, stroj\u00f3w karnawa\u0142owych, artyku\u0142y \u015blubnych i weselnych\",\"publisher\":{\"@id\":\"https:\/\/www.godan.pl\/fr\/#organization\"},\"potentialAction\":[{\"@type\":\"SearchAction\",\"target\":{\"@type\":\"EntryPoint\",\"urlTemplate\":\"https:\/\/www.godan.pl\/fr\/?s={search_term_string}\"},\"query-input\":\"required name=search_term_string\"}],\"inLanguage\":\"en-US\"},{\"@type\":\"Organization\",\"@id\":\"https:\/\/www.godan.pl\/fr\/#organization\",\"name\":\"GoDan S.A.\",\"url\":\"https:\/\/www.godan.pl\/fr\/\",\"logo\":{\"@type\":\"ImageObject\",\"inLanguage\":\"en-US\",\"@id\":\"https:\/\/www.godan.pl\/fr\/#\/schema\/logo\/image\/\",\"url\":\"https:\/\/www.godan.pl\/wp-content\/uploads\/2017\/08\/logo-godan-male-1.png\",\"contentUrl\":\"https:\/\/www.godan.pl\/wp-content\/uploads\/2017\/08\/logo-godan-male-1.png\",\"width\":185,\"height\":97,\"caption\":\"GoDan S.A.\"},\"image\":{\"@id\":\"https:\/\/www.godan.pl\/fr\/#\/schema\/logo\/image\/\"}}]}<\/script>\n<!-- \/ Yoast SEO plugin. -->","yoast_head_json":{"title":"Si\u0142\u0105 naszej firmy jest do\u015bwiadczony i zgrany zesp\u00f3\u0142: GoDan SA","description":"Kluczem do sukcesu s\u0105 ludzie. Doceniamy pasj\u0119, zaanga\u017cowanie, otwarto\u015b\u0107 i zaufanie.","robots":{"index":"index","follow":"follow","max-snippet":"max-snippet:-1","max-image-preview":"max-image-preview:large","max-video-preview":"max-video-preview:-1"},"canonical":"https:\/\/www.godan.pl\/en\/about-company\/team","og_locale":"en_US","og_type":"article","og_title":"Si\u0142\u0105 naszej firmy jest do\u015bwiadczony i zgrany zesp\u00f3\u0142: GoDan SA","og_description":"Kluczem do sukcesu s\u0105 ludzie. Doceniamy pasj\u0119, zaanga\u017cowanie, otwarto\u015b\u0107 i zaufanie.","og_url":"https:\/\/www.godan.pl\/en\/about-company\/team","og_site_name":"Godan","article_modified_time":"2017-07-01T09:12:00+00:00","og_image":[{"url":"https:\/\/www.godan.pl\/wp-content\/uploads\/2017\/05\/GoDan_25_years.jpg"}],"twitter_card":"summary_large_image","schema":{"@context":"https:\/\/schema.org","@graph":[{"@type":"WebPage","@id":"https:\/\/www.godan.pl\/en\/about-company\/team","url":"https:\/\/www.godan.pl\/en\/about-company\/team","name":"Si\u0142\u0105 naszej firmy jest do\u015bwiadczony i zgrany zesp\u00f3\u0142: GoDan SA","isPartOf":{"@id":"https:\/\/www.godan.pl\/fr\/#website"},"datePublished":"2017-05-31T08:19:28+00:00","dateModified":"2017-07-01T09:12:00+00:00","description":"Kluczem do sukcesu s\u0105 ludzie. Doceniamy pasj\u0119, zaanga\u017cowanie, otwarto\u015b\u0107 i zaufanie.","breadcrumb":{"@id":"https:\/\/www.godan.pl\/en\/about-company\/team#breadcrumb"},"inLanguage":"en-US","potentialAction":[{"@type":"ReadAction","target":["https:\/\/www.godan.pl\/en\/about-company\/team"]}]},{"@type":"BreadcrumbList","@id":"https:\/\/www.godan.pl\/en\/about-company\/team#breadcrumb","itemListElement":[{"@type":"ListItem","position":1,"name":"Strona g\u0142\u00f3wna","item":"https:\/\/www.godan.pl\/en"},{"@type":"ListItem","position":2,"name":"About company","item":"https:\/\/www.godan.pl\/en\/about-company"},{"@type":"ListItem","position":3,"name":"Team"}]},{"@type":"WebSite","@id":"https:\/\/www.godan.pl\/fr\/#website","url":"https:\/\/www.godan.pl\/fr\/","name":"Godan","description":"Oferujemy szerok\u0105 ofert\u0119 balon\u00f3w, dekoracji sali, stroj\u00f3w karnawa\u0142owych, artyku\u0142y \u015blubnych i weselnych","publisher":{"@id":"https:\/\/www.godan.pl\/fr\/#organization"},"potentialAction":[{"@type":"SearchAction","target":{"@type":"EntryPoint","urlTemplate":"https:\/\/www.godan.pl\/fr\/?s={search_term_string}"},"query-input":"required name=search_term_string"}],"inLanguage":"en-US"},{"@type":"Organization","@id":"https:\/\/www.godan.pl\/fr\/#organization","name":"GoDan S.A.","url":"https:\/\/www.godan.pl\/fr\/","logo":{"@type":"ImageObject","inLanguage":"en-US","@id":"https:\/\/www.godan.pl\/fr\/#\/schema\/logo\/image\/","url":"https:\/\/www.godan.pl\/wp-content\/uploads\/2017\/08\/logo-godan-male-1.png","contentUrl":"https:\/\/www.godan.pl\/wp-content\/uploads\/2017\/08\/logo-godan-male-1.png","width":185,"height":97,"caption":"GoDan S.A."},"image":{"@id":"https:\/\/www.godan.pl\/fr\/#\/schema\/logo\/image\/"}}]}},"_links":{"self":[{"href":"https:\/\/www.godan.pl\/en\/wp-json\/wp\/v2\/pages\/7657"}],"collection":[{"href":"https:\/\/www.godan.pl\/en\/wp-json\/wp\/v2\/pages"}],"about":[{"href":"https:\/\/www.godan.pl\/en\/wp-json\/wp\/v2\/types\/page"}],"author":[{"embeddable":true,"href":"https:\/\/www.godan.pl\/en\/wp-json\/wp\/v2\/users\/1"}],"replies":[{"embeddable":true,"href":"https:\/\/www.godan.pl\/en\/wp-json\/wp\/v2\/comments?post=7657"}],"version-history":[{"count":4,"href":"https:\/\/www.godan.pl\/en\/wp-json\/wp\/v2\/pages\/7657\/revisions"}],"predecessor-version":[{"id":8947,"href":"https:\/\/www.godan.pl\/en\/wp-json\/wp\/v2\/pages\/7657\/revisions\/8947"}],"up":[{"embeddable":true,"href":"https:\/\/www.godan.pl\/en\/wp-json\/wp\/v2\/pages\/3209"}],"wp:attachment":[{"href":"https:\/\/www.godan.pl\/en\/wp-json\/wp\/v2\/media?parent=7657"}],"curies":[{"name":"wp","href":"https:\/\/api.w.org\/{rel}","templated":true}]}}