{"id":7637,"date":"2017-05-27T15:26:07","date_gmt":"2017-05-27T15:26:07","guid":{"rendered":"https:\/\/www.godan.pl\/o-firmie\/godan-s-a\/"},"modified":"2023-03-13T11:39:32","modified_gmt":"2023-03-13T11:39:32","slug":"godan-s-a","status":"publish","type":"page","link":"https:\/\/www.godan.pl\/en\/about-company\/godan-s-a","title":{"rendered":"GoDan S.A."},"content":{"rendered":"<p>GoDan history dates back to 1991. Since the beginning of our activity our offer has been focused around the theme of &#8220;Party&#8221;.<\/p>\n<p>We are a leader in the Polish market and an important partner in Europe for the production, sale and distribution of a wide range of products for parties, holidays and celebrations.<\/p>\n<p>Our products are always where you celebrate occasions together: birthdays, name-days, holidays, anniversaries, banquets, celebrations and home parties, evening meetings and children&#8217;s theatres. We inspire and support the organization of the event, helping to find articles that meet the expectations and dreams of customers.<\/p>\n<p>Thanks to us events and celebrations are becoming even more unique and unforgettable.<\/p>\n<p><img loading=\"lazy\" decoding=\"async\" width=\"1399\" height=\"243\" class=\"alignnone size-full wp-image-6868\" src=\"https:\/\/www.godan.pl\/wp-content\/uploads\/2017\/05\/balony_maski_akcesoria_urodzinowe.jpg\" alt=\"Portfolio GoDan: balony, maski karnawa\u0142owe, akcesoria urodzinowe.\" srcset=\"https:\/\/www.godan.pl\/wp-content\/uploads\/2017\/05\/balony_maski_akcesoria_urodzinowe.jpg 1399w, https:\/\/www.godan.pl\/wp-content\/uploads\/2017\/05\/balony_maski_akcesoria_urodzinowe-300x52.jpg 300w, https:\/\/www.godan.pl\/wp-content\/uploads\/2017\/05\/balony_maski_akcesoria_urodzinowe-768x133.jpg 768w, https:\/\/www.godan.pl\/wp-content\/uploads\/2017\/05\/balony_maski_akcesoria_urodzinowe-1024x178.jpg 1024w, https:\/\/www.godan.pl\/wp-content\/uploads\/2017\/05\/balony_maski_akcesoria_urodzinowe-200x35.jpg 200w\" sizes=\"(max-width: 1399px) 100vw, 1399px\" \/><\/p>\n<p>We work to be number one in the industry every day. Our slogan &#8220;Party&#8217;s first choice!&#8221; expresses not only sincere willingness but also determines market position.<\/p>\n<p><img loading=\"lazy\" decoding=\"async\" width=\"800\" height=\"221\" src=\"https:\/\/www.godan.pl\/wp-content\/uploads\/2023\/03\/PARTYS-FIRST-CHOICE-haslo.png\" alt=\"Party's first choice\" class=\"aligncenter size-full wp-image-23936\" srcset=\"https:\/\/www.godan.pl\/wp-content\/uploads\/2023\/03\/PARTYS-FIRST-CHOICE-haslo.png 800w, https:\/\/www.godan.pl\/wp-content\/uploads\/2023\/03\/PARTYS-FIRST-CHOICE-haslo-300x83.png 300w, https:\/\/www.godan.pl\/wp-content\/uploads\/2023\/03\/PARTYS-FIRST-CHOICE-haslo-768x212.png 768w, https:\/\/www.godan.pl\/wp-content\/uploads\/2023\/03\/PARTYS-FIRST-CHOICE-haslo-200x55.png 200w\" sizes=\"(max-width: 800px) 100vw, 800px\" \/><\/p>\n<p>Taking into account the satisfaction of our customers we care about high quality and we remember that affordable price is also an element of their attractiveness. More information on how we build competitive advantage and why it is worthwhile to work with us, you will find in the section &#8220;Why us?&#8221;<\/p>\n<p class=\"paragraph__no__margin\">Some interesting facts about GoDan:\n<\/p>\n<ul class=\"star \">\n<li>we have been operating since 1991, i.e. over 30 years<\/li>\n<li>we are a manufacturer and direct importer, we have exclusive rights to distribute many brands on the Polish market<\/li>\n<li>we employ nearly 100 people<\/li>\n<li>we have a warehouse with an area of \u200b\u200bover 5,000 m<sup>2<\/sup>, which will hold 4,000 pallets<\/li>\n<li>our offer includes over 11,000 products<\/li>\n<li>we have a showroom of size 1 200 m<sup>2<\/sup><\/li>\n<li>we export products to 24 countries<\/li>\n<li>we have sold more than 20,000,000,000 (say: twenty billion) balloons &#8211; statistically over 500 items for each Pole (and this number is growing every day!)<\/li>\n<li>our franchise network GoDan Balloons and Decorations have over 100 stores in Poland and was described as one of the most interesting franchises according to the Franchise &#038; Business magazine (issue 4, 2018)<\/li>\n<li>from the beginning of the activity the company is run by one CEO<\/li>\n<\/ul>\n<p>We regularly support social, cultural and sporting initiatives.<\/p>\n<p><img loading=\"lazy\" decoding=\"async\" width=\"439\" height=\"96\" class=\"aligncenter size-full wp-image-6957\" src=\"https:\/\/www.godan.pl\/wp-content\/uploads\/2017\/05\/image009.png\" alt=\"nagrody\" srcset=\"https:\/\/www.godan.pl\/wp-content\/uploads\/2017\/05\/image009.png 439w, https:\/\/www.godan.pl\/wp-content\/uploads\/2017\/05\/image009-300x66.png 300w, https:\/\/www.godan.pl\/wp-content\/uploads\/2017\/05\/image009-200x44.png 200w\" sizes=\"(max-width: 439px) 100vw, 439px\" \/><\/p>\n","protected":false},"excerpt":{"rendered":"<p>Historia GoDan si\u0119ga 1991 roku. Od pocz\u0105tku dzia\u0142alno\u015bci nasza oferta by\u0142a skupiona\u2026<\/p>\n","protected":false},"author":1,"featured_media":3006,"parent":3209,"menu_order":0,"comment_status":"closed","ping_status":"closed","template":"","meta":{"_acf_changed":false,"footnotes":""},"class_list":["post-7637","page","type-page","status-publish","has-post-thumbnail","hentry"],"acf":[],"yoast_head":"<!-- This site is optimized with the Yoast SEO plugin v20.11 - https:\/\/yoast.com\/wordpress\/plugins\/seo\/ -->\n<title>Historia, zakres dzia\u0142alno\u015bci i oferta: GoDan SA<\/title>\n<meta name=\"description\" content=\"Od 1991 roku GoDan oferuje artyku\u0142y zwi\u0105zane z tematem Party. Nasze produkty mo\u017cna na du\u017cych i ma\u0142ych imprezach, urodzinach, balach, uroczysto\u015bciach.\" \/>\n<meta name=\"robots\" content=\"index, follow, max-snippet:-1, max-image-preview:large, max-video-preview:-1\" \/>\n<link rel=\"canonical\" href=\"https:\/\/www.godan.pl\/en\/about-company\/godan-s-a\" \/>\n<meta property=\"og:locale\" content=\"en_US\" \/>\n<meta property=\"og:type\" content=\"article\" \/>\n<meta property=\"og:title\" content=\"Historia, zakres dzia\u0142alno\u015bci i oferta: GoDan SA\" \/>\n<meta property=\"og:description\" content=\"Od 1991 roku GoDan oferuje artyku\u0142y zwi\u0105zane z tematem Party. Nasze produkty mo\u017cna na du\u017cych i ma\u0142ych imprezach, urodzinach, balach, uroczysto\u015bciach.\" \/>\n<meta property=\"og:url\" content=\"https:\/\/www.godan.pl\/en\/about-company\/godan-s-a\" \/>\n<meta property=\"og:site_name\" content=\"Godan\" \/>\n<meta property=\"article:modified_time\" content=\"2023-03-13T11:39:32+00:00\" \/>\n<meta property=\"og:image\" content=\"https:\/\/www.godan.pl\/wp-content\/uploads\/2017\/05\/shutterstock_376717561-Kopia.jpg\" \/>\n\t<meta property=\"og:image:width\" content=\"6016\" \/>\n\t<meta property=\"og:image:height\" content=\"3012\" \/>\n\t<meta property=\"og:image:type\" content=\"image\/jpeg\" \/>\n<meta name=\"twitter:card\" content=\"summary_large_image\" \/>\n<meta name=\"twitter:label1\" content=\"Est. reading time\" \/>\n\t<meta name=\"twitter:data1\" content=\"2 minutes\" \/>\n<script type=\"application\/ld+json\" class=\"yoast-schema-graph\">{\"@context\":\"https:\/\/schema.org\",\"@graph\":[{\"@type\":\"WebPage\",\"@id\":\"https:\/\/www.godan.pl\/en\/about-company\/godan-s-a\",\"url\":\"https:\/\/www.godan.pl\/en\/about-company\/godan-s-a\",\"name\":\"Historia, zakres dzia\u0142alno\u015bci i oferta: GoDan SA\",\"isPartOf\":{\"@id\":\"https:\/\/www.godan.pl\/fr\/#website\"},\"datePublished\":\"2017-05-27T15:26:07+00:00\",\"dateModified\":\"2023-03-13T11:39:32+00:00\",\"description\":\"Od 1991 roku GoDan oferuje artyku\u0142y zwi\u0105zane z tematem Party. Nasze produkty mo\u017cna na du\u017cych i ma\u0142ych imprezach, urodzinach, balach, uroczysto\u015bciach.\",\"breadcrumb\":{\"@id\":\"https:\/\/www.godan.pl\/en\/about-company\/godan-s-a#breadcrumb\"},\"inLanguage\":\"en-US\",\"potentialAction\":[{\"@type\":\"ReadAction\",\"target\":[\"https:\/\/www.godan.pl\/en\/about-company\/godan-s-a\"]}]},{\"@type\":\"BreadcrumbList\",\"@id\":\"https:\/\/www.godan.pl\/en\/about-company\/godan-s-a#breadcrumb\",\"itemListElement\":[{\"@type\":\"ListItem\",\"position\":1,\"name\":\"Strona g\u0142\u00f3wna\",\"item\":\"https:\/\/www.godan.pl\/en\"},{\"@type\":\"ListItem\",\"position\":2,\"name\":\"About company\",\"item\":\"https:\/\/www.godan.pl\/en\/about-company\"},{\"@type\":\"ListItem\",\"position\":3,\"name\":\"GoDan S.A.\"}]},{\"@type\":\"WebSite\",\"@id\":\"https:\/\/www.godan.pl\/fr\/#website\",\"url\":\"https:\/\/www.godan.pl\/fr\/\",\"name\":\"Godan\",\"description\":\"Oferujemy szerok\u0105 ofert\u0119 balon\u00f3w, dekoracji sali, stroj\u00f3w karnawa\u0142owych, artyku\u0142y \u015blubnych i weselnych\",\"publisher\":{\"@id\":\"https:\/\/www.godan.pl\/fr\/#organization\"},\"potentialAction\":[{\"@type\":\"SearchAction\",\"target\":{\"@type\":\"EntryPoint\",\"urlTemplate\":\"https:\/\/www.godan.pl\/fr\/?s={search_term_string}\"},\"query-input\":\"required name=search_term_string\"}],\"inLanguage\":\"en-US\"},{\"@type\":\"Organization\",\"@id\":\"https:\/\/www.godan.pl\/fr\/#organization\",\"name\":\"GoDan S.A.\",\"url\":\"https:\/\/www.godan.pl\/fr\/\",\"logo\":{\"@type\":\"ImageObject\",\"inLanguage\":\"en-US\",\"@id\":\"https:\/\/www.godan.pl\/fr\/#\/schema\/logo\/image\/\",\"url\":\"https:\/\/www.godan.pl\/wp-content\/uploads\/2017\/08\/logo-godan-male-1.png\",\"contentUrl\":\"https:\/\/www.godan.pl\/wp-content\/uploads\/2017\/08\/logo-godan-male-1.png\",\"width\":185,\"height\":97,\"caption\":\"GoDan S.A.\"},\"image\":{\"@id\":\"https:\/\/www.godan.pl\/fr\/#\/schema\/logo\/image\/\"}}]}<\/script>\n<!-- \/ Yoast SEO plugin. -->","yoast_head_json":{"title":"Historia, zakres dzia\u0142alno\u015bci i oferta: GoDan SA","description":"Od 1991 roku GoDan oferuje artyku\u0142y zwi\u0105zane z tematem Party. Nasze produkty mo\u017cna na du\u017cych i ma\u0142ych imprezach, urodzinach, balach, uroczysto\u015bciach.","robots":{"index":"index","follow":"follow","max-snippet":"max-snippet:-1","max-image-preview":"max-image-preview:large","max-video-preview":"max-video-preview:-1"},"canonical":"https:\/\/www.godan.pl\/en\/about-company\/godan-s-a","og_locale":"en_US","og_type":"article","og_title":"Historia, zakres dzia\u0142alno\u015bci i oferta: GoDan SA","og_description":"Od 1991 roku GoDan oferuje artyku\u0142y zwi\u0105zane z tematem Party. Nasze produkty mo\u017cna na du\u017cych i ma\u0142ych imprezach, urodzinach, balach, uroczysto\u015bciach.","og_url":"https:\/\/www.godan.pl\/en\/about-company\/godan-s-a","og_site_name":"Godan","article_modified_time":"2023-03-13T11:39:32+00:00","og_image":[{"width":6016,"height":3012,"url":"https:\/\/www.godan.pl\/wp-content\/uploads\/2017\/05\/shutterstock_376717561-Kopia.jpg","type":"image\/jpeg"}],"twitter_card":"summary_large_image","twitter_misc":{"Est. reading time":"2 minutes"},"schema":{"@context":"https:\/\/schema.org","@graph":[{"@type":"WebPage","@id":"https:\/\/www.godan.pl\/en\/about-company\/godan-s-a","url":"https:\/\/www.godan.pl\/en\/about-company\/godan-s-a","name":"Historia, zakres dzia\u0142alno\u015bci i oferta: GoDan SA","isPartOf":{"@id":"https:\/\/www.godan.pl\/fr\/#website"},"datePublished":"2017-05-27T15:26:07+00:00","dateModified":"2023-03-13T11:39:32+00:00","description":"Od 1991 roku GoDan oferuje artyku\u0142y zwi\u0105zane z tematem Party. Nasze produkty mo\u017cna na du\u017cych i ma\u0142ych imprezach, urodzinach, balach, uroczysto\u015bciach.","breadcrumb":{"@id":"https:\/\/www.godan.pl\/en\/about-company\/godan-s-a#breadcrumb"},"inLanguage":"en-US","potentialAction":[{"@type":"ReadAction","target":["https:\/\/www.godan.pl\/en\/about-company\/godan-s-a"]}]},{"@type":"BreadcrumbList","@id":"https:\/\/www.godan.pl\/en\/about-company\/godan-s-a#breadcrumb","itemListElement":[{"@type":"ListItem","position":1,"name":"Strona g\u0142\u00f3wna","item":"https:\/\/www.godan.pl\/en"},{"@type":"ListItem","position":2,"name":"About company","item":"https:\/\/www.godan.pl\/en\/about-company"},{"@type":"ListItem","position":3,"name":"GoDan S.A."}]},{"@type":"WebSite","@id":"https:\/\/www.godan.pl\/fr\/#website","url":"https:\/\/www.godan.pl\/fr\/","name":"Godan","description":"Oferujemy szerok\u0105 ofert\u0119 balon\u00f3w, dekoracji sali, stroj\u00f3w karnawa\u0142owych, artyku\u0142y \u015blubnych i weselnych","publisher":{"@id":"https:\/\/www.godan.pl\/fr\/#organization"},"potentialAction":[{"@type":"SearchAction","target":{"@type":"EntryPoint","urlTemplate":"https:\/\/www.godan.pl\/fr\/?s={search_term_string}"},"query-input":"required name=search_term_string"}],"inLanguage":"en-US"},{"@type":"Organization","@id":"https:\/\/www.godan.pl\/fr\/#organization","name":"GoDan S.A.","url":"https:\/\/www.godan.pl\/fr\/","logo":{"@type":"ImageObject","inLanguage":"en-US","@id":"https:\/\/www.godan.pl\/fr\/#\/schema\/logo\/image\/","url":"https:\/\/www.godan.pl\/wp-content\/uploads\/2017\/08\/logo-godan-male-1.png","contentUrl":"https:\/\/www.godan.pl\/wp-content\/uploads\/2017\/08\/logo-godan-male-1.png","width":185,"height":97,"caption":"GoDan S.A."},"image":{"@id":"https:\/\/www.godan.pl\/fr\/#\/schema\/logo\/image\/"}}]}},"_links":{"self":[{"href":"https:\/\/www.godan.pl\/en\/wp-json\/wp\/v2\/pages\/7637"}],"collection":[{"href":"https:\/\/www.godan.pl\/en\/wp-json\/wp\/v2\/pages"}],"about":[{"href":"https:\/\/www.godan.pl\/en\/wp-json\/wp\/v2\/types\/page"}],"author":[{"embeddable":true,"href":"https:\/\/www.godan.pl\/en\/wp-json\/wp\/v2\/users\/1"}],"replies":[{"embeddable":true,"href":"https:\/\/www.godan.pl\/en\/wp-json\/wp\/v2\/comments?post=7637"}],"version-history":[{"count":15,"href":"https:\/\/www.godan.pl\/en\/wp-json\/wp\/v2\/pages\/7637\/revisions"}],"predecessor-version":[{"id":23951,"href":"https:\/\/www.godan.pl\/en\/wp-json\/wp\/v2\/pages\/7637\/revisions\/23951"}],"up":[{"embeddable":true,"href":"https:\/\/www.godan.pl\/en\/wp-json\/wp\/v2\/pages\/3209"}],"wp:featuredmedia":[{"embeddable":true,"href":"https:\/\/www.godan.pl\/en\/wp-json\/wp\/v2\/media\/3006"}],"wp:attachment":[{"href":"https:\/\/www.godan.pl\/en\/wp-json\/wp\/v2\/media?parent=7637"}],"curies":[{"name":"wp","href":"https:\/\/api.w.org\/{rel}","templated":true}]}}