{"id":7562,"date":"2014-12-09T23:14:00","date_gmt":"2014-12-09T23:14:00","guid":{"rendered":"https:\/\/www.godan.pl\/kontakt\/"},"modified":"2026-05-11T06:36:49","modified_gmt":"2026-05-11T06:36:49","slug":"contact","status":"publish","type":"page","link":"https:\/\/www.godan.pl\/en\/contact","title":{"rendered":"Contact"},"content":{"rendered":"<div class=\"inner-container row-border-bottom \">\n<div class=\"large-6 column  idz-animation\" data-animate=\"fadeInDown\">\n<h3 class=' firstword-bold'>Contact<\/h3>\n<h4 class=' '>GoDan S.A.<\/h4>\n<ul class=\"nobullet \">\n<li style=\"list-style-type: none;\">\n<ul class=\"nobullet \">\n<li><i class=\"idz-icon icon-map-marker small icolor\" style=\"color:#ff8d2c\"><\/i> \u00a0 ul. Pozna\u0144ska 138<br \/>\n05-850 O\u017car\u00f3w Mazowiecki<br \/>\nMon-Fri: 7:00 \u2013 15:15 <\/li>\n<li><i class=\"idz-icon icon-phoneold small icolor\" style=\"color:#ff8d2c\"><\/i> \u00a0tel.:\u00a0 <a href=\"tel:227210436\">(+48) 22 721 04 36<\/a><\/li>\n<li><i class=\"idz-icon icon-phoneold small icolor\" style=\"color:#ff8d2c\"><\/i> \u00a0fax:\u00a0\u00a0(+48) 22 721 04 38<\/li>\n<li><i class=\"idz-icon icon-envelope small icolor\" style=\"color:#ff8d2c\"><\/i> \u00a0 <a href=\"mailto:godanparty@godan.pl\">godanparty@godan.pl<\/a><\/li>\n<\/ul>\n<\/li>\n<\/ul>\n<ul class=\"nobullet \">\n<li style=\"list-style-type: none;\">\n<ul class=\"nobullet \">\n<li>Sales department:<\/li>\n<li><i class=\"idz-icon icon-envelope small icolor\" style=\"color:#ff8d2c\"><\/i> <a href=\"mailto:zamowienia@godan.pl\">zamowienia@godan.pl<\/a><\/li>\n<\/ul>\n<\/li>\n<\/ul>\n<ul class=\"nobullet \">\n<li style=\"list-style-type: none;\">\n<ul class=\"nobullet \">\n<li>Export sales \/ Export department:<\/li>\n<\/ul>\n<ul class=\"nobullet \">\n<li><i class=\"idz-icon icon-phoneold small icolor\" style=\"color:#ff8d2c\"><\/i> tel.: <a href=\"tel:+48227213203\">(+48) 22 721 32 03 <\/a><\/li>\n<li><i class=\"idz-icon icon-envelope small icolor\" style=\"color:#ff8d2c\"><\/i> <a href=\"mailto:export@godan.pl\">export@godan.pl<\/a><\/li>\n<\/ul>\n<p><strong>Katarzyna \u015alaza<\/strong><br \/>\n\u2022 EXPORT KEY ACCOUNT MANAGER<br \/>\n\u2022 <a href=\"tel:+48504849530\">+48 504 849 530<\/a><br \/>\n\u2022 <a href=\"mailto:k.slaza@godan.pl\">k.slaza@godan.pl<\/a><br \/>\n\u2022 English speaker<\/p>\n<p><strong>Angelika Jokinen<\/strong><br \/>\n\u2022 SENIOR EXPORT SALES SPECIALIST<br \/>\n\u2022 <a href=\"tel:+48504849503\">+48 504 849 503<\/a><br \/>\n\u2022 <a href=\"mailto:angelika@godan.pl\">angelika@godan.pl<\/a><br \/>\n\u2022 Portuguese and English speaker<\/p>\n<p><strong>Elena Zhurina<\/strong><br \/>\n\u2022 EXPORT KEY ACCOUNT MANAGER<br \/>\n\u2022 <a href=\"tel:+48504041283\">+48 504 041 283<\/a><br \/>\n\u2022 <a href=\"mailto:elena@godan.pl\">elena@godan.pl<\/a><br \/>\n\u2022 English and Russian speaker<\/p>\n<p>&nbsp;<\/p>\n<ul class=\"nobullet \">\n<li>NIP:\u00a0522-304-68-00<\/li>\n<li>REGON:\u00a0363119949<\/li>\n<\/ul>\n<p><iframe loading=\"lazy\" style=\"border: 0; width: 100%;\" src=\"https:\/\/www.google.com\/maps\/embed?pb=!1m14!1m8!1m3!1d40125841.324277565!2d19.204613!3d52.132739!3m2!1i1024!2i768!4f13.1!3m3!1m2!1s0x4719355a4002e96d%3A0x32a82db5a56f5b85!2zUG96bmHFhHNrYSAxMzgsIDA1LTg1MCBPxbxhcsOzdywgUG9sc2th!5e0!3m2!1spl!2spl!4v1502266931076\" width=\"600\" height=\"320\" frameborder=\"0\" allowfullscreen=\"allowfullscreen\"><\/iframe><\/p>\n<p><iframe loading=\"lazy\" style=\"border: 0; width: 100%;\" src=\"https:\/\/www.google.com\/maps\/embed?pb=!1m14!1m8!1m3!1d156451.67790857784!2d20.901845!3d52.215089!3m2!1i1024!2i768!4f13.1!3m3!1m2!1s0x4719355a4002e96d%3A0x32a82db5a56f5b85!2zUG96bmHFhHNrYSAxMzgsIDA1LTg1MCBPxbxhcsOzdywgUG9sc2th!5e0!3m2!1spl!2spl!4v1497597301906\" width=\"600\" height=\"320\" frameborder=\"0\" allowfullscreen=\"allowfullscreen\"><\/iframe><\/p>\n<\/div>\n<div class=\"large-6 column no-padding idz-animation\" data-animate=\"fadeInDown\">\n<div class=\"column-border-left column-bgcolor idz-contact-form\">\n<p><strong>Please contact us!<\/strong><\/p>\n<p>Please use the form below to contact us.<\/p>\n\n<div class=\"wpcf7 no-js\" id=\"wpcf7-f9524-o1\" lang=\"pl-PL\" dir=\"ltr\">\n<div class=\"screen-reader-response\"><p role=\"status\" aria-live=\"polite\" aria-atomic=\"true\"><\/p> <ul><\/ul><\/div>\n<form action=\"\/en\/wp-json\/wp\/v2\/pages\/7562#wpcf7-f9524-o1\" method=\"post\" class=\"wpcf7-form init\" aria-label=\"Formularz kontaktowy\" novalidate=\"novalidate\" data-status=\"init\">\n<div style=\"display: none;\">\n<input type=\"hidden\" name=\"_wpcf7\" value=\"9524\" \/>\n<input type=\"hidden\" name=\"_wpcf7_version\" value=\"5.7.7\" \/>\n<input type=\"hidden\" name=\"_wpcf7_locale\" value=\"pl_PL\" \/>\n<input type=\"hidden\" name=\"_wpcf7_unit_tag\" value=\"wpcf7-f9524-o1\" \/>\n<input type=\"hidden\" name=\"_wpcf7_container_post\" value=\"0\" \/>\n<input type=\"hidden\" name=\"_wpcf7_posted_data_hash\" value=\"\" \/>\n<\/div>\n<p><label> Contact on:<br \/>\n<span class=\"wpcf7-form-control-wrap\" data-name=\"temat\"><select class=\"wpcf7-form-control wpcf7-select\" aria-invalid=\"false\" name=\"temat\"><option value=\"Orders, offers\">Orders, offers<\/option><option value=\"Customer service office\">Customer service office<\/option><option value=\"Online shop\">Online shop<\/option><option value=\"Complaints\">Complaints<\/option><option value=\"Marketing\">Marketing<\/option><\/select><\/span> <\/label>\n<\/p>\n<p><label> First name and last name <span style=\"color:red;\">*<\/span><br \/>\n<span class=\"wpcf7-form-control-wrap\" data-name=\"imie\"><input size=\"40\" class=\"wpcf7-form-control wpcf7-text wpcf7-validates-as-required form-control\" aria-required=\"true\" aria-invalid=\"false\" value=\"\" type=\"text\" name=\"imie\" \/><\/span> <\/label>\n<\/p>\n<p><label> Phone number <span style=\"color:red;\">*<\/span><br \/>\n<span class=\"wpcf7-form-control-wrap\" data-name=\"telefon\"><input size=\"40\" class=\"wpcf7-form-control wpcf7-text wpcf7-validates-as-required\" aria-required=\"true\" aria-invalid=\"false\" value=\"\" type=\"text\" name=\"telefon\" \/><\/span> <\/label>\n<\/p>\n<p><label> Email address (required) <span style=\"color:red;\">*<\/span><br \/>\n<span class=\"wpcf7-form-control-wrap\" data-name=\"email\"><input size=\"40\" class=\"wpcf7-form-control wpcf7-text wpcf7-email wpcf7-validates-as-required wpcf7-validates-as-email\" aria-required=\"true\" aria-invalid=\"false\" value=\"\" type=\"email\" name=\"email\" \/><\/span> <\/label>\n<\/p>\n<p><label> Your Company Name<br \/>\n<span class=\"wpcf7-form-control-wrap\" data-name=\"firma\"><input size=\"40\" class=\"wpcf7-form-control wpcf7-text\" aria-invalid=\"false\" value=\"\" type=\"text\" name=\"firma\" \/><\/span> <\/label>\n<\/p>\n<p>Are you a robot? <span class=\"wpcf7-form-control-wrap\" data-name=\"math-quiz\"><label><span class=\"wpcf7-quiz-label\">What year is it?<\/span> <input size=\"40\" class=\"wpcf7-form-control wpcf7-quiz\" autocomplete=\"off\" aria-required=\"true\" aria-invalid=\"false\" type=\"text\" name=\"math-quiz\" \/><\/label><input type=\"hidden\" name=\"_wpcf7_quiz_answer_math-quiz\" value=\"81cf7c6ee107d910882e4fd7c8d0eab1\" \/><\/span>\n<\/p>\n<p><label> Description\/content of the message <span style=\"color:red;\">*<\/span><br \/>\n<span class=\"wpcf7-form-control-wrap\" data-name=\"wiadomosc\"><textarea cols=\"40\" rows=\"10\" class=\"wpcf7-form-control wpcf7-textarea wpcf7-validates-as-required\" aria-required=\"true\" aria-invalid=\"false\" name=\"wiadomosc\"><\/textarea><\/span> <\/label>\n<\/p>\n<p><label><br \/>\n<span class=\"wpcf7-form-control-wrap\" data-name=\"zgoda\"><span class=\"wpcf7-form-control wpcf7-checkbox wpcf7-validates-as-required\"><span class=\"wpcf7-list-item first last\"><input type=\"checkbox\" name=\"zgoda[]\" value=\"Data processing agreement\" \/><span class=\"wpcf7-list-item-label\">Data processing agreement<\/span><\/span><\/span><\/span> <a href=\"#\" class=\"small-read-more-zgoda\" style=\"left;padding-left:38px;\">more<\/a><br \/>\n<\/label>\n<\/p>\n<div id=\"zgoda_wiecej\" style=\"display:none;\">\n\t<p>Wyra\u017cam dobrowolnie i \u015bwiadomie zgod\u0119 na przetwarzanie moich danych osobowych w celu kontaktu, przedstawienia oferty b\u0105d\u017a realizacji z\u0142o\u017conego zam\u00f3wienia, zgodnie z Rozporz\u0105dzeniem Parlamentu Europejskiego i Rady (UE) 2016\/679 z dnia 27 kwietnia 2016 r. w sprawie ochrony os\u00f3b fizycznych w zwi\u0105zku z przetwarzaniem danych osobowych i w sprawie swobodnego przep\u0142ywu takich danych oraz uchylenia dyrektywy 95\/46\/WE (og\u00f3lne rozporz\u0105dzenie o ochronie danych).\n\t<\/p>\n<\/div>\n<div style=\"clear:both;\">\n<\/div>\n<p><input class=\"wpcf7-form-control has-spinner wpcf7-submit\" type=\"submit\" value=\"SEND\" \/>\n<\/p><div class=\"wpcf7-response-output\" aria-hidden=\"true\"><\/div>\n<\/form>\n<\/div>\n\n<\/div>\n<\/div>\n<\/div>\n<p>&nbsp;<\/p>\n","protected":false},"excerpt":{"rendered":"<p>&nbsp;<\/p>\n","protected":false},"author":1,"featured_media":0,"parent":0,"menu_order":0,"comment_status":"open","ping_status":"open","template":"","meta":{"_acf_changed":false,"footnotes":""},"class_list":["post-7562","page","type-page","status-publish","hentry"],"acf":[],"yoast_head":"<!-- This site is optimized with the Yoast SEO plugin v20.11 - https:\/\/yoast.com\/wordpress\/plugins\/seo\/ -->\n<title>Kontakt z nami: GoDan SA<\/title>\n<meta name=\"description\" content=\"Zapraszamy do kontaktu z nami, zadzwo\u0144, napisz lub wype\u0142ni\u0142 formularz kontaktowy.\" \/>\n<meta name=\"robots\" content=\"index, follow, max-snippet:-1, max-image-preview:large, max-video-preview:-1\" \/>\n<link rel=\"canonical\" href=\"https:\/\/www.godan.pl\/en\/contact\" \/>\n<meta property=\"og:locale\" content=\"en_US\" \/>\n<meta property=\"og:type\" content=\"article\" \/>\n<meta property=\"og:title\" content=\"Kontakt z nami: GoDan SA\" \/>\n<meta property=\"og:description\" content=\"Zapraszamy do kontaktu z nami, zadzwo\u0144, napisz lub wype\u0142ni\u0142 formularz kontaktowy.\" \/>\n<meta property=\"og:url\" content=\"https:\/\/www.godan.pl\/en\/contact\" \/>\n<meta property=\"og:site_name\" content=\"Godan\" \/>\n<meta property=\"article:modified_time\" content=\"2026-05-11T06:36:49+00:00\" \/>\n<meta name=\"twitter:card\" content=\"summary_large_image\" \/>\n<meta name=\"twitter:label1\" content=\"Est. reading time\" \/>\n\t<meta name=\"twitter:data1\" content=\"1 minute\" \/>\n<script type=\"application\/ld+json\" class=\"yoast-schema-graph\">{\"@context\":\"https:\/\/schema.org\",\"@graph\":[{\"@type\":\"WebPage\",\"@id\":\"https:\/\/www.godan.pl\/en\/contact\",\"url\":\"https:\/\/www.godan.pl\/en\/contact\",\"name\":\"Kontakt z nami: GoDan SA\",\"isPartOf\":{\"@id\":\"https:\/\/www.godan.pl\/fr\/#website\"},\"datePublished\":\"2014-12-09T23:14:00+00:00\",\"dateModified\":\"2026-05-11T06:36:49+00:00\",\"description\":\"Zapraszamy do kontaktu z nami, zadzwo\u0144, napisz lub wype\u0142ni\u0142 formularz kontaktowy.\",\"breadcrumb\":{\"@id\":\"https:\/\/www.godan.pl\/en\/contact#breadcrumb\"},\"inLanguage\":\"en-US\",\"potentialAction\":[{\"@type\":\"ReadAction\",\"target\":[\"https:\/\/www.godan.pl\/en\/contact\"]}]},{\"@type\":\"BreadcrumbList\",\"@id\":\"https:\/\/www.godan.pl\/en\/contact#breadcrumb\",\"itemListElement\":[{\"@type\":\"ListItem\",\"position\":1,\"name\":\"Strona g\u0142\u00f3wna\",\"item\":\"https:\/\/www.godan.pl\/en\"},{\"@type\":\"ListItem\",\"position\":2,\"name\":\"Contact\"}]},{\"@type\":\"WebSite\",\"@id\":\"https:\/\/www.godan.pl\/fr\/#website\",\"url\":\"https:\/\/www.godan.pl\/fr\/\",\"name\":\"Godan\",\"description\":\"Oferujemy szerok\u0105 ofert\u0119 balon\u00f3w, dekoracji sali, stroj\u00f3w karnawa\u0142owych, artyku\u0142y \u015blubnych i weselnych\",\"publisher\":{\"@id\":\"https:\/\/www.godan.pl\/fr\/#organization\"},\"potentialAction\":[{\"@type\":\"SearchAction\",\"target\":{\"@type\":\"EntryPoint\",\"urlTemplate\":\"https:\/\/www.godan.pl\/fr\/?s={search_term_string}\"},\"query-input\":\"required name=search_term_string\"}],\"inLanguage\":\"en-US\"},{\"@type\":\"Organization\",\"@id\":\"https:\/\/www.godan.pl\/fr\/#organization\",\"name\":\"GoDan S.A.\",\"url\":\"https:\/\/www.godan.pl\/fr\/\",\"logo\":{\"@type\":\"ImageObject\",\"inLanguage\":\"en-US\",\"@id\":\"https:\/\/www.godan.pl\/fr\/#\/schema\/logo\/image\/\",\"url\":\"https:\/\/www.godan.pl\/wp-content\/uploads\/2017\/08\/logo-godan-male-1.png\",\"contentUrl\":\"https:\/\/www.godan.pl\/wp-content\/uploads\/2017\/08\/logo-godan-male-1.png\",\"width\":185,\"height\":97,\"caption\":\"GoDan S.A.\"},\"image\":{\"@id\":\"https:\/\/www.godan.pl\/fr\/#\/schema\/logo\/image\/\"}}]}<\/script>\n<!-- \/ Yoast SEO plugin. -->","yoast_head_json":{"title":"Kontakt z nami: GoDan SA","description":"Zapraszamy do kontaktu z nami, zadzwo\u0144, napisz lub wype\u0142ni\u0142 formularz kontaktowy.","robots":{"index":"index","follow":"follow","max-snippet":"max-snippet:-1","max-image-preview":"max-image-preview:large","max-video-preview":"max-video-preview:-1"},"canonical":"https:\/\/www.godan.pl\/en\/contact","og_locale":"en_US","og_type":"article","og_title":"Kontakt z nami: GoDan SA","og_description":"Zapraszamy do kontaktu z nami, zadzwo\u0144, napisz lub wype\u0142ni\u0142 formularz kontaktowy.","og_url":"https:\/\/www.godan.pl\/en\/contact","og_site_name":"Godan","article_modified_time":"2026-05-11T06:36:49+00:00","twitter_card":"summary_large_image","twitter_misc":{"Est. reading time":"1 minute"},"schema":{"@context":"https:\/\/schema.org","@graph":[{"@type":"WebPage","@id":"https:\/\/www.godan.pl\/en\/contact","url":"https:\/\/www.godan.pl\/en\/contact","name":"Kontakt z nami: GoDan SA","isPartOf":{"@id":"https:\/\/www.godan.pl\/fr\/#website"},"datePublished":"2014-12-09T23:14:00+00:00","dateModified":"2026-05-11T06:36:49+00:00","description":"Zapraszamy do kontaktu z nami, zadzwo\u0144, napisz lub wype\u0142ni\u0142 formularz kontaktowy.","breadcrumb":{"@id":"https:\/\/www.godan.pl\/en\/contact#breadcrumb"},"inLanguage":"en-US","potentialAction":[{"@type":"ReadAction","target":["https:\/\/www.godan.pl\/en\/contact"]}]},{"@type":"BreadcrumbList","@id":"https:\/\/www.godan.pl\/en\/contact#breadcrumb","itemListElement":[{"@type":"ListItem","position":1,"name":"Strona g\u0142\u00f3wna","item":"https:\/\/www.godan.pl\/en"},{"@type":"ListItem","position":2,"name":"Contact"}]},{"@type":"WebSite","@id":"https:\/\/www.godan.pl\/fr\/#website","url":"https:\/\/www.godan.pl\/fr\/","name":"Godan","description":"Oferujemy szerok\u0105 ofert\u0119 balon\u00f3w, dekoracji sali, stroj\u00f3w karnawa\u0142owych, artyku\u0142y \u015blubnych i weselnych","publisher":{"@id":"https:\/\/www.godan.pl\/fr\/#organization"},"potentialAction":[{"@type":"SearchAction","target":{"@type":"EntryPoint","urlTemplate":"https:\/\/www.godan.pl\/fr\/?s={search_term_string}"},"query-input":"required name=search_term_string"}],"inLanguage":"en-US"},{"@type":"Organization","@id":"https:\/\/www.godan.pl\/fr\/#organization","name":"GoDan S.A.","url":"https:\/\/www.godan.pl\/fr\/","logo":{"@type":"ImageObject","inLanguage":"en-US","@id":"https:\/\/www.godan.pl\/fr\/#\/schema\/logo\/image\/","url":"https:\/\/www.godan.pl\/wp-content\/uploads\/2017\/08\/logo-godan-male-1.png","contentUrl":"https:\/\/www.godan.pl\/wp-content\/uploads\/2017\/08\/logo-godan-male-1.png","width":185,"height":97,"caption":"GoDan S.A."},"image":{"@id":"https:\/\/www.godan.pl\/fr\/#\/schema\/logo\/image\/"}}]}},"_links":{"self":[{"href":"https:\/\/www.godan.pl\/en\/wp-json\/wp\/v2\/pages\/7562"}],"collection":[{"href":"https:\/\/www.godan.pl\/en\/wp-json\/wp\/v2\/pages"}],"about":[{"href":"https:\/\/www.godan.pl\/en\/wp-json\/wp\/v2\/types\/page"}],"author":[{"embeddable":true,"href":"https:\/\/www.godan.pl\/en\/wp-json\/wp\/v2\/users\/1"}],"replies":[{"embeddable":true,"href":"https:\/\/www.godan.pl\/en\/wp-json\/wp\/v2\/comments?post=7562"}],"version-history":[{"count":41,"href":"https:\/\/www.godan.pl\/en\/wp-json\/wp\/v2\/pages\/7562\/revisions"}],"predecessor-version":[{"id":26676,"href":"https:\/\/www.godan.pl\/en\/wp-json\/wp\/v2\/pages\/7562\/revisions\/26676"}],"wp:attachment":[{"href":"https:\/\/www.godan.pl\/en\/wp-json\/wp\/v2\/media?parent=7562"}],"curies":[{"name":"wp","href":"https:\/\/api.w.org\/{rel}","templated":true}]}}