{"id":11890,"date":"2018-03-09T12:07:46","date_gmt":"2018-03-09T12:07:46","guid":{"rendered":"https:\/\/www.godan.pl\/?page_id=11890"},"modified":"2018-03-09T12:07:46","modified_gmt":"2018-03-09T12:07:46","slug":"mission-vision","status":"publish","type":"page","link":"https:\/\/www.godan.pl\/en\/about-company\/mission-vision","title":{"rendered":"Mission &#038; vision"},"content":{"rendered":"<h2>Mission:<\/h2>\n<p>Our mission and goal is innovation! Innovation and novelty: in the assortment we offer, its quality, aesthetics and functionality; in our work organization and procedures, in the quality of customer service, in logistics and new technologies, and finally in the relations and atmosphere at work!<br \/>\n If the activities we do, which we have \u201calways\u201d done can be done better &#8211; we change our routine to a new, better standard. If we find out that our goods are not good enough for the client, we change it for better one with humility, abolishing the verdict of the &#8220;market&#8221; &#8211; because we want to be better and better! Really better, not just in your own opinion. If new information or logistics technologies allow us to improve our processes, we implement them, although it is sometimes (maybe always?) difficult and requiring changes in habits. If our traders and sellers visit the customer somewhere in his office, they do not sell the product, they establish relationships! Relations are the most important for us! Not just a one-off profitable transaction, but a fair business relationship, win-win, one about which, even after many years, both sides think as successful and honest. Innovation in management is also important to us: fair assessment and treatment, common discussion of errors and methods of avoiding them, educating everyone.<\/p>\n<h2>Vision:<\/h2>\n<p>We are the most sought after company and business partner for job candidates, for contractors, franchisees and hypermarket buyers &#8211; they value our goods and relationships.<\/p>\n","protected":false},"excerpt":{"rendered":"<p>Mission: Our mission and goal is innovation! Innovation and novelty: in the assortment we offer, its quality, aesthetics and functionality; in our work organization and procedures, in the quality of customer service, in logistics and new technologies, and finally in the relations and atmosphere at work! If the activities we do, which we have \u201calways\u201d [&hellip;]<\/p>\n","protected":false},"author":2,"featured_media":0,"parent":3209,"menu_order":0,"comment_status":"closed","ping_status":"closed","template":"","meta":{"_acf_changed":false,"footnotes":""},"class_list":["post-11890","page","type-page","status-publish","hentry"],"acf":[],"yoast_head":"<!-- This site is optimized with the Yoast SEO plugin v20.11 - https:\/\/yoast.com\/wordpress\/plugins\/seo\/ -->\n<title>Mission &amp; vision - artyku\u0142y imprezowe - Godan S.A.<\/title>\n<meta name=\"description\" content=\"Mission &amp; vision - artyku\u0142y imprezowe, balony i szeroka gama dekoracji, kostium\u00f3w i przebra\u0144 - Godan S.A.\" \/>\n<meta name=\"robots\" content=\"index, follow, max-snippet:-1, max-image-preview:large, max-video-preview:-1\" \/>\n<link rel=\"canonical\" href=\"https:\/\/www.godan.pl\/en\/about-company\/mission-vision\" \/>\n<meta property=\"og:locale\" content=\"en_US\" \/>\n<meta property=\"og:type\" content=\"article\" \/>\n<meta property=\"og:title\" content=\"Mission &amp; vision - artyku\u0142y imprezowe - Godan S.A.\" \/>\n<meta property=\"og:description\" content=\"Mission &amp; vision - artyku\u0142y imprezowe, balony i szeroka gama dekoracji, kostium\u00f3w i przebra\u0144 - Godan S.A.\" \/>\n<meta property=\"og:url\" content=\"https:\/\/www.godan.pl\/en\/about-company\/mission-vision\" \/>\n<meta property=\"og:site_name\" content=\"Godan\" \/>\n<meta name=\"twitter:card\" content=\"summary_large_image\" \/>\n<meta name=\"twitter:label1\" content=\"Est. reading time\" \/>\n\t<meta name=\"twitter:data1\" content=\"1 minute\" \/>\n<script type=\"application\/ld+json\" class=\"yoast-schema-graph\">{\"@context\":\"https:\/\/schema.org\",\"@graph\":[{\"@type\":\"WebPage\",\"@id\":\"https:\/\/www.godan.pl\/en\/about-company\/mission-vision\",\"url\":\"https:\/\/www.godan.pl\/en\/about-company\/mission-vision\",\"name\":\"Mission & vision - artyku\u0142y imprezowe - Godan S.A.\",\"isPartOf\":{\"@id\":\"https:\/\/www.godan.pl\/fr\/#website\"},\"datePublished\":\"2018-03-09T12:07:46+00:00\",\"dateModified\":\"2018-03-09T12:07:46+00:00\",\"description\":\"Mission & vision - artyku\u0142y imprezowe, balony i szeroka gama dekoracji, kostium\u00f3w i przebra\u0144 - Godan S.A.\",\"breadcrumb\":{\"@id\":\"https:\/\/www.godan.pl\/en\/about-company\/mission-vision#breadcrumb\"},\"inLanguage\":\"en-US\",\"potentialAction\":[{\"@type\":\"ReadAction\",\"target\":[\"https:\/\/www.godan.pl\/en\/about-company\/mission-vision\"]}]},{\"@type\":\"BreadcrumbList\",\"@id\":\"https:\/\/www.godan.pl\/en\/about-company\/mission-vision#breadcrumb\",\"itemListElement\":[{\"@type\":\"ListItem\",\"position\":1,\"name\":\"Strona g\u0142\u00f3wna\",\"item\":\"https:\/\/www.godan.pl\/en\"},{\"@type\":\"ListItem\",\"position\":2,\"name\":\"About company\",\"item\":\"https:\/\/www.godan.pl\/en\/about-company\"},{\"@type\":\"ListItem\",\"position\":3,\"name\":\"Mission &#038; vision\"}]},{\"@type\":\"WebSite\",\"@id\":\"https:\/\/www.godan.pl\/fr\/#website\",\"url\":\"https:\/\/www.godan.pl\/fr\/\",\"name\":\"Godan\",\"description\":\"Oferujemy szerok\u0105 ofert\u0119 balon\u00f3w, dekoracji sali, stroj\u00f3w karnawa\u0142owych, artyku\u0142y \u015blubnych i weselnych\",\"publisher\":{\"@id\":\"https:\/\/www.godan.pl\/fr\/#organization\"},\"potentialAction\":[{\"@type\":\"SearchAction\",\"target\":{\"@type\":\"EntryPoint\",\"urlTemplate\":\"https:\/\/www.godan.pl\/fr\/?s={search_term_string}\"},\"query-input\":\"required name=search_term_string\"}],\"inLanguage\":\"en-US\"},{\"@type\":\"Organization\",\"@id\":\"https:\/\/www.godan.pl\/fr\/#organization\",\"name\":\"GoDan S.A.\",\"url\":\"https:\/\/www.godan.pl\/fr\/\",\"logo\":{\"@type\":\"ImageObject\",\"inLanguage\":\"en-US\",\"@id\":\"https:\/\/www.godan.pl\/fr\/#\/schema\/logo\/image\/\",\"url\":\"https:\/\/www.godan.pl\/wp-content\/uploads\/2017\/08\/logo-godan-male-1.png\",\"contentUrl\":\"https:\/\/www.godan.pl\/wp-content\/uploads\/2017\/08\/logo-godan-male-1.png\",\"width\":185,\"height\":97,\"caption\":\"GoDan S.A.\"},\"image\":{\"@id\":\"https:\/\/www.godan.pl\/fr\/#\/schema\/logo\/image\/\"}}]}<\/script>\n<!-- \/ Yoast SEO plugin. -->","yoast_head_json":{"title":"Mission & vision - artyku\u0142y imprezowe - Godan S.A.","description":"Mission & vision - artyku\u0142y imprezowe, balony i szeroka gama dekoracji, kostium\u00f3w i przebra\u0144 - Godan S.A.","robots":{"index":"index","follow":"follow","max-snippet":"max-snippet:-1","max-image-preview":"max-image-preview:large","max-video-preview":"max-video-preview:-1"},"canonical":"https:\/\/www.godan.pl\/en\/about-company\/mission-vision","og_locale":"en_US","og_type":"article","og_title":"Mission & vision - artyku\u0142y imprezowe - Godan S.A.","og_description":"Mission & vision - artyku\u0142y imprezowe, balony i szeroka gama dekoracji, kostium\u00f3w i przebra\u0144 - Godan S.A.","og_url":"https:\/\/www.godan.pl\/en\/about-company\/mission-vision","og_site_name":"Godan","twitter_card":"summary_large_image","twitter_misc":{"Est. reading time":"1 minute"},"schema":{"@context":"https:\/\/schema.org","@graph":[{"@type":"WebPage","@id":"https:\/\/www.godan.pl\/en\/about-company\/mission-vision","url":"https:\/\/www.godan.pl\/en\/about-company\/mission-vision","name":"Mission & vision - artyku\u0142y imprezowe - Godan S.A.","isPartOf":{"@id":"https:\/\/www.godan.pl\/fr\/#website"},"datePublished":"2018-03-09T12:07:46+00:00","dateModified":"2018-03-09T12:07:46+00:00","description":"Mission & vision - artyku\u0142y imprezowe, balony i szeroka gama dekoracji, kostium\u00f3w i przebra\u0144 - Godan S.A.","breadcrumb":{"@id":"https:\/\/www.godan.pl\/en\/about-company\/mission-vision#breadcrumb"},"inLanguage":"en-US","potentialAction":[{"@type":"ReadAction","target":["https:\/\/www.godan.pl\/en\/about-company\/mission-vision"]}]},{"@type":"BreadcrumbList","@id":"https:\/\/www.godan.pl\/en\/about-company\/mission-vision#breadcrumb","itemListElement":[{"@type":"ListItem","position":1,"name":"Strona g\u0142\u00f3wna","item":"https:\/\/www.godan.pl\/en"},{"@type":"ListItem","position":2,"name":"About company","item":"https:\/\/www.godan.pl\/en\/about-company"},{"@type":"ListItem","position":3,"name":"Mission &#038; vision"}]},{"@type":"WebSite","@id":"https:\/\/www.godan.pl\/fr\/#website","url":"https:\/\/www.godan.pl\/fr\/","name":"Godan","description":"Oferujemy szerok\u0105 ofert\u0119 balon\u00f3w, dekoracji sali, stroj\u00f3w karnawa\u0142owych, artyku\u0142y \u015blubnych i weselnych","publisher":{"@id":"https:\/\/www.godan.pl\/fr\/#organization"},"potentialAction":[{"@type":"SearchAction","target":{"@type":"EntryPoint","urlTemplate":"https:\/\/www.godan.pl\/fr\/?s={search_term_string}"},"query-input":"required name=search_term_string"}],"inLanguage":"en-US"},{"@type":"Organization","@id":"https:\/\/www.godan.pl\/fr\/#organization","name":"GoDan S.A.","url":"https:\/\/www.godan.pl\/fr\/","logo":{"@type":"ImageObject","inLanguage":"en-US","@id":"https:\/\/www.godan.pl\/fr\/#\/schema\/logo\/image\/","url":"https:\/\/www.godan.pl\/wp-content\/uploads\/2017\/08\/logo-godan-male-1.png","contentUrl":"https:\/\/www.godan.pl\/wp-content\/uploads\/2017\/08\/logo-godan-male-1.png","width":185,"height":97,"caption":"GoDan S.A."},"image":{"@id":"https:\/\/www.godan.pl\/fr\/#\/schema\/logo\/image\/"}}]}},"_links":{"self":[{"href":"https:\/\/www.godan.pl\/en\/wp-json\/wp\/v2\/pages\/11890"}],"collection":[{"href":"https:\/\/www.godan.pl\/en\/wp-json\/wp\/v2\/pages"}],"about":[{"href":"https:\/\/www.godan.pl\/en\/wp-json\/wp\/v2\/types\/page"}],"author":[{"embeddable":true,"href":"https:\/\/www.godan.pl\/en\/wp-json\/wp\/v2\/users\/2"}],"replies":[{"embeddable":true,"href":"https:\/\/www.godan.pl\/en\/wp-json\/wp\/v2\/comments?post=11890"}],"version-history":[{"count":1,"href":"https:\/\/www.godan.pl\/en\/wp-json\/wp\/v2\/pages\/11890\/revisions"}],"predecessor-version":[{"id":11891,"href":"https:\/\/www.godan.pl\/en\/wp-json\/wp\/v2\/pages\/11890\/revisions\/11891"}],"up":[{"embeddable":true,"href":"https:\/\/www.godan.pl\/en\/wp-json\/wp\/v2\/pages\/3209"}],"wp:attachment":[{"href":"https:\/\/www.godan.pl\/en\/wp-json\/wp\/v2\/media?parent=11890"}],"curies":[{"name":"wp","href":"https:\/\/api.w.org\/{rel}","templated":true}]}}