{"id":7789,"date":"2017-06-02T13:07:48","date_gmt":"2017-06-02T13:07:48","guid":{"rendered":"https:\/\/www.godan.pl\/oferta\/produkcja-slomek\/"},"modified":"2017-09-25T07:47:39","modified_gmt":"2017-09-25T07:47:39","slug":"produktion-der-trinkhalme","status":"publish","type":"page","link":"https:\/\/www.godan.pl\/de\/angebot\/produktion-der-trinkhalme","title":{"rendered":"Produktion der Trinkhalme"},"content":{"rendered":"<p>Wir produzieren Trinkhalme.<\/p>\n<p class=\"paragraph__no__margin\">Im festen Angebot haben wir:<\/p>\n<ul>\n<li>flexible Trinkhalme mit einem Durchmesser von 4,8 mm und L\u00e4nge von 21 cm,<\/li>\n<li>gerade Trinkhalme mit einem Durchmesser von 3 bis 10 mm und unterschiedlichen L\u00e4ngen.<\/li>\n<\/ul>\n<p>Unsere Trinkhalme sind aus Polypropylen gefertigt und erf\u00fcllen alle Qualit\u00e4tsstandards die f\u00fcr den Kontakt mit Lebensmitteln bestimmt sind.<\/p>\n<p>Wir laden Sie zur Zusammenarbeit ein!<\/p>\n<p><img loading=\"lazy\" decoding=\"async\" width=\"945\" height=\"245\" class=\"aligncenter size-full wp-image-7084\" src=\"https:\/\/www.godan.pl\/wp-content\/uploads\/2017\/06\/slomki_rurki_producent.jpg\" alt=\"Producent s\u0142omek do picia, hurtownia\" srcset=\"https:\/\/www.godan.pl\/wp-content\/uploads\/2017\/06\/slomki_rurki_producent.jpg 945w, https:\/\/www.godan.pl\/wp-content\/uploads\/2017\/06\/slomki_rurki_producent-300x78.jpg 300w, https:\/\/www.godan.pl\/wp-content\/uploads\/2017\/06\/slomki_rurki_producent-768x199.jpg 768w, https:\/\/www.godan.pl\/wp-content\/uploads\/2017\/06\/slomki_rurki_producent-200x52.jpg 200w\" sizes=\"(max-width: 945px) 100vw, 945px\" \/><\/p>\n<h2>Warum Trinkhalme von GoDan?<\/h2>\n<ul>\n<li>Wir haben unseren eigenen modernen Maschinenpark, der es uns erm\u00f6glicht, schnell Trinkhalme nach den individuellen Bed\u00fcrfnissen unsere Kunden zu produzieren.<\/li>\n<li>Dank der eigenen Produktion, haben wir volle Kontrolle \u00fcber die hohe Qualit\u00e4t der hergestellten Trinkhalme.<\/li>\n<li>Wir k\u00f6nnen unsere Produkte in Bezug auf den Durchmesser, Breite, L\u00e4nge des Halmes anpassen.<\/li>\n<li>Wir bieten eine reiche Palette an Farben, inklusive Metallicfarben an.<\/li>\n<li>Wir produzieren gerade und flexible Trinkhalme.<\/li>\n<\/ul>\n<p><img loading=\"lazy\" decoding=\"async\" width=\"725\" height=\"200\" class=\"aligncenter size-full wp-image-6898\" src=\"https:\/\/www.godan.pl\/wp-content\/uploads\/2017\/06\/slomki2.jpg\" alt=\"Hurtownia s\u0142omek do picia.\" srcset=\"https:\/\/www.godan.pl\/wp-content\/uploads\/2017\/06\/slomki2.jpg 725w, https:\/\/www.godan.pl\/wp-content\/uploads\/2017\/06\/slomki2-300x83.jpg 300w, https:\/\/www.godan.pl\/wp-content\/uploads\/2017\/06\/slomki2-200x55.jpg 200w\" sizes=\"(max-width: 725px) 100vw, 725px\" \/><\/p>\n<p><strong>Wir produzieren einfarbige, zweifarbige und dreifarbige Trinkhalme<\/strong>, die als Kombination aus der  Basis (wei\u00df) und zwei weiteren Farben entstehen.<\/p>\n<p><img loading=\"lazy\" decoding=\"async\" width=\"725\" height=\"200\" class=\"aligncenter size-full wp-image-6904\" src=\"https:\/\/www.godan.pl\/wp-content\/uploads\/2017\/06\/slomki3.jpg\" alt=\"Rurki, s\u0142omki do picia - produkcja, hurt, kolory.\" srcset=\"https:\/\/www.godan.pl\/wp-content\/uploads\/2017\/06\/slomki3.jpg 725w, https:\/\/www.godan.pl\/wp-content\/uploads\/2017\/06\/slomki3-300x83.jpg 300w, https:\/\/www.godan.pl\/wp-content\/uploads\/2017\/06\/slomki3-200x55.jpg 200w\" sizes=\"(max-width: 725px) 100vw, 725px\" \/><\/p>\n<p class=\"paragraph__no__margin\"><strong>Je nach den Bed\u00fcrfnissen und Anforderungen<\/strong> des Kunden, k\u00f6nnen wir unsere Trinkhalme wie folgt verpacken:<\/p>\n<ul>\n<li>einzeln in Papierverpackung (nur gerade Trinkhalem)<\/li>\n<li>Maschinens\u00e4tze (40, 50, 100, 250 St\u00fcck) im Polypropylenfilm oder OPP \/ CPP Beutel (in 20, 40, 500, 1000 St\u00fcck)<\/li>\n<\/ul>\n<p>Die Trinkhalme werden in Transportkisten oder auf Paletten verpackt (abh\u00e4nging von der Gr\u00fc\u00dfe des Auftrags).<\/p>\n","protected":false},"excerpt":{"rendered":"<p>Wir produzieren Trinkhalme. Im festen Angebot haben wir: flexible Trinkhalme mit einem Durchmesser von 4,8 mm und L\u00e4nge von 21 cm, gerade Trinkhalme mit einem Durchmesser von 3 bis 10 mm und unterschiedlichen L\u00e4ngen. Unsere Trinkhalme sind aus Polypropylen gefertigt und erf\u00fcllen alle Qualit\u00e4tsstandards die f\u00fcr den Kontakt mit Lebensmitteln bestimmt sind. Wir laden Sie [&hellip;]<\/p>\n","protected":false},"author":1,"featured_media":0,"parent":7679,"menu_order":0,"comment_status":"closed","ping_status":"closed","template":"template-formularz_sidebar.php","meta":{"_acf_changed":false,"footnotes":""},"class_list":["post-7789","page","type-page","status-publish","hentry"],"acf":[],"yoast_head":"<!-- This site is optimized with the Yoast SEO plugin v20.11 - https:\/\/yoast.com\/wordpress\/plugins\/seo\/ -->\n<title>S\u0142omki, rurki do napoj\u00f3w, producent rurek i s\u0142omek, sprzeda\u017c hurtowa detal: GoDan SA<\/title>\n<meta name=\"description\" content=\"Jeste\u015bmy producentem s\u0142omek, oferujemy rurki proste i sk\u0142adane (kolankowe). Bogata oferta wzor\u00f3w i kolor\u00f3w. Sprzeda\u017c hurtowa i detaliczna. Zapraszamy!\" \/>\n<meta name=\"robots\" content=\"index, follow, max-snippet:-1, max-image-preview:large, max-video-preview:-1\" \/>\n<link rel=\"canonical\" href=\"https:\/\/www.godan.pl\/de\/angebot\/produktion-der-trinkhalme\" \/>\n<meta property=\"og:locale\" content=\"de_DE\" \/>\n<meta property=\"og:type\" content=\"article\" \/>\n<meta property=\"og:title\" content=\"S\u0142omki, rurki do napoj\u00f3w, producent rurek i s\u0142omek, sprzeda\u017c hurtowa detal: GoDan SA\" \/>\n<meta property=\"og:description\" content=\"Jeste\u015bmy producentem s\u0142omek, oferujemy rurki proste i sk\u0142adane (kolankowe). Bogata oferta wzor\u00f3w i kolor\u00f3w. Sprzeda\u017c hurtowa i detaliczna. Zapraszamy!\" \/>\n<meta property=\"og:url\" content=\"https:\/\/www.godan.pl\/de\/angebot\/produktion-der-trinkhalme\" \/>\n<meta property=\"og:site_name\" content=\"Godan\" \/>\n<meta property=\"article:modified_time\" content=\"2017-09-25T07:47:39+00:00\" \/>\n<meta property=\"og:image\" content=\"https:\/\/www.godan.pl\/wp-content\/uploads\/2017\/06\/slomki_rurki_producent.jpg\" \/>\n<meta name=\"twitter:card\" content=\"summary_large_image\" \/>\n<meta name=\"twitter:label1\" content=\"Gesch\u00e4tzte Lesezeit\" \/>\n\t<meta name=\"twitter:data1\" content=\"1 Minute\" \/>\n<script type=\"application\/ld+json\" class=\"yoast-schema-graph\">{\"@context\":\"https:\/\/schema.org\",\"@graph\":[{\"@type\":\"WebPage\",\"@id\":\"https:\/\/www.godan.pl\/de\/angebot\/produktion-der-trinkhalme\",\"url\":\"https:\/\/www.godan.pl\/de\/angebot\/produktion-der-trinkhalme\",\"name\":\"S\u0142omki, rurki do napoj\u00f3w, producent rurek i s\u0142omek, sprzeda\u017c hurtowa detal: GoDan SA\",\"isPartOf\":{\"@id\":\"https:\/\/www.godan.pl\/fr\/#website\"},\"datePublished\":\"2017-06-02T13:07:48+00:00\",\"dateModified\":\"2017-09-25T07:47:39+00:00\",\"description\":\"Jeste\u015bmy producentem s\u0142omek, oferujemy rurki proste i sk\u0142adane (kolankowe). Bogata oferta wzor\u00f3w i kolor\u00f3w. Sprzeda\u017c hurtowa i detaliczna. Zapraszamy!\",\"breadcrumb\":{\"@id\":\"https:\/\/www.godan.pl\/de\/angebot\/produktion-der-trinkhalme#breadcrumb\"},\"inLanguage\":\"de-DE\",\"potentialAction\":[{\"@type\":\"ReadAction\",\"target\":[\"https:\/\/www.godan.pl\/de\/angebot\/produktion-der-trinkhalme\"]}]},{\"@type\":\"BreadcrumbList\",\"@id\":\"https:\/\/www.godan.pl\/de\/angebot\/produktion-der-trinkhalme#breadcrumb\",\"itemListElement\":[{\"@type\":\"ListItem\",\"position\":1,\"name\":\"Strona g\u0142\u00f3wna\",\"item\":\"https:\/\/www.godan.pl\/de\"},{\"@type\":\"ListItem\",\"position\":2,\"name\":\"Angebot\",\"item\":\"https:\/\/www.godan.pl\/de\/angebot\"},{\"@type\":\"ListItem\",\"position\":3,\"name\":\"Produktion der Trinkhalme\"}]},{\"@type\":\"WebSite\",\"@id\":\"https:\/\/www.godan.pl\/fr\/#website\",\"url\":\"https:\/\/www.godan.pl\/fr\/\",\"name\":\"Godan\",\"description\":\"Oferujemy szerok\u0105 ofert\u0119 balon\u00f3w, dekoracji sali, stroj\u00f3w karnawa\u0142owych, artyku\u0142y \u015blubnych i weselnych\",\"publisher\":{\"@id\":\"https:\/\/www.godan.pl\/fr\/#organization\"},\"potentialAction\":[{\"@type\":\"SearchAction\",\"target\":{\"@type\":\"EntryPoint\",\"urlTemplate\":\"https:\/\/www.godan.pl\/fr\/?s={search_term_string}\"},\"query-input\":\"required name=search_term_string\"}],\"inLanguage\":\"de-DE\"},{\"@type\":\"Organization\",\"@id\":\"https:\/\/www.godan.pl\/fr\/#organization\",\"name\":\"GoDan S.A.\",\"url\":\"https:\/\/www.godan.pl\/fr\/\",\"logo\":{\"@type\":\"ImageObject\",\"inLanguage\":\"de-DE\",\"@id\":\"https:\/\/www.godan.pl\/fr\/#\/schema\/logo\/image\/\",\"url\":\"https:\/\/www.godan.pl\/wp-content\/uploads\/2017\/08\/logo-godan-male-1.png\",\"contentUrl\":\"https:\/\/www.godan.pl\/wp-content\/uploads\/2017\/08\/logo-godan-male-1.png\",\"width\":185,\"height\":97,\"caption\":\"GoDan S.A.\"},\"image\":{\"@id\":\"https:\/\/www.godan.pl\/fr\/#\/schema\/logo\/image\/\"}}]}<\/script>\n<!-- \/ Yoast SEO plugin. -->","yoast_head_json":{"title":"S\u0142omki, rurki do napoj\u00f3w, producent rurek i s\u0142omek, sprzeda\u017c hurtowa detal: GoDan SA","description":"Jeste\u015bmy producentem s\u0142omek, oferujemy rurki proste i sk\u0142adane (kolankowe). Bogata oferta wzor\u00f3w i kolor\u00f3w. Sprzeda\u017c hurtowa i detaliczna. Zapraszamy!","robots":{"index":"index","follow":"follow","max-snippet":"max-snippet:-1","max-image-preview":"max-image-preview:large","max-video-preview":"max-video-preview:-1"},"canonical":"https:\/\/www.godan.pl\/de\/angebot\/produktion-der-trinkhalme","og_locale":"de_DE","og_type":"article","og_title":"S\u0142omki, rurki do napoj\u00f3w, producent rurek i s\u0142omek, sprzeda\u017c hurtowa detal: GoDan SA","og_description":"Jeste\u015bmy producentem s\u0142omek, oferujemy rurki proste i sk\u0142adane (kolankowe). Bogata oferta wzor\u00f3w i kolor\u00f3w. Sprzeda\u017c hurtowa i detaliczna. Zapraszamy!","og_url":"https:\/\/www.godan.pl\/de\/angebot\/produktion-der-trinkhalme","og_site_name":"Godan","article_modified_time":"2017-09-25T07:47:39+00:00","og_image":[{"url":"https:\/\/www.godan.pl\/wp-content\/uploads\/2017\/06\/slomki_rurki_producent.jpg"}],"twitter_card":"summary_large_image","twitter_misc":{"Gesch\u00e4tzte Lesezeit":"1 Minute"},"schema":{"@context":"https:\/\/schema.org","@graph":[{"@type":"WebPage","@id":"https:\/\/www.godan.pl\/de\/angebot\/produktion-der-trinkhalme","url":"https:\/\/www.godan.pl\/de\/angebot\/produktion-der-trinkhalme","name":"S\u0142omki, rurki do napoj\u00f3w, producent rurek i s\u0142omek, sprzeda\u017c hurtowa detal: GoDan SA","isPartOf":{"@id":"https:\/\/www.godan.pl\/fr\/#website"},"datePublished":"2017-06-02T13:07:48+00:00","dateModified":"2017-09-25T07:47:39+00:00","description":"Jeste\u015bmy producentem s\u0142omek, oferujemy rurki proste i sk\u0142adane (kolankowe). Bogata oferta wzor\u00f3w i kolor\u00f3w. Sprzeda\u017c hurtowa i detaliczna. Zapraszamy!","breadcrumb":{"@id":"https:\/\/www.godan.pl\/de\/angebot\/produktion-der-trinkhalme#breadcrumb"},"inLanguage":"de-DE","potentialAction":[{"@type":"ReadAction","target":["https:\/\/www.godan.pl\/de\/angebot\/produktion-der-trinkhalme"]}]},{"@type":"BreadcrumbList","@id":"https:\/\/www.godan.pl\/de\/angebot\/produktion-der-trinkhalme#breadcrumb","itemListElement":[{"@type":"ListItem","position":1,"name":"Strona g\u0142\u00f3wna","item":"https:\/\/www.godan.pl\/de"},{"@type":"ListItem","position":2,"name":"Angebot","item":"https:\/\/www.godan.pl\/de\/angebot"},{"@type":"ListItem","position":3,"name":"Produktion der Trinkhalme"}]},{"@type":"WebSite","@id":"https:\/\/www.godan.pl\/fr\/#website","url":"https:\/\/www.godan.pl\/fr\/","name":"Godan","description":"Oferujemy szerok\u0105 ofert\u0119 balon\u00f3w, dekoracji sali, stroj\u00f3w karnawa\u0142owych, artyku\u0142y \u015blubnych i weselnych","publisher":{"@id":"https:\/\/www.godan.pl\/fr\/#organization"},"potentialAction":[{"@type":"SearchAction","target":{"@type":"EntryPoint","urlTemplate":"https:\/\/www.godan.pl\/fr\/?s={search_term_string}"},"query-input":"required name=search_term_string"}],"inLanguage":"de-DE"},{"@type":"Organization","@id":"https:\/\/www.godan.pl\/fr\/#organization","name":"GoDan S.A.","url":"https:\/\/www.godan.pl\/fr\/","logo":{"@type":"ImageObject","inLanguage":"de-DE","@id":"https:\/\/www.godan.pl\/fr\/#\/schema\/logo\/image\/","url":"https:\/\/www.godan.pl\/wp-content\/uploads\/2017\/08\/logo-godan-male-1.png","contentUrl":"https:\/\/www.godan.pl\/wp-content\/uploads\/2017\/08\/logo-godan-male-1.png","width":185,"height":97,"caption":"GoDan S.A."},"image":{"@id":"https:\/\/www.godan.pl\/fr\/#\/schema\/logo\/image\/"}}]}},"_links":{"self":[{"href":"https:\/\/www.godan.pl\/de\/wp-json\/wp\/v2\/pages\/7789"}],"collection":[{"href":"https:\/\/www.godan.pl\/de\/wp-json\/wp\/v2\/pages"}],"about":[{"href":"https:\/\/www.godan.pl\/de\/wp-json\/wp\/v2\/types\/page"}],"author":[{"embeddable":true,"href":"https:\/\/www.godan.pl\/de\/wp-json\/wp\/v2\/users\/1"}],"replies":[{"embeddable":true,"href":"https:\/\/www.godan.pl\/de\/wp-json\/wp\/v2\/comments?post=7789"}],"version-history":[{"count":13,"href":"https:\/\/www.godan.pl\/de\/wp-json\/wp\/v2\/pages\/7789\/revisions"}],"predecessor-version":[{"id":11440,"href":"https:\/\/www.godan.pl\/de\/wp-json\/wp\/v2\/pages\/7789\/revisions\/11440"}],"up":[{"embeddable":true,"href":"https:\/\/www.godan.pl\/de\/wp-json\/wp\/v2\/pages\/7679"}],"wp:attachment":[{"href":"https:\/\/www.godan.pl\/de\/wp-json\/wp\/v2\/media?parent=7789"}],"curies":[{"name":"wp","href":"https:\/\/api.w.org\/{rel}","templated":true}]}}