{"id":7689,"date":"2017-05-28T20:00:32","date_gmt":"2017-05-28T20:00:32","guid":{"rendered":"https:\/\/www.godan.pl\/o-firmie\/dlaczego-my\/"},"modified":"2017-09-01T07:14:05","modified_gmt":"2017-09-01T07:14:05","slug":"warum-uns","status":"publish","type":"page","link":"https:\/\/www.godan.pl\/de\/ueber-die-firma\/warum-uns","title":{"rendered":"Warum uns?"},"content":{"rendered":"<p>Bei GoDan sind wir \u00fcberzeugt, dass der Schl\u00fcssel zur langfristigen und fruchtbaren Zusammenarbeit in den Werten und Prinzipien, an die wir glauben liegt:<br \/>\n<img loading=\"lazy\" decoding=\"async\" width=\"1024\" height=\"172\" class=\"aligncenter size-large wp-image-7094\" src=\"https:\/\/www.godan.pl\/wp-content\/uploads\/2017\/05\/dlaczegomy-1024x172.jpg\" alt=\"GoDan - Balony - Dlaczego My?\" srcset=\"https:\/\/www.godan.pl\/wp-content\/uploads\/2017\/05\/dlaczegomy-1024x172.jpg 1024w, https:\/\/www.godan.pl\/wp-content\/uploads\/2017\/05\/dlaczegomy-300x50.jpg 300w, https:\/\/www.godan.pl\/wp-content\/uploads\/2017\/05\/dlaczegomy-768x129.jpg 768w, https:\/\/www.godan.pl\/wp-content\/uploads\/2017\/05\/dlaczegomy-200x34.jpg 200w, https:\/\/www.godan.pl\/wp-content\/uploads\/2017\/05\/dlaczegomy.jpg 1516w\" sizes=\"(max-width: 1024px) 100vw, 1024px\" \/><\/p>\n<p><strong>Qualit\u00e4t und Preis<\/strong> \u2013 der Vertrieb von mehr als 11 000 Produkten ist eine gro\u00dfe Herausforderung, umso mehr Wert legen wir auf die hohe Qualit\u00e4t unserer Produkte. Unabh\u00e4ngig davon, ob wir die Waren selbst produzieren (z. B. Kleidung oder Trinkhalme) oder auch die Waren von qualifizierten Lieferanten aus Polen, EU, Amerika und Asien kaufen, sind wir sehr aufmerksam auf den Qualit\u00e4tsstandard. Zug\u00e4ngliche Preise ist auch unser Unterscheidungsmerkmal.<\/p>\n<p><strong>Eigene Produktion<\/strong> &#8211; um das Produkt dem polnischen Publikum anzupassen und eine schnelle Ausf\u00fchrung von Auftr\u00e4gen zu gew\u00e4hrleisten, \u00a0besitzen wir unsere eigene Produktionslinie von einem Teil des Sortiments (z.B. Strohhalme und Karneval H\u00fctchen, Kost\u00fcme f\u00fcr Erwachsene und Kinder).<\/p>\n<p><strong>Partnerschaft im Gesch\u00e4ft<\/strong> &#8211; unser Verkaufsteam ist immer bem\u00fcht, die Bed\u00fcrfnisse und Erwartungen der Kunden zu verstehen. Wir wollen unsere Position als das Unternehmen der ersten Wahl im Bezug auf Partyzubeh\u00f6r st\u00e4rken. Uns ist eine langfristige Beziehung und fruchtbare Zusammenarbeit lieber, als die Umsetzung der kurzfristiger Umsatzziele.<\/p>\n<p><strong>Einhaltung der Trends<\/strong> &#8211; wir analysieren alle Neuigkeiten, Moden und Trends auf den M\u00e4rkten nicht nur in Europa aber auch weltweit. Wir nehmen an vielen Messen und Ausstellungen teil. Wir bem\u00fchen uns schnell auf die sich \u00e4ndernden Erwartungen der Zielkunden zu reagieren, um den Vertrieb der Produkte die sie suchen am besten zu optimieren.<\/p>\n<p><strong>Erfahrung<\/strong> &#8211; Gesch\u00e4ftsf\u00fchrung von \u00fcber einem Viertel Jahrhundert verpflichtet. Der Markt ver\u00e4ndert sich schnell und wird immer wettbewerbsf\u00e4higer, und deshalb ist eine kontinuierliche Entwicklung notwendig. Wir bauen neue Vertriebskan\u00e4le, erweitern unser Angebot, verbessern die Qualit\u00e4t, wir investieren in die Arbeitskr\u00e4fte optimieren unsere Prozesse. Wir nutzen dieses Wissen um in noch st\u00e4rkerem Ma\u00dfe den wachsenden Anforderungen des Marktes gerecht zu werden.<\/p>\n<p><strong>Engagement<\/strong> &#8211; f\u00fcr viele Mitarbeiter ist Godan mehr als nur ein Ort der Arbeit. Wir legen Wert auf unternehmerische und offene Personen die begeistert ihre Arbeit ausf\u00fchren. Wir bem\u00fchen uns sicherzustellen, dass die Mitarbeiter eine pers\u00f6nliche Zufriedenheit zu ihrer Arbeit empfinden, was zugleich f\u00fcr den Erfolg des Unternehmens und seiner Kunden spricht. Sehr oft nehmen wir an sogenannten schwierigen, dringenden, kundenspezifischen Auftr\u00e4gen teil.<\/p>\n<p><strong>Humor<\/strong> \u2013 wer in dieser Industrie arbeitet, dem f\u00e4llt es nicht schwer die Kompetenz \u201eFUN\u201c zu entwickeln \ud83d\ude42 Die meiste Freude und Zufriedenheit gibt uns so wirklich das L\u00e4cheln derer, die unsere Produkte verwenden. Wir selbst sind treue Nutzer &#8211; laut feiern wir Geburtstage, Jubil\u00e4en, die Geburt von Kindern der Mitarbeiter oder die Erfolge des Unternehmens.<\/p>\n","protected":false},"excerpt":{"rendered":"<p>Bei GoDan sind wir \u00fcberzeugt, dass der Schl\u00fcssel zur langfristigen und fruchtbaren Zusammenarbeit in den Werten und Prinzipien, an die wir glauben liegt: Qualit\u00e4t und Preis \u2013 der Vertrieb von mehr als 11 000 Produkten ist eine gro\u00dfe Herausforderung, umso mehr Wert legen wir auf die hohe Qualit\u00e4t unserer Produkte. Unabh\u00e4ngig davon, ob wir die [&hellip;]<\/p>\n","protected":false},"author":1,"featured_media":2867,"parent":7604,"menu_order":1,"comment_status":"closed","ping_status":"closed","template":"","meta":{"_acf_changed":false,"footnotes":""},"class_list":["post-7689","page","type-page","status-publish","has-post-thumbnail","hentry"],"acf":[],"yoast_head":"<!-- This site is optimized with the Yoast SEO plugin v20.11 - https:\/\/yoast.com\/wordpress\/plugins\/seo\/ -->\n<title>Jako\u015b\u0107, w\u0142asna produkcja, do\u015bwiadczenie \u2013 dlaczego warto z nami pracowa\u0107? GoDan SA<\/title>\n<meta name=\"description\" content=\"W GoDan wierzymy, \u017ce kluczem do owocnej wsp\u00f3\u0142pracy s\u0105 warto\u015bci i zaanga\u017cowanie ca\u0142ego zespo\u0142u.\" \/>\n<meta name=\"robots\" content=\"index, follow, max-snippet:-1, max-image-preview:large, max-video-preview:-1\" \/>\n<link rel=\"canonical\" href=\"https:\/\/www.godan.pl\/de\/ueber-die-firma\/warum-uns\" \/>\n<meta property=\"og:locale\" content=\"de_DE\" \/>\n<meta property=\"og:type\" content=\"article\" \/>\n<meta property=\"og:title\" content=\"Jako\u015b\u0107, w\u0142asna produkcja, do\u015bwiadczenie \u2013 dlaczego warto z nami pracowa\u0107? GoDan SA\" \/>\n<meta property=\"og:description\" content=\"W GoDan wierzymy, \u017ce kluczem do owocnej wsp\u00f3\u0142pracy s\u0105 warto\u015bci i zaanga\u017cowanie ca\u0142ego zespo\u0142u.\" \/>\n<meta property=\"og:url\" content=\"https:\/\/www.godan.pl\/de\/ueber-die-firma\/warum-uns\" \/>\n<meta property=\"og:site_name\" content=\"Godan\" \/>\n<meta property=\"article:modified_time\" content=\"2017-09-01T07:14:05+00:00\" \/>\n<meta property=\"og:image\" content=\"https:\/\/www.godan.pl\/wp-content\/uploads\/2017\/05\/146062849593-kdek2.jpg\" \/>\n\t<meta property=\"og:image:width\" content=\"391\" \/>\n\t<meta property=\"og:image:height\" content=\"220\" \/>\n\t<meta property=\"og:image:type\" content=\"image\/jpeg\" \/>\n<meta name=\"twitter:card\" content=\"summary_large_image\" \/>\n<meta name=\"twitter:label1\" content=\"Gesch\u00e4tzte Lesezeit\" \/>\n\t<meta name=\"twitter:data1\" content=\"2 Minuten\" \/>\n<script type=\"application\/ld+json\" class=\"yoast-schema-graph\">{\"@context\":\"https:\/\/schema.org\",\"@graph\":[{\"@type\":\"WebPage\",\"@id\":\"https:\/\/www.godan.pl\/de\/ueber-die-firma\/warum-uns\",\"url\":\"https:\/\/www.godan.pl\/de\/ueber-die-firma\/warum-uns\",\"name\":\"Jako\u015b\u0107, w\u0142asna produkcja, do\u015bwiadczenie \u2013 dlaczego warto z nami pracowa\u0107? GoDan SA\",\"isPartOf\":{\"@id\":\"https:\/\/www.godan.pl\/fr\/#website\"},\"datePublished\":\"2017-05-28T20:00:32+00:00\",\"dateModified\":\"2017-09-01T07:14:05+00:00\",\"description\":\"W GoDan wierzymy, \u017ce kluczem do owocnej wsp\u00f3\u0142pracy s\u0105 warto\u015bci i zaanga\u017cowanie ca\u0142ego zespo\u0142u.\",\"breadcrumb\":{\"@id\":\"https:\/\/www.godan.pl\/de\/ueber-die-firma\/warum-uns#breadcrumb\"},\"inLanguage\":\"de-DE\",\"potentialAction\":[{\"@type\":\"ReadAction\",\"target\":[\"https:\/\/www.godan.pl\/de\/ueber-die-firma\/warum-uns\"]}]},{\"@type\":\"BreadcrumbList\",\"@id\":\"https:\/\/www.godan.pl\/de\/ueber-die-firma\/warum-uns#breadcrumb\",\"itemListElement\":[{\"@type\":\"ListItem\",\"position\":1,\"name\":\"Strona g\u0142\u00f3wna\",\"item\":\"https:\/\/www.godan.pl\/de\"},{\"@type\":\"ListItem\",\"position\":2,\"name\":\"\u00dcber uns\",\"item\":\"https:\/\/www.godan.pl\/de\/ueber-die-firma\"},{\"@type\":\"ListItem\",\"position\":3,\"name\":\"Warum uns?\"}]},{\"@type\":\"WebSite\",\"@id\":\"https:\/\/www.godan.pl\/fr\/#website\",\"url\":\"https:\/\/www.godan.pl\/fr\/\",\"name\":\"Godan\",\"description\":\"Oferujemy szerok\u0105 ofert\u0119 balon\u00f3w, dekoracji sali, stroj\u00f3w karnawa\u0142owych, artyku\u0142y \u015blubnych i weselnych\",\"publisher\":{\"@id\":\"https:\/\/www.godan.pl\/fr\/#organization\"},\"potentialAction\":[{\"@type\":\"SearchAction\",\"target\":{\"@type\":\"EntryPoint\",\"urlTemplate\":\"https:\/\/www.godan.pl\/fr\/?s={search_term_string}\"},\"query-input\":\"required name=search_term_string\"}],\"inLanguage\":\"de-DE\"},{\"@type\":\"Organization\",\"@id\":\"https:\/\/www.godan.pl\/fr\/#organization\",\"name\":\"GoDan S.A.\",\"url\":\"https:\/\/www.godan.pl\/fr\/\",\"logo\":{\"@type\":\"ImageObject\",\"inLanguage\":\"de-DE\",\"@id\":\"https:\/\/www.godan.pl\/fr\/#\/schema\/logo\/image\/\",\"url\":\"https:\/\/www.godan.pl\/wp-content\/uploads\/2017\/08\/logo-godan-male-1.png\",\"contentUrl\":\"https:\/\/www.godan.pl\/wp-content\/uploads\/2017\/08\/logo-godan-male-1.png\",\"width\":185,\"height\":97,\"caption\":\"GoDan S.A.\"},\"image\":{\"@id\":\"https:\/\/www.godan.pl\/fr\/#\/schema\/logo\/image\/\"}}]}<\/script>\n<!-- \/ Yoast SEO plugin. -->","yoast_head_json":{"title":"Jako\u015b\u0107, w\u0142asna produkcja, do\u015bwiadczenie \u2013 dlaczego warto z nami pracowa\u0107? GoDan SA","description":"W GoDan wierzymy, \u017ce kluczem do owocnej wsp\u00f3\u0142pracy s\u0105 warto\u015bci i zaanga\u017cowanie ca\u0142ego zespo\u0142u.","robots":{"index":"index","follow":"follow","max-snippet":"max-snippet:-1","max-image-preview":"max-image-preview:large","max-video-preview":"max-video-preview:-1"},"canonical":"https:\/\/www.godan.pl\/de\/ueber-die-firma\/warum-uns","og_locale":"de_DE","og_type":"article","og_title":"Jako\u015b\u0107, w\u0142asna produkcja, do\u015bwiadczenie \u2013 dlaczego warto z nami pracowa\u0107? GoDan SA","og_description":"W GoDan wierzymy, \u017ce kluczem do owocnej wsp\u00f3\u0142pracy s\u0105 warto\u015bci i zaanga\u017cowanie ca\u0142ego zespo\u0142u.","og_url":"https:\/\/www.godan.pl\/de\/ueber-die-firma\/warum-uns","og_site_name":"Godan","article_modified_time":"2017-09-01T07:14:05+00:00","og_image":[{"width":391,"height":220,"url":"https:\/\/www.godan.pl\/wp-content\/uploads\/2017\/05\/146062849593-kdek2.jpg","type":"image\/jpeg"}],"twitter_card":"summary_large_image","twitter_misc":{"Gesch\u00e4tzte Lesezeit":"2 Minuten"},"schema":{"@context":"https:\/\/schema.org","@graph":[{"@type":"WebPage","@id":"https:\/\/www.godan.pl\/de\/ueber-die-firma\/warum-uns","url":"https:\/\/www.godan.pl\/de\/ueber-die-firma\/warum-uns","name":"Jako\u015b\u0107, w\u0142asna produkcja, do\u015bwiadczenie \u2013 dlaczego warto z nami pracowa\u0107? GoDan SA","isPartOf":{"@id":"https:\/\/www.godan.pl\/fr\/#website"},"datePublished":"2017-05-28T20:00:32+00:00","dateModified":"2017-09-01T07:14:05+00:00","description":"W GoDan wierzymy, \u017ce kluczem do owocnej wsp\u00f3\u0142pracy s\u0105 warto\u015bci i zaanga\u017cowanie ca\u0142ego zespo\u0142u.","breadcrumb":{"@id":"https:\/\/www.godan.pl\/de\/ueber-die-firma\/warum-uns#breadcrumb"},"inLanguage":"de-DE","potentialAction":[{"@type":"ReadAction","target":["https:\/\/www.godan.pl\/de\/ueber-die-firma\/warum-uns"]}]},{"@type":"BreadcrumbList","@id":"https:\/\/www.godan.pl\/de\/ueber-die-firma\/warum-uns#breadcrumb","itemListElement":[{"@type":"ListItem","position":1,"name":"Strona g\u0142\u00f3wna","item":"https:\/\/www.godan.pl\/de"},{"@type":"ListItem","position":2,"name":"\u00dcber uns","item":"https:\/\/www.godan.pl\/de\/ueber-die-firma"},{"@type":"ListItem","position":3,"name":"Warum uns?"}]},{"@type":"WebSite","@id":"https:\/\/www.godan.pl\/fr\/#website","url":"https:\/\/www.godan.pl\/fr\/","name":"Godan","description":"Oferujemy szerok\u0105 ofert\u0119 balon\u00f3w, dekoracji sali, stroj\u00f3w karnawa\u0142owych, artyku\u0142y \u015blubnych i weselnych","publisher":{"@id":"https:\/\/www.godan.pl\/fr\/#organization"},"potentialAction":[{"@type":"SearchAction","target":{"@type":"EntryPoint","urlTemplate":"https:\/\/www.godan.pl\/fr\/?s={search_term_string}"},"query-input":"required name=search_term_string"}],"inLanguage":"de-DE"},{"@type":"Organization","@id":"https:\/\/www.godan.pl\/fr\/#organization","name":"GoDan S.A.","url":"https:\/\/www.godan.pl\/fr\/","logo":{"@type":"ImageObject","inLanguage":"de-DE","@id":"https:\/\/www.godan.pl\/fr\/#\/schema\/logo\/image\/","url":"https:\/\/www.godan.pl\/wp-content\/uploads\/2017\/08\/logo-godan-male-1.png","contentUrl":"https:\/\/www.godan.pl\/wp-content\/uploads\/2017\/08\/logo-godan-male-1.png","width":185,"height":97,"caption":"GoDan S.A."},"image":{"@id":"https:\/\/www.godan.pl\/fr\/#\/schema\/logo\/image\/"}}]}},"_links":{"self":[{"href":"https:\/\/www.godan.pl\/de\/wp-json\/wp\/v2\/pages\/7689"}],"collection":[{"href":"https:\/\/www.godan.pl\/de\/wp-json\/wp\/v2\/pages"}],"about":[{"href":"https:\/\/www.godan.pl\/de\/wp-json\/wp\/v2\/types\/page"}],"author":[{"embeddable":true,"href":"https:\/\/www.godan.pl\/de\/wp-json\/wp\/v2\/users\/1"}],"replies":[{"embeddable":true,"href":"https:\/\/www.godan.pl\/de\/wp-json\/wp\/v2\/comments?post=7689"}],"version-history":[{"count":6,"href":"https:\/\/www.godan.pl\/de\/wp-json\/wp\/v2\/pages\/7689\/revisions"}],"predecessor-version":[{"id":11219,"href":"https:\/\/www.godan.pl\/de\/wp-json\/wp\/v2\/pages\/7689\/revisions\/11219"}],"up":[{"embeddable":true,"href":"https:\/\/www.godan.pl\/de\/wp-json\/wp\/v2\/pages\/7604"}],"wp:featuredmedia":[{"embeddable":true,"href":"https:\/\/www.godan.pl\/de\/wp-json\/wp\/v2\/media\/2867"}],"wp:attachment":[{"href":"https:\/\/www.godan.pl\/de\/wp-json\/wp\/v2\/media?parent=7689"}],"curies":[{"name":"wp","href":"https:\/\/api.w.org\/{rel}","templated":true}]}}